{"id":118773,"date":"2016-01-18T21:27:54","date_gmt":"2016-01-18T20:27:54","guid":{"rendered":"http:\/\/riverdi.com\/product\/arduino-riverdi-tft-shield\/"},"modified":"2016-01-18T21:27:54","modified_gmt":"2016-01-18T20:27:54","slug":"arduino-riverdi-tft-shield","status":"publish","type":"product","link":"https:\/\/riverdi.com\/es\/product\/arduino-riverdi-tft-shield","title":{"rendered":"Riverdi Shield para Arduino"},"content":{"rendered":"<p>Caracter\u00edsticas principales:<\/p>\n<ul>\n<li style=\"list-style-type: none;\">\n<ul>\n<li>Evaluaci\u00f3n del brillo de la pantalla y de la calidad de los colores<\/li>\n<li>Conexi\u00f3n de m\u00f3dulos Riverdi TFT a arduino<\/li>\n<li>Familiarizarse con los controladores FT8xx y los widgets integrados<\/li>\n<li>Presentaci\u00f3n de la posibilidad de pantallas t\u00e1ctiles resistivas y capacitivas<\/li>\n<\/ul>\n<\/li>\n<\/ul>\n<p>El Tablero 20 contiene:<\/p>\n<ul>\n<li>Break Out Board 20 (x1)<\/li>\n<li>Cable FFC, paso de 0,5 mm, 20 patillas, 150 mm (x1)<\/li>\n<\/ul>\n","protected":false},"excerpt":{"rendered":"<p>Riverdi Shield para Arduino es un simple escudo que ampliar las capacidades de un Arduino. Proporciona una conexi\u00f3n conveniente Riverdi muestra con FT80x y <a title=\"FT81x\" href=\"https:\/\/riverdi.com\/technologies\/\">FT81x<\/a> controlador para el Arduino. La placa incluye: conector de altavoz externo, m\u00faltiples conectores de pantalla, ranura para tarjeta micro SD, puente de selecci\u00f3n de fuente de alimentaci\u00f3n de retroiluminaci\u00f3n y bot\u00f3n de reinicio.<\/p>\n<p>Usando el Arduino Shield puedes conectarte a las pantallas arduino Riverdi EVE4 a trav\u00e9s de la interfaz SPI integrada.<\/p>\n","protected":false},"featured_media":103559,"comment_status":"closed","ping_status":"closed","template":"","meta":{"_acf_changed":false,"content-type":"","inline_featured_image":false},"product_brand":[],"product_cat":[3558],"product_tag":[4645,4646],"class_list":{"0":"post-118773","1":"product","2":"type-product","3":"status-publish","4":"has-post-thumbnail","6":"product_cat-juntas-de-evaluacion","7":"product_tag-escudo-arduino","8":"product_tag-riverdi-arduino-tft-shield-es","10":"first","11":"instock","12":"taxable","13":"shipping-taxable","14":"purchasable","15":"product-type-simple"},"acf":[],"yoast_head":"<!-- This site is optimized with the Yoast SEO plugin v27.0 - https:\/\/yoast.com\/product\/yoast-seo-wordpress\/ -->\n<title>Riverdi Shield para Arduino - Riverdi<\/title>\n<meta name=\"robots\" content=\"index, follow, max-snippet:-1, max-image-preview:large, max-video-preview:-1\" \/>\n<link rel=\"canonical\" href=\"https:\/\/riverdi.com\/es\/product\/arduino-riverdi-tft-shield\" \/>\n<meta property=\"og:locale\" content=\"es_ES\" \/>\n<meta property=\"og:type\" content=\"article\" \/>\n<meta property=\"og:title\" content=\"Riverdi Shield para Arduino - Riverdi\" \/>\n<meta property=\"og:description\" content=\"Riverdi Shield para Arduino es un simple escudo que ampliar las capacidades de un Arduino. Proporciona una conexi\u00f3n conveniente Riverdi muestra con FT80x y FT81x controlador para el Arduino. La placa incluye: conector de altavoz externo, m\u00faltiples conectores de pantalla, ranura para tarjeta micro SD, puente de selecci\u00f3n de fuente de alimentaci\u00f3n de retroiluminaci\u00f3n y bot\u00f3n de reinicio. Usando el Arduino Shield puedes conectarte a las pantallas arduino Riverdi EVE4 a trav\u00e9s de la interfaz SPI integrada.\" \/>\n<meta property=\"og:url\" content=\"https:\/\/riverdi.com\/es\/product\/arduino-riverdi-tft-shield\" \/>\n<meta property=\"og:site_name\" content=\"Riverdi\" \/>\n<meta property=\"article:publisher\" content=\"https:\/\/www.facebook.com\/riverdi.displays\/\" \/>\n<meta property=\"og:image\" content=\"https:\/\/riverdi.com\/wp-content\/uploads\/2024\/03\/Arduino_shield-maxi.webp\" \/>\n\t<meta property=\"og:image:width\" content=\"1024\" \/>\n\t<meta property=\"og:image:height\" content=\"790\" \/>\n\t<meta property=\"og:image:type\" content=\"image\/webp\" \/>\n<meta name=\"twitter:card\" content=\"summary_large_image\" \/>\n<meta name=\"twitter:site\" content=\"@riverdidisplays\" \/>\n<script type=\"application\/ld+json\" class=\"yoast-schema-graph\">{\"@context\":\"https:\/\/schema.org\",\"@graph\":[{\"@type\":\"WebPage\",\"@id\":\"https:\/\/riverdi.com\/es\/product\/arduino-riverdi-tft-shield\",\"url\":\"https:\/\/riverdi.com\/es\/product\/arduino-riverdi-tft-shield\",\"name\":\"Riverdi Shield para Arduino - Riverdi\",\"isPartOf\":{\"@id\":\"https:\/\/riverdi.com\/es#website\"},\"primaryImageOfPage\":{\"@id\":\"https:\/\/riverdi.com\/es\/product\/arduino-riverdi-tft-shield#primaryimage\"},\"image\":{\"@id\":\"https:\/\/riverdi.com\/es\/product\/arduino-riverdi-tft-shield#primaryimage\"},\"thumbnailUrl\":\"https:\/\/riverdi.com\/wp-content\/uploads\/2024\/03\/Arduino_shield-maxi.webp\",\"datePublished\":\"2016-01-18T20:27:54+00:00\",\"breadcrumb\":{\"@id\":\"https:\/\/riverdi.com\/es\/product\/arduino-riverdi-tft-shield#breadcrumb\"},\"inLanguage\":\"es\",\"potentialAction\":[{\"@type\":\"ReadAction\",\"target\":[\"https:\/\/riverdi.com\/es\/product\/arduino-riverdi-tft-shield\"]}]},{\"@type\":\"ImageObject\",\"inLanguage\":\"es\",\"@id\":\"https:\/\/riverdi.com\/es\/product\/arduino-riverdi-tft-shield#primaryimage\",\"url\":\"https:\/\/riverdi.com\/wp-content\/uploads\/2024\/03\/Arduino_shield-maxi.webp\",\"contentUrl\":\"https:\/\/riverdi.com\/wp-content\/uploads\/2024\/03\/Arduino_shield-maxi.webp\",\"width\":1024,\"height\":790,\"caption\":\"Escudo Arduino\"},{\"@type\":\"BreadcrumbList\",\"@id\":\"https:\/\/riverdi.com\/es\/product\/arduino-riverdi-tft-shield#breadcrumb\",\"itemListElement\":[{\"@type\":\"ListItem\",\"position\":1,\"name\":\"Front Page\",\"item\":\"https:\/\/riverdi.com\/es\/portada\"},{\"@type\":\"ListItem\",\"position\":2,\"name\":\"Tienda\",\"item\":\"https:\/\/riverdi.com\/es\/tienda\"},{\"@type\":\"ListItem\",\"position\":3,\"name\":\"Riverdi Shield para Arduino\"}]},{\"@type\":\"WebSite\",\"@id\":\"https:\/\/riverdi.com\/es#website\",\"url\":\"https:\/\/riverdi.com\/es\",\"name\":\"Riverdi\",\"description\":\"Global TFT LCD Manufacturer\",\"potentialAction\":[{\"@type\":\"SearchAction\",\"target\":{\"@type\":\"EntryPoint\",\"urlTemplate\":\"https:\/\/riverdi.com\/es?s={search_term_string}\"},\"query-input\":{\"@type\":\"PropertyValueSpecification\",\"valueRequired\":true,\"valueName\":\"search_term_string\"}}],\"inLanguage\":\"es\"}]}<\/script>\n<!-- \/ Yoast SEO plugin. -->","yoast_head_json":{"title":"Riverdi Shield para Arduino - Riverdi","robots":{"index":"index","follow":"follow","max-snippet":"max-snippet:-1","max-image-preview":"max-image-preview:large","max-video-preview":"max-video-preview:-1"},"canonical":"https:\/\/riverdi.com\/es\/product\/arduino-riverdi-tft-shield","og_locale":"es_ES","og_type":"article","og_title":"Riverdi Shield para Arduino - Riverdi","og_description":"Riverdi Shield para Arduino es un simple escudo que ampliar las capacidades de un Arduino. Proporciona una conexi\u00f3n conveniente Riverdi muestra con FT80x y FT81x controlador para el Arduino. La placa incluye: conector de altavoz externo, m\u00faltiples conectores de pantalla, ranura para tarjeta micro SD, puente de selecci\u00f3n de fuente de alimentaci\u00f3n de retroiluminaci\u00f3n y bot\u00f3n de reinicio. Usando el Arduino Shield puedes conectarte a las pantallas arduino Riverdi EVE4 a trav\u00e9s de la interfaz SPI integrada.","og_url":"https:\/\/riverdi.com\/es\/product\/arduino-riverdi-tft-shield","og_site_name":"Riverdi","article_publisher":"https:\/\/www.facebook.com\/riverdi.displays\/","og_image":[{"width":1024,"height":790,"url":"https:\/\/riverdi.com\/wp-content\/uploads\/2024\/03\/Arduino_shield-maxi.webp","type":"image\/webp"}],"twitter_card":"summary_large_image","twitter_site":"@riverdidisplays","schema":{"@context":"https:\/\/schema.org","@graph":[{"@type":"WebPage","@id":"https:\/\/riverdi.com\/es\/product\/arduino-riverdi-tft-shield","url":"https:\/\/riverdi.com\/es\/product\/arduino-riverdi-tft-shield","name":"Riverdi Shield para Arduino - Riverdi","isPartOf":{"@id":"https:\/\/riverdi.com\/es#website"},"primaryImageOfPage":{"@id":"https:\/\/riverdi.com\/es\/product\/arduino-riverdi-tft-shield#primaryimage"},"image":{"@id":"https:\/\/riverdi.com\/es\/product\/arduino-riverdi-tft-shield#primaryimage"},"thumbnailUrl":"https:\/\/riverdi.com\/wp-content\/uploads\/2024\/03\/Arduino_shield-maxi.webp","datePublished":"2016-01-18T20:27:54+00:00","breadcrumb":{"@id":"https:\/\/riverdi.com\/es\/product\/arduino-riverdi-tft-shield#breadcrumb"},"inLanguage":"es","potentialAction":[{"@type":"ReadAction","target":["https:\/\/riverdi.com\/es\/product\/arduino-riverdi-tft-shield"]}]},{"@type":"ImageObject","inLanguage":"es","@id":"https:\/\/riverdi.com\/es\/product\/arduino-riverdi-tft-shield#primaryimage","url":"https:\/\/riverdi.com\/wp-content\/uploads\/2024\/03\/Arduino_shield-maxi.webp","contentUrl":"https:\/\/riverdi.com\/wp-content\/uploads\/2024\/03\/Arduino_shield-maxi.webp","width":1024,"height":790,"caption":"Escudo Arduino"},{"@type":"BreadcrumbList","@id":"https:\/\/riverdi.com\/es\/product\/arduino-riverdi-tft-shield#breadcrumb","itemListElement":[{"@type":"ListItem","position":1,"name":"Front Page","item":"https:\/\/riverdi.com\/es\/portada"},{"@type":"ListItem","position":2,"name":"Tienda","item":"https:\/\/riverdi.com\/es\/tienda"},{"@type":"ListItem","position":3,"name":"Riverdi Shield para Arduino"}]},{"@type":"WebSite","@id":"https:\/\/riverdi.com\/es#website","url":"https:\/\/riverdi.com\/es","name":"Riverdi","description":"Global TFT LCD Manufacturer","potentialAction":[{"@type":"SearchAction","target":{"@type":"EntryPoint","urlTemplate":"https:\/\/riverdi.com\/es?s={search_term_string}"},"query-input":{"@type":"PropertyValueSpecification","valueRequired":true,"valueName":"search_term_string"}}],"inLanguage":"es"}]}},"_links":{"self":[{"href":"https:\/\/riverdi.com\/es\/wp-json\/wp\/v2\/product\/118773","targetHints":{"allow":["GET"]}}],"collection":[{"href":"https:\/\/riverdi.com\/es\/wp-json\/wp\/v2\/product"}],"about":[{"href":"https:\/\/riverdi.com\/es\/wp-json\/wp\/v2\/types\/product"}],"replies":[{"embeddable":true,"href":"https:\/\/riverdi.com\/es\/wp-json\/wp\/v2\/comments?post=118773"}],"wp:featuredmedia":[{"embeddable":true,"href":"https:\/\/riverdi.com\/es\/wp-json\/wp\/v2\/media\/103559"}],"wp:attachment":[{"href":"https:\/\/riverdi.com\/es\/wp-json\/wp\/v2\/media?parent=118773"}],"wp:term":[{"taxonomy":"product_brand","embeddable":true,"href":"https:\/\/riverdi.com\/es\/wp-json\/wp\/v2\/product_brand?post=118773"},{"taxonomy":"product_cat","embeddable":true,"href":"https:\/\/riverdi.com\/es\/wp-json\/wp\/v2\/product_cat?post=118773"},{"taxonomy":"product_tag","embeddable":true,"href":"https:\/\/riverdi.com\/es\/wp-json\/wp\/v2\/product_tag?post=118773"}],"curies":[{"name":"wp","href":"https:\/\/api.w.org\/{rel}","templated":true}]}}