{"id":118724,"date":"2016-02-15T09:39:53","date_gmt":"2016-02-15T08:39:53","guid":{"rendered":"http:\/\/riverdi.com\/product\/rvt3-5b320240cfwn00\/"},"modified":"2024-05-20T10:04:20","modified_gmt":"2024-05-20T08:04:20","slug":"rvt3-5b320240cfwn00","status":"publish","type":"product","link":"https:\/\/riverdi.com\/es\/product\/rvt3-5b320240cfwn00","title":{"rendered":"RVT3.5B320240CFWN00"},"content":{"rendered":"<p>no quites esto<\/p>\n","protected":false},"excerpt":{"rendered":"<div style=\"padding-bottom: 20px;\"><span class=\"not-recommended\" style=\"background-color: #fdad00; padding: 15px; color: #ffffff;\"><strong>Para un nuevo dise\u00f1o recomendamos utilizar <a href=\"https:\/\/riverdi.com\/product-category\/intelligent-displays\/bt817q\/\">EVE4<\/a>.<\/strong><\/span><\/div>\n<p><span style=\"font-weight: 400;\">Una pantalla TFT Riverdi <strong>de 3,5\u2033<\/strong> con un marco de montaje met\u00e1lico que permite una f\u00e1cil integraci\u00f3n.<\/span><\/p>\n<p><span style=\"font-weight: 400;\">La resoluci\u00f3n <strong>de 320 x 240<\/strong> proporciona colores n\u00edtidos y claros, mientras que la pantalla est\u00e1 controlada por el potente <strong>controlador gr\u00e1fico FT800<\/strong>.<\/span><\/p>\n<p><span style=\"font-weight: 400;\">La pantalla cuenta con la interfaz est\u00e1ndar <strong>SPI\/I2C<\/strong>.<\/span><\/p>\n","protected":false},"featured_media":102881,"comment_status":"closed","ping_status":"closed","template":"","meta":{"_acf_changed":false,"content-type":"","inline_featured_image":false},"product_brand":[],"product_cat":[4348,3394],"product_tag":[4374,4349,3888,4542,4546],"class_list":{"0":"post-118724","1":"product","2":"type-product","3":"status-publish","4":"has-post-thumbnail","6":"product_cat-ft80x-es","7":"product_cat-pantallas-inteligentes","8":"product_tag-ft800-es","9":"product_tag-i2c-spi-es","10":"product_tag-inversor-led","11":"product_tag-marco-de-montaje","12":"product_tag-rvt3-5b320240cfwn00-es","14":"first","15":"instock","16":"taxable","17":"shipping-taxable","18":"purchasable","19":"product-type-simple"},"acf":[],"yoast_head":"<!-- This site is optimized with the Yoast SEO plugin v27.0 - https:\/\/yoast.com\/product\/yoast-seo-wordpress\/ -->\n<title>RVT3.5B320240CFWN00 - Riverdi<\/title>\n<meta name=\"robots\" content=\"index, follow, max-snippet:-1, max-image-preview:large, max-video-preview:-1\" \/>\n<link rel=\"canonical\" href=\"https:\/\/riverdi.com\/es\/product\/rvt3-5b320240cfwn00\" \/>\n<meta property=\"og:locale\" content=\"es_ES\" \/>\n<meta property=\"og:type\" content=\"article\" \/>\n<meta property=\"og:title\" content=\"RVT3.5B320240CFWN00 - Riverdi\" \/>\n<meta property=\"og:description\" content=\"Para un nuevo dise\u00f1o recomendamos utilizar EVE4. Una pantalla TFT Riverdi de 3,5\u2033 con un marco de montaje met\u00e1lico que permite una f\u00e1cil integraci\u00f3n. La resoluci\u00f3n de 320 x 240 proporciona colores n\u00edtidos y claros, mientras que la pantalla est\u00e1 controlada por el potente controlador gr\u00e1fico FT800. La pantalla cuenta con la interfaz est\u00e1ndar SPI\/I2C.\" \/>\n<meta property=\"og:url\" content=\"https:\/\/riverdi.com\/es\/product\/rvt3-5b320240cfwn00\" \/>\n<meta property=\"og:site_name\" content=\"Riverdi\" \/>\n<meta property=\"article:publisher\" content=\"https:\/\/www.facebook.com\/riverdi.displays\/\" \/>\n<meta property=\"article:modified_time\" content=\"2024-05-20T08:04:20+00:00\" \/>\n<meta property=\"og:image\" content=\"https:\/\/riverdi.com\/wp-content\/uploads\/2024\/03\/eve-35-frontArtboard-1-copy-5.png\" \/>\n\t<meta property=\"og:image:width\" content=\"1280\" \/>\n\t<meta property=\"og:image:height\" content=\"880\" \/>\n\t<meta property=\"og:image:type\" content=\"image\/png\" \/>\n<meta name=\"twitter:card\" content=\"summary_large_image\" \/>\n<meta name=\"twitter:site\" content=\"@riverdidisplays\" \/>\n<script type=\"application\/ld+json\" class=\"yoast-schema-graph\">{\"@context\":\"https:\/\/schema.org\",\"@graph\":[{\"@type\":\"WebPage\",\"@id\":\"https:\/\/riverdi.com\/es\/product\/rvt3-5b320240cfwn00\",\"url\":\"https:\/\/riverdi.com\/es\/product\/rvt3-5b320240cfwn00\",\"name\":\"RVT3.5B320240CFWN00 - Riverdi\",\"isPartOf\":{\"@id\":\"https:\/\/riverdi.com\/es#website\"},\"primaryImageOfPage\":{\"@id\":\"https:\/\/riverdi.com\/es\/product\/rvt3-5b320240cfwn00#primaryimage\"},\"image\":{\"@id\":\"https:\/\/riverdi.com\/es\/product\/rvt3-5b320240cfwn00#primaryimage\"},\"thumbnailUrl\":\"https:\/\/riverdi.com\/wp-content\/uploads\/2024\/03\/eve-35-frontArtboard-1-copy-5.png\",\"datePublished\":\"2016-02-15T08:39:53+00:00\",\"dateModified\":\"2024-05-20T08:04:20+00:00\",\"breadcrumb\":{\"@id\":\"https:\/\/riverdi.com\/es\/product\/rvt3-5b320240cfwn00#breadcrumb\"},\"inLanguage\":\"es\",\"potentialAction\":[{\"@type\":\"ReadAction\",\"target\":[\"https:\/\/riverdi.com\/es\/product\/rvt3-5b320240cfwn00\"]}]},{\"@type\":\"ImageObject\",\"inLanguage\":\"es\",\"@id\":\"https:\/\/riverdi.com\/es\/product\/rvt3-5b320240cfwn00#primaryimage\",\"url\":\"https:\/\/riverdi.com\/wp-content\/uploads\/2024\/03\/eve-35-frontArtboard-1-copy-5.png\",\"contentUrl\":\"https:\/\/riverdi.com\/wp-content\/uploads\/2024\/03\/eve-35-frontArtboard-1-copy-5.png\",\"width\":1280,\"height\":880},{\"@type\":\"BreadcrumbList\",\"@id\":\"https:\/\/riverdi.com\/es\/product\/rvt3-5b320240cfwn00#breadcrumb\",\"itemListElement\":[{\"@type\":\"ListItem\",\"position\":1,\"name\":\"Front Page\",\"item\":\"https:\/\/riverdi.com\/es\/portada\"},{\"@type\":\"ListItem\",\"position\":2,\"name\":\"Tienda\",\"item\":\"https:\/\/riverdi.com\/es\/tienda\"},{\"@type\":\"ListItem\",\"position\":3,\"name\":\"RVT3.5B320240CFWN00\"}]},{\"@type\":\"WebSite\",\"@id\":\"https:\/\/riverdi.com\/es#website\",\"url\":\"https:\/\/riverdi.com\/es\",\"name\":\"Riverdi\",\"description\":\"Global TFT LCD Manufacturer\",\"potentialAction\":[{\"@type\":\"SearchAction\",\"target\":{\"@type\":\"EntryPoint\",\"urlTemplate\":\"https:\/\/riverdi.com\/es?s={search_term_string}\"},\"query-input\":{\"@type\":\"PropertyValueSpecification\",\"valueRequired\":true,\"valueName\":\"search_term_string\"}}],\"inLanguage\":\"es\"}]}<\/script>\n<!-- \/ Yoast SEO plugin. -->","yoast_head_json":{"title":"RVT3.5B320240CFWN00 - Riverdi","robots":{"index":"index","follow":"follow","max-snippet":"max-snippet:-1","max-image-preview":"max-image-preview:large","max-video-preview":"max-video-preview:-1"},"canonical":"https:\/\/riverdi.com\/es\/product\/rvt3-5b320240cfwn00","og_locale":"es_ES","og_type":"article","og_title":"RVT3.5B320240CFWN00 - Riverdi","og_description":"Para un nuevo dise\u00f1o recomendamos utilizar EVE4. Una pantalla TFT Riverdi de 3,5\u2033 con un marco de montaje met\u00e1lico que permite una f\u00e1cil integraci\u00f3n. La resoluci\u00f3n de 320 x 240 proporciona colores n\u00edtidos y claros, mientras que la pantalla est\u00e1 controlada por el potente controlador gr\u00e1fico FT800. La pantalla cuenta con la interfaz est\u00e1ndar SPI\/I2C.","og_url":"https:\/\/riverdi.com\/es\/product\/rvt3-5b320240cfwn00","og_site_name":"Riverdi","article_publisher":"https:\/\/www.facebook.com\/riverdi.displays\/","article_modified_time":"2024-05-20T08:04:20+00:00","og_image":[{"width":1280,"height":880,"url":"https:\/\/riverdi.com\/wp-content\/uploads\/2024\/03\/eve-35-frontArtboard-1-copy-5.png","type":"image\/png"}],"twitter_card":"summary_large_image","twitter_site":"@riverdidisplays","schema":{"@context":"https:\/\/schema.org","@graph":[{"@type":"WebPage","@id":"https:\/\/riverdi.com\/es\/product\/rvt3-5b320240cfwn00","url":"https:\/\/riverdi.com\/es\/product\/rvt3-5b320240cfwn00","name":"RVT3.5B320240CFWN00 - Riverdi","isPartOf":{"@id":"https:\/\/riverdi.com\/es#website"},"primaryImageOfPage":{"@id":"https:\/\/riverdi.com\/es\/product\/rvt3-5b320240cfwn00#primaryimage"},"image":{"@id":"https:\/\/riverdi.com\/es\/product\/rvt3-5b320240cfwn00#primaryimage"},"thumbnailUrl":"https:\/\/riverdi.com\/wp-content\/uploads\/2024\/03\/eve-35-frontArtboard-1-copy-5.png","datePublished":"2016-02-15T08:39:53+00:00","dateModified":"2024-05-20T08:04:20+00:00","breadcrumb":{"@id":"https:\/\/riverdi.com\/es\/product\/rvt3-5b320240cfwn00#breadcrumb"},"inLanguage":"es","potentialAction":[{"@type":"ReadAction","target":["https:\/\/riverdi.com\/es\/product\/rvt3-5b320240cfwn00"]}]},{"@type":"ImageObject","inLanguage":"es","@id":"https:\/\/riverdi.com\/es\/product\/rvt3-5b320240cfwn00#primaryimage","url":"https:\/\/riverdi.com\/wp-content\/uploads\/2024\/03\/eve-35-frontArtboard-1-copy-5.png","contentUrl":"https:\/\/riverdi.com\/wp-content\/uploads\/2024\/03\/eve-35-frontArtboard-1-copy-5.png","width":1280,"height":880},{"@type":"BreadcrumbList","@id":"https:\/\/riverdi.com\/es\/product\/rvt3-5b320240cfwn00#breadcrumb","itemListElement":[{"@type":"ListItem","position":1,"name":"Front Page","item":"https:\/\/riverdi.com\/es\/portada"},{"@type":"ListItem","position":2,"name":"Tienda","item":"https:\/\/riverdi.com\/es\/tienda"},{"@type":"ListItem","position":3,"name":"RVT3.5B320240CFWN00"}]},{"@type":"WebSite","@id":"https:\/\/riverdi.com\/es#website","url":"https:\/\/riverdi.com\/es","name":"Riverdi","description":"Global TFT LCD Manufacturer","potentialAction":[{"@type":"SearchAction","target":{"@type":"EntryPoint","urlTemplate":"https:\/\/riverdi.com\/es?s={search_term_string}"},"query-input":{"@type":"PropertyValueSpecification","valueRequired":true,"valueName":"search_term_string"}}],"inLanguage":"es"}]}},"_links":{"self":[{"href":"https:\/\/riverdi.com\/es\/wp-json\/wp\/v2\/product\/118724","targetHints":{"allow":["GET"]}}],"collection":[{"href":"https:\/\/riverdi.com\/es\/wp-json\/wp\/v2\/product"}],"about":[{"href":"https:\/\/riverdi.com\/es\/wp-json\/wp\/v2\/types\/product"}],"replies":[{"embeddable":true,"href":"https:\/\/riverdi.com\/es\/wp-json\/wp\/v2\/comments?post=118724"}],"wp:featuredmedia":[{"embeddable":true,"href":"https:\/\/riverdi.com\/es\/wp-json\/wp\/v2\/media\/102881"}],"wp:attachment":[{"href":"https:\/\/riverdi.com\/es\/wp-json\/wp\/v2\/media?parent=118724"}],"wp:term":[{"taxonomy":"product_brand","embeddable":true,"href":"https:\/\/riverdi.com\/es\/wp-json\/wp\/v2\/product_brand?post=118724"},{"taxonomy":"product_cat","embeddable":true,"href":"https:\/\/riverdi.com\/es\/wp-json\/wp\/v2\/product_cat?post=118724"},{"taxonomy":"product_tag","embeddable":true,"href":"https:\/\/riverdi.com\/es\/wp-json\/wp\/v2\/product_tag?post=118724"}],"curies":[{"name":"wp","href":"https:\/\/api.w.org\/{rel}","templated":true}]}}