{"id":118683,"date":"2016-02-15T14:16:58","date_gmt":"2016-02-15T13:16:58","guid":{"rendered":"http:\/\/riverdi.com\/product\/rvt4-3a480272cfwn36\/"},"modified":"2016-02-15T14:16:58","modified_gmt":"2016-02-15T13:16:58","slug":"rvt4-3a480272cfwn36","status":"publish","type":"product","link":"https:\/\/riverdi.com\/es\/product\/rvt4-3a480272cfwn36","title":{"rendered":"RVT4.3A480272CFWN36"},"content":{"rendered":"<p>no quites esto<\/p>\n","protected":false},"excerpt":{"rendered":"<p><span class=\"not-recommended\" style=\"background-color: #fdad00; padding: 15px; color: #ffffff;\"><strong>Para un nuevo dise\u00f1o recomendamos utilizar <a href=\"https:\/\/riverdi.com\/product-category\/intelligent-displays\/bt817q\/\">EVE4<\/a>.<\/strong><\/span><\/p>\n<p><span style=\"font-weight: 400;\">Una pantalla TFT Riverdi de <strong>4,3&#8243;<\/strong> con un marco de montaje met\u00e1lico que permite una f\u00e1cil integraci\u00f3n.<\/span><\/p>\n<p><span style=\"font-weight: 400;\">La resoluci\u00f3n <strong>de 480\u00d7272<\/strong> proporciona colores n\u00edtidos y claros, mientras que la pantalla est\u00e1 controlada por el potente <strong>controlador gr\u00e1fico SSD1963<\/strong>.<\/span><\/p>\n<p><span style=\"font-weight: 400;\">La pantalla incorpora la <strong>interfaz MCU<\/strong> est\u00e1ndar.<\/span><\/p>\n","protected":false},"featured_media":102917,"comment_status":"closed","ping_status":"closed","template":"","meta":{"_acf_changed":false,"content-type":"","inline_featured_image":false},"product_brand":[],"product_cat":[4101,3394],"product_tag":[3888,3977,4494,4114],"class_list":{"0":"post-118683","1":"product","2":"type-product","3":"status-publish","4":"has-post-thumbnail","6":"product_cat-modulos-ssd1963","7":"product_cat-pantallas-inteligentes","8":"product_tag-inversor-led","9":"product_tag-marco","10":"product_tag-rvt4-3a480272cfwn36-es","11":"product_tag-ssd1963-es","13":"first","14":"instock","15":"taxable","16":"shipping-taxable","17":"purchasable","18":"product-type-simple"},"acf":[],"yoast_head":"<!-- This site is optimized with the Yoast SEO plugin v27.0 - https:\/\/yoast.com\/product\/yoast-seo-wordpress\/ -->\n<title>RVT4.3A480272CFWN36 - Riverdi<\/title>\n<meta name=\"robots\" content=\"index, follow, max-snippet:-1, max-image-preview:large, max-video-preview:-1\" \/>\n<link rel=\"canonical\" href=\"https:\/\/riverdi.com\/es\/product\/rvt4-3a480272cfwn36\" \/>\n<meta property=\"og:locale\" content=\"es_ES\" \/>\n<meta property=\"og:type\" content=\"article\" \/>\n<meta property=\"og:title\" content=\"RVT4.3A480272CFWN36 - Riverdi\" \/>\n<meta property=\"og:description\" content=\"Para un nuevo dise\u00f1o recomendamos utilizar EVE4. Una pantalla TFT Riverdi de 4,3&quot; con un marco de montaje met\u00e1lico que permite una f\u00e1cil integraci\u00f3n. La resoluci\u00f3n de 480\u00d7272 proporciona colores n\u00edtidos y claros, mientras que la pantalla est\u00e1 controlada por el potente controlador gr\u00e1fico SSD1963. La pantalla incorpora la interfaz MCU est\u00e1ndar.\" \/>\n<meta property=\"og:url\" content=\"https:\/\/riverdi.com\/es\/product\/rvt4-3a480272cfwn36\" \/>\n<meta property=\"og:site_name\" content=\"Riverdi\" \/>\n<meta property=\"article:publisher\" content=\"https:\/\/www.facebook.com\/riverdi.displays\/\" \/>\n<meta property=\"og:image\" content=\"https:\/\/riverdi.com\/wp-content\/uploads\/2024\/03\/SSD_4.3-RVT4.3A480272CFWN36-front.webp\" \/>\n\t<meta property=\"og:image:width\" content=\"1280\" \/>\n\t<meta property=\"og:image:height\" content=\"880\" \/>\n\t<meta property=\"og:image:type\" content=\"image\/webp\" \/>\n<meta name=\"twitter:card\" content=\"summary_large_image\" \/>\n<meta name=\"twitter:site\" content=\"@riverdidisplays\" \/>\n<script type=\"application\/ld+json\" class=\"yoast-schema-graph\">{\"@context\":\"https:\/\/schema.org\",\"@graph\":[{\"@type\":\"WebPage\",\"@id\":\"https:\/\/riverdi.com\/es\/product\/rvt4-3a480272cfwn36\",\"url\":\"https:\/\/riverdi.com\/es\/product\/rvt4-3a480272cfwn36\",\"name\":\"RVT4.3A480272CFWN36 - Riverdi\",\"isPartOf\":{\"@id\":\"https:\/\/riverdi.com\/es#website\"},\"primaryImageOfPage\":{\"@id\":\"https:\/\/riverdi.com\/es\/product\/rvt4-3a480272cfwn36#primaryimage\"},\"image\":{\"@id\":\"https:\/\/riverdi.com\/es\/product\/rvt4-3a480272cfwn36#primaryimage\"},\"thumbnailUrl\":\"https:\/\/riverdi.com\/wp-content\/uploads\/2024\/03\/SSD_4.3-RVT4.3A480272CFWN36-front.webp\",\"datePublished\":\"2016-02-15T13:16:58+00:00\",\"breadcrumb\":{\"@id\":\"https:\/\/riverdi.com\/es\/product\/rvt4-3a480272cfwn36#breadcrumb\"},\"inLanguage\":\"es\",\"potentialAction\":[{\"@type\":\"ReadAction\",\"target\":[\"https:\/\/riverdi.com\/es\/product\/rvt4-3a480272cfwn36\"]}]},{\"@type\":\"ImageObject\",\"inLanguage\":\"es\",\"@id\":\"https:\/\/riverdi.com\/es\/product\/rvt4-3a480272cfwn36#primaryimage\",\"url\":\"https:\/\/riverdi.com\/wp-content\/uploads\/2024\/03\/SSD_4.3-RVT4.3A480272CFWN36-front.webp\",\"contentUrl\":\"https:\/\/riverdi.com\/wp-content\/uploads\/2024\/03\/SSD_4.3-RVT4.3A480272CFWN36-front.webp\",\"width\":1280,\"height\":880,\"caption\":\"Salom\u00f3n SSD1963\"},{\"@type\":\"BreadcrumbList\",\"@id\":\"https:\/\/riverdi.com\/es\/product\/rvt4-3a480272cfwn36#breadcrumb\",\"itemListElement\":[{\"@type\":\"ListItem\",\"position\":1,\"name\":\"Front Page\",\"item\":\"https:\/\/riverdi.com\/es\/portada\"},{\"@type\":\"ListItem\",\"position\":2,\"name\":\"Tienda\",\"item\":\"https:\/\/riverdi.com\/es\/tienda\"},{\"@type\":\"ListItem\",\"position\":3,\"name\":\"RVT4.3A480272CFWN36\"}]},{\"@type\":\"WebSite\",\"@id\":\"https:\/\/riverdi.com\/es#website\",\"url\":\"https:\/\/riverdi.com\/es\",\"name\":\"Riverdi\",\"description\":\"Global TFT LCD Manufacturer\",\"potentialAction\":[{\"@type\":\"SearchAction\",\"target\":{\"@type\":\"EntryPoint\",\"urlTemplate\":\"https:\/\/riverdi.com\/es?s={search_term_string}\"},\"query-input\":{\"@type\":\"PropertyValueSpecification\",\"valueRequired\":true,\"valueName\":\"search_term_string\"}}],\"inLanguage\":\"es\"}]}<\/script>\n<!-- \/ Yoast SEO plugin. -->","yoast_head_json":{"title":"RVT4.3A480272CFWN36 - Riverdi","robots":{"index":"index","follow":"follow","max-snippet":"max-snippet:-1","max-image-preview":"max-image-preview:large","max-video-preview":"max-video-preview:-1"},"canonical":"https:\/\/riverdi.com\/es\/product\/rvt4-3a480272cfwn36","og_locale":"es_ES","og_type":"article","og_title":"RVT4.3A480272CFWN36 - Riverdi","og_description":"Para un nuevo dise\u00f1o recomendamos utilizar EVE4. Una pantalla TFT Riverdi de 4,3\" con un marco de montaje met\u00e1lico que permite una f\u00e1cil integraci\u00f3n. La resoluci\u00f3n de 480\u00d7272 proporciona colores n\u00edtidos y claros, mientras que la pantalla est\u00e1 controlada por el potente controlador gr\u00e1fico SSD1963. La pantalla incorpora la interfaz MCU est\u00e1ndar.","og_url":"https:\/\/riverdi.com\/es\/product\/rvt4-3a480272cfwn36","og_site_name":"Riverdi","article_publisher":"https:\/\/www.facebook.com\/riverdi.displays\/","og_image":[{"width":1280,"height":880,"url":"https:\/\/riverdi.com\/wp-content\/uploads\/2024\/03\/SSD_4.3-RVT4.3A480272CFWN36-front.webp","type":"image\/webp"}],"twitter_card":"summary_large_image","twitter_site":"@riverdidisplays","schema":{"@context":"https:\/\/schema.org","@graph":[{"@type":"WebPage","@id":"https:\/\/riverdi.com\/es\/product\/rvt4-3a480272cfwn36","url":"https:\/\/riverdi.com\/es\/product\/rvt4-3a480272cfwn36","name":"RVT4.3A480272CFWN36 - Riverdi","isPartOf":{"@id":"https:\/\/riverdi.com\/es#website"},"primaryImageOfPage":{"@id":"https:\/\/riverdi.com\/es\/product\/rvt4-3a480272cfwn36#primaryimage"},"image":{"@id":"https:\/\/riverdi.com\/es\/product\/rvt4-3a480272cfwn36#primaryimage"},"thumbnailUrl":"https:\/\/riverdi.com\/wp-content\/uploads\/2024\/03\/SSD_4.3-RVT4.3A480272CFWN36-front.webp","datePublished":"2016-02-15T13:16:58+00:00","breadcrumb":{"@id":"https:\/\/riverdi.com\/es\/product\/rvt4-3a480272cfwn36#breadcrumb"},"inLanguage":"es","potentialAction":[{"@type":"ReadAction","target":["https:\/\/riverdi.com\/es\/product\/rvt4-3a480272cfwn36"]}]},{"@type":"ImageObject","inLanguage":"es","@id":"https:\/\/riverdi.com\/es\/product\/rvt4-3a480272cfwn36#primaryimage","url":"https:\/\/riverdi.com\/wp-content\/uploads\/2024\/03\/SSD_4.3-RVT4.3A480272CFWN36-front.webp","contentUrl":"https:\/\/riverdi.com\/wp-content\/uploads\/2024\/03\/SSD_4.3-RVT4.3A480272CFWN36-front.webp","width":1280,"height":880,"caption":"Salom\u00f3n SSD1963"},{"@type":"BreadcrumbList","@id":"https:\/\/riverdi.com\/es\/product\/rvt4-3a480272cfwn36#breadcrumb","itemListElement":[{"@type":"ListItem","position":1,"name":"Front Page","item":"https:\/\/riverdi.com\/es\/portada"},{"@type":"ListItem","position":2,"name":"Tienda","item":"https:\/\/riverdi.com\/es\/tienda"},{"@type":"ListItem","position":3,"name":"RVT4.3A480272CFWN36"}]},{"@type":"WebSite","@id":"https:\/\/riverdi.com\/es#website","url":"https:\/\/riverdi.com\/es","name":"Riverdi","description":"Global TFT LCD Manufacturer","potentialAction":[{"@type":"SearchAction","target":{"@type":"EntryPoint","urlTemplate":"https:\/\/riverdi.com\/es?s={search_term_string}"},"query-input":{"@type":"PropertyValueSpecification","valueRequired":true,"valueName":"search_term_string"}}],"inLanguage":"es"}]}},"_links":{"self":[{"href":"https:\/\/riverdi.com\/es\/wp-json\/wp\/v2\/product\/118683","targetHints":{"allow":["GET"]}}],"collection":[{"href":"https:\/\/riverdi.com\/es\/wp-json\/wp\/v2\/product"}],"about":[{"href":"https:\/\/riverdi.com\/es\/wp-json\/wp\/v2\/types\/product"}],"replies":[{"embeddable":true,"href":"https:\/\/riverdi.com\/es\/wp-json\/wp\/v2\/comments?post=118683"}],"wp:featuredmedia":[{"embeddable":true,"href":"https:\/\/riverdi.com\/es\/wp-json\/wp\/v2\/media\/102917"}],"wp:attachment":[{"href":"https:\/\/riverdi.com\/es\/wp-json\/wp\/v2\/media?parent=118683"}],"wp:term":[{"taxonomy":"product_brand","embeddable":true,"href":"https:\/\/riverdi.com\/es\/wp-json\/wp\/v2\/product_brand?post=118683"},{"taxonomy":"product_cat","embeddable":true,"href":"https:\/\/riverdi.com\/es\/wp-json\/wp\/v2\/product_cat?post=118683"},{"taxonomy":"product_tag","embeddable":true,"href":"https:\/\/riverdi.com\/es\/wp-json\/wp\/v2\/product_tag?post=118683"}],"curies":[{"name":"wp","href":"https:\/\/api.w.org\/{rel}","templated":true}]}}