{"id":117945,"date":"2021-04-15T12:30:41","date_gmt":"2021-04-15T10:30:41","guid":{"rendered":"http:\/\/riverdi.com\/product\/placa-de-evaluacion-stm32\/"},"modified":"2024-06-03T14:29:17","modified_gmt":"2024-06-03T12:29:17","slug":"tarjeta-de-evaluacion-stm32","status":"publish","type":"product","link":"https:\/\/riverdi.com\/es\/product\/tarjeta-de-evaluacion-stm32","title":{"rendered":"Tarjeta de evaluaci\u00f3n STM32"},"content":{"rendered":"<h2>Los recursos son la clave<\/h2>\n<p>En comparaci\u00f3n con las pantallas EVE4, en las que la mayor\u00eda de las operaciones gr\u00e1ficas y de interfaz de usuario son gestionadas por un procesador gr\u00e1fico, STM32 realiza las mismas operaciones al controlar las pantallas HB IPS RGB. En estas condiciones, la gran capacidad de procesamiento del procesador STM32F469II se hace patente.<span class=\"Apple-converted-space\"> <\/span><\/p>\n<p>En cuanto a los sistemas integrados y las aplicaciones que controlan la pantalla, los recursos de la placa pueden ser el factor clave del \u00e9xito. En comparaci\u00f3n con los sistemas integrados habituales, en los que se utiliza un microcontrolador para realizar operaciones menos complejas, como la lectura de sensores o el control de motores -y en los que el procesador Cortex M0 es m\u00e1s que suficiente para realizar todas las tareas-, en el caso de los sistemas que controlan principalmente la pantalla, la cantidad de recursos necesarios crece r\u00e1pidamente. Seg\u00fan EE Times, ahora s\u00f3lo el 14% de los archivos gr\u00e1ficos se manejan con sistemas de 32 bits. Este hecho sit\u00faa a Riverdi en el grupo de l\u00edderes tecnol\u00f3gicos.<span class=\"Apple-converted-space\"> <\/span><\/p>\n<p>Los requisitos clave de estos sistemas son:<span class=\"Apple-converted-space\"> <\/span><\/p>\n<p><strong>Potencia de procesamiento,<span class=\"Apple-converted-space\"> <\/span><\/strong><\/p>\n<p><strong>Memoria RAM,<span class=\"Apple-converted-space\"> <\/span><\/strong><\/p>\n<p><strong>Memoria no vol\u00e1til.<span class=\"Apple-converted-space\"> <\/span><\/strong><\/p>\n<p>La potencia de procesamiento es necesaria para permitir un funcionamiento fluido de una pantalla, as\u00ed como para realizar cualquier operaci\u00f3n necesaria que se produzca en segundo plano. La memoria RAM debe ser lo suficientemente grande como para almacenar al menos el b\u00fafer de fotogramas completo para pantallas de mayor resoluci\u00f3n y profundidad de color. Por \u00faltimo, la memoria no vol\u00e1til es necesaria para almacenar todos los objetos utilizados en una aplicaci\u00f3n gr\u00e1fica, como fuentes o iconos. Teniendo en cuenta todo lo anterior, la placa de evaluaci\u00f3n Riverdi STM32 se ha dise\u00f1ado cuidadosamente para satisfacer todos los requisitos clave.<\/p>\n<p><a href=\"https:\/\/riverdi.com\/wp-content\/uploads\/2021\/04\/w1000.webp\"><img decoding=\"async\" class=\"aligncenter wp-image-117623 size-full\" src=\"https:\/\/riverdi.com\/wp-content\/uploads\/2021\/04\/w1000.webp?_t=1716186330\" alt=\"\" width=\"1000\" height=\"769\" srcset=\"https:\/\/riverdi.com\/wp-content\/uploads\/2021\/04\/w1000.webp 1000w, https:\/\/riverdi.com\/wp-content\/uploads\/2021\/04\/w1000-600x461.webp 600w, https:\/\/riverdi.com\/wp-content\/uploads\/2021\/04\/w1000-64x49.webp 64w, https:\/\/riverdi.com\/wp-content\/uploads\/2021\/04\/w1000-300x231.webp 300w, https:\/\/riverdi.com\/wp-content\/uploads\/2021\/04\/w1000-768x591.webp 768w\" sizes=\"(max-width: 1000px) 100vw, 1000px\" \/><\/a><\/p>\n<h2>C\u00f3mo manejar pantallas externas<\/h2>\n<h4>Puente entre P7 y P8: Puente serie\/SPI FTDI conectado a RiBUS SPI:<\/h4>\n<p>Utiliza el puente FT232 de serie a SPI conectando un cable micro USB al conector etiquetado como \u00abDirect USB\u00bb y utilizando el Editor de Pantalla EVE para generar r\u00e1pidamente interfaces gr\u00e1ficas de usuario con el m\u00ednimo esfuerzo .<\/p>\n<h4>Puente entre P9 y P8: STM32 conectada a RiBUS SPI:<\/h4>\n<p>Utilice el STM32F4 integrado para desarrollar y probar firmware para controlar una pantalla Riverdi serie EVE4 conectada con el controlador BT817Q.<\/p>\n<p><a href=\"https:\/\/riverdi.com\/wp-content\/uploads\/2021\/04\/w1536h853.avif\"><img decoding=\"async\" class=\"aligncenter wp-image-117628 size-large\" src=\"https:\/\/riverdi.com\/wp-content\/uploads\/2021\/04\/w1536h853-1024x569.avif?_t=1716186374\" alt=\"\" width=\"1024\" height=\"569\" srcset=\"https:\/\/riverdi.com\/wp-content\/uploads\/2021\/04\/w1536h853-1024x569.avif 1024w, https:\/\/riverdi.com\/wp-content\/uploads\/2021\/04\/w1536h853-600x333.avif 600w, https:\/\/riverdi.com\/wp-content\/uploads\/2021\/04\/w1536h853-64x36.avif 64w, https:\/\/riverdi.com\/wp-content\/uploads\/2021\/04\/w1536h853-300x167.avif 300w, https:\/\/riverdi.com\/wp-content\/uploads\/2021\/04\/w1536h853-768x427.avif 768w, https:\/\/riverdi.com\/wp-content\/uploads\/2021\/04\/w1536h853.avif 1536w\" sizes=\"(max-width: 1024px) 100vw, 1024px\" \/><\/a><\/p>\n<h2>Complemento de extensi\u00f3n RGB<\/h2>\n<p>Mientras que la propia placa de evaluaci\u00f3n contiene todos los componentes clave, adem\u00e1s de la interfaz RiBUS para pantallas EVE, el cabezal de extensi\u00f3n RGB aporta la interfaz a la mayor\u00eda de las pantallas RGB de Riverdi.<\/p>\n<p>La placa de evaluaci\u00f3n puede utilizar RiBUS para controlar la pantalla con el controlador gr\u00e1fico EVE o la extensi\u00f3n RGB. Adem\u00e1s de enviar se\u00f1ales a la pantalla, una placa complementaria sirve de soporte f\u00edsico a todo el m\u00f3dulo. Por lo tanto, las placas complementarias deben adaptarse a las pantallas a las que sirven.<\/p>\n<p><span class=\"s1\">Debido <\/span>a la limitaci\u00f3n de resoluci\u00f3n del STM32F469II, actualmente s\u00f3lo es posible conectar pantallas de 10,1&#8243; mediante RiBUS, por lo que deben ser modelos con controlador BT817Q.<\/p>\n<p><a href=\"https:\/\/riverdi.com\/wp-content\/uploads\/2021\/11\/w800h998.avif\"><img decoding=\"async\" class=\"aligncenter wp-image-117583 size-full\" src=\"https:\/\/riverdi.com\/wp-content\/uploads\/2021\/11\/w800h998.avif?_t=1716185266\" alt=\"\" width=\"800\" height=\"997\" srcset=\"https:\/\/riverdi.com\/wp-content\/uploads\/2021\/11\/w800h998.avif 800w, https:\/\/riverdi.com\/wp-content\/uploads\/2021\/11\/w800h998-600x748.avif 600w, https:\/\/riverdi.com\/wp-content\/uploads\/2021\/11\/w800h998-64x80.avif 64w, https:\/\/riverdi.com\/wp-content\/uploads\/2021\/11\/w800h998-241x300.avif 241w, https:\/\/riverdi.com\/wp-content\/uploads\/2021\/11\/w800h998-768x957.avif 768w\" sizes=\"(max-width: 800px) 100vw, 800px\" \/><\/a><\/p>\n<h2>Una tarjeta de evaluaci\u00f3n para cualquier pantalla<\/h2>\n<p><a href=\"https:\/\/riverdi.com\/wp-content\/uploads\/2021\/04\/w600.avif\"><img decoding=\"async\" class=\"aligncenter wp-image-117633 size-full\" src=\"https:\/\/riverdi.com\/wp-content\/uploads\/2021\/04\/w600.avif?_t=1716186426\" alt=\"\" width=\"600\" height=\"370\" srcset=\"https:\/\/riverdi.com\/wp-content\/uploads\/2021\/04\/w600.avif 600w, https:\/\/riverdi.com\/wp-content\/uploads\/2021\/04\/w600-64x39.avif 64w, https:\/\/riverdi.com\/wp-content\/uploads\/2021\/04\/w600-300x185.avif 300w\" sizes=\"(max-width: 600px) 100vw, 600px\" \/><\/a><\/p>\n<p><iframe title=\"Reproductor de v\u00eddeo de YouTube\" src=\"https:\/\/www.youtube.com\/embed\/r8isY2MxdHg?si=FOwGrGstSSe66CrH\" width=\"560\" height=\"315\" frameborder=\"0\" allowfullscreen=\"allowfullscreen\"><\/iframe><\/p>\n<p><a href=\"https:\/\/riverdi.com\/stm32-evaluation-board-that-turns-your-display-on\/\" target=\"_blank\" rel=\"noopener\">SABER M\u00c1S<\/a><\/p>\n","protected":false},"excerpt":{"rendered":"<div class=\"Variant-buttons\"><a class=\"Variant-SKU-button\" href=\"https:\/\/download.riverdi.com\/STM32-EVALUATION-BOARD\/UM_Riverdi_STM32_Evaluation_Board_Manual_Rev.1.7.pdf\">Manual del usuario<\/a><br \/>\n<a class=\"Variant-SKU-button\" href=\"https:\/\/download.riverdi.com\/STM32-EVALUATION-BOARD\/WP_EVAL_WHITEPAPER_Rev.1.5.pdf\">Libro Blanco<\/a><br \/>\n<a class=\"Variant-SKU-button\" href=\"https:\/\/download.riverdi.com\/STM32-EVALUATION-BOARD\/SCHEM_EVAL_MAIN_schematic_Rev.1.0.pdf\">Esquema<\/a><\/div>\n<div>\n<p>Riverdi STM32 Evaluation Board es una placa de evaluaci\u00f3n\/desarrollo destinada al desarrollo y uso de aplicaciones en una amplia gama de pantallas Riverdi.  <strong>S\u00f3lo admite m\u00f3dulos Riverdi EVE4 para pantallas de 3,5&#8243; a 10,1&#8243; y la serie Riverdi HB IPS con interfaces RGB, LVDS y DSI (los dos \u00faltimos tipos deben tener serializador adicional) en combinaci\u00f3n con diferentes tipos de paneles t\u00e1ctiles.<\/strong><\/p>\n<p><span lang=\"EN-US\">Su ventaja m\u00e1s importante es que permite trabajar con una pantalla en tres modos:<\/span><\/p>\n<ul>\n<li>Desde STM32F469 v\u00eda RiBUS (SPI) a pantallas BT817Q\/EVE4<\/li>\n<li>Desde USB a trav\u00e9s del puente FT232H a RiBUS (SPI) y luego a las pantallas BT817Q\/EVE4<\/li>\n<li>Del controlador STM32F469 LTDC TFT a las pantallas Riverdi HB IPS con interfaz RGB y a las pantallas Riverdi HB IPS con interfaces LVDS&amp;DSI con serializador.<\/li>\n<\/ul>\n<p><span lang=\"EN-US\">La placa contiene todos los componentes necesarios para un desarrollo satisfactorio de aplicaciones gr\u00e1ficas, incluyendo:  <\/span><\/p>\n<ul>\n<li>Interfaz USB,<\/li>\n<li>Interfaz de tarjeta uSD,<\/li>\n<li>2 LED programables por el usuario,<\/li>\n<li>2 botones programables por el usuario,<\/li>\n<li>Interfaz UART de depuraci\u00f3n.<\/li>\n<\/ul>\n<p><span lang=\"EN-US\">Mientras que el controlador STM32 se alimenta mediante una interfaz USB, las pantallas pueden alimentarse desde la misma fuente de CC o desde una fuente de alimentaci\u00f3n de CC independiente.<\/span><\/p>\n<p>La placa de evaluaci\u00f3n STM32 viene con:<\/p>\n<ol>\n<li>Cable micro USB<\/li>\n<li>Tarjeta Micro SD<\/li>\n<li>FFC0520150<\/li>\n<\/ol>\n<\/div>\n","protected":false},"featured_media":103142,"comment_status":"closed","ping_status":"closed","template":"","meta":{"_acf_changed":false,"content-type":"","inline_featured_image":false},"product_brand":[],"product_cat":[3558],"product_tag":[3560,3561,3559],"class_list":{"0":"post-117945","1":"product","2":"type-product","3":"status-publish","4":"has-post-thumbnail","6":"product_cat-juntas-de-evaluacion","7":"product_tag-evaluacion","8":"product_tag-stm32-es","9":"product_tag-tablero","11":"first","12":"instock","13":"taxable","14":"shipping-taxable","15":"purchasable","16":"product-type-simple"},"acf":[],"yoast_head":"<!-- This site is optimized with the Yoast SEO plugin v27.3 - https:\/\/yoast.com\/product\/yoast-seo-wordpress\/ -->\n<title>Tarjeta de evaluaci\u00f3n STM32 - Riverdi<\/title>\n<meta name=\"description\" content=\"La placa de evaluaci\u00f3n\/desarrollo STM32 permite desarrollar y utilizar f\u00e1cilmente aplicaciones en una amplia gama de pantallas Riverdi.\" \/>\n<meta name=\"robots\" content=\"index, follow, max-snippet:-1, max-image-preview:large, max-video-preview:-1\" \/>\n<link rel=\"canonical\" href=\"https:\/\/riverdi.com\/es\/product\/tarjeta-de-evaluacion-stm32\" \/>\n<meta property=\"og:locale\" content=\"es_ES\" \/>\n<meta property=\"og:type\" content=\"article\" \/>\n<meta property=\"og:title\" content=\"Tarjeta de evaluaci\u00f3n STM32 - Riverdi\" \/>\n<meta property=\"og:description\" content=\"La placa de evaluaci\u00f3n\/desarrollo STM32 permite desarrollar y utilizar f\u00e1cilmente aplicaciones en una amplia gama de pantallas Riverdi.\" \/>\n<meta property=\"og:url\" content=\"https:\/\/riverdi.com\/es\/product\/tarjeta-de-evaluacion-stm32\" \/>\n<meta property=\"og:site_name\" content=\"Riverdi\" \/>\n<meta property=\"article:publisher\" content=\"https:\/\/www.facebook.com\/riverdi.displays\/\" \/>\n<meta property=\"article:modified_time\" content=\"2024-06-03T12:29:17+00:00\" \/>\n<meta property=\"og:image\" content=\"https:\/\/riverdi.com\/wp-content\/uploads\/2024\/03\/Eval-board-2-1.webp\" \/>\n\t<meta property=\"og:image:width\" content=\"1293\" \/>\n\t<meta property=\"og:image:height\" content=\"889\" \/>\n\t<meta property=\"og:image:type\" content=\"image\/webp\" \/>\n<meta name=\"twitter:card\" content=\"summary_large_image\" \/>\n<meta name=\"twitter:site\" content=\"@riverdidisplays\" \/>\n<meta name=\"twitter:label1\" content=\"Tiempo de lectura\" \/>\n\t<meta name=\"twitter:data1\" content=\"3 minutos\" \/>\n<script type=\"application\/ld+json\" class=\"yoast-schema-graph\">{\"@context\":\"https:\\\/\\\/schema.org\",\"@graph\":[{\"@type\":\"WebPage\",\"@id\":\"https:\\\/\\\/riverdi.com\\\/es\\\/product\\\/tarjeta-de-evaluacion-stm32\",\"url\":\"https:\\\/\\\/riverdi.com\\\/es\\\/product\\\/tarjeta-de-evaluacion-stm32\",\"name\":\"Tarjeta de evaluaci\u00f3n STM32 - Riverdi\",\"isPartOf\":{\"@id\":\"https:\\\/\\\/riverdi.com\\\/es#website\"},\"primaryImageOfPage\":{\"@id\":\"https:\\\/\\\/riverdi.com\\\/es\\\/product\\\/tarjeta-de-evaluacion-stm32#primaryimage\"},\"image\":{\"@id\":\"https:\\\/\\\/riverdi.com\\\/es\\\/product\\\/tarjeta-de-evaluacion-stm32#primaryimage\"},\"thumbnailUrl\":\"https:\\\/\\\/riverdi.com\\\/wp-content\\\/uploads\\\/2024\\\/03\\\/Eval-board-2-1.webp\",\"datePublished\":\"2021-04-15T10:30:41+00:00\",\"dateModified\":\"2024-06-03T12:29:17+00:00\",\"description\":\"La placa de evaluaci\u00f3n\\\/desarrollo STM32 permite desarrollar y utilizar f\u00e1cilmente aplicaciones en una amplia gama de pantallas Riverdi.\",\"breadcrumb\":{\"@id\":\"https:\\\/\\\/riverdi.com\\\/es\\\/product\\\/tarjeta-de-evaluacion-stm32#breadcrumb\"},\"inLanguage\":\"es\",\"potentialAction\":[{\"@type\":\"ReadAction\",\"target\":[\"https:\\\/\\\/riverdi.com\\\/es\\\/product\\\/tarjeta-de-evaluacion-stm32\"]}]},{\"@type\":\"ImageObject\",\"inLanguage\":\"es\",\"@id\":\"https:\\\/\\\/riverdi.com\\\/es\\\/product\\\/tarjeta-de-evaluacion-stm32#primaryimage\",\"url\":\"https:\\\/\\\/riverdi.com\\\/wp-content\\\/uploads\\\/2024\\\/03\\\/Eval-board-2-1.webp\",\"contentUrl\":\"https:\\\/\\\/riverdi.com\\\/wp-content\\\/uploads\\\/2024\\\/03\\\/Eval-board-2-1.webp\",\"width\":1293,\"height\":889,\"caption\":\"Tarjeta de evaluaci\u00f3n STM32\"},{\"@type\":\"BreadcrumbList\",\"@id\":\"https:\\\/\\\/riverdi.com\\\/es\\\/product\\\/tarjeta-de-evaluacion-stm32#breadcrumb\",\"itemListElement\":[{\"@type\":\"ListItem\",\"position\":1,\"name\":\"Front Page\",\"item\":\"https:\\\/\\\/riverdi.com\\\/es\\\/portada\"},{\"@type\":\"ListItem\",\"position\":2,\"name\":\"Tienda\",\"item\":\"https:\\\/\\\/riverdi.com\\\/es\\\/tienda\"},{\"@type\":\"ListItem\",\"position\":3,\"name\":\"Tarjeta de evaluaci\u00f3n STM32\"}]},{\"@type\":\"WebSite\",\"@id\":\"https:\\\/\\\/riverdi.com\\\/es#website\",\"url\":\"https:\\\/\\\/riverdi.com\\\/es\",\"name\":\"Riverdi\",\"description\":\"Global TFT LCD Manufacturer\",\"potentialAction\":[{\"@type\":\"SearchAction\",\"target\":{\"@type\":\"EntryPoint\",\"urlTemplate\":\"https:\\\/\\\/riverdi.com\\\/es?s={search_term_string}\"},\"query-input\":{\"@type\":\"PropertyValueSpecification\",\"valueRequired\":true,\"valueName\":\"search_term_string\"}}],\"inLanguage\":\"es\"}]}<\/script>\n<!-- \/ Yoast SEO plugin. -->","yoast_head_json":{"title":"Tarjeta de evaluaci\u00f3n STM32 - Riverdi","description":"La placa de evaluaci\u00f3n\/desarrollo STM32 permite desarrollar y utilizar f\u00e1cilmente aplicaciones en una amplia gama de pantallas Riverdi.","robots":{"index":"index","follow":"follow","max-snippet":"max-snippet:-1","max-image-preview":"max-image-preview:large","max-video-preview":"max-video-preview:-1"},"canonical":"https:\/\/riverdi.com\/es\/product\/tarjeta-de-evaluacion-stm32","og_locale":"es_ES","og_type":"article","og_title":"Tarjeta de evaluaci\u00f3n STM32 - Riverdi","og_description":"La placa de evaluaci\u00f3n\/desarrollo STM32 permite desarrollar y utilizar f\u00e1cilmente aplicaciones en una amplia gama de pantallas Riverdi.","og_url":"https:\/\/riverdi.com\/es\/product\/tarjeta-de-evaluacion-stm32","og_site_name":"Riverdi","article_publisher":"https:\/\/www.facebook.com\/riverdi.displays\/","article_modified_time":"2024-06-03T12:29:17+00:00","og_image":[{"width":1293,"height":889,"url":"https:\/\/riverdi.com\/wp-content\/uploads\/2024\/03\/Eval-board-2-1.webp","type":"image\/webp"}],"twitter_card":"summary_large_image","twitter_site":"@riverdidisplays","twitter_misc":{"Tiempo de lectura":"3 minutos"},"schema":{"@context":"https:\/\/schema.org","@graph":[{"@type":"WebPage","@id":"https:\/\/riverdi.com\/es\/product\/tarjeta-de-evaluacion-stm32","url":"https:\/\/riverdi.com\/es\/product\/tarjeta-de-evaluacion-stm32","name":"Tarjeta de evaluaci\u00f3n STM32 - Riverdi","isPartOf":{"@id":"https:\/\/riverdi.com\/es#website"},"primaryImageOfPage":{"@id":"https:\/\/riverdi.com\/es\/product\/tarjeta-de-evaluacion-stm32#primaryimage"},"image":{"@id":"https:\/\/riverdi.com\/es\/product\/tarjeta-de-evaluacion-stm32#primaryimage"},"thumbnailUrl":"https:\/\/riverdi.com\/wp-content\/uploads\/2024\/03\/Eval-board-2-1.webp","datePublished":"2021-04-15T10:30:41+00:00","dateModified":"2024-06-03T12:29:17+00:00","description":"La placa de evaluaci\u00f3n\/desarrollo STM32 permite desarrollar y utilizar f\u00e1cilmente aplicaciones en una amplia gama de pantallas Riverdi.","breadcrumb":{"@id":"https:\/\/riverdi.com\/es\/product\/tarjeta-de-evaluacion-stm32#breadcrumb"},"inLanguage":"es","potentialAction":[{"@type":"ReadAction","target":["https:\/\/riverdi.com\/es\/product\/tarjeta-de-evaluacion-stm32"]}]},{"@type":"ImageObject","inLanguage":"es","@id":"https:\/\/riverdi.com\/es\/product\/tarjeta-de-evaluacion-stm32#primaryimage","url":"https:\/\/riverdi.com\/wp-content\/uploads\/2024\/03\/Eval-board-2-1.webp","contentUrl":"https:\/\/riverdi.com\/wp-content\/uploads\/2024\/03\/Eval-board-2-1.webp","width":1293,"height":889,"caption":"Tarjeta de evaluaci\u00f3n STM32"},{"@type":"BreadcrumbList","@id":"https:\/\/riverdi.com\/es\/product\/tarjeta-de-evaluacion-stm32#breadcrumb","itemListElement":[{"@type":"ListItem","position":1,"name":"Front Page","item":"https:\/\/riverdi.com\/es\/portada"},{"@type":"ListItem","position":2,"name":"Tienda","item":"https:\/\/riverdi.com\/es\/tienda"},{"@type":"ListItem","position":3,"name":"Tarjeta de evaluaci\u00f3n STM32"}]},{"@type":"WebSite","@id":"https:\/\/riverdi.com\/es#website","url":"https:\/\/riverdi.com\/es","name":"Riverdi","description":"Global TFT LCD Manufacturer","potentialAction":[{"@type":"SearchAction","target":{"@type":"EntryPoint","urlTemplate":"https:\/\/riverdi.com\/es?s={search_term_string}"},"query-input":{"@type":"PropertyValueSpecification","valueRequired":true,"valueName":"search_term_string"}}],"inLanguage":"es"}]}},"_links":{"self":[{"href":"https:\/\/riverdi.com\/es\/wp-json\/wp\/v2\/product\/117945","targetHints":{"allow":["GET"]}}],"collection":[{"href":"https:\/\/riverdi.com\/es\/wp-json\/wp\/v2\/product"}],"about":[{"href":"https:\/\/riverdi.com\/es\/wp-json\/wp\/v2\/types\/product"}],"replies":[{"embeddable":true,"href":"https:\/\/riverdi.com\/es\/wp-json\/wp\/v2\/comments?post=117945"}],"wp:featuredmedia":[{"embeddable":true,"href":"https:\/\/riverdi.com\/es\/wp-json\/wp\/v2\/media\/103142"}],"wp:attachment":[{"href":"https:\/\/riverdi.com\/es\/wp-json\/wp\/v2\/media?parent=117945"}],"wp:term":[{"taxonomy":"product_brand","embeddable":true,"href":"https:\/\/riverdi.com\/es\/wp-json\/wp\/v2\/product_brand?post=117945"},{"taxonomy":"product_cat","embeddable":true,"href":"https:\/\/riverdi.com\/es\/wp-json\/wp\/v2\/product_cat?post=117945"},{"taxonomy":"product_tag","embeddable":true,"href":"https:\/\/riverdi.com\/es\/wp-json\/wp\/v2\/product_tag?post=117945"}],"curies":[{"name":"wp","href":"https:\/\/api.w.org\/{rel}","templated":true}]}}