{"id":117932,"date":"2021-01-31T11:45:29","date_gmt":"2021-01-31T10:45:29","guid":{"rendered":"http:\/\/riverdi.com\/product\/cable-rva-pcap-usb\/"},"modified":"2021-01-31T11:45:29","modified_gmt":"2021-01-31T10:45:29","slug":"cable-rva-pcap-usb","status":"publish","type":"product","link":"https:\/\/riverdi.com\/es\/product\/cable-rva-pcap-usb","title":{"rendered":"Cable USB RVA PCAP"},"content":{"rendered":"","protected":false},"excerpt":{"rendered":"<p>Cable USB para paneles t\u00e1ctiles Riverdi<\/p>\n<div>\n<p>Todos nuestros nuevos PCAP industriales est\u00e1n equipados con USB e I\u00b2C para que nuestros usuarios puedan probarlos nada m\u00e1s sacarlos de la caja conect\u00e1ndolos directamente a cualquier PC.<\/p>\n<p>Los sistemas operativos m\u00e1s populares, como Windows y Linux, incorporan los controladores adecuados, de modo que cuando la pantalla se conecta a trav\u00e9s de USB se registra como dispositivo HID.<\/p>\n<div>\n<p>Gracias a este cable USB podr\u00e1 comprobar f\u00e1cilmente las capacidades de nuestro panel t\u00e1ctil en cuesti\u00f3n de segundos.<\/p>\n<\/div>\n<div>AMT (mini) 1 mm<\/div>\n<div><\/div>\n<\/div>\n<p>&nbsp;<\/p>\n","protected":false},"featured_media":103133,"comment_status":"closed","ping_status":"closed","template":"","meta":{"_acf_changed":false,"content-type":"","inline_featured_image":false},"product_brand":[],"product_cat":[3526,3578,3541],"product_tag":[3583,3604],"class_list":{"0":"post-117932","1":"product","2":"type-product","3":"status-publish","4":"has-post-thumbnail","6":"product_cat-accesorios","7":"product_cat-cables-usb","8":"product_cat-conjuntos-de-cables","9":"product_tag-cable-usb","10":"product_tag-rva-pcap-es","12":"first","13":"instock","14":"taxable","15":"shipping-taxable","16":"purchasable","17":"product-type-simple"},"acf":[],"yoast_head":"<!-- This site is optimized with the Yoast SEO plugin v27.0 - https:\/\/yoast.com\/product\/yoast-seo-wordpress\/ -->\n<title>Cable USB RVA PCAP - Riverdi<\/title>\n<meta name=\"description\" content=\"Gracias a este cable USB podr\u00e1s comprobar f\u00e1cilmente las capacidades del panel t\u00e1ctil Riverdi en cuesti\u00f3n de segundos.\" \/>\n<meta name=\"robots\" content=\"index, follow, max-snippet:-1, max-image-preview:large, max-video-preview:-1\" \/>\n<link rel=\"canonical\" href=\"https:\/\/riverdi.com\/es\/product\/cable-rva-pcap-usb\" \/>\n<meta property=\"og:locale\" content=\"es_ES\" \/>\n<meta property=\"og:type\" content=\"article\" \/>\n<meta property=\"og:title\" content=\"Cable USB RVA PCAP - Riverdi\" \/>\n<meta property=\"og:description\" content=\"Gracias a este cable USB podr\u00e1s comprobar f\u00e1cilmente las capacidades del panel t\u00e1ctil Riverdi en cuesti\u00f3n de segundos.\" \/>\n<meta property=\"og:url\" content=\"https:\/\/riverdi.com\/es\/product\/cable-rva-pcap-usb\" \/>\n<meta property=\"og:site_name\" content=\"Riverdi\" \/>\n<meta property=\"article:publisher\" content=\"https:\/\/www.facebook.com\/riverdi.displays\/\" \/>\n<meta property=\"og:image\" content=\"https:\/\/riverdi.com\/wp-content\/uploads\/2024\/03\/RVA-PCAP-USB-CABLE3.webp\" \/>\n\t<meta property=\"og:image:width\" content=\"1500\" \/>\n\t<meta property=\"og:image:height\" content=\"1600\" \/>\n\t<meta property=\"og:image:type\" content=\"image\/webp\" \/>\n<meta name=\"twitter:card\" content=\"summary_large_image\" \/>\n<meta name=\"twitter:site\" content=\"@riverdidisplays\" \/>\n<script type=\"application\/ld+json\" class=\"yoast-schema-graph\">{\"@context\":\"https:\/\/schema.org\",\"@graph\":[{\"@type\":\"WebPage\",\"@id\":\"https:\/\/riverdi.com\/es\/product\/cable-rva-pcap-usb\",\"url\":\"https:\/\/riverdi.com\/es\/product\/cable-rva-pcap-usb\",\"name\":\"Cable USB RVA PCAP - Riverdi\",\"isPartOf\":{\"@id\":\"https:\/\/riverdi.com\/es#website\"},\"primaryImageOfPage\":{\"@id\":\"https:\/\/riverdi.com\/es\/product\/cable-rva-pcap-usb#primaryimage\"},\"image\":{\"@id\":\"https:\/\/riverdi.com\/es\/product\/cable-rva-pcap-usb#primaryimage\"},\"thumbnailUrl\":\"https:\/\/riverdi.com\/wp-content\/uploads\/2024\/03\/RVA-PCAP-USB-CABLE3.webp\",\"datePublished\":\"2021-01-31T10:45:29+00:00\",\"description\":\"Gracias a este cable USB podr\u00e1s comprobar f\u00e1cilmente las capacidades del panel t\u00e1ctil Riverdi en cuesti\u00f3n de segundos.\",\"breadcrumb\":{\"@id\":\"https:\/\/riverdi.com\/es\/product\/cable-rva-pcap-usb#breadcrumb\"},\"inLanguage\":\"es\",\"potentialAction\":[{\"@type\":\"ReadAction\",\"target\":[\"https:\/\/riverdi.com\/es\/product\/cable-rva-pcap-usb\"]}]},{\"@type\":\"ImageObject\",\"inLanguage\":\"es\",\"@id\":\"https:\/\/riverdi.com\/es\/product\/cable-rva-pcap-usb#primaryimage\",\"url\":\"https:\/\/riverdi.com\/wp-content\/uploads\/2024\/03\/RVA-PCAP-USB-CABLE3.webp\",\"contentUrl\":\"https:\/\/riverdi.com\/wp-content\/uploads\/2024\/03\/RVA-PCAP-USB-CABLE3.webp\",\"width\":1500,\"height\":1600,\"caption\":\"RVA PCAP CABLE USB\"},{\"@type\":\"BreadcrumbList\",\"@id\":\"https:\/\/riverdi.com\/es\/product\/cable-rva-pcap-usb#breadcrumb\",\"itemListElement\":[{\"@type\":\"ListItem\",\"position\":1,\"name\":\"Front Page\",\"item\":\"https:\/\/riverdi.com\/es\/portada\"},{\"@type\":\"ListItem\",\"position\":2,\"name\":\"Tienda\",\"item\":\"https:\/\/riverdi.com\/es\/tienda\"},{\"@type\":\"ListItem\",\"position\":3,\"name\":\"Cable USB RVA PCAP\"}]},{\"@type\":\"WebSite\",\"@id\":\"https:\/\/riverdi.com\/es#website\",\"url\":\"https:\/\/riverdi.com\/es\",\"name\":\"Riverdi\",\"description\":\"Global TFT LCD Manufacturer\",\"potentialAction\":[{\"@type\":\"SearchAction\",\"target\":{\"@type\":\"EntryPoint\",\"urlTemplate\":\"https:\/\/riverdi.com\/es?s={search_term_string}\"},\"query-input\":{\"@type\":\"PropertyValueSpecification\",\"valueRequired\":true,\"valueName\":\"search_term_string\"}}],\"inLanguage\":\"es\"}]}<\/script>\n<!-- \/ Yoast SEO plugin. -->","yoast_head_json":{"title":"Cable USB RVA PCAP - Riverdi","description":"Gracias a este cable USB podr\u00e1s comprobar f\u00e1cilmente las capacidades del panel t\u00e1ctil Riverdi en cuesti\u00f3n de segundos.","robots":{"index":"index","follow":"follow","max-snippet":"max-snippet:-1","max-image-preview":"max-image-preview:large","max-video-preview":"max-video-preview:-1"},"canonical":"https:\/\/riverdi.com\/es\/product\/cable-rva-pcap-usb","og_locale":"es_ES","og_type":"article","og_title":"Cable USB RVA PCAP - Riverdi","og_description":"Gracias a este cable USB podr\u00e1s comprobar f\u00e1cilmente las capacidades del panel t\u00e1ctil Riverdi en cuesti\u00f3n de segundos.","og_url":"https:\/\/riverdi.com\/es\/product\/cable-rva-pcap-usb","og_site_name":"Riverdi","article_publisher":"https:\/\/www.facebook.com\/riverdi.displays\/","og_image":[{"width":1500,"height":1600,"url":"https:\/\/riverdi.com\/wp-content\/uploads\/2024\/03\/RVA-PCAP-USB-CABLE3.webp","type":"image\/webp"}],"twitter_card":"summary_large_image","twitter_site":"@riverdidisplays","schema":{"@context":"https:\/\/schema.org","@graph":[{"@type":"WebPage","@id":"https:\/\/riverdi.com\/es\/product\/cable-rva-pcap-usb","url":"https:\/\/riverdi.com\/es\/product\/cable-rva-pcap-usb","name":"Cable USB RVA PCAP - Riverdi","isPartOf":{"@id":"https:\/\/riverdi.com\/es#website"},"primaryImageOfPage":{"@id":"https:\/\/riverdi.com\/es\/product\/cable-rva-pcap-usb#primaryimage"},"image":{"@id":"https:\/\/riverdi.com\/es\/product\/cable-rva-pcap-usb#primaryimage"},"thumbnailUrl":"https:\/\/riverdi.com\/wp-content\/uploads\/2024\/03\/RVA-PCAP-USB-CABLE3.webp","datePublished":"2021-01-31T10:45:29+00:00","description":"Gracias a este cable USB podr\u00e1s comprobar f\u00e1cilmente las capacidades del panel t\u00e1ctil Riverdi en cuesti\u00f3n de segundos.","breadcrumb":{"@id":"https:\/\/riverdi.com\/es\/product\/cable-rva-pcap-usb#breadcrumb"},"inLanguage":"es","potentialAction":[{"@type":"ReadAction","target":["https:\/\/riverdi.com\/es\/product\/cable-rva-pcap-usb"]}]},{"@type":"ImageObject","inLanguage":"es","@id":"https:\/\/riverdi.com\/es\/product\/cable-rva-pcap-usb#primaryimage","url":"https:\/\/riverdi.com\/wp-content\/uploads\/2024\/03\/RVA-PCAP-USB-CABLE3.webp","contentUrl":"https:\/\/riverdi.com\/wp-content\/uploads\/2024\/03\/RVA-PCAP-USB-CABLE3.webp","width":1500,"height":1600,"caption":"RVA PCAP CABLE USB"},{"@type":"BreadcrumbList","@id":"https:\/\/riverdi.com\/es\/product\/cable-rva-pcap-usb#breadcrumb","itemListElement":[{"@type":"ListItem","position":1,"name":"Front Page","item":"https:\/\/riverdi.com\/es\/portada"},{"@type":"ListItem","position":2,"name":"Tienda","item":"https:\/\/riverdi.com\/es\/tienda"},{"@type":"ListItem","position":3,"name":"Cable USB RVA PCAP"}]},{"@type":"WebSite","@id":"https:\/\/riverdi.com\/es#website","url":"https:\/\/riverdi.com\/es","name":"Riverdi","description":"Global TFT LCD Manufacturer","potentialAction":[{"@type":"SearchAction","target":{"@type":"EntryPoint","urlTemplate":"https:\/\/riverdi.com\/es?s={search_term_string}"},"query-input":{"@type":"PropertyValueSpecification","valueRequired":true,"valueName":"search_term_string"}}],"inLanguage":"es"}]}},"_links":{"self":[{"href":"https:\/\/riverdi.com\/es\/wp-json\/wp\/v2\/product\/117932","targetHints":{"allow":["GET"]}}],"collection":[{"href":"https:\/\/riverdi.com\/es\/wp-json\/wp\/v2\/product"}],"about":[{"href":"https:\/\/riverdi.com\/es\/wp-json\/wp\/v2\/types\/product"}],"replies":[{"embeddable":true,"href":"https:\/\/riverdi.com\/es\/wp-json\/wp\/v2\/comments?post=117932"}],"wp:featuredmedia":[{"embeddable":true,"href":"https:\/\/riverdi.com\/es\/wp-json\/wp\/v2\/media\/103133"}],"wp:attachment":[{"href":"https:\/\/riverdi.com\/es\/wp-json\/wp\/v2\/media?parent=117932"}],"wp:term":[{"taxonomy":"product_brand","embeddable":true,"href":"https:\/\/riverdi.com\/es\/wp-json\/wp\/v2\/product_brand?post=117932"},{"taxonomy":"product_cat","embeddable":true,"href":"https:\/\/riverdi.com\/es\/wp-json\/wp\/v2\/product_cat?post=117932"},{"taxonomy":"product_tag","embeddable":true,"href":"https:\/\/riverdi.com\/es\/wp-json\/wp\/v2\/product_tag?post=117932"}],"curies":[{"name":"wp","href":"https:\/\/api.w.org\/{rel}","templated":true}]}}