{"id":117831,"date":"2021-11-17T12:17:05","date_gmt":"2021-11-17T11:17:05","guid":{"rendered":"http:\/\/riverdi.com\/product\/don-addon-7-rgb-board\/"},"modified":"2021-11-17T12:17:05","modified_gmt":"2021-11-17T11:17:05","slug":"don-addon-7-rgb-board","status":"publish","type":"product","link":"https:\/\/riverdi.com\/es\/product\/don-addon-7-rgb-board","title":{"rendered":"Don Addon 7 RGB"},"content":{"rendered":"<h2>Complemento de extensi\u00f3n RGB<\/h2>\n<p class=\"p1\">Mientras que la propia placa de evaluaci\u00f3n contiene todos los componentes clave, adem\u00e1s de la interfaz RiBUS para pantallas EVE, el cabezal de extensi\u00f3n RGB aporta la interfaz a la mayor\u00eda de las pantallas RGB de Riverdi.<\/p>\n<p class=\"p1\">La placa de evaluaci\u00f3n puede utilizar RiBUS para controlar la pantalla con el controlador gr\u00e1fico EVE o la extensi\u00f3n RGB. Adem\u00e1s de enviar se\u00f1ales a la pantalla, una placa complementaria sirve de soporte f\u00edsico a todo el m\u00f3dulo. Por lo tanto, las placas complementarias deben adaptarse a las pantallas a las que sirven.<\/p>\n<p class=\"p1\"><span class=\"s1\">Debido <\/span>a la limitaci\u00f3n de resoluci\u00f3n del STM32F469II, actualmente s\u00f3lo es posible conectar pantallas de 10,1&#8243; mediante RiBUS, por lo que deben ser modelos con controlador BT817Q.<\/p>\n<p><a href=\"https:\/\/riverdi.com\/wp-content\/uploads\/2021\/11\/w800h998.avif\"><img decoding=\"async\" class=\"aligncenter wp-image-117583 size-full\" src=\"https:\/\/riverdi.com\/wp-content\/uploads\/2021\/11\/w800h998.avif?_t=1716185266\" alt=\"\" width=\"800\" height=\"997\" srcset=\"https:\/\/riverdi.com\/wp-content\/uploads\/2021\/11\/w800h998.avif 800w, https:\/\/riverdi.com\/wp-content\/uploads\/2021\/11\/w800h998-600x748.avif 600w, https:\/\/riverdi.com\/wp-content\/uploads\/2021\/11\/w800h998-64x80.avif 64w, https:\/\/riverdi.com\/wp-content\/uploads\/2021\/11\/w800h998-241x300.avif 241w, https:\/\/riverdi.com\/wp-content\/uploads\/2021\/11\/w800h998-768x957.avif 768w\" sizes=\"(max-width: 800px) 100vw, 800px\" \/><\/a><\/p>\n<h2>Funciones mec\u00e1nicas<\/h2>\n<p>Don Addon 7 RGB es una base mec\u00e1nica estable para tres componentes:<\/p>\n<div class=\"fusion-text fusion-text-4\">\n<p>&#8211; Placa de evaluaci\u00f3n STM32,<br \/>\n&#8211; Pantalla TFT RGB de 7<br \/>\n&#8211; La propia placa complementaria<br \/>\nLa estabilidad mec\u00e1nica de estos dispositivos fijados entre s\u00ed protege los delicados conectores TFT contra roturas, desgarros y desgaste debidos a las frecuentes conexiones y desconexiones.<\/p>\n<p>Don Addon est\u00e1 dise\u00f1ado de forma que permite el uso de los tres en posici\u00f3n horizontal y vertical. La posici\u00f3n horizontal es especialmente \u00fatil durante el desarrollo. Proporciona un acceso seguro a los terminales de medici\u00f3n de la placa de evaluaci\u00f3n STM32 y a otros puntos de los circuitos deseados por un desarrollador blanco la posici\u00f3n vertical permite colgar toda la unidad de trabajo en un poste vertical para exponerla y llamar la atenci\u00f3n de los visitantes.<\/p>\n<p>Un m\u00f3dulo TFT se fija a la placa complementaria con cintas velcro en cinco esquinas del m\u00f3dulo. El uso de cintas de velcro entre la placa complementaria y el TFT garantiza una fijaci\u00f3n relativamente fuerte para asegurar que los conectores TFT est\u00e9n a salvo de da\u00f1os mec\u00e1nicos en ambas posiciones, y tambi\u00e9n hace que el intercambio de los m\u00f3dulos TFT sea r\u00e1pido y sencillo.<\/p>\n<\/div>\n<div class=\"fusion-aligncenter\"><a href=\"https:\/\/riverdi.com\/stm32-evaluation-board-that-turns-your-display-on\/\" target=\"_blank\" rel=\"noopener noreferrer\">SABER M\u00c1S<\/a><\/div>\n<div><a href=\"https:\/\/riverdi.com\/wp-content\/uploads\/2021\/11\/w1500-1.webp\"><img decoding=\"async\" class=\"aligncenter wp-image-117594 size-large\" src=\"https:\/\/riverdi.com\/wp-content\/uploads\/2021\/11\/w1500-1-1024x768.webp?_t=1716185557\" alt=\"\" width=\"1024\" height=\"768\" srcset=\"https:\/\/riverdi.com\/wp-content\/uploads\/2021\/11\/w1500-1-1024x768.webp 1024w, https:\/\/riverdi.com\/wp-content\/uploads\/2021\/11\/w1500-1-600x450.webp 600w, https:\/\/riverdi.com\/wp-content\/uploads\/2021\/11\/w1500-1-64x48.webp 64w, https:\/\/riverdi.com\/wp-content\/uploads\/2021\/11\/w1500-1-300x225.webp 300w, https:\/\/riverdi.com\/wp-content\/uploads\/2021\/11\/w1500-1-768x576.webp 768w, https:\/\/riverdi.com\/wp-content\/uploads\/2021\/11\/w1500-1.webp 1500w\" sizes=\"(max-width: 1024px) 100vw, 1024px\" \/><\/a><\/div>\n<p><iframe title=\"Reproductor de v\u00eddeo de YouTube\" src=\"https:\/\/www.youtube.com\/embed\/r8isY2MxdHg?si=FOwGrGstSSe66CrH\" width=\"560\" height=\"315\" frameborder=\"0\" allowfullscreen=\"allowfullscreen\"><\/iframe><\/p>\n","protected":false},"excerpt":{"rendered":"<div class=\"Variant-buttons\"><a class=\"Variant-SKU-button\" href=\"https:\/\/download.riverdi.com\/DON-ADDON-7-RGB\/WP_Don_Addon_7_RGB_Rev.1.1.pdf\">Libro Blanco<\/a><br \/>\n<a class=\"Variant-SKU-button\" href=\"https:\/\/download.riverdi.com\/DON-ADDON-7-RGB\/DR_DON_ADDON_7_RGB_Rev.1.0.pdf\">Dibujo<\/a><br \/>\n<a class=\"Variant-SKU-button\" href=\"https:\/\/download.riverdi.com\/DON-ADDON-7-RGB\/SCHEM_DON_ADDON_7_RGB_Rev.1.1.pdf\">Esquema<\/a><\/div>\n<p>Una placa complementaria es un dispositivo que proporciona el entorno necesario a una pantalla TFT para poder mostrar im\u00e1genes desde la placa de evaluaci\u00f3n STM32 de Riverdi.<\/p>\n<p>Debido a nuestra amplia oferta de m\u00f3dulos TFT y la necesidad de garantizar una cooperaci\u00f3n perfecta entre los diferentes m\u00f3dulos TFT y UN tipo de placa de evaluaci\u00f3n, debe haber una versi\u00f3n personalizada de una placa adicional para una pantalla de tama\u00f1o particular, conector de se\u00f1al y construcci\u00f3n mec\u00e1nica, junto con UN controlador universal &#8211; la placa de evaluaci\u00f3n STM32.<\/p>\n<p>Don Addon pone orden en el mundo de los desarrolladores.<\/p>\n<p>Util\u00edcelo para preparar y demostrar el funcionamiento de m\u00f3dulos TFT RGB de 7&#8243; en presentaciones y exposiciones.<\/p>\n<div style=\"font-weight: 400; background-color: #e0e0e0; padding: 10px; margin-bottom: 10px;\"><strong>NOTA: Este listado es s\u00f3lo para la placa complementaria. La placa de evaluaci\u00f3n y las pantallas se venden por separado.<\/strong><\/div>\n","protected":false},"featured_media":103154,"comment_status":"closed","ping_status":"closed","template":"","meta":{"_acf_changed":false,"content-type":"","inline_featured_image":false},"product_brand":[],"product_cat":[3558],"product_tag":[3562,3560,3474,3561,3559],"class_list":{"0":"post-117831","1":"product","2":"type-product","3":"status-publish","4":"has-post-thumbnail","6":"product_cat-juntas-de-evaluacion","7":"product_tag-don-es","8":"product_tag-evaluacion","9":"product_tag-rgb-es","10":"product_tag-stm32-es","11":"product_tag-tablero","13":"first","14":"instock","15":"taxable","16":"shipping-taxable","17":"purchasable","18":"product-type-simple"},"acf":[],"yoast_head":"<!-- This site is optimized with the Yoast SEO plugin v27.3 - https:\/\/yoast.com\/product\/yoast-seo-wordpress\/ -->\n<title>Don Addon 7 RGB - Riverdi<\/title>\n<meta name=\"description\" content=\"Una placa complementaria es un dispositivo que proporciona el entorno necesario a una pantalla TFT para poder mostrar im\u00e1genes desde la placa de evaluaci\u00f3n STM32 de Riverdi.\" \/>\n<meta name=\"robots\" content=\"index, follow, max-snippet:-1, max-image-preview:large, max-video-preview:-1\" \/>\n<link rel=\"canonical\" href=\"https:\/\/riverdi.com\/es\/product\/don-addon-7-rgb-board\" \/>\n<meta property=\"og:locale\" content=\"es_ES\" \/>\n<meta property=\"og:type\" content=\"article\" \/>\n<meta property=\"og:title\" content=\"Don Addon 7 RGB - Riverdi\" \/>\n<meta property=\"og:description\" content=\"Una placa complementaria es un dispositivo que proporciona el entorno necesario a una pantalla TFT para poder mostrar im\u00e1genes desde la placa de evaluaci\u00f3n STM32 de Riverdi.\" \/>\n<meta property=\"og:url\" content=\"https:\/\/riverdi.com\/es\/product\/don-addon-7-rgb-board\" \/>\n<meta property=\"og:site_name\" content=\"Riverdi\" \/>\n<meta property=\"article:publisher\" content=\"https:\/\/www.facebook.com\/riverdi.displays\/\" \/>\n<meta property=\"og:image\" content=\"https:\/\/riverdi.com\/wp-content\/uploads\/2024\/03\/Don-Addon7-1.webp\" \/>\n\t<meta property=\"og:image:width\" content=\"1293\" \/>\n\t<meta property=\"og:image:height\" content=\"889\" \/>\n\t<meta property=\"og:image:type\" content=\"image\/webp\" \/>\n<meta name=\"twitter:card\" content=\"summary_large_image\" \/>\n<meta name=\"twitter:site\" content=\"@riverdidisplays\" \/>\n<meta name=\"twitter:label1\" content=\"Tiempo de lectura\" \/>\n\t<meta name=\"twitter:data1\" content=\"2 minutos\" \/>\n<script type=\"application\/ld+json\" class=\"yoast-schema-graph\">{\"@context\":\"https:\\\/\\\/schema.org\",\"@graph\":[{\"@type\":\"WebPage\",\"@id\":\"https:\\\/\\\/riverdi.com\\\/es\\\/product\\\/don-addon-7-rgb-board\",\"url\":\"https:\\\/\\\/riverdi.com\\\/es\\\/product\\\/don-addon-7-rgb-board\",\"name\":\"Don Addon 7 RGB - Riverdi\",\"isPartOf\":{\"@id\":\"https:\\\/\\\/riverdi.com\\\/es#website\"},\"primaryImageOfPage\":{\"@id\":\"https:\\\/\\\/riverdi.com\\\/es\\\/product\\\/don-addon-7-rgb-board#primaryimage\"},\"image\":{\"@id\":\"https:\\\/\\\/riverdi.com\\\/es\\\/product\\\/don-addon-7-rgb-board#primaryimage\"},\"thumbnailUrl\":\"https:\\\/\\\/riverdi.com\\\/wp-content\\\/uploads\\\/2024\\\/03\\\/Don-Addon7-1.webp\",\"datePublished\":\"2021-11-17T11:17:05+00:00\",\"description\":\"Una placa complementaria es un dispositivo que proporciona el entorno necesario a una pantalla TFT para poder mostrar im\u00e1genes desde la placa de evaluaci\u00f3n STM32 de Riverdi.\",\"breadcrumb\":{\"@id\":\"https:\\\/\\\/riverdi.com\\\/es\\\/product\\\/don-addon-7-rgb-board#breadcrumb\"},\"inLanguage\":\"es\",\"potentialAction\":[{\"@type\":\"ReadAction\",\"target\":[\"https:\\\/\\\/riverdi.com\\\/es\\\/product\\\/don-addon-7-rgb-board\"]}]},{\"@type\":\"ImageObject\",\"inLanguage\":\"es\",\"@id\":\"https:\\\/\\\/riverdi.com\\\/es\\\/product\\\/don-addon-7-rgb-board#primaryimage\",\"url\":\"https:\\\/\\\/riverdi.com\\\/wp-content\\\/uploads\\\/2024\\\/03\\\/Don-Addon7-1.webp\",\"contentUrl\":\"https:\\\/\\\/riverdi.com\\\/wp-content\\\/uploads\\\/2024\\\/03\\\/Don-Addon7-1.webp\",\"width\":1293,\"height\":889},{\"@type\":\"BreadcrumbList\",\"@id\":\"https:\\\/\\\/riverdi.com\\\/es\\\/product\\\/don-addon-7-rgb-board#breadcrumb\",\"itemListElement\":[{\"@type\":\"ListItem\",\"position\":1,\"name\":\"Front Page\",\"item\":\"https:\\\/\\\/riverdi.com\\\/es\\\/portada\"},{\"@type\":\"ListItem\",\"position\":2,\"name\":\"Tienda\",\"item\":\"https:\\\/\\\/riverdi.com\\\/es\\\/tienda\"},{\"@type\":\"ListItem\",\"position\":3,\"name\":\"Don Addon 7 RGB\"}]},{\"@type\":\"WebSite\",\"@id\":\"https:\\\/\\\/riverdi.com\\\/es#website\",\"url\":\"https:\\\/\\\/riverdi.com\\\/es\",\"name\":\"Riverdi\",\"description\":\"Global TFT LCD Manufacturer\",\"potentialAction\":[{\"@type\":\"SearchAction\",\"target\":{\"@type\":\"EntryPoint\",\"urlTemplate\":\"https:\\\/\\\/riverdi.com\\\/es?s={search_term_string}\"},\"query-input\":{\"@type\":\"PropertyValueSpecification\",\"valueRequired\":true,\"valueName\":\"search_term_string\"}}],\"inLanguage\":\"es\"}]}<\/script>\n<!-- \/ Yoast SEO plugin. -->","yoast_head_json":{"title":"Don Addon 7 RGB - Riverdi","description":"Una placa complementaria es un dispositivo que proporciona el entorno necesario a una pantalla TFT para poder mostrar im\u00e1genes desde la placa de evaluaci\u00f3n STM32 de Riverdi.","robots":{"index":"index","follow":"follow","max-snippet":"max-snippet:-1","max-image-preview":"max-image-preview:large","max-video-preview":"max-video-preview:-1"},"canonical":"https:\/\/riverdi.com\/es\/product\/don-addon-7-rgb-board","og_locale":"es_ES","og_type":"article","og_title":"Don Addon 7 RGB - Riverdi","og_description":"Una placa complementaria es un dispositivo que proporciona el entorno necesario a una pantalla TFT para poder mostrar im\u00e1genes desde la placa de evaluaci\u00f3n STM32 de Riverdi.","og_url":"https:\/\/riverdi.com\/es\/product\/don-addon-7-rgb-board","og_site_name":"Riverdi","article_publisher":"https:\/\/www.facebook.com\/riverdi.displays\/","og_image":[{"width":1293,"height":889,"url":"https:\/\/riverdi.com\/wp-content\/uploads\/2024\/03\/Don-Addon7-1.webp","type":"image\/webp"}],"twitter_card":"summary_large_image","twitter_site":"@riverdidisplays","twitter_misc":{"Tiempo de lectura":"2 minutos"},"schema":{"@context":"https:\/\/schema.org","@graph":[{"@type":"WebPage","@id":"https:\/\/riverdi.com\/es\/product\/don-addon-7-rgb-board","url":"https:\/\/riverdi.com\/es\/product\/don-addon-7-rgb-board","name":"Don Addon 7 RGB - Riverdi","isPartOf":{"@id":"https:\/\/riverdi.com\/es#website"},"primaryImageOfPage":{"@id":"https:\/\/riverdi.com\/es\/product\/don-addon-7-rgb-board#primaryimage"},"image":{"@id":"https:\/\/riverdi.com\/es\/product\/don-addon-7-rgb-board#primaryimage"},"thumbnailUrl":"https:\/\/riverdi.com\/wp-content\/uploads\/2024\/03\/Don-Addon7-1.webp","datePublished":"2021-11-17T11:17:05+00:00","description":"Una placa complementaria es un dispositivo que proporciona el entorno necesario a una pantalla TFT para poder mostrar im\u00e1genes desde la placa de evaluaci\u00f3n STM32 de Riverdi.","breadcrumb":{"@id":"https:\/\/riverdi.com\/es\/product\/don-addon-7-rgb-board#breadcrumb"},"inLanguage":"es","potentialAction":[{"@type":"ReadAction","target":["https:\/\/riverdi.com\/es\/product\/don-addon-7-rgb-board"]}]},{"@type":"ImageObject","inLanguage":"es","@id":"https:\/\/riverdi.com\/es\/product\/don-addon-7-rgb-board#primaryimage","url":"https:\/\/riverdi.com\/wp-content\/uploads\/2024\/03\/Don-Addon7-1.webp","contentUrl":"https:\/\/riverdi.com\/wp-content\/uploads\/2024\/03\/Don-Addon7-1.webp","width":1293,"height":889},{"@type":"BreadcrumbList","@id":"https:\/\/riverdi.com\/es\/product\/don-addon-7-rgb-board#breadcrumb","itemListElement":[{"@type":"ListItem","position":1,"name":"Front Page","item":"https:\/\/riverdi.com\/es\/portada"},{"@type":"ListItem","position":2,"name":"Tienda","item":"https:\/\/riverdi.com\/es\/tienda"},{"@type":"ListItem","position":3,"name":"Don Addon 7 RGB"}]},{"@type":"WebSite","@id":"https:\/\/riverdi.com\/es#website","url":"https:\/\/riverdi.com\/es","name":"Riverdi","description":"Global TFT LCD Manufacturer","potentialAction":[{"@type":"SearchAction","target":{"@type":"EntryPoint","urlTemplate":"https:\/\/riverdi.com\/es?s={search_term_string}"},"query-input":{"@type":"PropertyValueSpecification","valueRequired":true,"valueName":"search_term_string"}}],"inLanguage":"es"}]}},"_links":{"self":[{"href":"https:\/\/riverdi.com\/es\/wp-json\/wp\/v2\/product\/117831","targetHints":{"allow":["GET"]}}],"collection":[{"href":"https:\/\/riverdi.com\/es\/wp-json\/wp\/v2\/product"}],"about":[{"href":"https:\/\/riverdi.com\/es\/wp-json\/wp\/v2\/types\/product"}],"replies":[{"embeddable":true,"href":"https:\/\/riverdi.com\/es\/wp-json\/wp\/v2\/comments?post=117831"}],"wp:featuredmedia":[{"embeddable":true,"href":"https:\/\/riverdi.com\/es\/wp-json\/wp\/v2\/media\/103154"}],"wp:attachment":[{"href":"https:\/\/riverdi.com\/es\/wp-json\/wp\/v2\/media?parent=117831"}],"wp:term":[{"taxonomy":"product_brand","embeddable":true,"href":"https:\/\/riverdi.com\/es\/wp-json\/wp\/v2\/product_brand?post=117831"},{"taxonomy":"product_cat","embeddable":true,"href":"https:\/\/riverdi.com\/es\/wp-json\/wp\/v2\/product_cat?post=117831"},{"taxonomy":"product_tag","embeddable":true,"href":"https:\/\/riverdi.com\/es\/wp-json\/wp\/v2\/product_tag?post=117831"}],"curies":[{"name":"wp","href":"https:\/\/api.w.org\/{rel}","templated":true}]}}