{"id":117828,"date":"2023-07-18T12:48:00","date_gmt":"2023-07-18T10:48:00","guid":{"rendered":"http:\/\/riverdi.com\/product\/stm32h7-poe-add-on\/"},"modified":"2025-08-18T14:29:20","modified_gmt":"2025-08-18T12:29:20","slug":"stm32h7-poe-add-on","status":"publish","type":"product","link":"https:\/\/riverdi.com\/es\/product\/stm32h7-poe-add-on","title":{"rendered":"STM32H7 PoE Complemento"},"content":{"rendered":"<h2><strong>Declaraci\u00f3n de compatibilidad del producto:<\/strong><\/h2>\n<p>El complemento PoE STM32H7 es compatible con revisiones espec\u00edficas de PCB de las pantallas de las series STM32H7 de 7,0&#8243;,10,1&#8243; y 12,1&#8243;. Tenga en cuenta la siguiente informaci\u00f3n sobre compatibilidad:<\/p>\n<p><strong>Pantalla de 12,1&#8243; de la serie STM32H7: <\/strong>S\u00f3lo es compatible la revisi\u00f3n de PCB 101STM32H7_Rev1.5 o posterior. Cualquier revisi\u00f3n anterior no es compatible con el complemento PoE STM32H7. (No se trata de un error; la placa 101STM32H7 est\u00e1 en 12.1 m\u00f3dulos).<strong><br \/>\nPantalla de 10,1&#8243; de la serie STM32H7:<\/strong> S\u00f3lo es compatible la revisi\u00f3n de placa 101STM32H7_Rev1.4 o posterior. Cualquier revisi\u00f3n anterior no es compatible con el complemento PoE STM32H7.<br \/>\n<strong>Pantalla de 7,0&#8243; de la serie STM32H7:<\/strong> S\u00f3lo es compatible la revisi\u00f3n de PCB 70STM32H7_Rev1.1 o posterior. Cualquier revisi\u00f3n anterior no es compatible con el complemento PoE STM32H7.<\/p>\n<p>Para garantizar el \u00e9xito de la integraci\u00f3n del complemento PoE STM32H7, es fundamental comprobar que tu pantalla de la serie STM32H7 se encuentra dentro del rango de compatibilidad especificado.<\/p>\n","protected":false},"excerpt":{"rendered":"<div>\n<p>Presentamos la placa complementaria PoE STM32H7, dise\u00f1ada espec\u00edficamente para los m\u00f3dulos STM32H7 de 7,0&#8243;, 10,1&#8243; y 12,1&#8243; de Riverdi. Permite que un solo cable Ethernet proporcione tanto conexi\u00f3n Ethernet como alimentaci\u00f3n a los m\u00f3dulos STM32H7 de 7,0&#8243;, 10,1&#8243; y 12,1&#8243;, en lugar de tener un cable distinto para cada uno. <\/p>\n<p>Caracter\u00edsticas:<\/p>\n<ul>\n<li>Compatibilidad plug-and-play con los m\u00f3dulos STM32H7 de 7,0&#8243;, 10,1&#8243; y 12,1&#8243; de Riverdi, que deben adquirirse por separado.<\/li>\n<li>Velocidad Ethernet de hasta 10 Mb\/s<\/li>\n<li>una interfaz PoE-PD est\u00e1ndar de alta potencia que cumple con el est\u00e1ndar PoE IEEE 802.3bt de tercera generaci\u00f3n.<\/li>\n<li>Tensi\u00f3n de entrada de 36 V a 57 V CC<\/li>\n<\/ul>\n<p>Para garantizar un funcionamiento correcto, tenga en cuenta que, adem\u00e1s de la tarjeta STM32H7 PoE Add-on, se necesita un equipo de alimentaci\u00f3n (por ejemplo, un inyector PoE, un conmutador o un router).<\/p>\n<\/div>\n<div class=\"Variant-buttons\"><a class=\"Variant-SKU-button\" href=\"https:\/\/download.riverdi.com\/STM32H7-POE-ADDON\/DS_STM32H7-POE-ADDON_Rev.1.0.pdf\">Ficha t\u00e9cnica<\/a><br \/>\n<a class=\"Variant-SKU-button\" href=\"https:\/\/download.riverdi.com\/STM32H7-POE-ADDON\/DR_STM32H7-POE-ADDON_Rev.1.0.pdf\">Dibujo<\/a><br \/>\n<a class=\"Variant-SKU-button\" href=\"https:\/\/download.riverdi.com\/STM32H7-POE-ADDON\/SCHEM_STM32H7-POE-ADDON_Rev.1.0.pdf\">Esquema<\/a><\/div>\n","protected":false},"featured_media":103391,"comment_status":"closed","ping_status":"closed","template":"","meta":{"_acf_changed":false,"content-type":"","inline_featured_image":false},"product_brand":[],"product_cat":[3558],"product_tag":[],"class_list":{"0":"post-117828","1":"product","2":"type-product","3":"status-publish","4":"has-post-thumbnail","6":"product_cat-juntas-de-evaluacion","8":"first","9":"instock","10":"taxable","11":"shipping-taxable","12":"purchasable","13":"product-type-simple"},"acf":[],"yoast_head":"<!-- This site is optimized with the Yoast SEO plugin v27.3 - https:\/\/yoast.com\/product\/yoast-seo-wordpress\/ -->\n<title>STM32H7 PoE Complemento - Riverdi<\/title>\n<meta name=\"description\" content=\"Presentamos la placa complementaria PoE STM32H7, dise\u00f1ada espec\u00edficamente para los m\u00f3dulos STM32H7 de 7,0&quot;, 10,1&quot; y 12,1&quot; de Riverdi.\" \/>\n<meta name=\"robots\" content=\"index, follow, max-snippet:-1, max-image-preview:large, max-video-preview:-1\" \/>\n<link rel=\"canonical\" href=\"https:\/\/riverdi.com\/es\/product\/stm32h7-poe-add-on\" \/>\n<meta property=\"og:locale\" content=\"es_ES\" \/>\n<meta property=\"og:type\" content=\"article\" \/>\n<meta property=\"og:title\" content=\"STM32H7 PoE Complemento - Riverdi\" \/>\n<meta property=\"og:description\" content=\"Presentamos la placa complementaria PoE STM32H7, dise\u00f1ada espec\u00edficamente para los m\u00f3dulos STM32H7 de 7,0&quot;, 10,1&quot; y 12,1&quot; de Riverdi.\" \/>\n<meta property=\"og:url\" content=\"https:\/\/riverdi.com\/es\/product\/stm32h7-poe-add-on\" \/>\n<meta property=\"og:site_name\" content=\"Riverdi\" \/>\n<meta property=\"article:publisher\" content=\"https:\/\/www.facebook.com\/riverdi.displays\/\" \/>\n<meta property=\"article:modified_time\" content=\"2025-08-18T12:29:20+00:00\" \/>\n<meta property=\"og:image\" content=\"https:\/\/riverdi.com\/wp-content\/uploads\/2024\/04\/POE.webp\" \/>\n\t<meta property=\"og:image:width\" content=\"1293\" \/>\n\t<meta property=\"og:image:height\" content=\"889\" \/>\n\t<meta property=\"og:image:type\" content=\"image\/webp\" \/>\n<meta name=\"twitter:card\" content=\"summary_large_image\" \/>\n<meta name=\"twitter:site\" content=\"@riverdidisplays\" \/>\n<meta name=\"twitter:label1\" content=\"Tiempo de lectura\" \/>\n\t<meta name=\"twitter:data1\" content=\"1 minuto\" \/>\n<script type=\"application\/ld+json\" class=\"yoast-schema-graph\">{\"@context\":\"https:\\\/\\\/schema.org\",\"@graph\":[{\"@type\":\"WebPage\",\"@id\":\"https:\\\/\\\/riverdi.com\\\/es\\\/product\\\/stm32h7-poe-add-on\",\"url\":\"https:\\\/\\\/riverdi.com\\\/es\\\/product\\\/stm32h7-poe-add-on\",\"name\":\"STM32H7 PoE Complemento - Riverdi\",\"isPartOf\":{\"@id\":\"https:\\\/\\\/riverdi.com\\\/es#website\"},\"primaryImageOfPage\":{\"@id\":\"https:\\\/\\\/riverdi.com\\\/es\\\/product\\\/stm32h7-poe-add-on#primaryimage\"},\"image\":{\"@id\":\"https:\\\/\\\/riverdi.com\\\/es\\\/product\\\/stm32h7-poe-add-on#primaryimage\"},\"thumbnailUrl\":\"https:\\\/\\\/riverdi.com\\\/wp-content\\\/uploads\\\/2024\\\/04\\\/POE.webp\",\"datePublished\":\"2023-07-18T10:48:00+00:00\",\"dateModified\":\"2025-08-18T12:29:20+00:00\",\"description\":\"Presentamos la placa complementaria PoE STM32H7, dise\u00f1ada espec\u00edficamente para los m\u00f3dulos STM32H7 de 7,0\\\", 10,1\\\" y 12,1\\\" de Riverdi.\",\"breadcrumb\":{\"@id\":\"https:\\\/\\\/riverdi.com\\\/es\\\/product\\\/stm32h7-poe-add-on#breadcrumb\"},\"inLanguage\":\"es\",\"potentialAction\":[{\"@type\":\"ReadAction\",\"target\":[\"https:\\\/\\\/riverdi.com\\\/es\\\/product\\\/stm32h7-poe-add-on\"]}]},{\"@type\":\"ImageObject\",\"inLanguage\":\"es\",\"@id\":\"https:\\\/\\\/riverdi.com\\\/es\\\/product\\\/stm32h7-poe-add-on#primaryimage\",\"url\":\"https:\\\/\\\/riverdi.com\\\/wp-content\\\/uploads\\\/2024\\\/04\\\/POE.webp\",\"contentUrl\":\"https:\\\/\\\/riverdi.com\\\/wp-content\\\/uploads\\\/2024\\\/04\\\/POE.webp\",\"width\":1293,\"height\":889,\"caption\":\"Complemento Poe\"},{\"@type\":\"BreadcrumbList\",\"@id\":\"https:\\\/\\\/riverdi.com\\\/es\\\/product\\\/stm32h7-poe-add-on#breadcrumb\",\"itemListElement\":[{\"@type\":\"ListItem\",\"position\":1,\"name\":\"Front Page\",\"item\":\"https:\\\/\\\/riverdi.com\\\/es\\\/portada\"},{\"@type\":\"ListItem\",\"position\":2,\"name\":\"Tienda\",\"item\":\"https:\\\/\\\/riverdi.com\\\/es\\\/tienda\"},{\"@type\":\"ListItem\",\"position\":3,\"name\":\"STM32H7 PoE Complemento\"}]},{\"@type\":\"WebSite\",\"@id\":\"https:\\\/\\\/riverdi.com\\\/es#website\",\"url\":\"https:\\\/\\\/riverdi.com\\\/es\",\"name\":\"Riverdi\",\"description\":\"Global TFT LCD Manufacturer\",\"potentialAction\":[{\"@type\":\"SearchAction\",\"target\":{\"@type\":\"EntryPoint\",\"urlTemplate\":\"https:\\\/\\\/riverdi.com\\\/es?s={search_term_string}\"},\"query-input\":{\"@type\":\"PropertyValueSpecification\",\"valueRequired\":true,\"valueName\":\"search_term_string\"}}],\"inLanguage\":\"es\"}]}<\/script>\n<!-- \/ Yoast SEO plugin. -->","yoast_head_json":{"title":"STM32H7 PoE Complemento - Riverdi","description":"Presentamos la placa complementaria PoE STM32H7, dise\u00f1ada espec\u00edficamente para los m\u00f3dulos STM32H7 de 7,0\", 10,1\" y 12,1\" de Riverdi.","robots":{"index":"index","follow":"follow","max-snippet":"max-snippet:-1","max-image-preview":"max-image-preview:large","max-video-preview":"max-video-preview:-1"},"canonical":"https:\/\/riverdi.com\/es\/product\/stm32h7-poe-add-on","og_locale":"es_ES","og_type":"article","og_title":"STM32H7 PoE Complemento - Riverdi","og_description":"Presentamos la placa complementaria PoE STM32H7, dise\u00f1ada espec\u00edficamente para los m\u00f3dulos STM32H7 de 7,0\", 10,1\" y 12,1\" de Riverdi.","og_url":"https:\/\/riverdi.com\/es\/product\/stm32h7-poe-add-on","og_site_name":"Riverdi","article_publisher":"https:\/\/www.facebook.com\/riverdi.displays\/","article_modified_time":"2025-08-18T12:29:20+00:00","og_image":[{"width":1293,"height":889,"url":"https:\/\/riverdi.com\/wp-content\/uploads\/2024\/04\/POE.webp","type":"image\/webp"}],"twitter_card":"summary_large_image","twitter_site":"@riverdidisplays","twitter_misc":{"Tiempo de lectura":"1 minuto"},"schema":{"@context":"https:\/\/schema.org","@graph":[{"@type":"WebPage","@id":"https:\/\/riverdi.com\/es\/product\/stm32h7-poe-add-on","url":"https:\/\/riverdi.com\/es\/product\/stm32h7-poe-add-on","name":"STM32H7 PoE Complemento - Riverdi","isPartOf":{"@id":"https:\/\/riverdi.com\/es#website"},"primaryImageOfPage":{"@id":"https:\/\/riverdi.com\/es\/product\/stm32h7-poe-add-on#primaryimage"},"image":{"@id":"https:\/\/riverdi.com\/es\/product\/stm32h7-poe-add-on#primaryimage"},"thumbnailUrl":"https:\/\/riverdi.com\/wp-content\/uploads\/2024\/04\/POE.webp","datePublished":"2023-07-18T10:48:00+00:00","dateModified":"2025-08-18T12:29:20+00:00","description":"Presentamos la placa complementaria PoE STM32H7, dise\u00f1ada espec\u00edficamente para los m\u00f3dulos STM32H7 de 7,0\", 10,1\" y 12,1\" de Riverdi.","breadcrumb":{"@id":"https:\/\/riverdi.com\/es\/product\/stm32h7-poe-add-on#breadcrumb"},"inLanguage":"es","potentialAction":[{"@type":"ReadAction","target":["https:\/\/riverdi.com\/es\/product\/stm32h7-poe-add-on"]}]},{"@type":"ImageObject","inLanguage":"es","@id":"https:\/\/riverdi.com\/es\/product\/stm32h7-poe-add-on#primaryimage","url":"https:\/\/riverdi.com\/wp-content\/uploads\/2024\/04\/POE.webp","contentUrl":"https:\/\/riverdi.com\/wp-content\/uploads\/2024\/04\/POE.webp","width":1293,"height":889,"caption":"Complemento Poe"},{"@type":"BreadcrumbList","@id":"https:\/\/riverdi.com\/es\/product\/stm32h7-poe-add-on#breadcrumb","itemListElement":[{"@type":"ListItem","position":1,"name":"Front Page","item":"https:\/\/riverdi.com\/es\/portada"},{"@type":"ListItem","position":2,"name":"Tienda","item":"https:\/\/riverdi.com\/es\/tienda"},{"@type":"ListItem","position":3,"name":"STM32H7 PoE Complemento"}]},{"@type":"WebSite","@id":"https:\/\/riverdi.com\/es#website","url":"https:\/\/riverdi.com\/es","name":"Riverdi","description":"Global TFT LCD Manufacturer","potentialAction":[{"@type":"SearchAction","target":{"@type":"EntryPoint","urlTemplate":"https:\/\/riverdi.com\/es?s={search_term_string}"},"query-input":{"@type":"PropertyValueSpecification","valueRequired":true,"valueName":"search_term_string"}}],"inLanguage":"es"}]}},"_links":{"self":[{"href":"https:\/\/riverdi.com\/es\/wp-json\/wp\/v2\/product\/117828","targetHints":{"allow":["GET"]}}],"collection":[{"href":"https:\/\/riverdi.com\/es\/wp-json\/wp\/v2\/product"}],"about":[{"href":"https:\/\/riverdi.com\/es\/wp-json\/wp\/v2\/types\/product"}],"replies":[{"embeddable":true,"href":"https:\/\/riverdi.com\/es\/wp-json\/wp\/v2\/comments?post=117828"}],"wp:featuredmedia":[{"embeddable":true,"href":"https:\/\/riverdi.com\/es\/wp-json\/wp\/v2\/media\/103391"}],"wp:attachment":[{"href":"https:\/\/riverdi.com\/es\/wp-json\/wp\/v2\/media?parent=117828"}],"wp:term":[{"taxonomy":"product_brand","embeddable":true,"href":"https:\/\/riverdi.com\/es\/wp-json\/wp\/v2\/product_brand?post=117828"},{"taxonomy":"product_cat","embeddable":true,"href":"https:\/\/riverdi.com\/es\/wp-json\/wp\/v2\/product_cat?post=117828"},{"taxonomy":"product_tag","embeddable":true,"href":"https:\/\/riverdi.com\/es\/wp-json\/wp\/v2\/product_tag?post=117828"}],"curies":[{"name":"wp","href":"https:\/\/api.w.org\/{rel}","templated":true}]}}