{"id":117798,"date":"2024-03-12T09:03:40","date_gmt":"2024-03-12T08:03:40","guid":{"rendered":"http:\/\/riverdi.com\/product\/035-nucleo-144\/"},"modified":"2024-08-27T15:27:20","modified_gmt":"2024-08-27T13:27:20","slug":"035-nucleo-144","status":"publish","type":"product","link":"https:\/\/riverdi.com\/es\/product\/035-nucleo-144","title":{"rendered":"3.5\u201d STM32 Nucleo 144 Display Kit"},"content":{"rendered":"<h2>STM32 Nucleo<\/h2>\n<p class=\"st-copy\"><span class=\"ui-provider a b c d e f g h i j k l m n o p q r s t u v w x y z ab ac ae af ag ah ai aj ak\" dir=\"ltr\">Las placas STM32 Nucleo de STMicroelectronics son plataformas de desarrollo asequibles dise\u00f1adas para la creaci\u00f3n r\u00e1pida de prototipos y la experimentaci\u00f3n con cualquier MCU STM32. Incorporan conectores estandarizados para facilitar la integraci\u00f3n con diversos complementos de hardware, como Arduino Uno, Nano y conectores ST morpho. Estas placas incluyen un depurador\/programador ST-LINK integrado, lo que elimina la necesidad de equipos adicionales.<\/span><\/p>\n<p>&nbsp;<\/p>\n<p style=\"text-align: center;\"><img decoding=\"async\" class=\"alignnone wp-image-120073 size-full\" src=\"https:\/\/riverdi.com\/wp-content\/uploads\/2024\/03\/STM32-u5-1.webp\" alt=\"\" width=\"1141\" height=\"808\" srcset=\"https:\/\/riverdi.com\/wp-content\/uploads\/2024\/03\/STM32-u5-1.webp 1141w, https:\/\/riverdi.com\/wp-content\/uploads\/2024\/03\/STM32-u5-1-600x425.webp 600w, https:\/\/riverdi.com\/wp-content\/uploads\/2024\/03\/STM32-u5-1-64x45.webp 64w, https:\/\/riverdi.com\/wp-content\/uploads\/2024\/03\/STM32-u5-1-300x212.webp 300w, https:\/\/riverdi.com\/wp-content\/uploads\/2024\/03\/STM32-u5-1-1024x725.webp 1024w, https:\/\/riverdi.com\/wp-content\/uploads\/2024\/03\/STM32-u5-1-768x544.webp 768w\" sizes=\"(max-width: 1141px) 100vw, 1141px\" \/><\/p>\n<p>&nbsp;<\/p>\n<h2>TFT IPS de alto brillo<\/h2>\n<p>  La luminancia superficial t\u00edpica de una pantalla TFT IPS de alto brillo es de 1200 cd\/m\u00b2, lo que significa que es muy brillante incluso en exteriores. Los \u00e1ngulos de visi\u00f3n completos permiten al usuario interactuar con la pantalla de forma natural e intuitiva desde todos los lados. Consulta la hoja de datos para ver m\u00e1s caracter\u00edsticas.  <\/p>\n<p style=\"text-align: center;\"><img decoding=\"async\" class=\"alignnone size-full wp-image-112432\" src=\"https:\/\/riverdi.com\/wp-content\/uploads\/2024\/05\/w768h525.avif\" alt=\"\" width=\"768\" height=\"524\" srcset=\"https:\/\/riverdi.com\/wp-content\/uploads\/2024\/05\/w768h525.avif 768w, https:\/\/riverdi.com\/wp-content\/uploads\/2024\/05\/w768h525-600x409.avif 600w, https:\/\/riverdi.com\/wp-content\/uploads\/2024\/05\/w768h525-64x44.avif 64w, https:\/\/riverdi.com\/wp-content\/uploads\/2024\/05\/w768h525-300x205.avif 300w\" sizes=\"(max-width: 768px) 100vw, 768px\" \/><\/p>\n<h2>Compatibilidad con TouchGFX<\/h2>\n<p>  Ejemplo de paquete de soporte de placa de demostraci\u00f3n: \u00ab<strong>Control de piscina<\/strong>\u00bb est\u00e1 disponible en el dise\u00f1ador TouchGFX.  <a class=\"cs-button cs-button--blue-3 cs-button--smaller-padding\" href=\"https:\/\/www.st.com\/content\/st_com\/en\/support\/learning\/stm32-education\/stm32-moocs.html\">MOOCS STM32<\/a><a class=\"cs-button cs-button--blue-3 cs-button--smaller-padding\" href=\"https:\/\/www.st.com\/content\/st_com\/en\/support\/learning\/stm32-education\/stm32-moocs\/TouchGFX_webinar_MOOC.html\">Webinar TouchGFX<\/a><a class=\"cs-button cs-button--blue-3 cs-button--smaller-padding\" href=\"https:\/\/www.st.com\/content\/st_com\/en\/support\/learning\/stm32-education\/stm32-moocs\/STM32_Graphics_Workshop.html\">Taller TouchGFX<\/a><\/p>\n<p style=\"text-align: center;\"><img decoding=\"async\" class=\"alignnone wp-image-120078 size-full\" src=\"https:\/\/riverdi.com\/wp-content\/uploads\/2024\/03\/gfx.png\" alt=\"\" width=\"1038\" height=\"662\" srcset=\"https:\/\/riverdi.com\/wp-content\/uploads\/2024\/03\/gfx.png 1038w, https:\/\/riverdi.com\/wp-content\/uploads\/2024\/03\/gfx-600x383.png 600w, https:\/\/riverdi.com\/wp-content\/uploads\/2024\/03\/gfx-64x41.png 64w, https:\/\/riverdi.com\/wp-content\/uploads\/2024\/03\/gfx-300x191.png 300w, https:\/\/riverdi.com\/wp-content\/uploads\/2024\/03\/gfx-1024x653.png 1024w, https:\/\/riverdi.com\/wp-content\/uploads\/2024\/03\/gfx-768x490.png 768w\" sizes=\"(max-width: 1038px) 100vw, 1038px\" \/><\/p>\n<h2>Pantalla t\u00e1ctil industrial<\/h2>\n<h4>Reacciona al menor contacto<\/h4>\n<p>  El PCAP (panel t\u00e1ctil de capacidad proyectada) se clasifica como \u00abindustrial\u00bb (en contraposici\u00f3n a \u00abde consumo\u00bb) cuando es capaz de funcionar correctamente en condiciones m\u00e1s exigentes y duras (es decir, campos electromagn\u00e9ticos perturbadores alrededor que causan interferencias con el controlador del panel, gotas de agua presentes en los alrededores tambi\u00e9n en el cristal del panel), y reaccionar correctamente al ser tocado por manos con guantes. Puede ajustarse en f\u00e1brica, detecta el tacto a trav\u00e9s de capas de vidrio m\u00e1s gruesas que los paneles de consumo (en el laboratorio de Riverdi se prob\u00f3 con \u00e9xito una capa de vidrio de 6 mm de grosor) y utiliza un controlador de chip de calidad industrial. Dichos controladores tienen implantadas las directrices de los fabricantes industriales y se garantiza su fabricaci\u00f3n normalmente de 10 a 15 a\u00f1os sin cambios. Caracter\u00edsticas principales:  <\/p>\n<ul>\n<li>ILITEK ILI2130 IC t\u00e1ctil<\/li>\n<li>Interfaz I\u00b2C<\/li>\n<li>Admite vidrios de hasta 6 mm de grosor<\/li>\n<li>Funciona con las manos enguantadas<\/li>\n<li>Funcionalidad t\u00e1ctil resistente al agua<\/li>\n<li>Capacidad multit\u00e1ctil para hasta 5 dedos<\/li>\n<li>Excelente rendimiento EMC, RS (susceptibilidad radiada) y CS (susceptibilidad conductiva)<\/li>\n<li>El rendimiento t\u00e1ctil podr\u00eda ajustarse f\u00e1cilmente a necesidades espec\u00edficas<\/li>\n<\/ul>\n<p>&nbsp;  Para m\u00e1s informaci\u00f3n, consulta esta p\u00e1gina.  <\/p>\n<p style=\"text-align: center;\"><img decoding=\"async\" class=\"alignnone size-full wp-image-112461\" src=\"https:\/\/riverdi.com\/wp-content\/uploads\/2024\/05\/w600h971.avif\" alt=\"\" width=\"600\" height=\"970\" srcset=\"https:\/\/riverdi.com\/wp-content\/uploads\/2024\/05\/w600h971.avif 600w, https:\/\/riverdi.com\/wp-content\/uploads\/2024\/05\/w600h971-64x103.avif 64w, https:\/\/riverdi.com\/wp-content\/uploads\/2024\/05\/w600h971-186x300.avif 186w\" sizes=\"(max-width: 600px) 100vw, 600px\" \/><\/p>\n<h2>Memorias externas<\/h2>\n<p><span class=\"TextRun SCXW15229466 BCX0\" lang=\"EN-US\" data-contrast=\"auto\" xml:lang=\"EN-US\"><span class=\"NormalTextRun SCXW15229466 BCX0\">El STM32 <\/span><span class=\"NormalTextRun SpellingErrorV2Themed SCXW15229466 BCX0\">Nucleo<\/span><span class=\"NormalTextRun SCXW15229466 BCX0\">  incorpora una memoria flash QSPI de 8 MB dedicada a gestionar los activos de forma eficiente. Esta memoria QSPI externa permite un acceso m\u00e1s r\u00e1pido a los datos y un mayor rendimiento, permitiendo almacenar y recuperar sin problemas im\u00e1genes, m\u00fasica, v\u00eddeo, fuentes y mucho m\u00e1s. La placa garantiza una transferencia de datos de alta velocidad y mayores capacidades del sistema gracias a esta soluci\u00f3n de memoria integrada.<\/span><\/span><span class=\"EOP SCXW15229466 BCX0\" data-ccp-props=\"{\"201341983\":0,\"335559739\":160,\"335559740\":259}\"> <\/span><\/p>\n<p style=\"text-align: center;\"><img decoding=\"async\" class=\"alignnone size-full wp-image-112422\" src=\"https:\/\/riverdi.com\/wp-content\/uploads\/2024\/05\/w600h600.avif\" alt=\"\" width=\"600\" height=\"600\" srcset=\"https:\/\/riverdi.com\/wp-content\/uploads\/2024\/05\/w600h600.avif 600w, https:\/\/riverdi.com\/wp-content\/uploads\/2024\/05\/w600h600-100x100.avif 100w, https:\/\/riverdi.com\/wp-content\/uploads\/2024\/05\/w600h600-64x64.avif 64w, https:\/\/riverdi.com\/wp-content\/uploads\/2024\/05\/w600h600-300x300.avif 300w, https:\/\/riverdi.com\/wp-content\/uploads\/2024\/05\/w600h600-150x150.avif 150w, https:\/\/riverdi.com\/wp-content\/uploads\/2024\/05\/w600h600-200x200.avif 200w\" sizes=\"(max-width: 600px) 100vw, 600px\" \/><\/p>\n<h2>Uni\u00f3n \u00f3ptica<\/h2>\n<h4>Mejora del rendimiento \u00f3ptico de tu pantalla<\/h4>\n<p>La <strong>adhesi\u00f3n \u00f3ptica<\/strong> es un proceso de fijaci\u00f3n del panel t\u00e1ctil (o s\u00f3lo del cristal protector) a la pantalla mediante un adhesivo l\u00edquido, en gel o seco (pel\u00edcula). En general, este proceso mejora los par\u00e1metros del m\u00f3dulo: el rendimiento \u00f3ptico, as\u00ed como la durabilidad. El <strong>entrehierro<\/strong> es la causa del fen\u00f3meno de reflexi\u00f3n de la luz solar. As\u00ed, cuando la pantalla est\u00e1 apagada, el \u00c1rea Visual (A.V.) nunca es negra, sino gris. Al eliminar los espacios de aire, reducimos el n\u00famero de superficies reflectantes internas, lo que aumenta el rendimiento \u00f3ptico. Este fen\u00f3meno mejora la legibilidad, al reducir el reflejo y corregir el contraste.  <\/p>\n<p style=\"text-align: center;\"><img decoding=\"async\" class=\"alignnone size-full wp-image-112437\" src=\"https:\/\/riverdi.com\/wp-content\/uploads\/2024\/05\/w768h417.avif\" alt=\"\" width=\"768\" height=\"417\" srcset=\"https:\/\/riverdi.com\/wp-content\/uploads\/2024\/05\/w768h417.avif 768w, https:\/\/riverdi.com\/wp-content\/uploads\/2024\/05\/w768h417-600x326.avif 600w, https:\/\/riverdi.com\/wp-content\/uploads\/2024\/05\/w768h417-64x35.avif 64w, https:\/\/riverdi.com\/wp-content\/uploads\/2024\/05\/w768h417-300x163.avif 300w\" sizes=\"(max-width: 768px) 100vw, 768px\" \/><\/p>\n<p style=\"text-align: center;\"><img decoding=\"async\" class=\"alignnone size-full wp-image-112442\" src=\"https:\/\/riverdi.com\/wp-content\/uploads\/2024\/05\/w768h521.avif\" alt=\"\" width=\"768\" height=\"521\" srcset=\"https:\/\/riverdi.com\/wp-content\/uploads\/2024\/05\/w768h521.avif 768w, https:\/\/riverdi.com\/wp-content\/uploads\/2024\/05\/w768h521-600x407.avif 600w, https:\/\/riverdi.com\/wp-content\/uploads\/2024\/05\/w768h521-64x43.avif 64w, https:\/\/riverdi.com\/wp-content\/uploads\/2024\/05\/w768h521-300x204.avif 300w\" sizes=\"(max-width: 768px) 100vw, 768px\" \/><\/p>\n<h4>Dise\u00f1o elegante sin orificios en la carcasa<\/h4>\n<p>  Una pantalla uxTouch es una pantalla LCD TFT especialmente dise\u00f1ada que tiene un toque capacitivo proyectado (PTC). Gracias a su dise\u00f1o absolutamente plano y a su funci\u00f3n multit\u00e1ctil, son la elecci\u00f3n perfecta para su proyecto si pretende un dise\u00f1o y una tecnolog\u00eda interactivos. Presentan un dise\u00f1o moderno y elegante sin agujeros en la carcasa. Desde el punto de vista t\u00e9cnico, son una gran opci\u00f3n para espacios industriales, ya que no es posible la acumulaci\u00f3n de suciedad. Tambi\u00e9n incorporan vidrio reforzado qu\u00edmicamente, que tiene una mayor durabilidad, gracias al proceso de intercambio i\u00f3nico. Son f\u00e1ciles de montar, de limpiar y de integrar en su dise\u00f1o.  <\/p>\n<p style=\"text-align: center;\"><img decoding=\"async\" class=\"alignnone size-full wp-image-112466\" src=\"https:\/\/riverdi.com\/wp-content\/uploads\/2024\/05\/w600h358.avif\" alt=\"\" width=\"600\" height=\"358\" srcset=\"https:\/\/riverdi.com\/wp-content\/uploads\/2024\/05\/w600h358.avif 600w, https:\/\/riverdi.com\/wp-content\/uploads\/2024\/05\/w600h358-64x38.avif 64w, https:\/\/riverdi.com\/wp-content\/uploads\/2024\/05\/w600h358-300x179.avif 300w\" sizes=\"(max-width: 600px) 100vw, 600px\" \/><\/p>\n<h2>Expositores personalizados<\/h2>\n<p>  El Kit de pantalla Riverdi Nucleo de 3,5&#8243; viene con una <a href=\"https:\/\/riverdi.com\/product-category\/rgb-lvds-mipi-dsi-lcd-displays\/hb-ips\">pantalla IPS<\/a> fija est\u00e1ndar <a href=\"https:\/\/riverdi.com\/product-category\/rgb-lvds-mipi-dsi-lcd-displays\/hb-ips\">de alto brillo<\/a>. Puedes personalizar esas pantallas de muchas formas:  <\/p>\n<ul>\n<li>Cambia el color, la forma y el tama\u00f1o del cubreobjetos<\/li>\n<li>Imprima su logotipo en el cristal de la cubierta (o cualquier otro gr\u00e1fico que necesite)<\/li>\n<li>A\u00f1adir una interfaz diferente<\/li>\n<li>Aumenta el brillo de la pantalla<\/li>\n<li>Cambiar el grosor de la lente de cubierta para el CTP<\/li>\n<li>Elige otro \u00e1ngulo de visi\u00f3n de la pantalla<\/li>\n<li>Cambiar el pinout<\/li>\n<li>Solicitar otro conjunto de juntas<\/li>\n<\/ul>\n<p>&nbsp;  Como puedes ver, las posibilidades son infinitas. S\u00f3lo tienes que elegir. Te ayudaremos a conseguir el producto perfecto a medida.  <\/p>\n<p style=\"text-align: center;\"><img decoding=\"async\" class=\"alignnone size-full wp-image-112476\" src=\"https:\/\/riverdi.com\/wp-content\/uploads\/2024\/05\/w768h564.avif\" alt=\"\" width=\"768\" height=\"564\" srcset=\"https:\/\/riverdi.com\/wp-content\/uploads\/2024\/05\/w768h564.avif 768w, https:\/\/riverdi.com\/wp-content\/uploads\/2024\/05\/w768h564-600x441.avif 600w, https:\/\/riverdi.com\/wp-content\/uploads\/2024\/05\/w768h564-64x47.avif 64w, https:\/\/riverdi.com\/wp-content\/uploads\/2024\/05\/w768h564-300x220.avif 300w\" sizes=\"(max-width: 768px) 100vw, 768px\" \/><\/p>\n","protected":false},"excerpt":{"rendered":"<ul>\n<li style=\"font-weight: 400;\">Pantalla TFT de 3,5<\/li>\n<li style=\"font-weight: 400;\">Resoluci\u00f3n 320\u00d7480px<\/li>\n<li style=\"font-weight: 400;\">Alto brillo 1200 cd\/m<\/li>\n<li style=\"font-weight: 400;\">\u00c1ngulos de visi\u00f3n completos (IPS)<\/li>\n<li style=\"font-weight: 400;\">Pantalla compatible con los kits de desarrollo ST Nucleo de 144 patillas: NUCLEO-H563ZI y NUCLEO-U575ZI-Q<\/li>\n<li style=\"font-weight: 400;\">Uni\u00f3n \u00f3ptica<\/li>\n<li style=\"font-weight: 400;\">MCU e interfaz de v\u00eddeo SPI<\/li>\n<li style=\"font-weight: 400;\">Panel t\u00e1ctil industrial PCAP con interfaz I2C<\/li>\n<li style=\"font-weight: 400;\">Memoria flash QSPI de 8 MB integrada<\/li>\n<li style=\"font-weight: 400;\">Proyectos de demostraci\u00f3n Touch GFX<\/li>\n<li style=\"font-weight: 400;\">Tapa de cristal decorativa negra<\/li>\n<li style=\"font-weight: 400;\">NOTA: no incluye el Kit de Desarrollo ST Nucleo &#8211; se vende por separado<\/li>\n<\/ul>\n","protected":false},"featured_media":121242,"comment_status":"closed","ping_status":"closed","template":"","meta":{"_acf_changed":false,"content-type":"","inline_featured_image":false},"product_brand":[],"product_cat":[3558,4802,4801,4983,3210,4979],"product_tag":[],"class_list":{"0":"post-117798","1":"product","2":"type-product","3":"status-publish","4":"has-post-thumbnail","6":"product_cat-juntas-de-evaluacion","7":"product_cat-pantalla-lcd","8":"product_cat-pantalla-tft","9":"product_cat-pantallas-ic-spi","10":"product_cat-pantallas-integradas-stm32","11":"product_cat-pantallas-lcd-de-35-pulgadas","13":"first","14":"instock","15":"taxable","16":"shipping-taxable","17":"purchasable","18":"product-type-simple"},"acf":[],"yoast_head":"<!-- This site is optimized with the Yoast SEO plugin v27.0 - https:\/\/yoast.com\/product\/yoast-seo-wordpress\/ -->\n<title>3.5\u201d STM32 Nucleo 144 Display Kit - Riverdi<\/title>\n<meta name=\"description\" content=\"Riverdi 3.5&quot; Nucleo 144 es una soluci\u00f3n de pantalla dise\u00f1ada para una integraci\u00f3n perfecta con los kits de desarrollo ST Nucleo-144-pin. Acelera tus proyectos con la soluci\u00f3n de pantalla de alta calidad y calidad industrial de Riverdi: 320\u00d7480 IPS de alto brillo (1200 cd\/m\u00b2) con interfaz RGB y SPI, panel t\u00e1ctil PCAP I2C, memoria flash QSPI de 8 MB.\" \/>\n<meta name=\"robots\" content=\"index, follow, max-snippet:-1, max-image-preview:large, max-video-preview:-1\" \/>\n<link rel=\"canonical\" href=\"https:\/\/riverdi.com\/es\/product\/035-nucleo-144\" \/>\n<meta property=\"og:locale\" content=\"es_ES\" \/>\n<meta property=\"og:type\" content=\"article\" \/>\n<meta property=\"og:title\" content=\"3.5\u201d STM32 Nucleo 144 Display Kit - Riverdi\" \/>\n<meta property=\"og:description\" content=\"Riverdi 3.5&quot; Nucleo 144 es una soluci\u00f3n de pantalla dise\u00f1ada para una integraci\u00f3n perfecta con los kits de desarrollo ST Nucleo-144-pin. Acelera tus proyectos con la soluci\u00f3n de pantalla de alta calidad y calidad industrial de Riverdi: 320\u00d7480 IPS de alto brillo (1200 cd\/m\u00b2) con interfaz RGB y SPI, panel t\u00e1ctil PCAP I2C, memoria flash QSPI de 8 MB.\" \/>\n<meta property=\"og:url\" content=\"https:\/\/riverdi.com\/es\/product\/035-nucleo-144\" \/>\n<meta property=\"og:site_name\" content=\"Riverdi\" \/>\n<meta property=\"article:publisher\" content=\"https:\/\/www.facebook.com\/riverdi.displays\/\" \/>\n<meta property=\"article:modified_time\" content=\"2024-08-27T13:27:20+00:00\" \/>\n<meta property=\"og:image\" content=\"https:\/\/riverdi.com\/wp-content\/uploads\/2024\/03\/nucleo1-1.webp\" \/>\n\t<meta property=\"og:image:width\" content=\"1200\" \/>\n\t<meta property=\"og:image:height\" content=\"1200\" \/>\n\t<meta property=\"og:image:type\" content=\"image\/webp\" \/>\n<meta name=\"twitter:card\" content=\"summary_large_image\" \/>\n<meta name=\"twitter:site\" content=\"@riverdidisplays\" \/>\n<meta name=\"twitter:label1\" content=\"Tiempo de lectura\" \/>\n\t<meta name=\"twitter:data1\" content=\"6 minutos\" \/>\n<script type=\"application\/ld+json\" class=\"yoast-schema-graph\">{\"@context\":\"https:\/\/schema.org\",\"@graph\":[{\"@type\":\"WebPage\",\"@id\":\"https:\/\/riverdi.com\/es\/product\/035-nucleo-144\",\"url\":\"https:\/\/riverdi.com\/es\/product\/035-nucleo-144\",\"name\":\"3.5\u201d STM32 Nucleo 144 Display Kit - Riverdi\",\"isPartOf\":{\"@id\":\"https:\/\/riverdi.com\/es#website\"},\"primaryImageOfPage\":{\"@id\":\"https:\/\/riverdi.com\/es\/product\/035-nucleo-144#primaryimage\"},\"image\":{\"@id\":\"https:\/\/riverdi.com\/es\/product\/035-nucleo-144#primaryimage\"},\"thumbnailUrl\":\"https:\/\/riverdi.com\/wp-content\/uploads\/2024\/03\/nucleo1-1.webp\",\"datePublished\":\"2024-03-12T08:03:40+00:00\",\"dateModified\":\"2024-08-27T13:27:20+00:00\",\"description\":\"Riverdi 3.5\\\" Nucleo 144 es una soluci\u00f3n de pantalla dise\u00f1ada para una integraci\u00f3n perfecta con los kits de desarrollo ST Nucleo-144-pin. Acelera tus proyectos con la soluci\u00f3n de pantalla de alta calidad y calidad industrial de Riverdi: 320\u00d7480 IPS de alto brillo (1200 cd\/m\u00b2) con interfaz RGB y SPI, panel t\u00e1ctil PCAP I2C, memoria flash QSPI de 8 MB.\",\"breadcrumb\":{\"@id\":\"https:\/\/riverdi.com\/es\/product\/035-nucleo-144#breadcrumb\"},\"inLanguage\":\"es\",\"potentialAction\":[{\"@type\":\"ReadAction\",\"target\":[\"https:\/\/riverdi.com\/es\/product\/035-nucleo-144\"]}]},{\"@type\":\"ImageObject\",\"inLanguage\":\"es\",\"@id\":\"https:\/\/riverdi.com\/es\/product\/035-nucleo-144#primaryimage\",\"url\":\"https:\/\/riverdi.com\/wp-content\/uploads\/2024\/03\/nucleo1-1.webp\",\"contentUrl\":\"https:\/\/riverdi.com\/wp-content\/uploads\/2024\/03\/nucleo1-1.webp\",\"width\":1200,\"height\":1200},{\"@type\":\"BreadcrumbList\",\"@id\":\"https:\/\/riverdi.com\/es\/product\/035-nucleo-144#breadcrumb\",\"itemListElement\":[{\"@type\":\"ListItem\",\"position\":1,\"name\":\"Front Page\",\"item\":\"https:\/\/riverdi.com\/es\/portada\"},{\"@type\":\"ListItem\",\"position\":2,\"name\":\"Tienda\",\"item\":\"https:\/\/riverdi.com\/es\/tienda\"},{\"@type\":\"ListItem\",\"position\":3,\"name\":\"3.5\u201d STM32 Nucleo 144 Display Kit\"}]},{\"@type\":\"WebSite\",\"@id\":\"https:\/\/riverdi.com\/es#website\",\"url\":\"https:\/\/riverdi.com\/es\",\"name\":\"Riverdi\",\"description\":\"Global TFT LCD Manufacturer\",\"potentialAction\":[{\"@type\":\"SearchAction\",\"target\":{\"@type\":\"EntryPoint\",\"urlTemplate\":\"https:\/\/riverdi.com\/es?s={search_term_string}\"},\"query-input\":{\"@type\":\"PropertyValueSpecification\",\"valueRequired\":true,\"valueName\":\"search_term_string\"}}],\"inLanguage\":\"es\"}]}<\/script>\n<!-- \/ Yoast SEO plugin. -->","yoast_head_json":{"title":"3.5\u201d STM32 Nucleo 144 Display Kit - Riverdi","description":"Riverdi 3.5\" Nucleo 144 es una soluci\u00f3n de pantalla dise\u00f1ada para una integraci\u00f3n perfecta con los kits de desarrollo ST Nucleo-144-pin. Acelera tus proyectos con la soluci\u00f3n de pantalla de alta calidad y calidad industrial de Riverdi: 320\u00d7480 IPS de alto brillo (1200 cd\/m\u00b2) con interfaz RGB y SPI, panel t\u00e1ctil PCAP I2C, memoria flash QSPI de 8 MB.","robots":{"index":"index","follow":"follow","max-snippet":"max-snippet:-1","max-image-preview":"max-image-preview:large","max-video-preview":"max-video-preview:-1"},"canonical":"https:\/\/riverdi.com\/es\/product\/035-nucleo-144","og_locale":"es_ES","og_type":"article","og_title":"3.5\u201d STM32 Nucleo 144 Display Kit - Riverdi","og_description":"Riverdi 3.5\" Nucleo 144 es una soluci\u00f3n de pantalla dise\u00f1ada para una integraci\u00f3n perfecta con los kits de desarrollo ST Nucleo-144-pin. Acelera tus proyectos con la soluci\u00f3n de pantalla de alta calidad y calidad industrial de Riverdi: 320\u00d7480 IPS de alto brillo (1200 cd\/m\u00b2) con interfaz RGB y SPI, panel t\u00e1ctil PCAP I2C, memoria flash QSPI de 8 MB.","og_url":"https:\/\/riverdi.com\/es\/product\/035-nucleo-144","og_site_name":"Riverdi","article_publisher":"https:\/\/www.facebook.com\/riverdi.displays\/","article_modified_time":"2024-08-27T13:27:20+00:00","og_image":[{"width":1200,"height":1200,"url":"https:\/\/riverdi.com\/wp-content\/uploads\/2024\/03\/nucleo1-1.webp","type":"image\/webp"}],"twitter_card":"summary_large_image","twitter_site":"@riverdidisplays","twitter_misc":{"Tiempo de lectura":"6 minutos"},"schema":{"@context":"https:\/\/schema.org","@graph":[{"@type":"WebPage","@id":"https:\/\/riverdi.com\/es\/product\/035-nucleo-144","url":"https:\/\/riverdi.com\/es\/product\/035-nucleo-144","name":"3.5\u201d STM32 Nucleo 144 Display Kit - Riverdi","isPartOf":{"@id":"https:\/\/riverdi.com\/es#website"},"primaryImageOfPage":{"@id":"https:\/\/riverdi.com\/es\/product\/035-nucleo-144#primaryimage"},"image":{"@id":"https:\/\/riverdi.com\/es\/product\/035-nucleo-144#primaryimage"},"thumbnailUrl":"https:\/\/riverdi.com\/wp-content\/uploads\/2024\/03\/nucleo1-1.webp","datePublished":"2024-03-12T08:03:40+00:00","dateModified":"2024-08-27T13:27:20+00:00","description":"Riverdi 3.5\" Nucleo 144 es una soluci\u00f3n de pantalla dise\u00f1ada para una integraci\u00f3n perfecta con los kits de desarrollo ST Nucleo-144-pin. Acelera tus proyectos con la soluci\u00f3n de pantalla de alta calidad y calidad industrial de Riverdi: 320\u00d7480 IPS de alto brillo (1200 cd\/m\u00b2) con interfaz RGB y SPI, panel t\u00e1ctil PCAP I2C, memoria flash QSPI de 8 MB.","breadcrumb":{"@id":"https:\/\/riverdi.com\/es\/product\/035-nucleo-144#breadcrumb"},"inLanguage":"es","potentialAction":[{"@type":"ReadAction","target":["https:\/\/riverdi.com\/es\/product\/035-nucleo-144"]}]},{"@type":"ImageObject","inLanguage":"es","@id":"https:\/\/riverdi.com\/es\/product\/035-nucleo-144#primaryimage","url":"https:\/\/riverdi.com\/wp-content\/uploads\/2024\/03\/nucleo1-1.webp","contentUrl":"https:\/\/riverdi.com\/wp-content\/uploads\/2024\/03\/nucleo1-1.webp","width":1200,"height":1200},{"@type":"BreadcrumbList","@id":"https:\/\/riverdi.com\/es\/product\/035-nucleo-144#breadcrumb","itemListElement":[{"@type":"ListItem","position":1,"name":"Front Page","item":"https:\/\/riverdi.com\/es\/portada"},{"@type":"ListItem","position":2,"name":"Tienda","item":"https:\/\/riverdi.com\/es\/tienda"},{"@type":"ListItem","position":3,"name":"3.5\u201d STM32 Nucleo 144 Display Kit"}]},{"@type":"WebSite","@id":"https:\/\/riverdi.com\/es#website","url":"https:\/\/riverdi.com\/es","name":"Riverdi","description":"Global TFT LCD Manufacturer","potentialAction":[{"@type":"SearchAction","target":{"@type":"EntryPoint","urlTemplate":"https:\/\/riverdi.com\/es?s={search_term_string}"},"query-input":{"@type":"PropertyValueSpecification","valueRequired":true,"valueName":"search_term_string"}}],"inLanguage":"es"}]}},"_links":{"self":[{"href":"https:\/\/riverdi.com\/es\/wp-json\/wp\/v2\/product\/117798","targetHints":{"allow":["GET"]}}],"collection":[{"href":"https:\/\/riverdi.com\/es\/wp-json\/wp\/v2\/product"}],"about":[{"href":"https:\/\/riverdi.com\/es\/wp-json\/wp\/v2\/types\/product"}],"replies":[{"embeddable":true,"href":"https:\/\/riverdi.com\/es\/wp-json\/wp\/v2\/comments?post=117798"}],"wp:featuredmedia":[{"embeddable":true,"href":"https:\/\/riverdi.com\/es\/wp-json\/wp\/v2\/media\/121242"}],"wp:attachment":[{"href":"https:\/\/riverdi.com\/es\/wp-json\/wp\/v2\/media?parent=117798"}],"wp:term":[{"taxonomy":"product_brand","embeddable":true,"href":"https:\/\/riverdi.com\/es\/wp-json\/wp\/v2\/product_brand?post=117798"},{"taxonomy":"product_cat","embeddable":true,"href":"https:\/\/riverdi.com\/es\/wp-json\/wp\/v2\/product_cat?post=117798"},{"taxonomy":"product_tag","embeddable":true,"href":"https:\/\/riverdi.com\/es\/wp-json\/wp\/v2\/product_tag?post=117798"}],"curies":[{"name":"wp","href":"https:\/\/api.w.org\/{rel}","templated":true}]}}