{"id":115998,"date":"2021-07-07T11:13:01","date_gmt":"2021-07-07T09:13:01","guid":{"rendered":"http:\/\/riverdi.com\/product\/eve4-intelligent-display-rvt43hlbnwca0-4-3-inch-projected-capacitive-touch-panel-aire-bonding-atouch\/"},"modified":"2026-01-15T23:22:52","modified_gmt":"2026-01-15T22:22:52","slug":"eve4-intelligent-display-rvt43hlbnwca0-4-3-inch-projected-capacitive-touch-panel-aire-bonding-atouch","status":"publish","type":"product","link":"https:\/\/riverdi.com\/es\/product\/eve4-intelligent-display-rvt43hlbnwca0-4-3-inch-projected-capacitive-touch-panel-aire-bonding-atouch","title":{"rendered":"Pantalla inteligente 4,3\u2033 TFT LCD 480x272px, EVE4 BT817Q + pantalla t\u00e1ctil capacitiva \u2013 RVT43HLBNWCA0"},"content":{"rendered":"<p>no elimines esto<\/p>\n","protected":false},"excerpt":{"rendered":"<p><strong>Caracter\u00edsticas principales:<\/strong><\/p>\n<ul>\n<li>Pantalla TFT de 4,3<\/li>\n<li>Resoluci\u00f3n de 480 x 272 p\u00edxeles<\/li>\n<li>Alto brillo <sup>800cd\/m2<\/sup><\/li>\n<li>\u00c1ngulos de visi\u00f3n completos (IPS)<\/li>\n<li><strong>Controlador gr\u00e1fico BT817Q<\/strong><\/li>\n<li>Interfaz QSPI\/SPI<\/li>\n<li>Pantalla t\u00e1ctil capacitiva industrial proyectada<\/li>\n<li>Tapa de cristal decorativa negra<\/li>\n<\/ul>\n","protected":false},"featured_media":103265,"comment_status":"closed","ping_status":"closed","template":"","meta":{"_acf_changed":false,"content-type":"","inline_featured_image":false},"product_brand":[],"product_cat":[3397,4802,4801,3394,4978,4928,4813,4814],"product_tag":[3401,3403],"class_list":{"0":"post-115998","1":"product","2":"type-product","3":"status-publish","4":"has-post-thumbnail","6":"product_cat-bt817q-es-2","7":"product_cat-pantalla-lcd","8":"product_cat-pantalla-tft","9":"product_cat-pantallas-inteligentes","10":"product_cat-pantallas-lcd-de-43-pulgadas","11":"product_cat-pantallas-spi-qspi","12":"product_cat-pantallas-tactiles","13":"product_cat-pantallas-tactiles-capacitivas","14":"product_tag-bt817q-es","15":"product_tag-eve4-es","17":"first","18":"instock","19":"taxable","20":"shipping-taxable","21":"purchasable","22":"product-type-simple"},"acf":[],"yoast_head":"<!-- This site is optimized with the Yoast SEO plugin v27.0 - https:\/\/yoast.com\/product\/yoast-seo-wordpress\/ -->\n<title>Pantalla inteligente 4,3\u2033 TFT LCD 480x272px, EVE4 BT817Q + pantalla t\u00e1ctil capacitiva \u2013 RVT43HLBNWCA0 | Riverdi<\/title>\n<meta name=\"description\" content=\"EVE4 pantalla inteligente 4,3\u2033 TFT LCD con resoluci\u00f3n 480x272px, alto brillo 800 cd\/m\u00b2 y \u00e1ngulos de visi\u00f3n completos IPS. T\u00e1ctil capacitiva proyectada (PCAP) industrial y vidrio frontal negro. Controlador BT817Q e interfaz QSPI\/SPI \u2013 modelo SM-RVT43HLBNWCA0\" \/>\n<meta name=\"robots\" content=\"index, follow, max-snippet:-1, max-image-preview:large, max-video-preview:-1\" \/>\n<link rel=\"canonical\" href=\"https:\/\/riverdi.com\/es\/product\/eve4-intelligent-display-rvt43hlbnwca0-4-3-inch-projected-capacitive-touch-panel-aire-bonding-atouch\" \/>\n<meta property=\"og:locale\" content=\"es_ES\" \/>\n<meta property=\"og:type\" content=\"article\" \/>\n<meta property=\"og:title\" content=\"Pantalla inteligente 4,3\u2033 TFT LCD 480x272px, EVE4 BT817Q + pantalla t\u00e1ctil capacitiva \u2013 RVT43HLBNWCA0 | Riverdi\" \/>\n<meta property=\"og:description\" content=\"EVE4 pantalla inteligente 4,3\u2033 TFT LCD con resoluci\u00f3n 480x272px, alto brillo 800 cd\/m\u00b2 y \u00e1ngulos de visi\u00f3n completos IPS. T\u00e1ctil capacitiva proyectada (PCAP) industrial y vidrio frontal negro. Controlador BT817Q e interfaz QSPI\/SPI \u2013 modelo SM-RVT43HLBNWCA0\" \/>\n<meta property=\"og:url\" content=\"https:\/\/riverdi.com\/es\/product\/eve4-intelligent-display-rvt43hlbnwca0-4-3-inch-projected-capacitive-touch-panel-aire-bonding-atouch\" \/>\n<meta property=\"og:site_name\" content=\"Riverdi\" \/>\n<meta property=\"article:publisher\" content=\"https:\/\/www.facebook.com\/riverdi.displays\/\" \/>\n<meta property=\"article:modified_time\" content=\"2026-01-15T22:22:52+00:00\" \/>\n<meta property=\"og:image\" content=\"https:\/\/riverdi.com\/wp-content\/uploads\/2024\/04\/RVT43HLBNWCA0-3.webp\" \/>\n\t<meta property=\"og:image:width\" content=\"1293\" \/>\n\t<meta property=\"og:image:height\" content=\"889\" \/>\n\t<meta property=\"og:image:type\" content=\"image\/webp\" \/>\n<meta name=\"twitter:card\" content=\"summary_large_image\" \/>\n<meta name=\"twitter:site\" content=\"@riverdidisplays\" \/>\n<meta name=\"twitter:label1\" content=\"Tiempo de lectura\" \/>\n\t<meta name=\"twitter:data1\" content=\"1 minuto\" \/>\n<script type=\"application\/ld+json\" class=\"yoast-schema-graph\">{\"@context\":\"https:\/\/schema.org\",\"@graph\":[{\"@type\":\"WebPage\",\"@id\":\"https:\/\/riverdi.com\/es\/product\/eve4-intelligent-display-rvt43hlbnwca0-4-3-inch-projected-capacitive-touch-panel-aire-bonding-atouch\",\"url\":\"https:\/\/riverdi.com\/es\/product\/eve4-intelligent-display-rvt43hlbnwca0-4-3-inch-projected-capacitive-touch-panel-aire-bonding-atouch\",\"name\":\"Pantalla inteligente 4,3\u2033 TFT LCD 480x272px, EVE4 BT817Q + pantalla t\u00e1ctil capacitiva \u2013 RVT43HLBNWCA0 | Riverdi\",\"isPartOf\":{\"@id\":\"https:\/\/riverdi.com\/es#website\"},\"primaryImageOfPage\":{\"@id\":\"https:\/\/riverdi.com\/es\/product\/eve4-intelligent-display-rvt43hlbnwca0-4-3-inch-projected-capacitive-touch-panel-aire-bonding-atouch#primaryimage\"},\"image\":{\"@id\":\"https:\/\/riverdi.com\/es\/product\/eve4-intelligent-display-rvt43hlbnwca0-4-3-inch-projected-capacitive-touch-panel-aire-bonding-atouch#primaryimage\"},\"thumbnailUrl\":\"https:\/\/riverdi.com\/wp-content\/uploads\/2024\/04\/RVT43HLBNWCA0-3.webp\",\"datePublished\":\"2021-07-07T09:13:01+00:00\",\"dateModified\":\"2026-01-15T22:22:52+00:00\",\"description\":\"EVE4 pantalla inteligente 4,3\u2033 TFT LCD con resoluci\u00f3n 480x272px, alto brillo 800 cd\/m\u00b2 y \u00e1ngulos de visi\u00f3n completos IPS. T\u00e1ctil capacitiva proyectada (PCAP) industrial y vidrio frontal negro. Controlador BT817Q e interfaz QSPI\/SPI \u2013 modelo SM-RVT43HLBNWCA0\",\"breadcrumb\":{\"@id\":\"https:\/\/riverdi.com\/es\/product\/eve4-intelligent-display-rvt43hlbnwca0-4-3-inch-projected-capacitive-touch-panel-aire-bonding-atouch#breadcrumb\"},\"inLanguage\":\"es\",\"potentialAction\":[{\"@type\":\"ReadAction\",\"target\":[\"https:\/\/riverdi.com\/es\/product\/eve4-intelligent-display-rvt43hlbnwca0-4-3-inch-projected-capacitive-touch-panel-aire-bonding-atouch\"]}]},{\"@type\":\"ImageObject\",\"inLanguage\":\"es\",\"@id\":\"https:\/\/riverdi.com\/es\/product\/eve4-intelligent-display-rvt43hlbnwca0-4-3-inch-projected-capacitive-touch-panel-aire-bonding-atouch#primaryimage\",\"url\":\"https:\/\/riverdi.com\/wp-content\/uploads\/2024\/04\/RVT43HLBNWCA0-3.webp\",\"contentUrl\":\"https:\/\/riverdi.com\/wp-content\/uploads\/2024\/04\/RVT43HLBNWCA0-3.webp\",\"width\":1293,\"height\":889,\"caption\":\"Pantalla de la serie inteligente Eve4\"},{\"@type\":\"BreadcrumbList\",\"@id\":\"https:\/\/riverdi.com\/es\/product\/eve4-intelligent-display-rvt43hlbnwca0-4-3-inch-projected-capacitive-touch-panel-aire-bonding-atouch#breadcrumb\",\"itemListElement\":[{\"@type\":\"ListItem\",\"position\":1,\"name\":\"Front Page\",\"item\":\"https:\/\/riverdi.com\/es\/portada\"},{\"@type\":\"ListItem\",\"position\":2,\"name\":\"Tienda\",\"item\":\"https:\/\/riverdi.com\/es\/tienda\"},{\"@type\":\"ListItem\",\"position\":3,\"name\":\"Pantalla inteligente 4,3\u2033 TFT LCD 480x272px, EVE4 BT817Q + pantalla t\u00e1ctil capacitiva \u2013 RVT43HLBNWCA0\"}]},{\"@type\":\"WebSite\",\"@id\":\"https:\/\/riverdi.com\/es#website\",\"url\":\"https:\/\/riverdi.com\/es\",\"name\":\"Riverdi\",\"description\":\"Global TFT LCD Manufacturer\",\"potentialAction\":[{\"@type\":\"SearchAction\",\"target\":{\"@type\":\"EntryPoint\",\"urlTemplate\":\"https:\/\/riverdi.com\/es?s={search_term_string}\"},\"query-input\":{\"@type\":\"PropertyValueSpecification\",\"valueRequired\":true,\"valueName\":\"search_term_string\"}}],\"inLanguage\":\"es\"}]}<\/script>\n<!-- \/ Yoast SEO plugin. -->","yoast_head_json":{"title":"Pantalla inteligente 4,3\u2033 TFT LCD 480x272px, EVE4 BT817Q + pantalla t\u00e1ctil capacitiva \u2013 RVT43HLBNWCA0 | Riverdi","description":"EVE4 pantalla inteligente 4,3\u2033 TFT LCD con resoluci\u00f3n 480x272px, alto brillo 800 cd\/m\u00b2 y \u00e1ngulos de visi\u00f3n completos IPS. T\u00e1ctil capacitiva proyectada (PCAP) industrial y vidrio frontal negro. Controlador BT817Q e interfaz QSPI\/SPI \u2013 modelo SM-RVT43HLBNWCA0","robots":{"index":"index","follow":"follow","max-snippet":"max-snippet:-1","max-image-preview":"max-image-preview:large","max-video-preview":"max-video-preview:-1"},"canonical":"https:\/\/riverdi.com\/es\/product\/eve4-intelligent-display-rvt43hlbnwca0-4-3-inch-projected-capacitive-touch-panel-aire-bonding-atouch","og_locale":"es_ES","og_type":"article","og_title":"Pantalla inteligente 4,3\u2033 TFT LCD 480x272px, EVE4 BT817Q + pantalla t\u00e1ctil capacitiva \u2013 RVT43HLBNWCA0 | Riverdi","og_description":"EVE4 pantalla inteligente 4,3\u2033 TFT LCD con resoluci\u00f3n 480x272px, alto brillo 800 cd\/m\u00b2 y \u00e1ngulos de visi\u00f3n completos IPS. T\u00e1ctil capacitiva proyectada (PCAP) industrial y vidrio frontal negro. Controlador BT817Q e interfaz QSPI\/SPI \u2013 modelo SM-RVT43HLBNWCA0","og_url":"https:\/\/riverdi.com\/es\/product\/eve4-intelligent-display-rvt43hlbnwca0-4-3-inch-projected-capacitive-touch-panel-aire-bonding-atouch","og_site_name":"Riverdi","article_publisher":"https:\/\/www.facebook.com\/riverdi.displays\/","article_modified_time":"2026-01-15T22:22:52+00:00","og_image":[{"width":1293,"height":889,"url":"https:\/\/riverdi.com\/wp-content\/uploads\/2024\/04\/RVT43HLBNWCA0-3.webp","type":"image\/webp"}],"twitter_card":"summary_large_image","twitter_site":"@riverdidisplays","twitter_misc":{"Tiempo de lectura":"1 minuto"},"schema":{"@context":"https:\/\/schema.org","@graph":[{"@type":"WebPage","@id":"https:\/\/riverdi.com\/es\/product\/eve4-intelligent-display-rvt43hlbnwca0-4-3-inch-projected-capacitive-touch-panel-aire-bonding-atouch","url":"https:\/\/riverdi.com\/es\/product\/eve4-intelligent-display-rvt43hlbnwca0-4-3-inch-projected-capacitive-touch-panel-aire-bonding-atouch","name":"Pantalla inteligente 4,3\u2033 TFT LCD 480x272px, EVE4 BT817Q + pantalla t\u00e1ctil capacitiva \u2013 RVT43HLBNWCA0 | Riverdi","isPartOf":{"@id":"https:\/\/riverdi.com\/es#website"},"primaryImageOfPage":{"@id":"https:\/\/riverdi.com\/es\/product\/eve4-intelligent-display-rvt43hlbnwca0-4-3-inch-projected-capacitive-touch-panel-aire-bonding-atouch#primaryimage"},"image":{"@id":"https:\/\/riverdi.com\/es\/product\/eve4-intelligent-display-rvt43hlbnwca0-4-3-inch-projected-capacitive-touch-panel-aire-bonding-atouch#primaryimage"},"thumbnailUrl":"https:\/\/riverdi.com\/wp-content\/uploads\/2024\/04\/RVT43HLBNWCA0-3.webp","datePublished":"2021-07-07T09:13:01+00:00","dateModified":"2026-01-15T22:22:52+00:00","description":"EVE4 pantalla inteligente 4,3\u2033 TFT LCD con resoluci\u00f3n 480x272px, alto brillo 800 cd\/m\u00b2 y \u00e1ngulos de visi\u00f3n completos IPS. T\u00e1ctil capacitiva proyectada (PCAP) industrial y vidrio frontal negro. Controlador BT817Q e interfaz QSPI\/SPI \u2013 modelo SM-RVT43HLBNWCA0","breadcrumb":{"@id":"https:\/\/riverdi.com\/es\/product\/eve4-intelligent-display-rvt43hlbnwca0-4-3-inch-projected-capacitive-touch-panel-aire-bonding-atouch#breadcrumb"},"inLanguage":"es","potentialAction":[{"@type":"ReadAction","target":["https:\/\/riverdi.com\/es\/product\/eve4-intelligent-display-rvt43hlbnwca0-4-3-inch-projected-capacitive-touch-panel-aire-bonding-atouch"]}]},{"@type":"ImageObject","inLanguage":"es","@id":"https:\/\/riverdi.com\/es\/product\/eve4-intelligent-display-rvt43hlbnwca0-4-3-inch-projected-capacitive-touch-panel-aire-bonding-atouch#primaryimage","url":"https:\/\/riverdi.com\/wp-content\/uploads\/2024\/04\/RVT43HLBNWCA0-3.webp","contentUrl":"https:\/\/riverdi.com\/wp-content\/uploads\/2024\/04\/RVT43HLBNWCA0-3.webp","width":1293,"height":889,"caption":"Pantalla de la serie inteligente Eve4"},{"@type":"BreadcrumbList","@id":"https:\/\/riverdi.com\/es\/product\/eve4-intelligent-display-rvt43hlbnwca0-4-3-inch-projected-capacitive-touch-panel-aire-bonding-atouch#breadcrumb","itemListElement":[{"@type":"ListItem","position":1,"name":"Front Page","item":"https:\/\/riverdi.com\/es\/portada"},{"@type":"ListItem","position":2,"name":"Tienda","item":"https:\/\/riverdi.com\/es\/tienda"},{"@type":"ListItem","position":3,"name":"Pantalla inteligente 4,3\u2033 TFT LCD 480x272px, EVE4 BT817Q + pantalla t\u00e1ctil capacitiva \u2013 RVT43HLBNWCA0"}]},{"@type":"WebSite","@id":"https:\/\/riverdi.com\/es#website","url":"https:\/\/riverdi.com\/es","name":"Riverdi","description":"Global TFT LCD Manufacturer","potentialAction":[{"@type":"SearchAction","target":{"@type":"EntryPoint","urlTemplate":"https:\/\/riverdi.com\/es?s={search_term_string}"},"query-input":{"@type":"PropertyValueSpecification","valueRequired":true,"valueName":"search_term_string"}}],"inLanguage":"es"}]}},"_links":{"self":[{"href":"https:\/\/riverdi.com\/es\/wp-json\/wp\/v2\/product\/115998","targetHints":{"allow":["GET"]}}],"collection":[{"href":"https:\/\/riverdi.com\/es\/wp-json\/wp\/v2\/product"}],"about":[{"href":"https:\/\/riverdi.com\/es\/wp-json\/wp\/v2\/types\/product"}],"replies":[{"embeddable":true,"href":"https:\/\/riverdi.com\/es\/wp-json\/wp\/v2\/comments?post=115998"}],"wp:featuredmedia":[{"embeddable":true,"href":"https:\/\/riverdi.com\/es\/wp-json\/wp\/v2\/media\/103265"}],"wp:attachment":[{"href":"https:\/\/riverdi.com\/es\/wp-json\/wp\/v2\/media?parent=115998"}],"wp:term":[{"taxonomy":"product_brand","embeddable":true,"href":"https:\/\/riverdi.com\/es\/wp-json\/wp\/v2\/product_brand?post=115998"},{"taxonomy":"product_cat","embeddable":true,"href":"https:\/\/riverdi.com\/es\/wp-json\/wp\/v2\/product_cat?post=115998"},{"taxonomy":"product_tag","embeddable":true,"href":"https:\/\/riverdi.com\/es\/wp-json\/wp\/v2\/product_tag?post=115998"}],"curies":[{"name":"wp","href":"https:\/\/api.w.org\/{rel}","templated":true}]}}