{"id":115852,"date":"2024-04-03T11:10:44","date_gmt":"2024-04-03T09:10:44","guid":{"rendered":"http:\/\/riverdi.com\/product\/eve4-intelligent-display-rvt121hvbnwc00-b-12-1-pulgadas-pantalla-tactil-capacitiva-proyectada-optical-bonding-uxtouch\/"},"modified":"2026-01-15T22:25:20","modified_gmt":"2026-01-15T21:25:20","slug":"eve4-intelligent-display-rvt121hvbnwc00-b-12-1-pulgadas-pantalla-tactil-capacitiva-proyectada-optical-bonding-uxtouch","status":"publish","type":"product","link":"https:\/\/riverdi.com\/es\/product\/eve4-intelligent-display-rvt121hvbnwc00-b-12-1-pulgadas-pantalla-tactil-capacitiva-proyectada-optical-bonding-uxtouch","title":{"rendered":"Pantalla inteligente 12,1\u2033 TFT LCD 1280x800px, EVE4 BT817Q, Pantalla t\u00e1ctil capacitiva \u2013 RVT121HVBNWC00-B"},"content":{"rendered":"<p>no quites esto<\/p>\n","protected":false},"excerpt":{"rendered":"<p><strong>Caracter\u00edsticas principales:<\/strong><\/p>\n<ul>\n<li>Pantalla TFT de 12,1<\/li>\n<li>Resoluci\u00f3n 1280x800px<\/li>\n<li>Alto brillo <sup>800cd\/m2<\/sup><\/li>\n<li>\u00c1ngulos de visi\u00f3n completos (IPS)<\/li>\n<li><strong>Controlador gr\u00e1fico BT817Q<\/strong><\/li>\n<li>Interfaz QSPI\/SPI<\/li>\n<li>Uni\u00f3n \u00f3ptica<\/li>\n<li>Pantalla t\u00e1ctil capacitiva industrial proyectada<\/li>\n<li>Tapa de cristal decorativa negra<\/li>\n<\/ul>\n","protected":false},"featured_media":103437,"comment_status":"closed","ping_status":"closed","template":"","meta":{"_acf_changed":false,"content-type":"","inline_featured_image":false},"product_brand":[],"product_cat":[3397,4882,4802,4801,3394,4892,4928,4813,4814,4852],"product_tag":[3401,3403],"class_list":{"0":"post-115852","1":"product","2":"type-product","3":"status-publish","4":"has-post-thumbnail","6":"product_cat-bt817q-es-2","7":"product_cat-interfaz","8":"product_cat-pantalla-lcd","9":"product_cat-pantalla-tft","10":"product_cat-pantallas-inteligentes","11":"product_cat-pantallas-lcd-de-121-pulgadas","12":"product_cat-pantallas-spi-qspi","13":"product_cat-pantallas-tactiles","14":"product_cat-pantallas-tactiles-capacitivas","15":"product_cat-todas-las-pantallas","16":"product_tag-bt817q-es","17":"product_tag-eve4-es","19":"first","20":"instock","21":"taxable","22":"shipping-taxable","23":"purchasable","24":"product-type-simple"},"acf":[],"yoast_head":"<!-- This site is optimized with the Yoast SEO plugin v27.0 - https:\/\/yoast.com\/product\/yoast-seo-wordpress\/ -->\n<title>Pantalla inteligente 12,1\u2033 TFT LCD 1280x800px, EVE4 BT817Q, Pantalla t\u00e1ctil capacitiva \u2013 RVT121HVBNWC00-B | Riverdi<\/title>\n<meta name=\"description\" content=\"EVE 4 pantalla inteligente 12,1\u2033 TFT LCD con resoluci\u00f3n 1280x800px, panel t\u00e1ctil capacitivo proyectado (PCAP) industrial, alto brillo 800 cd\/m\u00b2, interfaz QSPI\/SPI, \u00e1ngulos de visi\u00f3n completos IPS, controlador gr\u00e1fico BT817Q \u2013 modelo SM-RVT121HVBNWC00-B\" \/>\n<meta name=\"robots\" content=\"index, follow, max-snippet:-1, max-image-preview:large, max-video-preview:-1\" \/>\n<link rel=\"canonical\" href=\"https:\/\/riverdi.com\/es\/product\/eve4-intelligent-display-rvt121hvbnwc00-b-12-1-pulgadas-pantalla-tactil-capacitiva-proyectada-optical-bonding-uxtouch\" \/>\n<meta property=\"og:locale\" content=\"es_ES\" \/>\n<meta property=\"og:type\" content=\"article\" \/>\n<meta property=\"og:title\" content=\"Pantalla inteligente 12,1\u2033 TFT LCD 1280x800px, EVE4 BT817Q, Pantalla t\u00e1ctil capacitiva \u2013 RVT121HVBNWC00-B | Riverdi\" \/>\n<meta property=\"og:description\" content=\"EVE 4 pantalla inteligente 12,1\u2033 TFT LCD con resoluci\u00f3n 1280x800px, panel t\u00e1ctil capacitivo proyectado (PCAP) industrial, alto brillo 800 cd\/m\u00b2, interfaz QSPI\/SPI, \u00e1ngulos de visi\u00f3n completos IPS, controlador gr\u00e1fico BT817Q \u2013 modelo SM-RVT121HVBNWC00-B\" \/>\n<meta property=\"og:url\" content=\"https:\/\/riverdi.com\/es\/product\/eve4-intelligent-display-rvt121hvbnwc00-b-12-1-pulgadas-pantalla-tactil-capacitiva-proyectada-optical-bonding-uxtouch\" \/>\n<meta property=\"og:site_name\" content=\"Riverdi\" \/>\n<meta property=\"article:publisher\" content=\"https:\/\/www.facebook.com\/riverdi.displays\/\" \/>\n<meta property=\"article:modified_time\" content=\"2026-01-15T21:25:20+00:00\" \/>\n<meta property=\"og:image\" content=\"https:\/\/riverdi.com\/wp-content\/uploads\/2024\/04\/RVT121HVBNWC00-B.webp\" \/>\n\t<meta property=\"og:image:width\" content=\"1293\" \/>\n\t<meta property=\"og:image:height\" content=\"889\" \/>\n\t<meta property=\"og:image:type\" content=\"image\/webp\" \/>\n<meta name=\"twitter:card\" content=\"summary_large_image\" \/>\n<meta name=\"twitter:site\" content=\"@riverdidisplays\" \/>\n<meta name=\"twitter:label1\" content=\"Tiempo de lectura\" \/>\n\t<meta name=\"twitter:data1\" content=\"1 minuto\" \/>\n<script type=\"application\/ld+json\" class=\"yoast-schema-graph\">{\"@context\":\"https:\/\/schema.org\",\"@graph\":[{\"@type\":\"WebPage\",\"@id\":\"https:\/\/riverdi.com\/es\/product\/eve4-intelligent-display-rvt121hvbnwc00-b-12-1-pulgadas-pantalla-tactil-capacitiva-proyectada-optical-bonding-uxtouch\",\"url\":\"https:\/\/riverdi.com\/es\/product\/eve4-intelligent-display-rvt121hvbnwc00-b-12-1-pulgadas-pantalla-tactil-capacitiva-proyectada-optical-bonding-uxtouch\",\"name\":\"Pantalla inteligente 12,1\u2033 TFT LCD 1280x800px, EVE4 BT817Q, Pantalla t\u00e1ctil capacitiva \u2013 RVT121HVBNWC00-B | Riverdi\",\"isPartOf\":{\"@id\":\"https:\/\/riverdi.com\/es#website\"},\"primaryImageOfPage\":{\"@id\":\"https:\/\/riverdi.com\/es\/product\/eve4-intelligent-display-rvt121hvbnwc00-b-12-1-pulgadas-pantalla-tactil-capacitiva-proyectada-optical-bonding-uxtouch#primaryimage\"},\"image\":{\"@id\":\"https:\/\/riverdi.com\/es\/product\/eve4-intelligent-display-rvt121hvbnwc00-b-12-1-pulgadas-pantalla-tactil-capacitiva-proyectada-optical-bonding-uxtouch#primaryimage\"},\"thumbnailUrl\":\"https:\/\/riverdi.com\/wp-content\/uploads\/2024\/04\/RVT121HVBNWC00-B.webp\",\"datePublished\":\"2024-04-03T09:10:44+00:00\",\"dateModified\":\"2026-01-15T21:25:20+00:00\",\"description\":\"EVE 4 pantalla inteligente 12,1\u2033 TFT LCD con resoluci\u00f3n 1280x800px, panel t\u00e1ctil capacitivo proyectado (PCAP) industrial, alto brillo 800 cd\/m\u00b2, interfaz QSPI\/SPI, \u00e1ngulos de visi\u00f3n completos IPS, controlador gr\u00e1fico BT817Q \u2013 modelo SM-RVT121HVBNWC00-B\",\"breadcrumb\":{\"@id\":\"https:\/\/riverdi.com\/es\/product\/eve4-intelligent-display-rvt121hvbnwc00-b-12-1-pulgadas-pantalla-tactil-capacitiva-proyectada-optical-bonding-uxtouch#breadcrumb\"},\"inLanguage\":\"es\",\"potentialAction\":[{\"@type\":\"ReadAction\",\"target\":[\"https:\/\/riverdi.com\/es\/product\/eve4-intelligent-display-rvt121hvbnwc00-b-12-1-pulgadas-pantalla-tactil-capacitiva-proyectada-optical-bonding-uxtouch\"]}]},{\"@type\":\"ImageObject\",\"inLanguage\":\"es\",\"@id\":\"https:\/\/riverdi.com\/es\/product\/eve4-intelligent-display-rvt121hvbnwc00-b-12-1-pulgadas-pantalla-tactil-capacitiva-proyectada-optical-bonding-uxtouch#primaryimage\",\"url\":\"https:\/\/riverdi.com\/wp-content\/uploads\/2024\/04\/RVT121HVBNWC00-B.webp\",\"contentUrl\":\"https:\/\/riverdi.com\/wp-content\/uploads\/2024\/04\/RVT121HVBNWC00-B.webp\",\"width\":1293,\"height\":889},{\"@type\":\"BreadcrumbList\",\"@id\":\"https:\/\/riverdi.com\/es\/product\/eve4-intelligent-display-rvt121hvbnwc00-b-12-1-pulgadas-pantalla-tactil-capacitiva-proyectada-optical-bonding-uxtouch#breadcrumb\",\"itemListElement\":[{\"@type\":\"ListItem\",\"position\":1,\"name\":\"Front Page\",\"item\":\"https:\/\/riverdi.com\/es\/portada\"},{\"@type\":\"ListItem\",\"position\":2,\"name\":\"Tienda\",\"item\":\"https:\/\/riverdi.com\/es\/tienda\"},{\"@type\":\"ListItem\",\"position\":3,\"name\":\"Pantalla inteligente 12,1\u2033 TFT LCD 1280x800px, EVE4 BT817Q, Pantalla t\u00e1ctil capacitiva \u2013 RVT121HVBNWC00-B\"}]},{\"@type\":\"WebSite\",\"@id\":\"https:\/\/riverdi.com\/es#website\",\"url\":\"https:\/\/riverdi.com\/es\",\"name\":\"Riverdi\",\"description\":\"Global TFT LCD Manufacturer\",\"potentialAction\":[{\"@type\":\"SearchAction\",\"target\":{\"@type\":\"EntryPoint\",\"urlTemplate\":\"https:\/\/riverdi.com\/es?s={search_term_string}\"},\"query-input\":{\"@type\":\"PropertyValueSpecification\",\"valueRequired\":true,\"valueName\":\"search_term_string\"}}],\"inLanguage\":\"es\"}]}<\/script>\n<!-- \/ Yoast SEO plugin. -->","yoast_head_json":{"title":"Pantalla inteligente 12,1\u2033 TFT LCD 1280x800px, EVE4 BT817Q, Pantalla t\u00e1ctil capacitiva \u2013 RVT121HVBNWC00-B | Riverdi","description":"EVE 4 pantalla inteligente 12,1\u2033 TFT LCD con resoluci\u00f3n 1280x800px, panel t\u00e1ctil capacitivo proyectado (PCAP) industrial, alto brillo 800 cd\/m\u00b2, interfaz QSPI\/SPI, \u00e1ngulos de visi\u00f3n completos IPS, controlador gr\u00e1fico BT817Q \u2013 modelo SM-RVT121HVBNWC00-B","robots":{"index":"index","follow":"follow","max-snippet":"max-snippet:-1","max-image-preview":"max-image-preview:large","max-video-preview":"max-video-preview:-1"},"canonical":"https:\/\/riverdi.com\/es\/product\/eve4-intelligent-display-rvt121hvbnwc00-b-12-1-pulgadas-pantalla-tactil-capacitiva-proyectada-optical-bonding-uxtouch","og_locale":"es_ES","og_type":"article","og_title":"Pantalla inteligente 12,1\u2033 TFT LCD 1280x800px, EVE4 BT817Q, Pantalla t\u00e1ctil capacitiva \u2013 RVT121HVBNWC00-B | Riverdi","og_description":"EVE 4 pantalla inteligente 12,1\u2033 TFT LCD con resoluci\u00f3n 1280x800px, panel t\u00e1ctil capacitivo proyectado (PCAP) industrial, alto brillo 800 cd\/m\u00b2, interfaz QSPI\/SPI, \u00e1ngulos de visi\u00f3n completos IPS, controlador gr\u00e1fico BT817Q \u2013 modelo SM-RVT121HVBNWC00-B","og_url":"https:\/\/riverdi.com\/es\/product\/eve4-intelligent-display-rvt121hvbnwc00-b-12-1-pulgadas-pantalla-tactil-capacitiva-proyectada-optical-bonding-uxtouch","og_site_name":"Riverdi","article_publisher":"https:\/\/www.facebook.com\/riverdi.displays\/","article_modified_time":"2026-01-15T21:25:20+00:00","og_image":[{"width":1293,"height":889,"url":"https:\/\/riverdi.com\/wp-content\/uploads\/2024\/04\/RVT121HVBNWC00-B.webp","type":"image\/webp"}],"twitter_card":"summary_large_image","twitter_site":"@riverdidisplays","twitter_misc":{"Tiempo de lectura":"1 minuto"},"schema":{"@context":"https:\/\/schema.org","@graph":[{"@type":"WebPage","@id":"https:\/\/riverdi.com\/es\/product\/eve4-intelligent-display-rvt121hvbnwc00-b-12-1-pulgadas-pantalla-tactil-capacitiva-proyectada-optical-bonding-uxtouch","url":"https:\/\/riverdi.com\/es\/product\/eve4-intelligent-display-rvt121hvbnwc00-b-12-1-pulgadas-pantalla-tactil-capacitiva-proyectada-optical-bonding-uxtouch","name":"Pantalla inteligente 12,1\u2033 TFT LCD 1280x800px, EVE4 BT817Q, Pantalla t\u00e1ctil capacitiva \u2013 RVT121HVBNWC00-B | Riverdi","isPartOf":{"@id":"https:\/\/riverdi.com\/es#website"},"primaryImageOfPage":{"@id":"https:\/\/riverdi.com\/es\/product\/eve4-intelligent-display-rvt121hvbnwc00-b-12-1-pulgadas-pantalla-tactil-capacitiva-proyectada-optical-bonding-uxtouch#primaryimage"},"image":{"@id":"https:\/\/riverdi.com\/es\/product\/eve4-intelligent-display-rvt121hvbnwc00-b-12-1-pulgadas-pantalla-tactil-capacitiva-proyectada-optical-bonding-uxtouch#primaryimage"},"thumbnailUrl":"https:\/\/riverdi.com\/wp-content\/uploads\/2024\/04\/RVT121HVBNWC00-B.webp","datePublished":"2024-04-03T09:10:44+00:00","dateModified":"2026-01-15T21:25:20+00:00","description":"EVE 4 pantalla inteligente 12,1\u2033 TFT LCD con resoluci\u00f3n 1280x800px, panel t\u00e1ctil capacitivo proyectado (PCAP) industrial, alto brillo 800 cd\/m\u00b2, interfaz QSPI\/SPI, \u00e1ngulos de visi\u00f3n completos IPS, controlador gr\u00e1fico BT817Q \u2013 modelo SM-RVT121HVBNWC00-B","breadcrumb":{"@id":"https:\/\/riverdi.com\/es\/product\/eve4-intelligent-display-rvt121hvbnwc00-b-12-1-pulgadas-pantalla-tactil-capacitiva-proyectada-optical-bonding-uxtouch#breadcrumb"},"inLanguage":"es","potentialAction":[{"@type":"ReadAction","target":["https:\/\/riverdi.com\/es\/product\/eve4-intelligent-display-rvt121hvbnwc00-b-12-1-pulgadas-pantalla-tactil-capacitiva-proyectada-optical-bonding-uxtouch"]}]},{"@type":"ImageObject","inLanguage":"es","@id":"https:\/\/riverdi.com\/es\/product\/eve4-intelligent-display-rvt121hvbnwc00-b-12-1-pulgadas-pantalla-tactil-capacitiva-proyectada-optical-bonding-uxtouch#primaryimage","url":"https:\/\/riverdi.com\/wp-content\/uploads\/2024\/04\/RVT121HVBNWC00-B.webp","contentUrl":"https:\/\/riverdi.com\/wp-content\/uploads\/2024\/04\/RVT121HVBNWC00-B.webp","width":1293,"height":889},{"@type":"BreadcrumbList","@id":"https:\/\/riverdi.com\/es\/product\/eve4-intelligent-display-rvt121hvbnwc00-b-12-1-pulgadas-pantalla-tactil-capacitiva-proyectada-optical-bonding-uxtouch#breadcrumb","itemListElement":[{"@type":"ListItem","position":1,"name":"Front Page","item":"https:\/\/riverdi.com\/es\/portada"},{"@type":"ListItem","position":2,"name":"Tienda","item":"https:\/\/riverdi.com\/es\/tienda"},{"@type":"ListItem","position":3,"name":"Pantalla inteligente 12,1\u2033 TFT LCD 1280x800px, EVE4 BT817Q, Pantalla t\u00e1ctil capacitiva \u2013 RVT121HVBNWC00-B"}]},{"@type":"WebSite","@id":"https:\/\/riverdi.com\/es#website","url":"https:\/\/riverdi.com\/es","name":"Riverdi","description":"Global TFT LCD Manufacturer","potentialAction":[{"@type":"SearchAction","target":{"@type":"EntryPoint","urlTemplate":"https:\/\/riverdi.com\/es?s={search_term_string}"},"query-input":{"@type":"PropertyValueSpecification","valueRequired":true,"valueName":"search_term_string"}}],"inLanguage":"es"}]}},"_links":{"self":[{"href":"https:\/\/riverdi.com\/es\/wp-json\/wp\/v2\/product\/115852","targetHints":{"allow":["GET"]}}],"collection":[{"href":"https:\/\/riverdi.com\/es\/wp-json\/wp\/v2\/product"}],"about":[{"href":"https:\/\/riverdi.com\/es\/wp-json\/wp\/v2\/types\/product"}],"replies":[{"embeddable":true,"href":"https:\/\/riverdi.com\/es\/wp-json\/wp\/v2\/comments?post=115852"}],"wp:featuredmedia":[{"embeddable":true,"href":"https:\/\/riverdi.com\/es\/wp-json\/wp\/v2\/media\/103437"}],"wp:attachment":[{"href":"https:\/\/riverdi.com\/es\/wp-json\/wp\/v2\/media?parent=115852"}],"wp:term":[{"taxonomy":"product_brand","embeddable":true,"href":"https:\/\/riverdi.com\/es\/wp-json\/wp\/v2\/product_brand?post=115852"},{"taxonomy":"product_cat","embeddable":true,"href":"https:\/\/riverdi.com\/es\/wp-json\/wp\/v2\/product_cat?post=115852"},{"taxonomy":"product_tag","embeddable":true,"href":"https:\/\/riverdi.com\/es\/wp-json\/wp\/v2\/product_tag?post=115852"}],"curies":[{"name":"wp","href":"https:\/\/api.w.org\/{rel}","templated":true}]}}