{"id":115762,"date":"2022-05-12T12:34:20","date_gmt":"2022-05-12T10:34:20","guid":{"rendered":"http:\/\/riverdi.com\/product\/10-1-pulgadas-pantalla-lcd-capacitiva-tactil-panel-air-bonding-atouch-stm32h7-rvt101hvsnwca0\/"},"modified":"2024-10-01T14:15:08","modified_gmt":"2024-10-01T12:15:08","slug":"10-1-pulgadas-pantalla-lcd-capacitiva-tactil-panel-air-bonding-atouch-stm32h7-rvt101hvsnwca0","status":"publish","type":"product","link":"https:\/\/riverdi.com\/es\/product\/10-1-pulgadas-pantalla-lcd-capacitiva-tactil-panel-air-bonding-atouch-stm32h7-rvt101hvsnwca0","title":{"rendered":"STM32 Embedded Display &#8211; Panel t\u00e1ctil capacitivo &#8211; Air bonding &#8211; Pantalla LCD TFT de 10,1 pulgadas &#8211; RVT101HVSNWCA0"},"content":{"rendered":"<p>no quites esto<\/p>\n","protected":false},"excerpt":{"rendered":"<p>El cable de alimentaci\u00f3n <a href=\"https:\/\/riverdi.com\/product\/rva-0106m-1-25ff-1\/\">RVA-0106M-1.25FF-1<\/a> y el cable de programaci\u00f3n ST-LINK\/V2 SWD <a href=\"https:\/\/riverdi.com\/product\/rva-swd-06m-c100\/\">RVA-SWD-06M-C100<\/a> <strong>se incluyen como accesorios gratuitos para el paquete \u00fanico<\/strong>. <strong>Caracter\u00edsticas principales:<\/strong><\/p>\n<ul>\n<li>Pantalla TFT de 10,1<\/li>\n<li>Resoluci\u00f3n 1280x800px<\/li>\n<li>Alto brillo <sup>800cd\/m2<\/sup><\/li>\n<li>\u00c1ngulos de visi\u00f3n completos (IPS)<\/li>\n<li><strong>Microcontrolador STM32H757XIH6 (2 MB Flash, 1 MB RAM)<\/strong><\/li>\n<li>Todas las interfaces STM32H7<\/li>\n<li>Pantalla t\u00e1ctil capacitiva industrial proyectada<\/li>\n<li>Tapa de cristal decorativa negra<\/li>\n<li>Alta calidad &#8211; cero p\u00edxeles malos<\/li>\n<li>64 MB QSPI<\/li>\n<li>8 MB SDRAM<\/li>\n<li>Soporte directo TouchGFX<\/li>\n<li>Fuente de alimentaci\u00f3n: 6V-48V<\/li>\n<\/ul>\n","protected":false},"featured_media":104204,"comment_status":"closed","ping_status":"closed","template":"","meta":{"_acf_changed":false,"content-type":"","inline_featured_image":false},"product_brand":[],"product_cat":[4802,4801,3210,4843],"product_tag":[3211],"class_list":{"0":"post-115762","1":"product","2":"type-product","3":"status-publish","4":"has-post-thumbnail","6":"product_cat-pantalla-lcd","7":"product_cat-pantalla-tft","8":"product_cat-pantallas-integradas-stm32","9":"product_cat-pantallas-lcd-de-101-pulgadas","10":"product_tag-stm32h7-es","12":"first","13":"instock","14":"taxable","15":"shipping-taxable","16":"purchasable","17":"product-type-simple"},"acf":[],"yoast_head":"<!-- This site is optimized with the Yoast SEO plugin v27.0 - https:\/\/yoast.com\/product\/yoast-seo-wordpress\/ -->\n<title>STM32 Embedded Display - Panel t\u00e1ctil capacitivo - Air bonding - Pantalla LCD TFT de 10,1 pulgadas - RVT101HVSNWCA0 - Riverdi<\/title>\n<meta name=\"description\" content=\"La serie STM32 Embedded Display de Riverdi son actualmente, las pantallas de mayor resoluci\u00f3n (1280\u00d7800 p\u00edxeles) con STM32H757XIH6 del mercado.\" \/>\n<meta name=\"robots\" content=\"index, follow, max-snippet:-1, max-image-preview:large, max-video-preview:-1\" \/>\n<link rel=\"canonical\" href=\"https:\/\/riverdi.com\/es\/product\/10-1-pulgadas-pantalla-lcd-capacitiva-tactil-panel-air-bonding-atouch-stm32h7-rvt101hvsnwca0\" \/>\n<meta property=\"og:locale\" content=\"es_ES\" \/>\n<meta property=\"og:type\" content=\"article\" \/>\n<meta property=\"og:title\" content=\"STM32 Embedded Display - Panel t\u00e1ctil capacitivo - Air bonding - Pantalla LCD TFT de 10,1 pulgadas - RVT101HVSNWCA0 - Riverdi\" \/>\n<meta property=\"og:description\" content=\"La serie STM32 Embedded Display de Riverdi son actualmente, las pantallas de mayor resoluci\u00f3n (1280\u00d7800 p\u00edxeles) con STM32H757XIH6 del mercado.\" \/>\n<meta property=\"og:url\" content=\"https:\/\/riverdi.com\/es\/product\/10-1-pulgadas-pantalla-lcd-capacitiva-tactil-panel-air-bonding-atouch-stm32h7-rvt101hvsnwca0\" \/>\n<meta property=\"og:site_name\" content=\"Riverdi\" \/>\n<meta property=\"article:publisher\" content=\"https:\/\/www.facebook.com\/riverdi.displays\/\" \/>\n<meta property=\"article:modified_time\" content=\"2024-10-01T12:15:08+00:00\" \/>\n<meta property=\"og:image\" content=\"https:\/\/riverdi.com\/wp-content\/uploads\/2024\/04\/RVT101HVSNWCA0.webp\" \/>\n\t<meta property=\"og:image:width\" content=\"1293\" \/>\n\t<meta property=\"og:image:height\" content=\"889\" \/>\n\t<meta property=\"og:image:type\" content=\"image\/webp\" \/>\n<meta name=\"twitter:card\" content=\"summary_large_image\" \/>\n<meta name=\"twitter:site\" content=\"@riverdidisplays\" \/>\n<script type=\"application\/ld+json\" class=\"yoast-schema-graph\">{\"@context\":\"https:\/\/schema.org\",\"@graph\":[{\"@type\":\"WebPage\",\"@id\":\"https:\/\/riverdi.com\/es\/product\/10-1-pulgadas-pantalla-lcd-capacitiva-tactil-panel-air-bonding-atouch-stm32h7-rvt101hvsnwca0\",\"url\":\"https:\/\/riverdi.com\/es\/product\/10-1-pulgadas-pantalla-lcd-capacitiva-tactil-panel-air-bonding-atouch-stm32h7-rvt101hvsnwca0\",\"name\":\"STM32 Embedded Display - Panel t\u00e1ctil capacitivo - Air bonding - Pantalla LCD TFT de 10,1 pulgadas - RVT101HVSNWCA0 - Riverdi\",\"isPartOf\":{\"@id\":\"https:\/\/riverdi.com\/es#website\"},\"primaryImageOfPage\":{\"@id\":\"https:\/\/riverdi.com\/es\/product\/10-1-pulgadas-pantalla-lcd-capacitiva-tactil-panel-air-bonding-atouch-stm32h7-rvt101hvsnwca0#primaryimage\"},\"image\":{\"@id\":\"https:\/\/riverdi.com\/es\/product\/10-1-pulgadas-pantalla-lcd-capacitiva-tactil-panel-air-bonding-atouch-stm32h7-rvt101hvsnwca0#primaryimage\"},\"thumbnailUrl\":\"https:\/\/riverdi.com\/wp-content\/uploads\/2024\/04\/RVT101HVSNWCA0.webp\",\"datePublished\":\"2022-05-12T10:34:20+00:00\",\"dateModified\":\"2024-10-01T12:15:08+00:00\",\"description\":\"La serie STM32 Embedded Display de Riverdi son actualmente, las pantallas de mayor resoluci\u00f3n (1280\u00d7800 p\u00edxeles) con STM32H757XIH6 del mercado.\",\"breadcrumb\":{\"@id\":\"https:\/\/riverdi.com\/es\/product\/10-1-pulgadas-pantalla-lcd-capacitiva-tactil-panel-air-bonding-atouch-stm32h7-rvt101hvsnwca0#breadcrumb\"},\"inLanguage\":\"es\",\"potentialAction\":[{\"@type\":\"ReadAction\",\"target\":[\"https:\/\/riverdi.com\/es\/product\/10-1-pulgadas-pantalla-lcd-capacitiva-tactil-panel-air-bonding-atouch-stm32h7-rvt101hvsnwca0\"]}]},{\"@type\":\"ImageObject\",\"inLanguage\":\"es\",\"@id\":\"https:\/\/riverdi.com\/es\/product\/10-1-pulgadas-pantalla-lcd-capacitiva-tactil-panel-air-bonding-atouch-stm32h7-rvt101hvsnwca0#primaryimage\",\"url\":\"https:\/\/riverdi.com\/wp-content\/uploads\/2024\/04\/RVT101HVSNWCA0.webp\",\"contentUrl\":\"https:\/\/riverdi.com\/wp-content\/uploads\/2024\/04\/RVT101HVSNWCA0.webp\",\"width\":1293,\"height\":889,\"caption\":\"Pantalla integrada STM32\"},{\"@type\":\"BreadcrumbList\",\"@id\":\"https:\/\/riverdi.com\/es\/product\/10-1-pulgadas-pantalla-lcd-capacitiva-tactil-panel-air-bonding-atouch-stm32h7-rvt101hvsnwca0#breadcrumb\",\"itemListElement\":[{\"@type\":\"ListItem\",\"position\":1,\"name\":\"Front Page\",\"item\":\"https:\/\/riverdi.com\/es\/portada\"},{\"@type\":\"ListItem\",\"position\":2,\"name\":\"Tienda\",\"item\":\"https:\/\/riverdi.com\/es\/tienda\"},{\"@type\":\"ListItem\",\"position\":3,\"name\":\"STM32 Embedded Display &#8211; Panel t\u00e1ctil capacitivo &#8211; Air bonding &#8211; Pantalla LCD TFT de 10,1 pulgadas &#8211; RVT101HVSNWCA0\"}]},{\"@type\":\"WebSite\",\"@id\":\"https:\/\/riverdi.com\/es#website\",\"url\":\"https:\/\/riverdi.com\/es\",\"name\":\"Riverdi\",\"description\":\"Global TFT LCD Manufacturer\",\"potentialAction\":[{\"@type\":\"SearchAction\",\"target\":{\"@type\":\"EntryPoint\",\"urlTemplate\":\"https:\/\/riverdi.com\/es?s={search_term_string}\"},\"query-input\":{\"@type\":\"PropertyValueSpecification\",\"valueRequired\":true,\"valueName\":\"search_term_string\"}}],\"inLanguage\":\"es\"}]}<\/script>\n<!-- \/ Yoast SEO plugin. -->","yoast_head_json":{"title":"STM32 Embedded Display - Panel t\u00e1ctil capacitivo - Air bonding - Pantalla LCD TFT de 10,1 pulgadas - RVT101HVSNWCA0 - Riverdi","description":"La serie STM32 Embedded Display de Riverdi son actualmente, las pantallas de mayor resoluci\u00f3n (1280\u00d7800 p\u00edxeles) con STM32H757XIH6 del mercado.","robots":{"index":"index","follow":"follow","max-snippet":"max-snippet:-1","max-image-preview":"max-image-preview:large","max-video-preview":"max-video-preview:-1"},"canonical":"https:\/\/riverdi.com\/es\/product\/10-1-pulgadas-pantalla-lcd-capacitiva-tactil-panel-air-bonding-atouch-stm32h7-rvt101hvsnwca0","og_locale":"es_ES","og_type":"article","og_title":"STM32 Embedded Display - Panel t\u00e1ctil capacitivo - Air bonding - Pantalla LCD TFT de 10,1 pulgadas - RVT101HVSNWCA0 - Riverdi","og_description":"La serie STM32 Embedded Display de Riverdi son actualmente, las pantallas de mayor resoluci\u00f3n (1280\u00d7800 p\u00edxeles) con STM32H757XIH6 del mercado.","og_url":"https:\/\/riverdi.com\/es\/product\/10-1-pulgadas-pantalla-lcd-capacitiva-tactil-panel-air-bonding-atouch-stm32h7-rvt101hvsnwca0","og_site_name":"Riverdi","article_publisher":"https:\/\/www.facebook.com\/riverdi.displays\/","article_modified_time":"2024-10-01T12:15:08+00:00","og_image":[{"width":1293,"height":889,"url":"https:\/\/riverdi.com\/wp-content\/uploads\/2024\/04\/RVT101HVSNWCA0.webp","type":"image\/webp"}],"twitter_card":"summary_large_image","twitter_site":"@riverdidisplays","schema":{"@context":"https:\/\/schema.org","@graph":[{"@type":"WebPage","@id":"https:\/\/riverdi.com\/es\/product\/10-1-pulgadas-pantalla-lcd-capacitiva-tactil-panel-air-bonding-atouch-stm32h7-rvt101hvsnwca0","url":"https:\/\/riverdi.com\/es\/product\/10-1-pulgadas-pantalla-lcd-capacitiva-tactil-panel-air-bonding-atouch-stm32h7-rvt101hvsnwca0","name":"STM32 Embedded Display - Panel t\u00e1ctil capacitivo - Air bonding - Pantalla LCD TFT de 10,1 pulgadas - RVT101HVSNWCA0 - Riverdi","isPartOf":{"@id":"https:\/\/riverdi.com\/es#website"},"primaryImageOfPage":{"@id":"https:\/\/riverdi.com\/es\/product\/10-1-pulgadas-pantalla-lcd-capacitiva-tactil-panel-air-bonding-atouch-stm32h7-rvt101hvsnwca0#primaryimage"},"image":{"@id":"https:\/\/riverdi.com\/es\/product\/10-1-pulgadas-pantalla-lcd-capacitiva-tactil-panel-air-bonding-atouch-stm32h7-rvt101hvsnwca0#primaryimage"},"thumbnailUrl":"https:\/\/riverdi.com\/wp-content\/uploads\/2024\/04\/RVT101HVSNWCA0.webp","datePublished":"2022-05-12T10:34:20+00:00","dateModified":"2024-10-01T12:15:08+00:00","description":"La serie STM32 Embedded Display de Riverdi son actualmente, las pantallas de mayor resoluci\u00f3n (1280\u00d7800 p\u00edxeles) con STM32H757XIH6 del mercado.","breadcrumb":{"@id":"https:\/\/riverdi.com\/es\/product\/10-1-pulgadas-pantalla-lcd-capacitiva-tactil-panel-air-bonding-atouch-stm32h7-rvt101hvsnwca0#breadcrumb"},"inLanguage":"es","potentialAction":[{"@type":"ReadAction","target":["https:\/\/riverdi.com\/es\/product\/10-1-pulgadas-pantalla-lcd-capacitiva-tactil-panel-air-bonding-atouch-stm32h7-rvt101hvsnwca0"]}]},{"@type":"ImageObject","inLanguage":"es","@id":"https:\/\/riverdi.com\/es\/product\/10-1-pulgadas-pantalla-lcd-capacitiva-tactil-panel-air-bonding-atouch-stm32h7-rvt101hvsnwca0#primaryimage","url":"https:\/\/riverdi.com\/wp-content\/uploads\/2024\/04\/RVT101HVSNWCA0.webp","contentUrl":"https:\/\/riverdi.com\/wp-content\/uploads\/2024\/04\/RVT101HVSNWCA0.webp","width":1293,"height":889,"caption":"Pantalla integrada STM32"},{"@type":"BreadcrumbList","@id":"https:\/\/riverdi.com\/es\/product\/10-1-pulgadas-pantalla-lcd-capacitiva-tactil-panel-air-bonding-atouch-stm32h7-rvt101hvsnwca0#breadcrumb","itemListElement":[{"@type":"ListItem","position":1,"name":"Front Page","item":"https:\/\/riverdi.com\/es\/portada"},{"@type":"ListItem","position":2,"name":"Tienda","item":"https:\/\/riverdi.com\/es\/tienda"},{"@type":"ListItem","position":3,"name":"STM32 Embedded Display &#8211; Panel t\u00e1ctil capacitivo &#8211; Air bonding &#8211; Pantalla LCD TFT de 10,1 pulgadas &#8211; RVT101HVSNWCA0"}]},{"@type":"WebSite","@id":"https:\/\/riverdi.com\/es#website","url":"https:\/\/riverdi.com\/es","name":"Riverdi","description":"Global TFT LCD Manufacturer","potentialAction":[{"@type":"SearchAction","target":{"@type":"EntryPoint","urlTemplate":"https:\/\/riverdi.com\/es?s={search_term_string}"},"query-input":{"@type":"PropertyValueSpecification","valueRequired":true,"valueName":"search_term_string"}}],"inLanguage":"es"}]}},"_links":{"self":[{"href":"https:\/\/riverdi.com\/es\/wp-json\/wp\/v2\/product\/115762","targetHints":{"allow":["GET"]}}],"collection":[{"href":"https:\/\/riverdi.com\/es\/wp-json\/wp\/v2\/product"}],"about":[{"href":"https:\/\/riverdi.com\/es\/wp-json\/wp\/v2\/types\/product"}],"replies":[{"embeddable":true,"href":"https:\/\/riverdi.com\/es\/wp-json\/wp\/v2\/comments?post=115762"}],"wp:featuredmedia":[{"embeddable":true,"href":"https:\/\/riverdi.com\/es\/wp-json\/wp\/v2\/media\/104204"}],"wp:attachment":[{"href":"https:\/\/riverdi.com\/es\/wp-json\/wp\/v2\/media?parent=115762"}],"wp:term":[{"taxonomy":"product_brand","embeddable":true,"href":"https:\/\/riverdi.com\/es\/wp-json\/wp\/v2\/product_brand?post=115762"},{"taxonomy":"product_cat","embeddable":true,"href":"https:\/\/riverdi.com\/es\/wp-json\/wp\/v2\/product_cat?post=115762"},{"taxonomy":"product_tag","embeddable":true,"href":"https:\/\/riverdi.com\/es\/wp-json\/wp\/v2\/product_tag?post=115762"}],"curies":[{"name":"wp","href":"https:\/\/api.w.org\/{rel}","templated":true}]}}