{"id":115683,"date":"2021-06-06T08:00:31","date_gmt":"2021-06-06T06:00:31","guid":{"rendered":"http:\/\/riverdi.com\/product\/pantalla-hdmi-rvt50hqhnwn00-5-pulgadas\/"},"modified":"2026-01-18T17:35:46","modified_gmt":"2026-01-18T16:35:46","slug":"pantalla-hdmi-rvt50hqhnwn00-5-pulgadas","status":"publish","type":"product","link":"https:\/\/riverdi.com\/es\/product\/pantalla-hdmi-rvt50hqhnwn00-5-pulgadas","title":{"rendered":"Pantalla plug and play 5\u2033 TFT LCD 800x480px, HDMI interfaz &#8211; RVT50HQHNWN00"},"content":{"rendered":"<p>no quites esto<\/p>\n","protected":false},"excerpt":{"rendered":"<p><strong>Caracter\u00edsticas principales:<\/strong><\/p>\n<ul>\n<li>Pantalla TFT de 5<\/li>\n<li>Resoluci\u00f3n 800x480px<\/li>\n<li>Alto brillo <sup>1000cd\/m2<\/sup><\/li>\n<li>\u00c1ngulos de visi\u00f3n completos (IPS)<\/li>\n<li><strong>Interfaz HDMI <\/strong> Plug and Play (compatible con PC y SBC)<\/li>\n<li>Admite control PWM externo de la retroiluminaci\u00f3n<\/li>\n<li>M\u00faltiples interfaces de alimentaci\u00f3n: Toma de alimentaci\u00f3n de CC 7,0 V-36,0 V o USB-C.<\/li>\n<\/ul>\n","protected":false},"featured_media":104329,"comment_status":"closed","ping_status":"closed","template":"","meta":{"_acf_changed":false,"content-type":"","inline_featured_image":false},"product_brand":[],"product_cat":[4882,4802,4801,3275,4977,4842,4852],"product_tag":[3278,3277,3281,3289,3290],"class_list":{"0":"post-115683","1":"product","2":"type-product","3":"status-publish","4":"has-post-thumbnail","6":"product_cat-interfaz","7":"product_cat-pantalla-lcd","8":"product_cat-pantalla-tft","9":"product_cat-pantallas-hdmi","10":"product_cat-pantallas-lcd-de-5-pulgadas","11":"product_cat-pantallas-plug-and-play","12":"product_cat-todas-las-pantallas","13":"product_tag-alto-brillo","14":"product_tag-hdmi-es","15":"product_tag-ips-es","16":"product_tag-pantalla-tft","17":"product_tag-usb-c-es","19":"first","20":"instock","21":"taxable","22":"shipping-taxable","23":"purchasable","24":"product-type-simple"},"acf":[],"yoast_head":"<!-- This site is optimized with the Yoast SEO plugin v27.0 - https:\/\/yoast.com\/product\/yoast-seo-wordpress\/ -->\n<title>Pantalla plug and play 5\u2033 TFT LCD 800x480px, HDMI interfaz - RVT50HQHNWN00 | Riverdi<\/title>\n<meta name=\"description\" content=\"Pantalla plug and play 5\u2033 TFT LCD con resoluci\u00f3n 800x480px, legible a la luz del sol con 1000 cd\/m\u00b2. Interfaz HDMI compatible con PC y SBC y \u00e1ngulos de visi\u00f3n completos IPS \u2013 modelo SM-RVT50HQHNWN00\" \/>\n<meta name=\"robots\" content=\"index, follow, max-snippet:-1, max-image-preview:large, max-video-preview:-1\" \/>\n<link rel=\"canonical\" href=\"https:\/\/riverdi.com\/es\/product\/pantalla-hdmi-rvt50hqhnwn00-5-pulgadas\" \/>\n<meta property=\"og:locale\" content=\"es_ES\" \/>\n<meta property=\"og:type\" content=\"article\" \/>\n<meta property=\"og:title\" content=\"Pantalla plug and play 5\u2033 TFT LCD 800x480px, HDMI interfaz - RVT50HQHNWN00 | Riverdi\" \/>\n<meta property=\"og:description\" content=\"Pantalla plug and play 5\u2033 TFT LCD con resoluci\u00f3n 800x480px, legible a la luz del sol con 1000 cd\/m\u00b2. Interfaz HDMI compatible con PC y SBC y \u00e1ngulos de visi\u00f3n completos IPS \u2013 modelo SM-RVT50HQHNWN00\" \/>\n<meta property=\"og:url\" content=\"https:\/\/riverdi.com\/es\/product\/pantalla-hdmi-rvt50hqhnwn00-5-pulgadas\" \/>\n<meta property=\"og:site_name\" content=\"Riverdi\" \/>\n<meta property=\"article:publisher\" content=\"https:\/\/www.facebook.com\/riverdi.displays\/\" \/>\n<meta property=\"article:modified_time\" content=\"2026-01-18T16:35:46+00:00\" \/>\n<meta property=\"og:image\" content=\"https:\/\/riverdi.com\/wp-content\/uploads\/2024\/04\/RVT50HQHNWN00.webp\" \/>\n\t<meta property=\"og:image:width\" content=\"1293\" \/>\n\t<meta property=\"og:image:height\" content=\"889\" \/>\n\t<meta property=\"og:image:type\" content=\"image\/webp\" \/>\n<meta name=\"twitter:card\" content=\"summary_large_image\" \/>\n<meta name=\"twitter:site\" content=\"@riverdidisplays\" \/>\n<meta name=\"twitter:label1\" content=\"Tiempo de lectura\" \/>\n\t<meta name=\"twitter:data1\" content=\"1 minuto\" \/>\n<script type=\"application\/ld+json\" class=\"yoast-schema-graph\">{\"@context\":\"https:\/\/schema.org\",\"@graph\":[{\"@type\":\"WebPage\",\"@id\":\"https:\/\/riverdi.com\/es\/product\/pantalla-hdmi-rvt50hqhnwn00-5-pulgadas\",\"url\":\"https:\/\/riverdi.com\/es\/product\/pantalla-hdmi-rvt50hqhnwn00-5-pulgadas\",\"name\":\"Pantalla plug and play 5\u2033 TFT LCD 800x480px, HDMI interfaz - RVT50HQHNWN00 | Riverdi\",\"isPartOf\":{\"@id\":\"https:\/\/riverdi.com\/es#website\"},\"primaryImageOfPage\":{\"@id\":\"https:\/\/riverdi.com\/es\/product\/pantalla-hdmi-rvt50hqhnwn00-5-pulgadas#primaryimage\"},\"image\":{\"@id\":\"https:\/\/riverdi.com\/es\/product\/pantalla-hdmi-rvt50hqhnwn00-5-pulgadas#primaryimage\"},\"thumbnailUrl\":\"https:\/\/riverdi.com\/wp-content\/uploads\/2024\/04\/RVT50HQHNWN00.webp\",\"datePublished\":\"2021-06-06T06:00:31+00:00\",\"dateModified\":\"2026-01-18T16:35:46+00:00\",\"description\":\"Pantalla plug and play 5\u2033 TFT LCD con resoluci\u00f3n 800x480px, legible a la luz del sol con 1000 cd\/m\u00b2. Interfaz HDMI compatible con PC y SBC y \u00e1ngulos de visi\u00f3n completos IPS \u2013 modelo SM-RVT50HQHNWN00\",\"breadcrumb\":{\"@id\":\"https:\/\/riverdi.com\/es\/product\/pantalla-hdmi-rvt50hqhnwn00-5-pulgadas#breadcrumb\"},\"inLanguage\":\"es\",\"potentialAction\":[{\"@type\":\"ReadAction\",\"target\":[\"https:\/\/riverdi.com\/es\/product\/pantalla-hdmi-rvt50hqhnwn00-5-pulgadas\"]}]},{\"@type\":\"ImageObject\",\"inLanguage\":\"es\",\"@id\":\"https:\/\/riverdi.com\/es\/product\/pantalla-hdmi-rvt50hqhnwn00-5-pulgadas#primaryimage\",\"url\":\"https:\/\/riverdi.com\/wp-content\/uploads\/2024\/04\/RVT50HQHNWN00.webp\",\"contentUrl\":\"https:\/\/riverdi.com\/wp-content\/uploads\/2024\/04\/RVT50HQHNWN00.webp\",\"width\":1293,\"height\":889,\"caption\":\"RVT50HQHNWN00\"},{\"@type\":\"BreadcrumbList\",\"@id\":\"https:\/\/riverdi.com\/es\/product\/pantalla-hdmi-rvt50hqhnwn00-5-pulgadas#breadcrumb\",\"itemListElement\":[{\"@type\":\"ListItem\",\"position\":1,\"name\":\"Front Page\",\"item\":\"https:\/\/riverdi.com\/es\/portada\"},{\"@type\":\"ListItem\",\"position\":2,\"name\":\"Tienda\",\"item\":\"https:\/\/riverdi.com\/es\/tienda\"},{\"@type\":\"ListItem\",\"position\":3,\"name\":\"Pantalla plug and play 5\u2033 TFT LCD 800x480px, HDMI interfaz &#8211; RVT50HQHNWN00\"}]},{\"@type\":\"WebSite\",\"@id\":\"https:\/\/riverdi.com\/es#website\",\"url\":\"https:\/\/riverdi.com\/es\",\"name\":\"Riverdi\",\"description\":\"Global TFT LCD Manufacturer\",\"potentialAction\":[{\"@type\":\"SearchAction\",\"target\":{\"@type\":\"EntryPoint\",\"urlTemplate\":\"https:\/\/riverdi.com\/es?s={search_term_string}\"},\"query-input\":{\"@type\":\"PropertyValueSpecification\",\"valueRequired\":true,\"valueName\":\"search_term_string\"}}],\"inLanguage\":\"es\"}]}<\/script>\n<!-- \/ Yoast SEO plugin. -->","yoast_head_json":{"title":"Pantalla plug and play 5\u2033 TFT LCD 800x480px, HDMI interfaz - RVT50HQHNWN00 | Riverdi","description":"Pantalla plug and play 5\u2033 TFT LCD con resoluci\u00f3n 800x480px, legible a la luz del sol con 1000 cd\/m\u00b2. Interfaz HDMI compatible con PC y SBC y \u00e1ngulos de visi\u00f3n completos IPS \u2013 modelo SM-RVT50HQHNWN00","robots":{"index":"index","follow":"follow","max-snippet":"max-snippet:-1","max-image-preview":"max-image-preview:large","max-video-preview":"max-video-preview:-1"},"canonical":"https:\/\/riverdi.com\/es\/product\/pantalla-hdmi-rvt50hqhnwn00-5-pulgadas","og_locale":"es_ES","og_type":"article","og_title":"Pantalla plug and play 5\u2033 TFT LCD 800x480px, HDMI interfaz - RVT50HQHNWN00 | Riverdi","og_description":"Pantalla plug and play 5\u2033 TFT LCD con resoluci\u00f3n 800x480px, legible a la luz del sol con 1000 cd\/m\u00b2. Interfaz HDMI compatible con PC y SBC y \u00e1ngulos de visi\u00f3n completos IPS \u2013 modelo SM-RVT50HQHNWN00","og_url":"https:\/\/riverdi.com\/es\/product\/pantalla-hdmi-rvt50hqhnwn00-5-pulgadas","og_site_name":"Riverdi","article_publisher":"https:\/\/www.facebook.com\/riverdi.displays\/","article_modified_time":"2026-01-18T16:35:46+00:00","og_image":[{"width":1293,"height":889,"url":"https:\/\/riverdi.com\/wp-content\/uploads\/2024\/04\/RVT50HQHNWN00.webp","type":"image\/webp"}],"twitter_card":"summary_large_image","twitter_site":"@riverdidisplays","twitter_misc":{"Tiempo de lectura":"1 minuto"},"schema":{"@context":"https:\/\/schema.org","@graph":[{"@type":"WebPage","@id":"https:\/\/riverdi.com\/es\/product\/pantalla-hdmi-rvt50hqhnwn00-5-pulgadas","url":"https:\/\/riverdi.com\/es\/product\/pantalla-hdmi-rvt50hqhnwn00-5-pulgadas","name":"Pantalla plug and play 5\u2033 TFT LCD 800x480px, HDMI interfaz - RVT50HQHNWN00 | Riverdi","isPartOf":{"@id":"https:\/\/riverdi.com\/es#website"},"primaryImageOfPage":{"@id":"https:\/\/riverdi.com\/es\/product\/pantalla-hdmi-rvt50hqhnwn00-5-pulgadas#primaryimage"},"image":{"@id":"https:\/\/riverdi.com\/es\/product\/pantalla-hdmi-rvt50hqhnwn00-5-pulgadas#primaryimage"},"thumbnailUrl":"https:\/\/riverdi.com\/wp-content\/uploads\/2024\/04\/RVT50HQHNWN00.webp","datePublished":"2021-06-06T06:00:31+00:00","dateModified":"2026-01-18T16:35:46+00:00","description":"Pantalla plug and play 5\u2033 TFT LCD con resoluci\u00f3n 800x480px, legible a la luz del sol con 1000 cd\/m\u00b2. Interfaz HDMI compatible con PC y SBC y \u00e1ngulos de visi\u00f3n completos IPS \u2013 modelo SM-RVT50HQHNWN00","breadcrumb":{"@id":"https:\/\/riverdi.com\/es\/product\/pantalla-hdmi-rvt50hqhnwn00-5-pulgadas#breadcrumb"},"inLanguage":"es","potentialAction":[{"@type":"ReadAction","target":["https:\/\/riverdi.com\/es\/product\/pantalla-hdmi-rvt50hqhnwn00-5-pulgadas"]}]},{"@type":"ImageObject","inLanguage":"es","@id":"https:\/\/riverdi.com\/es\/product\/pantalla-hdmi-rvt50hqhnwn00-5-pulgadas#primaryimage","url":"https:\/\/riverdi.com\/wp-content\/uploads\/2024\/04\/RVT50HQHNWN00.webp","contentUrl":"https:\/\/riverdi.com\/wp-content\/uploads\/2024\/04\/RVT50HQHNWN00.webp","width":1293,"height":889,"caption":"RVT50HQHNWN00"},{"@type":"BreadcrumbList","@id":"https:\/\/riverdi.com\/es\/product\/pantalla-hdmi-rvt50hqhnwn00-5-pulgadas#breadcrumb","itemListElement":[{"@type":"ListItem","position":1,"name":"Front Page","item":"https:\/\/riverdi.com\/es\/portada"},{"@type":"ListItem","position":2,"name":"Tienda","item":"https:\/\/riverdi.com\/es\/tienda"},{"@type":"ListItem","position":3,"name":"Pantalla plug and play 5\u2033 TFT LCD 800x480px, HDMI interfaz &#8211; RVT50HQHNWN00"}]},{"@type":"WebSite","@id":"https:\/\/riverdi.com\/es#website","url":"https:\/\/riverdi.com\/es","name":"Riverdi","description":"Global TFT LCD Manufacturer","potentialAction":[{"@type":"SearchAction","target":{"@type":"EntryPoint","urlTemplate":"https:\/\/riverdi.com\/es?s={search_term_string}"},"query-input":{"@type":"PropertyValueSpecification","valueRequired":true,"valueName":"search_term_string"}}],"inLanguage":"es"}]}},"_links":{"self":[{"href":"https:\/\/riverdi.com\/es\/wp-json\/wp\/v2\/product\/115683","targetHints":{"allow":["GET"]}}],"collection":[{"href":"https:\/\/riverdi.com\/es\/wp-json\/wp\/v2\/product"}],"about":[{"href":"https:\/\/riverdi.com\/es\/wp-json\/wp\/v2\/types\/product"}],"replies":[{"embeddable":true,"href":"https:\/\/riverdi.com\/es\/wp-json\/wp\/v2\/comments?post=115683"}],"wp:featuredmedia":[{"embeddable":true,"href":"https:\/\/riverdi.com\/es\/wp-json\/wp\/v2\/media\/104329"}],"wp:attachment":[{"href":"https:\/\/riverdi.com\/es\/wp-json\/wp\/v2\/media?parent=115683"}],"wp:term":[{"taxonomy":"product_brand","embeddable":true,"href":"https:\/\/riverdi.com\/es\/wp-json\/wp\/v2\/product_brand?post=115683"},{"taxonomy":"product_cat","embeddable":true,"href":"https:\/\/riverdi.com\/es\/wp-json\/wp\/v2\/product_cat?post=115683"},{"taxonomy":"product_tag","embeddable":true,"href":"https:\/\/riverdi.com\/es\/wp-json\/wp\/v2\/product_tag?post=115683"}],"curies":[{"name":"wp","href":"https:\/\/api.w.org\/{rel}","templated":true}]}}