{"id":115664,"date":"2024-04-03T10:49:49","date_gmt":"2024-04-03T08:49:49","guid":{"rendered":"http:\/\/riverdi.com\/product\/pantalla-hdmi-rvt121hvhnwca0-b\/"},"modified":"2026-01-18T17:10:15","modified_gmt":"2026-01-18T16:10:15","slug":"pantalla-hdmi-rvt121hvhnwca0-b","status":"publish","type":"product","link":"https:\/\/riverdi.com\/es\/product\/pantalla-hdmi-rvt121hvhnwca0-b","title":{"rendered":"Pantalla plug and play 12,1\u2033 TFT LCD 1280x800px, HDMI interfaz + pantalla t\u00e1ctil capacitiva &#8211; RVT121HVHNWCA0-B"},"content":{"rendered":"<p>no quites esto<\/p>\n","protected":false},"excerpt":{"rendered":"<p><strong>Caracter\u00edsticas principales:<\/strong><\/p>\n<ul>\n<li>Pantalla TFT de 12,1<\/li>\n<li>Resoluci\u00f3n 1280x800px<\/li>\n<li>Alto brillo <sup>800cd\/m2<\/sup><\/li>\n<li>\u00c1ngulos de visi\u00f3n completos (IPS)<\/li>\n<li>Uni\u00f3n \u00f3ptica<\/li>\n<li>Pantalla t\u00e1ctil capacitiva industrial proyectada<\/li>\n<li><strong>Interfaz HDMI <\/strong> Plug and Play (compatible con PC y SBC)<\/li>\n<li><strong>Interfaz USB-C<\/strong> plug and play para control t\u00e1ctil<\/li>\n<li>Admite control PWM interno y externo de la retroiluminaci\u00f3n<\/li>\n<li>Men\u00fa OSD multifunci\u00f3n para brillo, contraste y saturaci\u00f3n.<\/li>\n<li>Toma de alimentaci\u00f3n de CC 7,0V-14,0V<\/li>\n<\/ul>\n","protected":false},"featured_media":103477,"comment_status":"closed","ping_status":"closed","template":"","meta":{"_acf_changed":false,"content-type":"","inline_featured_image":false},"product_brand":[],"product_cat":[4882,4802,4801,3275,4892,4842,4813,4814,4852],"product_tag":[3278,3291,3277,3281,3289,3283,3290],"class_list":{"0":"post-115664","1":"product","2":"type-product","3":"status-publish","4":"has-post-thumbnail","6":"product_cat-interfaz","7":"product_cat-pantalla-lcd","8":"product_cat-pantalla-tft","9":"product_cat-pantallas-hdmi","10":"product_cat-pantallas-lcd-de-121-pulgadas","11":"product_cat-pantallas-plug-and-play","12":"product_cat-pantallas-tactiles","13":"product_cat-pantallas-tactiles-capacitivas","14":"product_cat-todas-las-pantallas","15":"product_tag-alto-brillo","16":"product_tag-atoca","17":"product_tag-hdmi-es","18":"product_tag-ips-es","19":"product_tag-pantalla-tft","20":"product_tag-pcap-es","21":"product_tag-usb-c-es","23":"first","24":"instock","25":"taxable","26":"shipping-taxable","27":"purchasable","28":"product-type-simple"},"acf":[],"yoast_head":"<!-- This site is optimized with the Yoast SEO plugin v27.0 - https:\/\/yoast.com\/product\/yoast-seo-wordpress\/ -->\n<title>Pantalla plug and play 12,1\u2033 TFT LCD 1280x800px, HDMI interfaz + pantalla t\u00e1ctil capacitiva - RVT121HVHNWCA0-B | Riverdi<\/title>\n<meta name=\"description\" content=\"Pantalla plug and play 12,1\u2033 TFT LCD con resoluci\u00f3n 1280x800px, legible a la luz del sol con 850 cd\/m\u00b2 y uni\u00f3n \u00f3ptica. Interfaz HDMI compatible con PC y SBC, USB-C para control t\u00e1ctil y \u00e1ngulos de visi\u00f3n completos IPS \u2013 modelo SM-RVT121HVHNWCA0-B\" \/>\n<meta name=\"robots\" content=\"index, follow, max-snippet:-1, max-image-preview:large, max-video-preview:-1\" \/>\n<link rel=\"canonical\" href=\"https:\/\/riverdi.com\/es\/product\/pantalla-hdmi-rvt121hvhnwca0-b\" \/>\n<meta property=\"og:locale\" content=\"es_ES\" \/>\n<meta property=\"og:type\" content=\"article\" \/>\n<meta property=\"og:title\" content=\"Pantalla plug and play 12,1\u2033 TFT LCD 1280x800px, HDMI interfaz + pantalla t\u00e1ctil capacitiva - RVT121HVHNWCA0-B | Riverdi\" \/>\n<meta property=\"og:description\" content=\"Pantalla plug and play 12,1\u2033 TFT LCD con resoluci\u00f3n 1280x800px, legible a la luz del sol con 850 cd\/m\u00b2 y uni\u00f3n \u00f3ptica. Interfaz HDMI compatible con PC y SBC, USB-C para control t\u00e1ctil y \u00e1ngulos de visi\u00f3n completos IPS \u2013 modelo SM-RVT121HVHNWCA0-B\" \/>\n<meta property=\"og:url\" content=\"https:\/\/riverdi.com\/es\/product\/pantalla-hdmi-rvt121hvhnwca0-b\" \/>\n<meta property=\"og:site_name\" content=\"Riverdi\" \/>\n<meta property=\"article:publisher\" content=\"https:\/\/www.facebook.com\/riverdi.displays\/\" \/>\n<meta property=\"article:modified_time\" content=\"2026-01-18T16:10:15+00:00\" \/>\n<meta property=\"og:image\" content=\"https:\/\/riverdi.com\/wp-content\/uploads\/2024\/04\/RVT121HVHNWCA0-B.webp\" \/>\n\t<meta property=\"og:image:width\" content=\"1293\" \/>\n\t<meta property=\"og:image:height\" content=\"889\" \/>\n\t<meta property=\"og:image:type\" content=\"image\/webp\" \/>\n<meta name=\"twitter:card\" content=\"summary_large_image\" \/>\n<meta name=\"twitter:site\" content=\"@riverdidisplays\" \/>\n<meta name=\"twitter:label1\" content=\"Tiempo de lectura\" \/>\n\t<meta name=\"twitter:data1\" content=\"1 minuto\" \/>\n<script type=\"application\/ld+json\" class=\"yoast-schema-graph\">{\"@context\":\"https:\/\/schema.org\",\"@graph\":[{\"@type\":\"WebPage\",\"@id\":\"https:\/\/riverdi.com\/es\/product\/pantalla-hdmi-rvt121hvhnwca0-b\",\"url\":\"https:\/\/riverdi.com\/es\/product\/pantalla-hdmi-rvt121hvhnwca0-b\",\"name\":\"Pantalla plug and play 12,1\u2033 TFT LCD 1280x800px, HDMI interfaz + pantalla t\u00e1ctil capacitiva - RVT121HVHNWCA0-B | Riverdi\",\"isPartOf\":{\"@id\":\"https:\/\/riverdi.com\/es#website\"},\"primaryImageOfPage\":{\"@id\":\"https:\/\/riverdi.com\/es\/product\/pantalla-hdmi-rvt121hvhnwca0-b#primaryimage\"},\"image\":{\"@id\":\"https:\/\/riverdi.com\/es\/product\/pantalla-hdmi-rvt121hvhnwca0-b#primaryimage\"},\"thumbnailUrl\":\"https:\/\/riverdi.com\/wp-content\/uploads\/2024\/04\/RVT121HVHNWCA0-B.webp\",\"datePublished\":\"2024-04-03T08:49:49+00:00\",\"dateModified\":\"2026-01-18T16:10:15+00:00\",\"description\":\"Pantalla plug and play 12,1\u2033 TFT LCD con resoluci\u00f3n 1280x800px, legible a la luz del sol con 850 cd\/m\u00b2 y uni\u00f3n \u00f3ptica. Interfaz HDMI compatible con PC y SBC, USB-C para control t\u00e1ctil y \u00e1ngulos de visi\u00f3n completos IPS \u2013 modelo SM-RVT121HVHNWCA0-B\",\"breadcrumb\":{\"@id\":\"https:\/\/riverdi.com\/es\/product\/pantalla-hdmi-rvt121hvhnwca0-b#breadcrumb\"},\"inLanguage\":\"es\",\"potentialAction\":[{\"@type\":\"ReadAction\",\"target\":[\"https:\/\/riverdi.com\/es\/product\/pantalla-hdmi-rvt121hvhnwca0-b\"]}]},{\"@type\":\"ImageObject\",\"inLanguage\":\"es\",\"@id\":\"https:\/\/riverdi.com\/es\/product\/pantalla-hdmi-rvt121hvhnwca0-b#primaryimage\",\"url\":\"https:\/\/riverdi.com\/wp-content\/uploads\/2024\/04\/RVT121HVHNWCA0-B.webp\",\"contentUrl\":\"https:\/\/riverdi.com\/wp-content\/uploads\/2024\/04\/RVT121HVHNWCA0-B.webp\",\"width\":1293,\"height\":889},{\"@type\":\"BreadcrumbList\",\"@id\":\"https:\/\/riverdi.com\/es\/product\/pantalla-hdmi-rvt121hvhnwca0-b#breadcrumb\",\"itemListElement\":[{\"@type\":\"ListItem\",\"position\":1,\"name\":\"Front Page\",\"item\":\"https:\/\/riverdi.com\/es\/portada\"},{\"@type\":\"ListItem\",\"position\":2,\"name\":\"Tienda\",\"item\":\"https:\/\/riverdi.com\/es\/tienda\"},{\"@type\":\"ListItem\",\"position\":3,\"name\":\"Pantalla plug and play 12,1\u2033 TFT LCD 1280x800px, HDMI interfaz + pantalla t\u00e1ctil capacitiva &#8211; RVT121HVHNWCA0-B\"}]},{\"@type\":\"WebSite\",\"@id\":\"https:\/\/riverdi.com\/es#website\",\"url\":\"https:\/\/riverdi.com\/es\",\"name\":\"Riverdi\",\"description\":\"Global TFT LCD Manufacturer\",\"potentialAction\":[{\"@type\":\"SearchAction\",\"target\":{\"@type\":\"EntryPoint\",\"urlTemplate\":\"https:\/\/riverdi.com\/es?s={search_term_string}\"},\"query-input\":{\"@type\":\"PropertyValueSpecification\",\"valueRequired\":true,\"valueName\":\"search_term_string\"}}],\"inLanguage\":\"es\"}]}<\/script>\n<!-- \/ Yoast SEO plugin. -->","yoast_head_json":{"title":"Pantalla plug and play 12,1\u2033 TFT LCD 1280x800px, HDMI interfaz + pantalla t\u00e1ctil capacitiva - RVT121HVHNWCA0-B | Riverdi","description":"Pantalla plug and play 12,1\u2033 TFT LCD con resoluci\u00f3n 1280x800px, legible a la luz del sol con 850 cd\/m\u00b2 y uni\u00f3n \u00f3ptica. Interfaz HDMI compatible con PC y SBC, USB-C para control t\u00e1ctil y \u00e1ngulos de visi\u00f3n completos IPS \u2013 modelo SM-RVT121HVHNWCA0-B","robots":{"index":"index","follow":"follow","max-snippet":"max-snippet:-1","max-image-preview":"max-image-preview:large","max-video-preview":"max-video-preview:-1"},"canonical":"https:\/\/riverdi.com\/es\/product\/pantalla-hdmi-rvt121hvhnwca0-b","og_locale":"es_ES","og_type":"article","og_title":"Pantalla plug and play 12,1\u2033 TFT LCD 1280x800px, HDMI interfaz + pantalla t\u00e1ctil capacitiva - RVT121HVHNWCA0-B | Riverdi","og_description":"Pantalla plug and play 12,1\u2033 TFT LCD con resoluci\u00f3n 1280x800px, legible a la luz del sol con 850 cd\/m\u00b2 y uni\u00f3n \u00f3ptica. Interfaz HDMI compatible con PC y SBC, USB-C para control t\u00e1ctil y \u00e1ngulos de visi\u00f3n completos IPS \u2013 modelo SM-RVT121HVHNWCA0-B","og_url":"https:\/\/riverdi.com\/es\/product\/pantalla-hdmi-rvt121hvhnwca0-b","og_site_name":"Riverdi","article_publisher":"https:\/\/www.facebook.com\/riverdi.displays\/","article_modified_time":"2026-01-18T16:10:15+00:00","og_image":[{"width":1293,"height":889,"url":"https:\/\/riverdi.com\/wp-content\/uploads\/2024\/04\/RVT121HVHNWCA0-B.webp","type":"image\/webp"}],"twitter_card":"summary_large_image","twitter_site":"@riverdidisplays","twitter_misc":{"Tiempo de lectura":"1 minuto"},"schema":{"@context":"https:\/\/schema.org","@graph":[{"@type":"WebPage","@id":"https:\/\/riverdi.com\/es\/product\/pantalla-hdmi-rvt121hvhnwca0-b","url":"https:\/\/riverdi.com\/es\/product\/pantalla-hdmi-rvt121hvhnwca0-b","name":"Pantalla plug and play 12,1\u2033 TFT LCD 1280x800px, HDMI interfaz + pantalla t\u00e1ctil capacitiva - RVT121HVHNWCA0-B | Riverdi","isPartOf":{"@id":"https:\/\/riverdi.com\/es#website"},"primaryImageOfPage":{"@id":"https:\/\/riverdi.com\/es\/product\/pantalla-hdmi-rvt121hvhnwca0-b#primaryimage"},"image":{"@id":"https:\/\/riverdi.com\/es\/product\/pantalla-hdmi-rvt121hvhnwca0-b#primaryimage"},"thumbnailUrl":"https:\/\/riverdi.com\/wp-content\/uploads\/2024\/04\/RVT121HVHNWCA0-B.webp","datePublished":"2024-04-03T08:49:49+00:00","dateModified":"2026-01-18T16:10:15+00:00","description":"Pantalla plug and play 12,1\u2033 TFT LCD con resoluci\u00f3n 1280x800px, legible a la luz del sol con 850 cd\/m\u00b2 y uni\u00f3n \u00f3ptica. Interfaz HDMI compatible con PC y SBC, USB-C para control t\u00e1ctil y \u00e1ngulos de visi\u00f3n completos IPS \u2013 modelo SM-RVT121HVHNWCA0-B","breadcrumb":{"@id":"https:\/\/riverdi.com\/es\/product\/pantalla-hdmi-rvt121hvhnwca0-b#breadcrumb"},"inLanguage":"es","potentialAction":[{"@type":"ReadAction","target":["https:\/\/riverdi.com\/es\/product\/pantalla-hdmi-rvt121hvhnwca0-b"]}]},{"@type":"ImageObject","inLanguage":"es","@id":"https:\/\/riverdi.com\/es\/product\/pantalla-hdmi-rvt121hvhnwca0-b#primaryimage","url":"https:\/\/riverdi.com\/wp-content\/uploads\/2024\/04\/RVT121HVHNWCA0-B.webp","contentUrl":"https:\/\/riverdi.com\/wp-content\/uploads\/2024\/04\/RVT121HVHNWCA0-B.webp","width":1293,"height":889},{"@type":"BreadcrumbList","@id":"https:\/\/riverdi.com\/es\/product\/pantalla-hdmi-rvt121hvhnwca0-b#breadcrumb","itemListElement":[{"@type":"ListItem","position":1,"name":"Front Page","item":"https:\/\/riverdi.com\/es\/portada"},{"@type":"ListItem","position":2,"name":"Tienda","item":"https:\/\/riverdi.com\/es\/tienda"},{"@type":"ListItem","position":3,"name":"Pantalla plug and play 12,1\u2033 TFT LCD 1280x800px, HDMI interfaz + pantalla t\u00e1ctil capacitiva &#8211; RVT121HVHNWCA0-B"}]},{"@type":"WebSite","@id":"https:\/\/riverdi.com\/es#website","url":"https:\/\/riverdi.com\/es","name":"Riverdi","description":"Global TFT LCD Manufacturer","potentialAction":[{"@type":"SearchAction","target":{"@type":"EntryPoint","urlTemplate":"https:\/\/riverdi.com\/es?s={search_term_string}"},"query-input":{"@type":"PropertyValueSpecification","valueRequired":true,"valueName":"search_term_string"}}],"inLanguage":"es"}]}},"_links":{"self":[{"href":"https:\/\/riverdi.com\/es\/wp-json\/wp\/v2\/product\/115664","targetHints":{"allow":["GET"]}}],"collection":[{"href":"https:\/\/riverdi.com\/es\/wp-json\/wp\/v2\/product"}],"about":[{"href":"https:\/\/riverdi.com\/es\/wp-json\/wp\/v2\/types\/product"}],"replies":[{"embeddable":true,"href":"https:\/\/riverdi.com\/es\/wp-json\/wp\/v2\/comments?post=115664"}],"wp:featuredmedia":[{"embeddable":true,"href":"https:\/\/riverdi.com\/es\/wp-json\/wp\/v2\/media\/103477"}],"wp:attachment":[{"href":"https:\/\/riverdi.com\/es\/wp-json\/wp\/v2\/media?parent=115664"}],"wp:term":[{"taxonomy":"product_brand","embeddable":true,"href":"https:\/\/riverdi.com\/es\/wp-json\/wp\/v2\/product_brand?post=115664"},{"taxonomy":"product_cat","embeddable":true,"href":"https:\/\/riverdi.com\/es\/wp-json\/wp\/v2\/product_cat?post=115664"},{"taxonomy":"product_tag","embeddable":true,"href":"https:\/\/riverdi.com\/es\/wp-json\/wp\/v2\/product_tag?post=115664"}],"curies":[{"name":"wp","href":"https:\/\/api.w.org\/{rel}","templated":true}]}}