{"id":121867,"date":"2024-10-23T13:20:38","date_gmt":"2024-10-23T11:20:38","guid":{"rendered":"https:\/\/riverdi.com\/?page_id=121867"},"modified":"2025-10-09T10:26:49","modified_gmt":"2025-10-09T08:26:49","slug":"libro-blanco","status":"publish","type":"page","link":"https:\/\/riverdi.com\/es\/libro-blanco","title":{"rendered":"Libro Blanco"},"content":{"rendered":"\n<div class=\"whitepaper-wrapper\">\n    <section class=\"whitepaper_s1 vertical-mobile-margin--80\">\n        <div class=\"container-fluid\">\n            <div class=\"whitepaper_s1__content\">\n                <h1>\u00bfQu\u00e9 aprender\u00e1s de nuestro Libro Blanco?<\/h1>\n                <div class=\"whitepaper_s1__cols\">\n                    <div class=\"whitepaper_s1__col whitepaper_s1__col--1\">\n                        <img decoding=\"async\" src=\"https:\/\/riverdi.com\/wp-content\/uploads\/2024\/10\/Perfect_Binding_Brochure_Mockup_5-1.png\" alt=\"Libro Blanco\"\/>\n                    <\/div>\n                    <div class=\"whitepaper_s1__col whitepaper_s1__col--2\">\n                        <ul>\n                            <li><strong>C\u00f3mo localizar y resolver problemas comunes<\/strong> en la optimizaci\u00f3n de los sensores t\u00e1ctiles.<\/li>\n                            <li><strong>Criterios clave de rendimiento t\u00e1ctil<\/strong>, como precisi\u00f3n y capacidad multit\u00e1ctil.<\/li>\n                            <li><strong>Por qu\u00e9 el ajuste del firmware es esencial<\/strong> para mejorar el rendimiento de la pantalla t\u00e1ctil, sobre todo en condiciones dif\u00edciles.<\/li>\n                            <li><strong>Ventajas de utilizar controladores t\u00e1ctiles industriales.<\/strong><\/li>\n                            <li><strong>Consejos pr\u00e1cticos para dise\u00f1ar<\/strong> paneles t\u00e1ctiles fiables de alta inmunidad.<\/li>\n                        <\/ul>\n                        <p> <\/p>\n                        <a class=\"cs-button cs-button--orange-2\" href=\"#whitepaper\">Descargar ahora<\/a>\n                    <\/div>\n                <\/div>\n            <\/div>\n        <\/div>\n    <\/section>\n    <section class=\"whitepaper\" id=\"whitepaper\">\n        <div class=\"contact_section vertical-mobile-margin\">\n            <div class=\"container-small\">\n                <div class=\"contact_section__wrapper\">\n                    <div class=\"contact_section__col contact_section__col--1\">\n                        <h2 class=\"heading-1\"><span>Descubre en <br\/>c\u00f3mo elegir<\/span> el CI de sensor t\u00e1ctil adecuado<\/h2>\n                        <p>Las pantallas t\u00e1ctiles industriales de Riverdi est\u00e1n dise\u00f1adas para afrontar muchos retos, garantizando un alto rendimiento y fiabilidad. Para obtener una gu\u00eda detallada sobre la selecci\u00f3n del CI de sensor t\u00e1ctil ideal para tu proyecto, <strong>descarga nuestro Libro Blanco por formulario.<\/strong> <\/p>\n                    <\/div>\n                    <div class=\"contact_section__col contact_section__col--2\">\n                        <p>\n                        <script charSet=\"utf-8\" type=\"text\/javascript\" src=\"\/\/js-eu1.hsforms.net\/forms\/embed\/v2.js\"><\/script>\n<script>\n    hbspt.forms.create({\n        region: \"eu1\",\n        portalId: \"143725558\",\n        formId: \"06030c3f-ec5a-4110-887c-5ed30204ed2b\",\n        onFormReady: function () {\n            setTimeout(function () {\n                var last_clicked_field = '';\n                jQuery('#hsForm_06030c3f-ec5a-4110-887c-5ed30204ed2b').on('click', function (e) {\n                    if(last_clicked_field == ''){\n                        window.dataLayer = window.dataLayer || [];\n                        window.dataLayer.push({\n                            event: 'form_start',\n                            form_name: 'Whitepaper'\n                        });\n                    }\n                    var inputName = jQuery(e.target).attr('name');\n                    if (inputName !== undefined && inputName.length > 3 && last_clicked_field != inputName) {\n                        window.dataLayer = window.dataLayer || [];\n                        window.dataLayer.push({\n                            event: 'click_form_field',\n                            form_field_name: inputName,\n                            form_name: 'Whitepaper'\n                        });\n                        last_clicked_field = inputName;\n                    }\n                });\n            }, 300);\n        }\n    });\nfunction reportErrors() {\n                        jQuery('#hsForm_06030c3f-ec5a-4110-887c-5ed30204ed2b .hs-form-field').each(function () {\n                            var $field = jQuery(this);\n                            var fieldName = $field.find('.input').find('input, select, textarea').attr('name');\n                            $field.find('.hs-error-msgs li').each(function () {\n                                var errorText = jQuery(this).text().trim();\n                                window.dataLayer = window.dataLayer || [];\n                                var payload = {\n                                    event: 'form_field_error',\n                                    form_name: 'Whitepaper',\n                                    form_field_name: fieldName,\n                                    error_type: 'B\u0142\u0105d walidacji',\n                                    error_message: errorText\n                                };\n                                window.dataLayer.push(payload);\n                            });\n                        });\n                        var otherError = jQuery('.hs_error_rollup').text();\n                        if(otherError.length > 0){\n                            window.dataLayer = window.dataLayer || [];\n                            window.dataLayer.push({\n                                event: 'form_error',\n                                form_name: 'Whitepaper',\n                                error_type: 'Error_Summary',\n                                error_message: otherError\n                            });\n                        }\n                    }\n                    window.addEventListener('message', function (event) {\n                        if (event.data.eventName === 'onFormError') {\n                            setTimeout(reportErrors, 100);\n                        }\n                    });\n<\/script>\n                        <\/p>\n                    <\/div>\n                <\/div>\n            <\/div>\n        <\/div>\n    <\/section>\n<\/div>\n\n\n\n<p><\/p>\n","protected":false},"excerpt":{"rendered":"<p>\u00bfQu\u00e9 aprender\u00e1s de nuestro Libro Blanco? C\u00f3mo localizar y resolver problemas comunes en la optimizaci\u00f3n de los sensores t\u00e1ctiles. Criterios clave de rendimiento t\u00e1ctil, como precisi\u00f3n y capacidad multit\u00e1ctil. Por qu\u00e9 el ajuste del firmware es esencial para mejorar el rendimiento de la pantalla t\u00e1ctil, sobre todo en condiciones dif\u00edciles. Ventajas de utilizar controladores t\u00e1ctiles [&hellip;]<\/p>\n","protected":false},"author":19,"featured_media":0,"parent":0,"menu_order":0,"comment_status":"closed","ping_status":"closed","template":"clear-template.php","meta":{"_acf_changed":false,"content-type":"","inline_featured_image":false,"footnotes":""},"class_list":["post-121867","page","type-page","status-publish","hentry"],"acf":[],"yoast_head":"<!-- This site is optimized with the Yoast SEO plugin v27.0 - https:\/\/yoast.com\/product\/yoast-seo-wordpress\/ -->\n<title>Libro Blanco - Riverdi<\/title>\n<meta name=\"robots\" content=\"index, follow, max-snippet:-1, max-image-preview:large, max-video-preview:-1\" \/>\n<link rel=\"canonical\" href=\"https:\/\/riverdi.com\/es\/libro-blanco\" \/>\n<meta property=\"og:locale\" content=\"es_ES\" \/>\n<meta property=\"og:type\" content=\"article\" \/>\n<meta property=\"og:title\" content=\"Libro Blanco - Riverdi\" \/>\n<meta property=\"og:description\" content=\"\u00bfQu\u00e9 aprender\u00e1s de nuestro Libro Blanco? C\u00f3mo localizar y resolver problemas comunes en la optimizaci\u00f3n de los sensores t\u00e1ctiles. Criterios clave de rendimiento t\u00e1ctil, como precisi\u00f3n y capacidad multit\u00e1ctil. Por qu\u00e9 el ajuste del firmware es esencial para mejorar el rendimiento de la pantalla t\u00e1ctil, sobre todo en condiciones dif\u00edciles. Ventajas de utilizar controladores t\u00e1ctiles [&hellip;]\" \/>\n<meta property=\"og:url\" content=\"https:\/\/riverdi.com\/es\/libro-blanco\" \/>\n<meta property=\"og:site_name\" content=\"Riverdi\" \/>\n<meta property=\"article:publisher\" content=\"https:\/\/www.facebook.com\/riverdi.displays\/\" \/>\n<meta property=\"article:modified_time\" content=\"2025-10-09T08:26:49+00:00\" \/>\n<meta property=\"og:image\" content=\"https:\/\/riverdi.com\/wp-content\/uploads\/2024\/10\/Perfect_Binding_Brochure_Mockup_5-1.png\" \/>\n<meta name=\"twitter:card\" content=\"summary_large_image\" \/>\n<meta name=\"twitter:site\" content=\"@riverdidisplays\" \/>\n<meta name=\"twitter:label1\" content=\"Tiempo de lectura\" \/>\n\t<meta name=\"twitter:data1\" content=\"1 minuto\" \/>\n<script type=\"application\/ld+json\" class=\"yoast-schema-graph\">{\"@context\":\"https:\/\/schema.org\",\"@graph\":[{\"@type\":\"WebPage\",\"@id\":\"https:\/\/riverdi.com\/es\/libro-blanco\",\"url\":\"https:\/\/riverdi.com\/es\/libro-blanco\",\"name\":\"Libro Blanco - Riverdi\",\"isPartOf\":{\"@id\":\"https:\/\/riverdi.com\/es#website\"},\"primaryImageOfPage\":{\"@id\":\"https:\/\/riverdi.com\/es\/libro-blanco#primaryimage\"},\"image\":{\"@id\":\"https:\/\/riverdi.com\/es\/libro-blanco#primaryimage\"},\"thumbnailUrl\":\"https:\/\/riverdi.com\/wp-content\/uploads\/2024\/10\/Perfect_Binding_Brochure_Mockup_5-1.png\",\"datePublished\":\"2024-10-23T11:20:38+00:00\",\"dateModified\":\"2025-10-09T08:26:49+00:00\",\"breadcrumb\":{\"@id\":\"https:\/\/riverdi.com\/es\/libro-blanco#breadcrumb\"},\"inLanguage\":\"es\",\"potentialAction\":[{\"@type\":\"ReadAction\",\"target\":[\"https:\/\/riverdi.com\/es\/libro-blanco\"]}]},{\"@type\":\"ImageObject\",\"inLanguage\":\"es\",\"@id\":\"https:\/\/riverdi.com\/es\/libro-blanco#primaryimage\",\"url\":\"https:\/\/riverdi.com\/wp-content\/uploads\/2024\/10\/Perfect_Binding_Brochure_Mockup_5-1.png\",\"contentUrl\":\"https:\/\/riverdi.com\/wp-content\/uploads\/2024\/10\/Perfect_Binding_Brochure_Mockup_5-1.png\"},{\"@type\":\"BreadcrumbList\",\"@id\":\"https:\/\/riverdi.com\/es\/libro-blanco#breadcrumb\",\"itemListElement\":[{\"@type\":\"ListItem\",\"position\":1,\"name\":\"Front Page\",\"item\":\"https:\/\/riverdi.com\/es\/portada\"},{\"@type\":\"ListItem\",\"position\":2,\"name\":\"Libro Blanco\"}]},{\"@type\":\"WebSite\",\"@id\":\"https:\/\/riverdi.com\/es#website\",\"url\":\"https:\/\/riverdi.com\/es\",\"name\":\"Riverdi\",\"description\":\"Global TFT LCD Manufacturer\",\"potentialAction\":[{\"@type\":\"SearchAction\",\"target\":{\"@type\":\"EntryPoint\",\"urlTemplate\":\"https:\/\/riverdi.com\/es?s={search_term_string}\"},\"query-input\":{\"@type\":\"PropertyValueSpecification\",\"valueRequired\":true,\"valueName\":\"search_term_string\"}}],\"inLanguage\":\"es\"}]}<\/script>\n<!-- \/ Yoast SEO plugin. -->","yoast_head_json":{"title":"Libro Blanco - Riverdi","robots":{"index":"index","follow":"follow","max-snippet":"max-snippet:-1","max-image-preview":"max-image-preview:large","max-video-preview":"max-video-preview:-1"},"canonical":"https:\/\/riverdi.com\/es\/libro-blanco","og_locale":"es_ES","og_type":"article","og_title":"Libro Blanco - Riverdi","og_description":"\u00bfQu\u00e9 aprender\u00e1s de nuestro Libro Blanco? C\u00f3mo localizar y resolver problemas comunes en la optimizaci\u00f3n de los sensores t\u00e1ctiles. Criterios clave de rendimiento t\u00e1ctil, como precisi\u00f3n y capacidad multit\u00e1ctil. Por qu\u00e9 el ajuste del firmware es esencial para mejorar el rendimiento de la pantalla t\u00e1ctil, sobre todo en condiciones dif\u00edciles. Ventajas de utilizar controladores t\u00e1ctiles [&hellip;]","og_url":"https:\/\/riverdi.com\/es\/libro-blanco","og_site_name":"Riverdi","article_publisher":"https:\/\/www.facebook.com\/riverdi.displays\/","article_modified_time":"2025-10-09T08:26:49+00:00","og_image":[{"url":"https:\/\/riverdi.com\/wp-content\/uploads\/2024\/10\/Perfect_Binding_Brochure_Mockup_5-1.png","type":"","width":"","height":""}],"twitter_card":"summary_large_image","twitter_site":"@riverdidisplays","twitter_misc":{"Tiempo de lectura":"1 minuto"},"schema":{"@context":"https:\/\/schema.org","@graph":[{"@type":"WebPage","@id":"https:\/\/riverdi.com\/es\/libro-blanco","url":"https:\/\/riverdi.com\/es\/libro-blanco","name":"Libro Blanco - Riverdi","isPartOf":{"@id":"https:\/\/riverdi.com\/es#website"},"primaryImageOfPage":{"@id":"https:\/\/riverdi.com\/es\/libro-blanco#primaryimage"},"image":{"@id":"https:\/\/riverdi.com\/es\/libro-blanco#primaryimage"},"thumbnailUrl":"https:\/\/riverdi.com\/wp-content\/uploads\/2024\/10\/Perfect_Binding_Brochure_Mockup_5-1.png","datePublished":"2024-10-23T11:20:38+00:00","dateModified":"2025-10-09T08:26:49+00:00","breadcrumb":{"@id":"https:\/\/riverdi.com\/es\/libro-blanco#breadcrumb"},"inLanguage":"es","potentialAction":[{"@type":"ReadAction","target":["https:\/\/riverdi.com\/es\/libro-blanco"]}]},{"@type":"ImageObject","inLanguage":"es","@id":"https:\/\/riverdi.com\/es\/libro-blanco#primaryimage","url":"https:\/\/riverdi.com\/wp-content\/uploads\/2024\/10\/Perfect_Binding_Brochure_Mockup_5-1.png","contentUrl":"https:\/\/riverdi.com\/wp-content\/uploads\/2024\/10\/Perfect_Binding_Brochure_Mockup_5-1.png"},{"@type":"BreadcrumbList","@id":"https:\/\/riverdi.com\/es\/libro-blanco#breadcrumb","itemListElement":[{"@type":"ListItem","position":1,"name":"Front Page","item":"https:\/\/riverdi.com\/es\/portada"},{"@type":"ListItem","position":2,"name":"Libro Blanco"}]},{"@type":"WebSite","@id":"https:\/\/riverdi.com\/es#website","url":"https:\/\/riverdi.com\/es","name":"Riverdi","description":"Global TFT LCD Manufacturer","potentialAction":[{"@type":"SearchAction","target":{"@type":"EntryPoint","urlTemplate":"https:\/\/riverdi.com\/es?s={search_term_string}"},"query-input":{"@type":"PropertyValueSpecification","valueRequired":true,"valueName":"search_term_string"}}],"inLanguage":"es"}]}},"_links":{"self":[{"href":"https:\/\/riverdi.com\/es\/wp-json\/wp\/v2\/pages\/121867","targetHints":{"allow":["GET"]}}],"collection":[{"href":"https:\/\/riverdi.com\/es\/wp-json\/wp\/v2\/pages"}],"about":[{"href":"https:\/\/riverdi.com\/es\/wp-json\/wp\/v2\/types\/page"}],"author":[{"embeddable":true,"href":"https:\/\/riverdi.com\/es\/wp-json\/wp\/v2\/users\/19"}],"replies":[{"embeddable":true,"href":"https:\/\/riverdi.com\/es\/wp-json\/wp\/v2\/comments?post=121867"}],"version-history":[{"count":4,"href":"https:\/\/riverdi.com\/es\/wp-json\/wp\/v2\/pages\/121867\/revisions"}],"predecessor-version":[{"id":126715,"href":"https:\/\/riverdi.com\/es\/wp-json\/wp\/v2\/pages\/121867\/revisions\/126715"}],"wp:attachment":[{"href":"https:\/\/riverdi.com\/es\/wp-json\/wp\/v2\/media?parent=121867"}],"curies":[{"name":"wp","href":"https:\/\/api.w.org\/{rel}","templated":true}]}}