{"id":121094,"date":"2024-06-14T13:34:45","date_gmt":"2024-06-14T11:34:45","guid":{"rendered":"https:\/\/riverdi.com\/boletin"},"modified":"2025-10-09T09:57:19","modified_gmt":"2025-10-09T07:57:19","slug":"boletin","status":"publish","type":"page","link":"https:\/\/riverdi.com\/es\/boletin","title":{"rendered":"Bolet\u00edn Riverdi"},"content":{"rendered":"<p>Por qu\u00e9 merece la pena unirse a la comunidad Riverdi:<\/p>\n<ul>\n<li><strong>Cada semana<\/strong> s\u00e9 el primero en enterarte de <strong>los valiosos conocimientos del sector<\/strong> por Riverdi.<\/li>\n<li>La forma m\u00e1s r\u00e1pida de conocer las <strong>actualizaciones y los nuevos<\/strong> productos de nuestra oferta.<\/li>\n<li><strong>Eventos de la industria<\/strong> en los que comprobar\u00e1s los productos en directo.<\/li>\n<li><strong>Contenido exclusivo s\u00f3lo para suscriptores.<\/strong><\/li>\n<\/ul>\n<p>\u00a1Inscr\u00edbete ya!<\/p>\n","protected":false},"excerpt":{"rendered":"<p>Por qu\u00e9 merece la pena unirse a la comunidad Riverdi: Cada semana s\u00e9 el primero en enterarte de los valiosos conocimientos del sector por Riverdi. La forma m\u00e1s r\u00e1pida de conocer las actualizaciones y los nuevos productos de nuestra oferta. Eventos de la industria en los que comprobar\u00e1s los productos en directo. Contenido exclusivo s\u00f3lo [&hellip;]<\/p>\n","protected":false},"author":19,"featured_media":0,"parent":0,"menu_order":0,"comment_status":"closed","ping_status":"closed","template":"newsletter.php","meta":{"_acf_changed":false,"content-type":"","inline_featured_image":false,"footnotes":""},"class_list":["post-121094","page","type-page","status-publish","hentry"],"acf":[],"yoast_head":"<!-- This site is optimized with the Yoast SEO plugin v27.0 - https:\/\/yoast.com\/product\/yoast-seo-wordpress\/ -->\n<title>Bolet\u00edn Riverdi - Riverdi<\/title>\n<meta name=\"robots\" content=\"index, follow, max-snippet:-1, max-image-preview:large, max-video-preview:-1\" \/>\n<link rel=\"canonical\" href=\"https:\/\/riverdi.com\/es\/boletin\" \/>\n<meta property=\"og:locale\" content=\"es_ES\" \/>\n<meta property=\"og:type\" content=\"article\" \/>\n<meta property=\"og:title\" content=\"Bolet\u00edn Riverdi - Riverdi\" \/>\n<meta property=\"og:description\" content=\"Por qu\u00e9 merece la pena unirse a la comunidad Riverdi: Cada semana s\u00e9 el primero en enterarte de los valiosos conocimientos del sector por Riverdi. La forma m\u00e1s r\u00e1pida de conocer las actualizaciones y los nuevos productos de nuestra oferta. Eventos de la industria en los que comprobar\u00e1s los productos en directo. Contenido exclusivo s\u00f3lo [&hellip;]\" \/>\n<meta property=\"og:url\" content=\"https:\/\/riverdi.com\/es\/boletin\" \/>\n<meta property=\"og:site_name\" content=\"Riverdi\" \/>\n<meta property=\"article:publisher\" content=\"https:\/\/www.facebook.com\/riverdi.displays\/\" \/>\n<meta property=\"article:modified_time\" content=\"2025-10-09T07:57:19+00:00\" \/>\n<meta property=\"og:image\" content=\"https:\/\/riverdi.com\/wp-content\/uploads\/2024\/06\/logo-1.jpg\" \/>\n\t<meta property=\"og:image:width\" content=\"1024\" \/>\n\t<meta property=\"og:image:height\" content=\"1024\" \/>\n\t<meta property=\"og:image:type\" content=\"image\/jpeg\" \/>\n<meta name=\"twitter:card\" content=\"summary_large_image\" \/>\n<meta name=\"twitter:site\" content=\"@riverdidisplays\" \/>\n<meta name=\"twitter:label1\" content=\"Tiempo de lectura\" \/>\n\t<meta name=\"twitter:data1\" content=\"1 minuto\" \/>\n<script type=\"application\/ld+json\" class=\"yoast-schema-graph\">{\"@context\":\"https:\/\/schema.org\",\"@graph\":[{\"@type\":\"WebPage\",\"@id\":\"https:\/\/riverdi.com\/es\/boletin\",\"url\":\"https:\/\/riverdi.com\/es\/boletin\",\"name\":\"Bolet\u00edn Riverdi - Riverdi\",\"isPartOf\":{\"@id\":\"https:\/\/riverdi.com\/es#website\"},\"datePublished\":\"2024-06-14T11:34:45+00:00\",\"dateModified\":\"2025-10-09T07:57:19+00:00\",\"breadcrumb\":{\"@id\":\"https:\/\/riverdi.com\/es\/boletin#breadcrumb\"},\"inLanguage\":\"es\",\"potentialAction\":[{\"@type\":\"ReadAction\",\"target\":[\"https:\/\/riverdi.com\/es\/boletin\"]}]},{\"@type\":\"BreadcrumbList\",\"@id\":\"https:\/\/riverdi.com\/es\/boletin#breadcrumb\",\"itemListElement\":[{\"@type\":\"ListItem\",\"position\":1,\"name\":\"Front Page\",\"item\":\"https:\/\/riverdi.com\/es\/portada\"},{\"@type\":\"ListItem\",\"position\":2,\"name\":\"Bolet\u00edn Riverdi\"}]},{\"@type\":\"WebSite\",\"@id\":\"https:\/\/riverdi.com\/es#website\",\"url\":\"https:\/\/riverdi.com\/es\",\"name\":\"Riverdi\",\"description\":\"Global TFT LCD Manufacturer\",\"potentialAction\":[{\"@type\":\"SearchAction\",\"target\":{\"@type\":\"EntryPoint\",\"urlTemplate\":\"https:\/\/riverdi.com\/es?s={search_term_string}\"},\"query-input\":{\"@type\":\"PropertyValueSpecification\",\"valueRequired\":true,\"valueName\":\"search_term_string\"}}],\"inLanguage\":\"es\"}]}<\/script>\n<!-- \/ Yoast SEO plugin. -->","yoast_head_json":{"title":"Bolet\u00edn Riverdi - Riverdi","robots":{"index":"index","follow":"follow","max-snippet":"max-snippet:-1","max-image-preview":"max-image-preview:large","max-video-preview":"max-video-preview:-1"},"canonical":"https:\/\/riverdi.com\/es\/boletin","og_locale":"es_ES","og_type":"article","og_title":"Bolet\u00edn Riverdi - Riverdi","og_description":"Por qu\u00e9 merece la pena unirse a la comunidad Riverdi: Cada semana s\u00e9 el primero en enterarte de los valiosos conocimientos del sector por Riverdi. La forma m\u00e1s r\u00e1pida de conocer las actualizaciones y los nuevos productos de nuestra oferta. Eventos de la industria en los que comprobar\u00e1s los productos en directo. Contenido exclusivo s\u00f3lo [&hellip;]","og_url":"https:\/\/riverdi.com\/es\/boletin","og_site_name":"Riverdi","article_publisher":"https:\/\/www.facebook.com\/riverdi.displays\/","article_modified_time":"2025-10-09T07:57:19+00:00","og_image":[{"width":1024,"height":1024,"url":"https:\/\/riverdi.com\/wp-content\/uploads\/2024\/06\/logo-1.jpg","type":"image\/jpeg"}],"twitter_card":"summary_large_image","twitter_site":"@riverdidisplays","twitter_misc":{"Tiempo de lectura":"1 minuto"},"schema":{"@context":"https:\/\/schema.org","@graph":[{"@type":"WebPage","@id":"https:\/\/riverdi.com\/es\/boletin","url":"https:\/\/riverdi.com\/es\/boletin","name":"Bolet\u00edn Riverdi - Riverdi","isPartOf":{"@id":"https:\/\/riverdi.com\/es#website"},"datePublished":"2024-06-14T11:34:45+00:00","dateModified":"2025-10-09T07:57:19+00:00","breadcrumb":{"@id":"https:\/\/riverdi.com\/es\/boletin#breadcrumb"},"inLanguage":"es","potentialAction":[{"@type":"ReadAction","target":["https:\/\/riverdi.com\/es\/boletin"]}]},{"@type":"BreadcrumbList","@id":"https:\/\/riverdi.com\/es\/boletin#breadcrumb","itemListElement":[{"@type":"ListItem","position":1,"name":"Front Page","item":"https:\/\/riverdi.com\/es\/portada"},{"@type":"ListItem","position":2,"name":"Bolet\u00edn Riverdi"}]},{"@type":"WebSite","@id":"https:\/\/riverdi.com\/es#website","url":"https:\/\/riverdi.com\/es","name":"Riverdi","description":"Global TFT LCD Manufacturer","potentialAction":[{"@type":"SearchAction","target":{"@type":"EntryPoint","urlTemplate":"https:\/\/riverdi.com\/es?s={search_term_string}"},"query-input":{"@type":"PropertyValueSpecification","valueRequired":true,"valueName":"search_term_string"}}],"inLanguage":"es"}]}},"_links":{"self":[{"href":"https:\/\/riverdi.com\/es\/wp-json\/wp\/v2\/pages\/121094","targetHints":{"allow":["GET"]}}],"collection":[{"href":"https:\/\/riverdi.com\/es\/wp-json\/wp\/v2\/pages"}],"about":[{"href":"https:\/\/riverdi.com\/es\/wp-json\/wp\/v2\/types\/page"}],"author":[{"embeddable":true,"href":"https:\/\/riverdi.com\/es\/wp-json\/wp\/v2\/users\/19"}],"replies":[{"embeddable":true,"href":"https:\/\/riverdi.com\/es\/wp-json\/wp\/v2\/comments?post=121094"}],"version-history":[{"count":2,"href":"https:\/\/riverdi.com\/es\/wp-json\/wp\/v2\/pages\/121094\/revisions"}],"predecessor-version":[{"id":126710,"href":"https:\/\/riverdi.com\/es\/wp-json\/wp\/v2\/pages\/121094\/revisions\/126710"}],"wp:attachment":[{"href":"https:\/\/riverdi.com\/es\/wp-json\/wp\/v2\/media?parent=121094"}],"curies":[{"name":"wp","href":"https:\/\/api.w.org\/{rel}","templated":true}]}}