{"id":116413,"date":"2024-02-27T10:10:29","date_gmt":"2024-02-27T09:10:29","guid":{"rendered":"http:\/\/riverdi.com\/acerca-de\/"},"modified":"2024-07-23T14:37:33","modified_gmt":"2024-07-23T12:37:33","slug":"acerca-de","status":"publish","type":"page","link":"https:\/\/riverdi.com\/es\/acerca-de","title":{"rendered":"Qui\u00e9nes somos"},"content":{"rendered":"","protected":false},"excerpt":{"rendered":"","protected":false},"author":19,"featured_media":0,"parent":0,"menu_order":0,"comment_status":"closed","ping_status":"closed","template":"main.php","meta":{"_acf_changed":false,"content-type":"","inline_featured_image":false,"footnotes":""},"class_list":["post-116413","page","type-page","status-publish","hentry"],"acf":[],"yoast_head":"<!-- This site is optimized with the Yoast SEO plugin v27.3 - https:\/\/yoast.com\/product\/yoast-seo-wordpress\/ -->\n<title>Acerca de nosotros | Riverdi | Expertos en soluciones de visualizaci\u00f3n<\/title>\n<meta name=\"description\" content=\"Nuestra misi\u00f3n es ofrecerle soluciones de visualizaci\u00f3n de alta calidad, accesibles y personalizables. Empleamos las \u00faltimas tecnolog\u00edas de visualizaci\u00f3n...\" \/>\n<meta name=\"robots\" content=\"index, follow, max-snippet:-1, max-image-preview:large, max-video-preview:-1\" \/>\n<link rel=\"canonical\" href=\"https:\/\/riverdi.com\/es\/acerca-de\" \/>\n<meta property=\"og:locale\" content=\"es_ES\" \/>\n<meta property=\"og:type\" content=\"article\" \/>\n<meta property=\"og:title\" content=\"Acerca de nosotros | Riverdi | Expertos en soluciones de visualizaci\u00f3n\" \/>\n<meta property=\"og:description\" content=\"Nuestra misi\u00f3n es ofrecerle soluciones de visualizaci\u00f3n de alta calidad, accesibles y personalizables. Empleamos las \u00faltimas tecnolog\u00edas de visualizaci\u00f3n...\" \/>\n<meta property=\"og:url\" content=\"https:\/\/riverdi.com\/es\/acerca-de\" \/>\n<meta property=\"og:site_name\" content=\"Riverdi\" \/>\n<meta property=\"article:publisher\" content=\"https:\/\/www.facebook.com\/riverdi.displays\/\" \/>\n<meta property=\"article:modified_time\" content=\"2024-07-23T12:37:33+00:00\" \/>\n<meta property=\"og:image\" content=\"https:\/\/riverdi.com\/wp-content\/uploads\/2024\/06\/logo-1.jpg\" \/>\n\t<meta property=\"og:image:width\" content=\"1024\" \/>\n\t<meta property=\"og:image:height\" content=\"1024\" \/>\n\t<meta property=\"og:image:type\" content=\"image\/jpeg\" \/>\n<meta name=\"twitter:card\" content=\"summary_large_image\" \/>\n<meta name=\"twitter:site\" content=\"@riverdidisplays\" \/>\n<script type=\"application\/ld+json\" class=\"yoast-schema-graph\">{\"@context\":\"https:\\\/\\\/schema.org\",\"@graph\":[{\"@type\":\"WebPage\",\"@id\":\"https:\\\/\\\/riverdi.com\\\/es\\\/acerca-de\",\"url\":\"https:\\\/\\\/riverdi.com\\\/es\\\/acerca-de\",\"name\":\"Acerca de nosotros | Riverdi | Expertos en soluciones de visualizaci\u00f3n\",\"isPartOf\":{\"@id\":\"https:\\\/\\\/riverdi.com\\\/es#website\"},\"datePublished\":\"2024-02-27T09:10:29+00:00\",\"dateModified\":\"2024-07-23T12:37:33+00:00\",\"description\":\"Nuestra misi\u00f3n es ofrecerle soluciones de visualizaci\u00f3n de alta calidad, accesibles y personalizables. Empleamos las \u00faltimas tecnolog\u00edas de visualizaci\u00f3n...\",\"breadcrumb\":{\"@id\":\"https:\\\/\\\/riverdi.com\\\/es\\\/acerca-de#breadcrumb\"},\"inLanguage\":\"es\",\"potentialAction\":[{\"@type\":\"ReadAction\",\"target\":[\"https:\\\/\\\/riverdi.com\\\/es\\\/acerca-de\"]}]},{\"@type\":\"BreadcrumbList\",\"@id\":\"https:\\\/\\\/riverdi.com\\\/es\\\/acerca-de#breadcrumb\",\"itemListElement\":[{\"@type\":\"ListItem\",\"position\":1,\"name\":\"Front Page\",\"item\":\"https:\\\/\\\/riverdi.com\\\/es\\\/portada\"},{\"@type\":\"ListItem\",\"position\":2,\"name\":\"Qui\u00e9nes somos\"}]},{\"@type\":\"WebSite\",\"@id\":\"https:\\\/\\\/riverdi.com\\\/es#website\",\"url\":\"https:\\\/\\\/riverdi.com\\\/es\",\"name\":\"Riverdi\",\"description\":\"Global TFT LCD Manufacturer\",\"potentialAction\":[{\"@type\":\"SearchAction\",\"target\":{\"@type\":\"EntryPoint\",\"urlTemplate\":\"https:\\\/\\\/riverdi.com\\\/es?s={search_term_string}\"},\"query-input\":{\"@type\":\"PropertyValueSpecification\",\"valueRequired\":true,\"valueName\":\"search_term_string\"}}],\"inLanguage\":\"es\"}]}<\/script>\n<!-- \/ Yoast SEO plugin. -->","yoast_head_json":{"title":"Acerca de nosotros | Riverdi | Expertos en soluciones de visualizaci\u00f3n","description":"Nuestra misi\u00f3n es ofrecerle soluciones de visualizaci\u00f3n de alta calidad, accesibles y personalizables. Empleamos las \u00faltimas tecnolog\u00edas de visualizaci\u00f3n...","robots":{"index":"index","follow":"follow","max-snippet":"max-snippet:-1","max-image-preview":"max-image-preview:large","max-video-preview":"max-video-preview:-1"},"canonical":"https:\/\/riverdi.com\/es\/acerca-de","og_locale":"es_ES","og_type":"article","og_title":"Acerca de nosotros | Riverdi | Expertos en soluciones de visualizaci\u00f3n","og_description":"Nuestra misi\u00f3n es ofrecerle soluciones de visualizaci\u00f3n de alta calidad, accesibles y personalizables. Empleamos las \u00faltimas tecnolog\u00edas de visualizaci\u00f3n...","og_url":"https:\/\/riverdi.com\/es\/acerca-de","og_site_name":"Riverdi","article_publisher":"https:\/\/www.facebook.com\/riverdi.displays\/","article_modified_time":"2024-07-23T12:37:33+00:00","og_image":[{"width":1024,"height":1024,"url":"https:\/\/riverdi.com\/wp-content\/uploads\/2024\/06\/logo-1.jpg","type":"image\/jpeg"}],"twitter_card":"summary_large_image","twitter_site":"@riverdidisplays","schema":{"@context":"https:\/\/schema.org","@graph":[{"@type":"WebPage","@id":"https:\/\/riverdi.com\/es\/acerca-de","url":"https:\/\/riverdi.com\/es\/acerca-de","name":"Acerca de nosotros | Riverdi | Expertos en soluciones de visualizaci\u00f3n","isPartOf":{"@id":"https:\/\/riverdi.com\/es#website"},"datePublished":"2024-02-27T09:10:29+00:00","dateModified":"2024-07-23T12:37:33+00:00","description":"Nuestra misi\u00f3n es ofrecerle soluciones de visualizaci\u00f3n de alta calidad, accesibles y personalizables. Empleamos las \u00faltimas tecnolog\u00edas de visualizaci\u00f3n...","breadcrumb":{"@id":"https:\/\/riverdi.com\/es\/acerca-de#breadcrumb"},"inLanguage":"es","potentialAction":[{"@type":"ReadAction","target":["https:\/\/riverdi.com\/es\/acerca-de"]}]},{"@type":"BreadcrumbList","@id":"https:\/\/riverdi.com\/es\/acerca-de#breadcrumb","itemListElement":[{"@type":"ListItem","position":1,"name":"Front Page","item":"https:\/\/riverdi.com\/es\/portada"},{"@type":"ListItem","position":2,"name":"Qui\u00e9nes somos"}]},{"@type":"WebSite","@id":"https:\/\/riverdi.com\/es#website","url":"https:\/\/riverdi.com\/es","name":"Riverdi","description":"Global TFT LCD Manufacturer","potentialAction":[{"@type":"SearchAction","target":{"@type":"EntryPoint","urlTemplate":"https:\/\/riverdi.com\/es?s={search_term_string}"},"query-input":{"@type":"PropertyValueSpecification","valueRequired":true,"valueName":"search_term_string"}}],"inLanguage":"es"}]}},"_links":{"self":[{"href":"https:\/\/riverdi.com\/es\/wp-json\/wp\/v2\/pages\/116413","targetHints":{"allow":["GET"]}}],"collection":[{"href":"https:\/\/riverdi.com\/es\/wp-json\/wp\/v2\/pages"}],"about":[{"href":"https:\/\/riverdi.com\/es\/wp-json\/wp\/v2\/types\/page"}],"author":[{"embeddable":true,"href":"https:\/\/riverdi.com\/es\/wp-json\/wp\/v2\/users\/19"}],"replies":[{"embeddable":true,"href":"https:\/\/riverdi.com\/es\/wp-json\/wp\/v2\/comments?post=116413"}],"version-history":[{"count":0,"href":"https:\/\/riverdi.com\/es\/wp-json\/wp\/v2\/pages\/116413\/revisions"}],"wp:attachment":[{"href":"https:\/\/riverdi.com\/es\/wp-json\/wp\/v2\/media?parent=116413"}],"curies":[{"name":"wp","href":"https:\/\/api.w.org\/{rel}","templated":true}]}}