{"id":116285,"date":"2024-04-05T09:21:21","date_gmt":"2024-04-05T07:21:21","guid":{"rendered":"http:\/\/riverdi.com\/envio\/"},"modified":"2024-04-05T09:21:21","modified_gmt":"2024-04-05T07:21:21","slug":"envio","status":"publish","type":"page","link":"https:\/\/riverdi.com\/es\/envio","title":{"rendered":"Env\u00edo"},"content":{"rendered":"<div class=\"fusion-layout-column fusion_builder_column fusion-builder-column-0 fusion_builder_column_1_1 1_1 fusion-flex-column\">\n<div class=\"fusion-column-wrapper fusion-column-has-shadow fusion-flex-justify-content-flex-start fusion-content-layout-column\">\n<div class=\"fusion-text fusion-text-1\">\n<p>Disponemos de dos \u00c1reas con diferentes gastos de env\u00edo.<\/p>\n<ol>\n<li>Europa, Estados Unidos, Canad\u00e1<\/li>\n<li>Resto del mundo<\/li>\n<\/ol>\n<\/div>\n<div class=\"fusion-separator fusion-full-width-sep\"><\/div>\n<\/div>\n<\/div>\n<div class=\"fusion-layout-column fusion_builder_column fusion-builder-column-1 fusion_builder_column_1_2 1_2 fusion-flex-column\">\n<div class=\"fusion-column-wrapper fusion-column-has-shadow fusion-flex-justify-content-flex-start fusion-content-layout-column\">\n<div class=\"fusion-text fusion-text-2\">\n<h2><strong>Europa, Estados Unidos, Canad\u00e1<\/strong><\/h2>\n<p class=\"p1\">Env\u00edo <strong>econ\u00f3mico<\/strong> (en funci\u00f3n del peso del paquete)<\/p>\n<p>hasta 2 kg &#8211; 36,5<\/p>\n<p>2kg &#8211; 3kg &#8211; $45.83<\/p>\n<p>3kg &#8211; 4kg &#8211; $54.48<\/p>\n<p>4kg &#8211; 5kg &#8211; $62.44<\/p>\n<p>5kg &#8211; 6kg &#8211; $70.39<\/p>\n<p>6kg &#8211; 7kg &#8211; $75.49<\/p>\n<p>7kg &#8211; 8kg &#8211; $80.59<\/p>\n<p>8kg &#8211; 9kg &#8211; $85.69<\/p>\n<p>9kg &#8211; 10kg &#8211; $90.79<\/p>\n<p>Env\u00edo <strong>prioritario<\/strong> (en funci\u00f3n del peso del paquete)<\/p>\n<p>hasta 2 kg &#8211; 41,27<\/p>\n<p>2kg &#8211; 3kg &#8211; $52.94<\/p>\n<p>3kg &#8211; 4kg &#8211; $63.76<\/p>\n<p>4kg &#8211; 5kg &#8211; $73.7<\/p>\n<p>5kg &#8211; 6kg &#8211; $83.65<\/p>\n<p>6kg &#8211; 7kg &#8211; $90<\/p>\n<p>7kg &#8211; 8kg &#8211; $96.35<\/p>\n<p>8kg &#8211; 9kg &#8211; $102.7<\/p>\n<p>9kg &#8211; 10kg &#8211; $109.04<\/p>\n<\/div>\n<\/div>\n<\/div>\n<div class=\"fusion-layout-column fusion_builder_column fusion-builder-column-2 fusion_builder_column_1_2 1_2 fusion-flex-column\">\n<div class=\"fusion-column-wrapper fusion-column-has-shadow fusion-flex-justify-content-flex-start fusion-content-layout-column\">\n<div class=\"fusion-text fusion-text-3\">\n<h2><strong>Resto del mundo<\/strong><\/h2>\n<p class=\"p1\">Env\u00edo <strong>econ\u00f3mico<\/strong> (en funci\u00f3n del peso del paquete)<\/p>\n<p>hasta 2 kg &#8211; 47,79<\/p>\n<p>2kg &#8211; 3kg &#8211; $63<\/p>\n<p>3kg &#8211; 4kg &#8211; $76.4<\/p>\n<p>4kg &#8211; 5kg &#8211; $87.99<\/p>\n<p>5kg &#8211; 6kg &#8211; $99.57<\/p>\n<p>6kg &#8211; 7kg &#8211; $107.91<\/p>\n<p>7kg &#8211; 8kg &#8211; $116.24<\/p>\n<p>8kg &#8211; 9kg &#8211; $124.57<\/p>\n<p>9kg &#8211; 10kg &#8211; $132.91<\/p>\n<p>Env\u00edo <strong>prioritario<\/strong> (en funci\u00f3n del peso del paquete)<\/p>\n<p>hasta 2 kg &#8211; 54,95<\/p>\n<p>2kg &#8211; 3kg &#8211; $72.62<\/p>\n<p>3kg &#8211; 4kg &#8211; $89.38<\/p>\n<p>4kg &#8211; 5kg &#8211; $105.23<\/p>\n<p>5kg &#8211; 6kg &#8211; $121.09<\/p>\n<p>6kg &#8211; 7kg &#8211; $131.18<\/p>\n<p>7kg &#8211; 8kg &#8211; $141.27<\/p>\n<p>8kg &#8211; 9kg &#8211; $151.27<\/p>\n<p>9kg &#8211; 10kg &#8211; $161.46<\/p>\n<\/div>\n<\/div>\n<\/div>\n","protected":false},"excerpt":{"rendered":"<p>Disponemos de dos \u00c1reas con diferentes gastos de env\u00edo. Europa, Estados Unidos, Canad\u00e1 Resto del mundo Europa, Estados Unidos, Canad\u00e1 Env\u00edo econ\u00f3mico (en funci\u00f3n del peso del paquete) hasta 2 kg &#8211; 36,5 2kg &#8211; 3kg &#8211; $45.83 3kg &#8211; 4kg &#8211; $54.48 4kg &#8211; 5kg &#8211; $62.44 5kg &#8211; 6kg &#8211; $70.39 6kg &#8211; [&hellip;]<\/p>\n","protected":false},"author":19,"featured_media":0,"parent":0,"menu_order":0,"comment_status":"closed","ping_status":"closed","template":"","meta":{"_acf_changed":false,"content-type":"","inline_featured_image":false,"footnotes":""},"class_list":["post-116285","page","type-page","status-publish","hentry"],"acf":[],"yoast_head":"<!-- This site is optimized with the Yoast SEO plugin v27.0 - https:\/\/yoast.com\/product\/yoast-seo-wordpress\/ -->\n<title>Env\u00edo - Riverdi<\/title>\n<meta name=\"robots\" content=\"index, follow, max-snippet:-1, max-image-preview:large, max-video-preview:-1\" \/>\n<link rel=\"canonical\" href=\"https:\/\/riverdi.com\/es\/envio\" \/>\n<meta property=\"og:locale\" content=\"es_ES\" \/>\n<meta property=\"og:type\" content=\"article\" \/>\n<meta property=\"og:title\" content=\"Env\u00edo - Riverdi\" \/>\n<meta property=\"og:description\" content=\"Disponemos de dos \u00c1reas con diferentes gastos de env\u00edo. Europa, Estados Unidos, Canad\u00e1 Resto del mundo Europa, Estados Unidos, Canad\u00e1 Env\u00edo econ\u00f3mico (en funci\u00f3n del peso del paquete) hasta 2 kg &#8211; 36,5 2kg &#8211; 3kg &#8211; $45.83 3kg &#8211; 4kg &#8211; $54.48 4kg &#8211; 5kg &#8211; $62.44 5kg &#8211; 6kg &#8211; $70.39 6kg &#8211; [&hellip;]\" \/>\n<meta property=\"og:url\" content=\"https:\/\/riverdi.com\/es\/envio\" \/>\n<meta property=\"og:site_name\" content=\"Riverdi\" \/>\n<meta property=\"article:publisher\" content=\"https:\/\/www.facebook.com\/riverdi.displays\/\" \/>\n<meta property=\"og:image\" content=\"https:\/\/riverdi.com\/wp-content\/uploads\/2024\/06\/logo-1.jpg\" \/>\n\t<meta property=\"og:image:width\" content=\"1024\" \/>\n\t<meta property=\"og:image:height\" content=\"1024\" \/>\n\t<meta property=\"og:image:type\" content=\"image\/jpeg\" \/>\n<meta name=\"twitter:card\" content=\"summary_large_image\" \/>\n<meta name=\"twitter:site\" content=\"@riverdidisplays\" \/>\n<meta name=\"twitter:label1\" content=\"Tiempo de lectura\" \/>\n\t<meta name=\"twitter:data1\" content=\"1 minuto\" \/>\n<script type=\"application\/ld+json\" class=\"yoast-schema-graph\">{\"@context\":\"https:\/\/schema.org\",\"@graph\":[{\"@type\":\"WebPage\",\"@id\":\"https:\/\/riverdi.com\/es\/envio\",\"url\":\"https:\/\/riverdi.com\/es\/envio\",\"name\":\"Env\u00edo - Riverdi\",\"isPartOf\":{\"@id\":\"https:\/\/riverdi.com\/es#website\"},\"datePublished\":\"2024-04-05T07:21:21+00:00\",\"breadcrumb\":{\"@id\":\"https:\/\/riverdi.com\/es\/envio#breadcrumb\"},\"inLanguage\":\"es\",\"potentialAction\":[{\"@type\":\"ReadAction\",\"target\":[\"https:\/\/riverdi.com\/es\/envio\"]}]},{\"@type\":\"BreadcrumbList\",\"@id\":\"https:\/\/riverdi.com\/es\/envio#breadcrumb\",\"itemListElement\":[{\"@type\":\"ListItem\",\"position\":1,\"name\":\"Front Page\",\"item\":\"https:\/\/riverdi.com\/es\/portada\"},{\"@type\":\"ListItem\",\"position\":2,\"name\":\"Env\u00edo\"}]},{\"@type\":\"WebSite\",\"@id\":\"https:\/\/riverdi.com\/es#website\",\"url\":\"https:\/\/riverdi.com\/es\",\"name\":\"Riverdi\",\"description\":\"Global TFT LCD Manufacturer\",\"potentialAction\":[{\"@type\":\"SearchAction\",\"target\":{\"@type\":\"EntryPoint\",\"urlTemplate\":\"https:\/\/riverdi.com\/es?s={search_term_string}\"},\"query-input\":{\"@type\":\"PropertyValueSpecification\",\"valueRequired\":true,\"valueName\":\"search_term_string\"}}],\"inLanguage\":\"es\"}]}<\/script>\n<!-- \/ Yoast SEO plugin. -->","yoast_head_json":{"title":"Env\u00edo - Riverdi","robots":{"index":"index","follow":"follow","max-snippet":"max-snippet:-1","max-image-preview":"max-image-preview:large","max-video-preview":"max-video-preview:-1"},"canonical":"https:\/\/riverdi.com\/es\/envio","og_locale":"es_ES","og_type":"article","og_title":"Env\u00edo - Riverdi","og_description":"Disponemos de dos \u00c1reas con diferentes gastos de env\u00edo. Europa, Estados Unidos, Canad\u00e1 Resto del mundo Europa, Estados Unidos, Canad\u00e1 Env\u00edo econ\u00f3mico (en funci\u00f3n del peso del paquete) hasta 2 kg &#8211; 36,5 2kg &#8211; 3kg &#8211; $45.83 3kg &#8211; 4kg &#8211; $54.48 4kg &#8211; 5kg &#8211; $62.44 5kg &#8211; 6kg &#8211; $70.39 6kg &#8211; [&hellip;]","og_url":"https:\/\/riverdi.com\/es\/envio","og_site_name":"Riverdi","article_publisher":"https:\/\/www.facebook.com\/riverdi.displays\/","og_image":[{"width":1024,"height":1024,"url":"https:\/\/riverdi.com\/wp-content\/uploads\/2024\/06\/logo-1.jpg","type":"image\/jpeg"}],"twitter_card":"summary_large_image","twitter_site":"@riverdidisplays","twitter_misc":{"Tiempo de lectura":"1 minuto"},"schema":{"@context":"https:\/\/schema.org","@graph":[{"@type":"WebPage","@id":"https:\/\/riverdi.com\/es\/envio","url":"https:\/\/riverdi.com\/es\/envio","name":"Env\u00edo - Riverdi","isPartOf":{"@id":"https:\/\/riverdi.com\/es#website"},"datePublished":"2024-04-05T07:21:21+00:00","breadcrumb":{"@id":"https:\/\/riverdi.com\/es\/envio#breadcrumb"},"inLanguage":"es","potentialAction":[{"@type":"ReadAction","target":["https:\/\/riverdi.com\/es\/envio"]}]},{"@type":"BreadcrumbList","@id":"https:\/\/riverdi.com\/es\/envio#breadcrumb","itemListElement":[{"@type":"ListItem","position":1,"name":"Front Page","item":"https:\/\/riverdi.com\/es\/portada"},{"@type":"ListItem","position":2,"name":"Env\u00edo"}]},{"@type":"WebSite","@id":"https:\/\/riverdi.com\/es#website","url":"https:\/\/riverdi.com\/es","name":"Riverdi","description":"Global TFT LCD Manufacturer","potentialAction":[{"@type":"SearchAction","target":{"@type":"EntryPoint","urlTemplate":"https:\/\/riverdi.com\/es?s={search_term_string}"},"query-input":{"@type":"PropertyValueSpecification","valueRequired":true,"valueName":"search_term_string"}}],"inLanguage":"es"}]}},"_links":{"self":[{"href":"https:\/\/riverdi.com\/es\/wp-json\/wp\/v2\/pages\/116285","targetHints":{"allow":["GET"]}}],"collection":[{"href":"https:\/\/riverdi.com\/es\/wp-json\/wp\/v2\/pages"}],"about":[{"href":"https:\/\/riverdi.com\/es\/wp-json\/wp\/v2\/types\/page"}],"author":[{"embeddable":true,"href":"https:\/\/riverdi.com\/es\/wp-json\/wp\/v2\/users\/19"}],"replies":[{"embeddable":true,"href":"https:\/\/riverdi.com\/es\/wp-json\/wp\/v2\/comments?post=116285"}],"version-history":[{"count":0,"href":"https:\/\/riverdi.com\/es\/wp-json\/wp\/v2\/pages\/116285\/revisions"}],"wp:attachment":[{"href":"https:\/\/riverdi.com\/es\/wp-json\/wp\/v2\/media?parent=116285"}],"curies":[{"name":"wp","href":"https:\/\/api.w.org\/{rel}","templated":true}]}}