{"id":116273,"date":"2024-04-05T09:19:40","date_gmt":"2024-04-05T07:19:40","guid":{"rendered":"http:\/\/riverdi.com\/terminos-y-condiciones\/"},"modified":"2024-09-12T14:10:07","modified_gmt":"2024-09-12T12:10:07","slug":"terminos-y-condiciones","status":"publish","type":"page","link":"https:\/\/riverdi.com\/es\/terminos-y-condiciones","title":{"rendered":"Condiciones generales"},"content":{"rendered":"<h2>1. \u00c1mbito de aplicaci\u00f3n<\/h2>\n<p><b>1.1<\/b> Las presentes Condiciones Generales de Contrataci\u00f3n (en adelante \u00abCGC\u00bb), de la empresa Riverdi sp. z o. o. Sp. k. con sede en Gda\u0144sk (Polonia), con n\u00famero de empresa KRS 0000715225 y CIF PL5842767153 (en adelante, \u00abRiverdi\u00bb), son la base de todas y cada una de las ofertas, entregas y servicios de Riverdi. Riverdi celebra todos y cada uno de los contratos exclusivamente sobre la base de estas CGC. Las condiciones contrarias de otras partes (socios comerciales) s\u00f3lo son relevantes si Riverdi lo ha aceptado previamente por escrito.<\/p>\n<p>1.2 La versi\u00f3n v\u00e1lida de estas CGC est\u00e1 publicada actualmente en el sitio web de Riverdi www.riverdi.com, donde puede leerse e imprimirse.<\/p>\n<p><b>1.3<\/b> Estas CGC son v\u00e1lidas para todos los socios contractuales de Riverdi (\u00abclientes\u00bb), por lo tanto, s\u00f3lo para empresarios. Un empresario es una persona f\u00edsica, una persona jur\u00eddica y una unidad organizativa que ejerce una actividad econ\u00f3mica o profesional por cuenta propia.<\/p>\n<p>1.4 Riverdi celebra contratos exclusivamente con empresarios.<\/p>\n<p>1.5 Si un pedido ha sido realizado por una persona que no cumple con estos requisitos previos (1.3 y 1.4), Riverdi tiene derecho a anular el contrato dentro de un plazo razonable despu\u00e9s de que Riverdi haya percibido dicho defecto.<\/p>\n<h2>2. Oferta y celebraci\u00f3n del contrato<\/h2>\n<p><b>2.1<\/b> Todas las ofertas del sitio web de Riverdi <a href=\"https:\/\/riverdi.com\/\">www.riverdi.com<\/a> no constituyen una oferta en el sentido del C\u00f3digo Civil polaco y no son vinculantes. Un contrato vinculante para Riverdi s\u00f3lo se concluye con las siguientes acciones y\/o declaraciones por parte de Riverdi:<\/p>\n<ul>\n<li>env\u00edo de la confirmaci\u00f3n escrita del pedido, o<\/li>\n<li>la expedici\u00f3n de las mercanc\u00edas pedidas, o<\/li>\n<li>prestar el servicio solicitado.<\/li>\n<\/ul>\n<p>2.2 Riverdi se reserva el derecho de rechazar la aceptaci\u00f3n de cualquier pedido sin necesidad de justificaci\u00f3n.<\/p>\n<p><b>2.3<\/b> En caso de que Riverdi no pueda aceptar un pedido de un cliente, por ejemplo, porque el producto o servicio solicitado no est\u00e9 disponible, Riverdi est\u00e1 obligada tanto a informar al cliente sin demora como a devolver cualquier pago ya realizado. Lo mismo se aplica si la oferta de un cliente no es aceptada por Riverdi. Esta obligaci\u00f3n no se aplica si la tramitaci\u00f3n del pedido se ve obstaculizada por un defecto t\u00e9cnico (como una ca\u00edda del servidor de correo, etc.).<\/p>\n<h2>3.0 RMA, Aprobaci\u00f3n de devoluci\u00f3n de material<\/h2>\n<p>El cliente est\u00e1 obligado a solicitar un n\u00famero RMA por escrito antes de devolver un producto comprado a Riverdi. Dicho n\u00famero RMA deber\u00e1 constar en el paquete de forma legible y destacada. No se aceptar\u00e1n, sin excepci\u00f3n, las devoluciones que no est\u00e9n debidamente etiquetadas. Los gastos ocasionados por ello correr\u00e1n a cargo del remitente.<\/p>\n<h2>4. Condici\u00f3n previa de disponibilidad<\/h2>\n<p>Si un servicio o un bien ya encargado a Riverdi deja de estar disponible por cualquier motivo, Riverdi tendr\u00e1 derecho a ofrecer bienes o servicios de calidad y precio equivalentes o a anular el contrato. La oferta de sustituci\u00f3n o desistimiento de Riverdi se emitir\u00e1 sin demora indebida, a m\u00e1s tardar en el plazo de tres d\u00edas laborables a partir de la recepci\u00f3n del pedido. Dichas ofertas se emitir\u00e1n sin demora injustificada, a m\u00e1s tardar dentro de los tres d\u00edas h\u00e1biles siguientes a la recepci\u00f3n de dicha orden. En caso de anulaci\u00f3n del contrato, Riverdi reembolsar\u00e1 el pago inmediatamente.<\/p>\n<h2>5. Precio<\/h2>\n<p>5.1 A menos que se indique expl\u00edcitamente lo contrario, todos y cada uno de los precios indicados por Riverdi excluyen los impuestos y tasas aplicables.<\/p>\n<p><b>5.2<\/b> En caso de informaci\u00f3n esencialmente err\u00f3nea o esencialmente incompleta sobre productos o precios emitida por Riverdi, Riverdi notificar\u00e1 al cliente inmediatamente despu\u00e9s de reconocer dicho error o car\u00e1cter incompleto. Posteriormente, ambas partes contratantes tienen derecho a reafirmar o anular el contrato en un plazo de catorce d\u00edas. En caso de dicha anulaci\u00f3n de un contrato, la \u00faltima frase del sec. 4. se aplica lo anterior.<\/p>\n<h2>6. 6. Condiciones de pago<\/h2>\n<p>6.1 Si no se indica lo contrario en la descripci\u00f3n de un determinado producto, Riverdi s\u00f3lo ofrece las siguientes opciones de pago por adelantado: transferencia bancaria y tarjeta de cr\u00e9dito.<\/p>\n<p><b>6.2<\/b> Los pagos s\u00f3lo se consideran efectuados en el momento de la recepci\u00f3n (fecha valor) en la cuenta bancaria de Riverdi y deben realizarse sin ninguna deducci\u00f3n para Riverdi. Los bienes o servicios solicitados no se suministrar\u00e1n antes de la recepci\u00f3n del pago completo por Riverdi.<\/p>\n<p>6.3 Los env\u00edos a pa\u00edses no pertenecientes a la Uni\u00f3n Europea pueden generar gastos adicionales, como impuestos, tasas, aranceles, etc.<\/p>\n<h2>7. Suministro, transporte, retraso en la aceptaci\u00f3n<\/h2>\n<p>7.1 La mercanc\u00eda se entregar\u00e1 en la direcci\u00f3n de entrega especificada por el cliente (v\u00e9ase el apartado 11.2).<\/p>\n<p><b>7.2<\/b> Con la entrega de la mercanc\u00eda al transportista, los costes y el riesgo se transfieren al cliente seg\u00fan EXW Gda\u0144sk (Incoterms 2010). Los plazos de entrega indicados por Riverdi no son vinculantes. Todos los env\u00edos est\u00e1n asegurados contra da\u00f1os o p\u00e9rdidas.<\/p>\n<p>7.3 Todos los casos de fuerza mayor har\u00e1n que el calendario de entrega acordado se posponga por un periodo correspondiente a la duraci\u00f3n del caso de fuerza mayor concreto.<\/p>\n<p><b>7.4<\/b> Si el cliente no ha aceptado la mercanc\u00eda seg\u00fan lo acordado (aceptaci\u00f3n retrasada), y ha transcurrido un plazo razonable sin que se haya producido la aceptaci\u00f3n ordenada, Riverdi tendr\u00e1 derecho a cargar al cliente cualquier coste ocasionado por ello. Adem\u00e1s, en tal caso, Riverdi tiene la opci\u00f3n de (i) bien insistir en el cumplimiento del contrato, bien (ii) anular el contrato con un periodo de gracia de al menos dos semanas y utilizar entonces los bienes de otro modo.<\/p>\n<h2>8. Conservaci\u00f3n del t\u00edtulo<\/h2>\n<p>Las mercanc\u00edas entregadas seguir\u00e1n siendo propiedad de Riverdi hasta que se haya recibido el pago completo. Lo mismo se aplica a los bienes sustituidos por Riverdi en el contexto del cumplimiento de la garant\u00eda.<\/p>\n<h2>9. Garant\u00eda e indemnizaci\u00f3n por da\u00f1os y perjuicios<\/h2>\n<p><b>9.1 <\/b>Riverdi concede la garant\u00eda de buen funcionamiento de los bienes durante un periodo de 12 meses a partir de la fecha de posesi\u00f3n de los bienes. Si como consecuencia del cumplimiento de la obligaci\u00f3n derivada de esta garant\u00eda el cliente recibiera un bien libre de defectos en lugar del bien defectuoso, el plazo de efectividad de la garant\u00eda comenzar\u00e1 de nuevo desde el momento en que el cliente reciba el bien libre de defectos.<\/p>\n<p>9.2 En caso de mercanc\u00edas defectuosas o da\u00f1adas, el cliente observar\u00e1 las siguientes condiciones y procedimiento de RMA:<\/p>\n<ol>\n<li>Si el cliente informa de que un bien no funciona correctamente, el cliente deber\u00e1 comunicar al equipo de soporte t\u00e9cnico de Riverdi los detalles del problema. Tras recopilar toda la informaci\u00f3n pertinente sobre la aver\u00eda, el equipo de asistencia t\u00e9cnica de Riverdi decide si el cliente puede realizar la reparaci\u00f3n. En caso contrario, junto con la factura y la fecha de compra del cliente final, el art\u00edculo se entregar\u00e1 al Riverdi.<\/li>\n<li>Bas\u00e1ndose en la informaci\u00f3n facilitada por el cliente, Riverdi determinar\u00e1 si el bien o bienes pueden repararse y si pueden repararse en garant\u00eda.<\/li>\n<li>Si el Producto(s) puede ser reparado bajo garant\u00eda, y esto no puede hacerse a distancia, Riverdi proporcionar\u00e1 al cliente un n\u00famero RMA y pedir\u00e1 al cliente que env\u00ede de vuelta el producto(s) defectuoso(s) para su reparaci\u00f3n o sustituci\u00f3n. El RMA incluir\u00e1 instrucciones precisas sobre el procedimiento de devoluci\u00f3n.<\/li>\n<li>El cliente deber\u00e1 devolver todos los productos defectuosos a su cargo con el n\u00famero de RMA claramente visible en el embalaje. No se aceptar\u00e1n paquetes sin n\u00fameros RMA visibles en el embalaje.<\/li>\n<li>Tras examinar y comprobar la mercanc\u00eda devuelta, Riverdi proceder\u00e1 a (i) reparar o (ii) reemplazar el bien (s) al cliente a costa de Riverdi y lo m\u00e1s pronto posible, pero no m\u00e1s tarde de 30 (treinta) d\u00edas despu\u00e9s de recibir el paquete correspondiente.<\/li>\n<\/ol>\n<p>9.3 Riverdi no ser\u00e1 responsable en caso de incumplimiento en las fechas de realizaci\u00f3n de una reparaci\u00f3n o entrega al cliente si este retraso se debe a causas de fuerza mayor.<\/p>\n<p>9.4 La garant\u00eda no incluye:<\/p>\n<ol>\n<li>los da\u00f1os del bien causados por su usuario en relaci\u00f3n con el uso inadecuado del bien o el uso del bien de forma no conforme con las instrucciones de uso que tambi\u00e9n se refieren a su instalaci\u00f3n y mantenimiento;<\/li>\n<li>da\u00f1os del bien causados por su utilizaci\u00f3n de forma contraria a la prevista;<\/li>\n<li>actividades de mantenimiento previstas en el manual de instrucciones;<\/li>\n<li>los da\u00f1os causados al bien como consecuencia de la realizaci\u00f3n de una reparaci\u00f3n del mismo por una persona ajena a Riverdi;<\/li>\n<li>adaptaci\u00f3n o cambios de construcci\u00f3n en el bien realizados por una persona distinta de Riverdi;<\/li>\n<li>da\u00f1os al bien causados por factores externos (por ejemplo, descargas atmosf\u00e9ricas, funcionamiento incorrecto de la red el\u00e9ctrica, de agua, de energ\u00eda, etc.);<\/li>\n<li>los da\u00f1os sufridos por el bien durante su entrega.<\/li>\n<\/ol>\n<p>9.5 En caso de solicitud injustificada de una reparaci\u00f3n, el cliente correr\u00e1 con todos los gastos relacionados con la entrega del bien o bienes y su reparaci\u00f3n.<\/p>\n<p>9.6 Quedan excluidas las disposiciones del C\u00f3digo Civil (en particular las disposiciones de los art\u00edculos 577 &#8211; 581).<\/p>\n<p>9.7 Riverdi no ofrece garant\u00eda para los productos usados.<\/p>\n<p><b>10.4<\/b> El cliente est\u00e1 obligado a asegurar adecuadamente los datos ya existentes en los sistemas inform\u00e1ticos antes de instalar cualquier software adquirido a Riverdi. Riverdi no se hace responsable de la p\u00e9rdida de datos.<\/p>\n<h2>10. Responsabilidad<\/h2>\n<p>10.1 Queda excluida la responsabilidad por garant\u00eda en virtud del C\u00f3digo Civil polaco.<\/p>\n<p>10.2 Con respecto a los da\u00f1os materiales (da\u00f1os de cosas), cualquier posible responsabilidad de Riverdi por incumplimiento de las obligaciones contractuales esenciales (deber cardinal) se limita a los da\u00f1os t\u00edpicos y medios previsibles.<\/p>\n<p>10.3 En la medida en que Riverdi viole las obligaciones contractuales no esenciales s\u00f3lo con negligencia leve, la obligaci\u00f3n de pagar una indemnizaci\u00f3n se limita al valor del contrato.<\/p>\n<h2>11. 11. Cambio de direcci\u00f3n<\/h2>\n<p>Mientras la transacci\u00f3n contractual no sea cumplida por ambas partes, el cliente est\u00e1 obligado a informar inmediatamente a Riverdi sobre cualquier cambio en sus datos b\u00e1sicos (direcci\u00f3n, etc.). En caso de omisi\u00f3n de dicha informaci\u00f3n, se considerar\u00e1n v\u00e1lidos los datos facilitados recientemente a Riverdi por el cliente. Riverdi no se hace responsable de los da\u00f1os o p\u00e9rdidas causados por la omisi\u00f3n del cliente de informar oportunamente a Riverdi sobre un cambio de datos.<\/p>\n<h2>12. Elecci\u00f3n de la ley y del foro, lenguaje contractual, lugar de cumplimiento y disposiciones finales<\/h2>\n<p><b>12.1<\/b> La legislaci\u00f3n de la Rep\u00fablica de Polonia, excluyendo las normas sobre conflicto de leyes, es aplicable a todas las relaciones jur\u00eddicas entre las partes contratantes. La Convenci\u00f3n de las Naciones Unidas sobre los Contratos de Compraventa Internacional de Mercader\u00edas (CNUDMI) no es aplicable y queda expresamente excluida.<\/p>\n<p>12.2 En lo que respecta a todos los contratos, la lengua contractual es el ingl\u00e9s.<\/p>\n<p>12.3 Los tribunales de Polonia tendr\u00e1n jurisdicci\u00f3n exclusiva para resolver cualquier disputa o reclamaci\u00f3n que surja de o en relaci\u00f3n con este contrato (incluyendo cualquier cuesti\u00f3n relativa a su objeto, existencia, validez o terminaci\u00f3n e incluyendo disputas o reclamaciones no contractuales).<\/p>\n<p>12.4 Si alguna disposici\u00f3n del contrato entre el cliente y Riverdi incluyendo estos t\u00e9rminos y condiciones es o ser\u00e1 total o parcialmente inv\u00e1lida o debe contener disposiciones nulas, la validez de las disposiciones restantes no se ver\u00e1 afectada.<\/p>\n<h2>13. Env\u00edo<\/h2>\n<p>M\u00e1s <a href=\"https:\/\/riverdi.com\/shipping\/\">informaci\u00f3n<\/a><\/p>\n<h2>14. Informaci\u00f3n al cliente<\/h2>\n<p>El socio contractual es:<\/p>\n<p>Riverdi sp. z o. o.<br \/>\n<i>Servicio de atenci\u00f3n al cliente<\/i><br \/>\nNowy Swiat 36<br \/>\n80299 Gdansk<br \/>\nPolonia<\/p>\n<p>Tel\u00e9fono: +48 58 7703116<br \/>\nCorreo electr\u00f3nico: contact@riverdi.com<\/p>\n<p>CIF PL5842767153<br \/>\nN\u00famero de registro (KRS): 0000923967<\/p>\n<p>&nbsp;<\/p>\n<h2>15. Derecho de Desistimiento<\/h2>\n<p><strong>15.1<\/strong> Los clientes que sean consumidores (personas f\u00edsicas que adquieren bienes para fines no directamente relacionados con su actividad profesional o comercial) tienen derecho a desistir del contrato de compra sin necesidad de justificaci\u00f3n en un plazo de 14 d\u00edas a partir de la fecha de recepci\u00f3n de los bienes.<\/p>\n<p><strong>15.2<\/strong> Para ejercer este derecho, el cliente debe informar a Riverdi enviando un correo electr\u00f3nico a <a href=\"mailto:order@riverdi.com\">order@riverdi.com<\/a> dentro del plazo de 14 d\u00edas.<\/p>\n<p><strong>15.3<\/strong> Los bienes devueltos deben ser enviados en su estado original, junto con todos los accesorios, embalaje y documentaci\u00f3n, a la direcci\u00f3n proporcionada por Riverdi despu\u00e9s de establecer contacto.<\/p>\n<p><strong>15.4<\/strong> El coste de devoluci\u00f3n de los bienes corre a cargo del cliente.<\/p>\n","protected":false},"excerpt":{"rendered":"<p>1. \u00c1mbito de aplicaci\u00f3n 1.1 Las presentes Condiciones Generales de Contrataci\u00f3n (en adelante \u00abCGC\u00bb), de la empresa Riverdi sp. z o. o. Sp. k. con sede en Gda\u0144sk (Polonia), con n\u00famero de empresa KRS 0000715225 y CIF PL5842767153 (en adelante, \u00abRiverdi\u00bb), son la base de todas y cada una de las ofertas, entregas y servicios [&hellip;]<\/p>\n","protected":false},"author":19,"featured_media":0,"parent":0,"menu_order":0,"comment_status":"closed","ping_status":"closed","template":"","meta":{"_acf_changed":false,"content-type":"","inline_featured_image":false,"footnotes":""},"class_list":["post-116273","page","type-page","status-publish","hentry"],"acf":[],"yoast_head":"<!-- This site is optimized with the Yoast SEO plugin v27.0 - https:\/\/yoast.com\/product\/yoast-seo-wordpress\/ -->\n<title>Condiciones generales - Riverdi<\/title>\n<meta name=\"robots\" content=\"index, follow, max-snippet:-1, max-image-preview:large, max-video-preview:-1\" \/>\n<link rel=\"canonical\" href=\"https:\/\/riverdi.com\/es\/terminos-y-condiciones\" \/>\n<meta property=\"og:locale\" content=\"es_ES\" \/>\n<meta property=\"og:type\" content=\"article\" \/>\n<meta property=\"og:title\" content=\"Condiciones generales - Riverdi\" \/>\n<meta property=\"og:description\" content=\"1. \u00c1mbito de aplicaci\u00f3n 1.1 Las presentes Condiciones Generales de Contrataci\u00f3n (en adelante \u00abCGC\u00bb), de la empresa Riverdi sp. z o. o. Sp. k. con sede en Gda\u0144sk (Polonia), con n\u00famero de empresa KRS 0000715225 y CIF PL5842767153 (en adelante, \u00abRiverdi\u00bb), son la base de todas y cada una de las ofertas, entregas y servicios [&hellip;]\" \/>\n<meta property=\"og:url\" content=\"https:\/\/riverdi.com\/es\/terminos-y-condiciones\" \/>\n<meta property=\"og:site_name\" content=\"Riverdi\" \/>\n<meta property=\"article:publisher\" content=\"https:\/\/www.facebook.com\/riverdi.displays\/\" \/>\n<meta property=\"article:modified_time\" content=\"2024-09-12T12:10:07+00:00\" \/>\n<meta property=\"og:image\" content=\"https:\/\/riverdi.com\/wp-content\/uploads\/2024\/06\/logo-1.jpg\" \/>\n\t<meta property=\"og:image:width\" content=\"1024\" \/>\n\t<meta property=\"og:image:height\" content=\"1024\" \/>\n\t<meta property=\"og:image:type\" content=\"image\/jpeg\" \/>\n<meta name=\"twitter:card\" content=\"summary_large_image\" \/>\n<meta name=\"twitter:site\" content=\"@riverdidisplays\" \/>\n<meta name=\"twitter:label1\" content=\"Tiempo de lectura\" \/>\n\t<meta name=\"twitter:data1\" content=\"9 minutos\" \/>\n<script type=\"application\/ld+json\" class=\"yoast-schema-graph\">{\"@context\":\"https:\/\/schema.org\",\"@graph\":[{\"@type\":\"WebPage\",\"@id\":\"https:\/\/riverdi.com\/es\/terminos-y-condiciones\",\"url\":\"https:\/\/riverdi.com\/es\/terminos-y-condiciones\",\"name\":\"Condiciones generales - Riverdi\",\"isPartOf\":{\"@id\":\"https:\/\/riverdi.com\/es#website\"},\"datePublished\":\"2024-04-05T07:19:40+00:00\",\"dateModified\":\"2024-09-12T12:10:07+00:00\",\"breadcrumb\":{\"@id\":\"https:\/\/riverdi.com\/es\/terminos-y-condiciones#breadcrumb\"},\"inLanguage\":\"es\",\"potentialAction\":[{\"@type\":\"ReadAction\",\"target\":[\"https:\/\/riverdi.com\/es\/terminos-y-condiciones\"]}]},{\"@type\":\"BreadcrumbList\",\"@id\":\"https:\/\/riverdi.com\/es\/terminos-y-condiciones#breadcrumb\",\"itemListElement\":[{\"@type\":\"ListItem\",\"position\":1,\"name\":\"Front Page\",\"item\":\"https:\/\/riverdi.com\/es\/portada\"},{\"@type\":\"ListItem\",\"position\":2,\"name\":\"Condiciones generales\"}]},{\"@type\":\"WebSite\",\"@id\":\"https:\/\/riverdi.com\/es#website\",\"url\":\"https:\/\/riverdi.com\/es\",\"name\":\"Riverdi\",\"description\":\"Global TFT LCD Manufacturer\",\"potentialAction\":[{\"@type\":\"SearchAction\",\"target\":{\"@type\":\"EntryPoint\",\"urlTemplate\":\"https:\/\/riverdi.com\/es?s={search_term_string}\"},\"query-input\":{\"@type\":\"PropertyValueSpecification\",\"valueRequired\":true,\"valueName\":\"search_term_string\"}}],\"inLanguage\":\"es\"}]}<\/script>\n<!-- \/ Yoast SEO plugin. -->","yoast_head_json":{"title":"Condiciones generales - Riverdi","robots":{"index":"index","follow":"follow","max-snippet":"max-snippet:-1","max-image-preview":"max-image-preview:large","max-video-preview":"max-video-preview:-1"},"canonical":"https:\/\/riverdi.com\/es\/terminos-y-condiciones","og_locale":"es_ES","og_type":"article","og_title":"Condiciones generales - Riverdi","og_description":"1. \u00c1mbito de aplicaci\u00f3n 1.1 Las presentes Condiciones Generales de Contrataci\u00f3n (en adelante \u00abCGC\u00bb), de la empresa Riverdi sp. z o. o. Sp. k. con sede en Gda\u0144sk (Polonia), con n\u00famero de empresa KRS 0000715225 y CIF PL5842767153 (en adelante, \u00abRiverdi\u00bb), son la base de todas y cada una de las ofertas, entregas y servicios [&hellip;]","og_url":"https:\/\/riverdi.com\/es\/terminos-y-condiciones","og_site_name":"Riverdi","article_publisher":"https:\/\/www.facebook.com\/riverdi.displays\/","article_modified_time":"2024-09-12T12:10:07+00:00","og_image":[{"width":1024,"height":1024,"url":"https:\/\/riverdi.com\/wp-content\/uploads\/2024\/06\/logo-1.jpg","type":"image\/jpeg"}],"twitter_card":"summary_large_image","twitter_site":"@riverdidisplays","twitter_misc":{"Tiempo de lectura":"9 minutos"},"schema":{"@context":"https:\/\/schema.org","@graph":[{"@type":"WebPage","@id":"https:\/\/riverdi.com\/es\/terminos-y-condiciones","url":"https:\/\/riverdi.com\/es\/terminos-y-condiciones","name":"Condiciones generales - Riverdi","isPartOf":{"@id":"https:\/\/riverdi.com\/es#website"},"datePublished":"2024-04-05T07:19:40+00:00","dateModified":"2024-09-12T12:10:07+00:00","breadcrumb":{"@id":"https:\/\/riverdi.com\/es\/terminos-y-condiciones#breadcrumb"},"inLanguage":"es","potentialAction":[{"@type":"ReadAction","target":["https:\/\/riverdi.com\/es\/terminos-y-condiciones"]}]},{"@type":"BreadcrumbList","@id":"https:\/\/riverdi.com\/es\/terminos-y-condiciones#breadcrumb","itemListElement":[{"@type":"ListItem","position":1,"name":"Front Page","item":"https:\/\/riverdi.com\/es\/portada"},{"@type":"ListItem","position":2,"name":"Condiciones generales"}]},{"@type":"WebSite","@id":"https:\/\/riverdi.com\/es#website","url":"https:\/\/riverdi.com\/es","name":"Riverdi","description":"Global TFT LCD Manufacturer","potentialAction":[{"@type":"SearchAction","target":{"@type":"EntryPoint","urlTemplate":"https:\/\/riverdi.com\/es?s={search_term_string}"},"query-input":{"@type":"PropertyValueSpecification","valueRequired":true,"valueName":"search_term_string"}}],"inLanguage":"es"}]}},"_links":{"self":[{"href":"https:\/\/riverdi.com\/es\/wp-json\/wp\/v2\/pages\/116273","targetHints":{"allow":["GET"]}}],"collection":[{"href":"https:\/\/riverdi.com\/es\/wp-json\/wp\/v2\/pages"}],"about":[{"href":"https:\/\/riverdi.com\/es\/wp-json\/wp\/v2\/types\/page"}],"author":[{"embeddable":true,"href":"https:\/\/riverdi.com\/es\/wp-json\/wp\/v2\/users\/19"}],"replies":[{"embeddable":true,"href":"https:\/\/riverdi.com\/es\/wp-json\/wp\/v2\/comments?post=116273"}],"version-history":[{"count":2,"href":"https:\/\/riverdi.com\/es\/wp-json\/wp\/v2\/pages\/116273\/revisions"}],"predecessor-version":[{"id":121532,"href":"https:\/\/riverdi.com\/es\/wp-json\/wp\/v2\/pages\/116273\/revisions\/121532"}],"wp:attachment":[{"href":"https:\/\/riverdi.com\/es\/wp-json\/wp\/v2\/media?parent=116273"}],"curies":[{"name":"wp","href":"https:\/\/api.w.org\/{rel}","templated":true}]}}