{"id":126773,"date":"2025-10-17T12:28:20","date_gmt":"2025-10-17T10:28:20","guid":{"rendered":"https:\/\/riverdi.com\/?post_type=product&#038;p=126773"},"modified":"2025-12-09T15:11:26","modified_gmt":"2025-12-09T14:11:26","slug":"1-54-stm32-nucleo-64-display-kit-copy","status":"publish","type":"product","link":"https:\/\/riverdi.com\/de\/product\/1-54-stm32-nucleo-64-display-kit-copy","title":{"rendered":"1.54&#8243; STM32 Nucleo 64 Display-Kit (Copy)"},"content":{"rendered":"<h2>STM32 Nukleo<\/h2>\n<p class=\"st-copy\"><span class=\"ui-provider a b c d e f g h i j k l m n o p q r s t u v w x y z ab ac ae af ag ah ai aj ak\" dir=\"ltr\">Die STM32 Nucleo Boards von STMicroelectronics sind erschwingliche Entwicklungsplattformen, die f\u00fcr schnelles Prototyping und Experimente mit jeder STM32 MCU konzipiert sind. Sie verf\u00fcgen \u00fcber standardisierte Anschl\u00fcsse f\u00fcr eine einfache Integration mit einer Vielzahl von Hardware-Erweiterungen, wie z.B. Arduino Uno, Nano und ST Morpho-Anschl\u00fcsse. Diese Boards verf\u00fcgen \u00fcber einen eingebauten ST-LINK Debugger\/Programmierer, so dass keine zus\u00e4tzliche Ausr\u00fcstung erforderlich ist.<\/span><\/p>\n<p>&nbsp;<\/p>\n<p style=\"text-align: center\"><img decoding=\"async\" class=\"alignnone wp-image-120073 size-full\" src=\"https:\/\/riverdi.com\/wp-content\/uploads\/2024\/03\/STM32-u5-1.webp\" alt=\"\" width=\"1141\" height=\"808\" srcset=\"https:\/\/riverdi.com\/wp-content\/uploads\/2024\/03\/STM32-u5-1.webp 1141w, https:\/\/riverdi.com\/wp-content\/uploads\/2024\/03\/STM32-u5-1-600x425.webp 600w, https:\/\/riverdi.com\/wp-content\/uploads\/2024\/03\/STM32-u5-1-64x45.webp 64w, https:\/\/riverdi.com\/wp-content\/uploads\/2024\/03\/STM32-u5-1-300x212.webp 300w, https:\/\/riverdi.com\/wp-content\/uploads\/2024\/03\/STM32-u5-1-1024x725.webp 1024w, https:\/\/riverdi.com\/wp-content\/uploads\/2024\/03\/STM32-u5-1-768x544.webp 768w\" sizes=\"(max-width: 1141px) 100vw, 1141px\" \/><\/p>\n<p>&nbsp;<\/p>\n<h2><span class=\"TextRun MacChromeBold SCXW79916084 BCX0\" lang=\"EN-US\" xml:lang=\"EN-US\" data-contrast=\"none\"><span class=\"NormalTextRun SCXW79916084 BCX0\">IPS TFT<\/span><span class=\"NormalTextRun SCXW79916084 BCX0\"> mit High-Density-Aufl\u00f6sung<\/span><\/span><span class=\"EOP SCXW79916084 BCX0\"> <\/span><\/h2>\n<p><span class=\"TextRun SCXW73133113 BCX0\" lang=\"EN-US\" data-contrast=\"none\" xml:lang=\"EN-US\"><span class=\"NormalTextRun SCXW73133113 BCX0\">Das 1,54&#8243; 240\u00d7240 IPS-Display bietet eine scharfe, klare Darstellung mit einer hohen Pixeldichte (ca. 220 Pixel pro Zoll), die trotz der kompakten Gr\u00f6\u00dfe f\u00fcr detaillierte Bilder sorgt. <\/span><span class=\"NormalTextRun SpellingErrorV2Themed SCXW73133113 BCX0\">Gr\u00f6\u00dfe.Das<\/span><span class=\"NormalTextRun SCXW73133113 BCX0\">  Der volle Betrachtungswinkel erm\u00f6glicht es dem Benutzer, von jeder Seite aus auf nat\u00fcrliche und intuitive Weise mit dem Display zu interagieren. Weitere Merkmale entnehmen Sie bitte dem Datenblatt.<\/span><\/span><span class=\"EOP SCXW73133113 BCX0\"> <\/span><\/p>\n<p style=\"text-align: center\"><img decoding=\"async\" class=\"alignnone size-full wp-image-112432\" src=\"https:\/\/riverdi.com\/wp-content\/uploads\/2024\/05\/w768h525.avif\" alt=\"\" width=\"768\" height=\"524\" srcset=\"https:\/\/riverdi.com\/wp-content\/uploads\/2024\/05\/w768h525.avif 768w, https:\/\/riverdi.com\/wp-content\/uploads\/2024\/05\/w768h525-600x409.avif 600w, https:\/\/riverdi.com\/wp-content\/uploads\/2024\/05\/w768h525-64x44.avif 64w, https:\/\/riverdi.com\/wp-content\/uploads\/2024\/05\/w768h525-300x205.avif 300w\" sizes=\"(max-width: 768px) 100vw, 768px\" \/><\/p>\n<h2>TouchGFX-Unterst\u00fctzung<\/h2>\n<p>Ein Beispiel f\u00fcr ein Demo-Board-Unterst\u00fctzungspaket ist im TouchGFX Designer verf\u00fcgbar. TouchGFX Board Setup ist f\u00fcr das NUCLEO-C071RB Board mit Riverdi RVA15MD-NUCLEO64A Display Board darauf. <\/p>\n<p><a class=\"cs-button cs-button--blue-3 cs-button--smaller-padding\" href=\"https:\/\/www.st.com\/content\/st_com\/en\/support\/learning\/stm32-education\/stm32-moocs.html\">STM32 MOOCS<\/a><\/p>\n<p><a class=\"cs-button cs-button--blue-3 cs-button--smaller-padding\" href=\"https:\/\/www.st.com\/content\/st_com\/en\/support\/learning\/stm32-education\/stm32-moocs\/TouchGFX_webinar_MOOC.html\">TouchGFX Webinar<\/a><\/p>\n<p><a class=\"cs-button cs-button--blue-3 cs-button--smaller-padding\" href=\"https:\/\/www.st.com\/content\/st_com\/en\/support\/learning\/stm32-education\/stm32-moocs\/STM32_Graphics_Workshop.html\">TouchGFX Werkstatt<\/a><\/p>\n<p style=\"text-align: center\"><img decoding=\"async\" class=\"alignnone wp-image-122064 size-large\" src=\"https:\/\/riverdi.com\/wp-content\/uploads\/2024\/03\/IMG_8172-copy-1-929x1024.webp\" alt=\"\" width=\"929\" height=\"1024\" srcset=\"https:\/\/riverdi.com\/wp-content\/uploads\/2024\/03\/IMG_8172-copy-1-929x1024.webp 929w, https:\/\/riverdi.com\/wp-content\/uploads\/2024\/03\/IMG_8172-copy-1-272x300.webp 272w, https:\/\/riverdi.com\/wp-content\/uploads\/2024\/03\/IMG_8172-copy-1-768x846.webp 768w, https:\/\/riverdi.com\/wp-content\/uploads\/2024\/03\/IMG_8172-copy-1-1394x1536.webp 1394w, https:\/\/riverdi.com\/wp-content\/uploads\/2024\/03\/IMG_8172-copy-1-1858x2048.webp 1858w, https:\/\/riverdi.com\/wp-content\/uploads\/2024\/03\/IMG_8172-copy-1-1568x1728.webp 1568w, https:\/\/riverdi.com\/wp-content\/uploads\/2024\/03\/IMG_8172-copy-1-600x661.webp 600w, https:\/\/riverdi.com\/wp-content\/uploads\/2024\/03\/IMG_8172-copy-1-64x71.webp 64w\" sizes=\"(max-width: 929px) 100vw, 929px\" \/><\/p>\n<h2>Industrieller Touchscreen<\/h2>\n<h4>Reagiert auf die kleinste Ber\u00fchrung<\/h4>\n<p>Das PCAP (Projected Capacity Touch Panel) wird als &#8222;industriell&#8220; (im Gegensatz zu &#8222;Verbraucher&#8220;) eingestuft, wenn es in der Lage ist, unter anspruchsvolleren, rauen Bedingungen (d. h. st\u00f6rende elektromagnetische Felder in der Umgebung, die zu Interferenzen mit der Steuerung des Panels f\u00fchren, Wassertropfen in der Umgebung, die auch auf dem Glas des Panels vorhanden sind) korrekt zu funktionieren und bei Ber\u00fchrung durch H\u00e4nde mit Handschuhen richtig zu reagieren. Er kann werkseitig eingestellt werden, erkennt Ber\u00fchrungen durch dickere Glasschichten als Verbraucherpanels (eine 6 mm dicke Glasschicht wurde im Riverdi-Labor erfolgreich getestet) und verwendet einen Chip-Controller in Industriequalit\u00e4t. Solche Steuerungen haben industrielle Herstellerrichtlinien implementiert und werden garantiert 10 bis 15 Jahre ohne \u00c4nderungen hergestellt.<\/p>\n<p>Hauptmerkmale:<\/p>\n<ul>\n<li>ILITEK ILI2130 Touch IC<\/li>\n<li>I\u00b2C-Schnittstelle<\/li>\n<li>Unterst\u00fctzt Glasdicken bis zu 6 mm<\/li>\n<li>Arbeitet mit behandschuhten H\u00e4nden<\/li>\n<li>Wasserfeste Touch-Funktionalit\u00e4t<\/li>\n<li>Multi-Touch-F\u00e4higkeit f\u00fcr bis zu 5 Finger<\/li>\n<li>Hervorragende EMC-, RS- (gestrahlte Suszeptibilit\u00e4t) und CS- (leitende Suszeptibilit\u00e4t) Leistung<\/li>\n<li>Die Ber\u00fchrungsleistung kann leicht an die jeweiligen Bed\u00fcrfnisse angepasst werden.<\/li>\n<\/ul>\n<p>&nbsp;<\/p>\n<p>Weitere Informationen finden Sie auf <a href=\"https:\/\/riverdi.com\/fr\/knowledge-base\/ecrans-tactiles-capacitifs-projetes\">dieser Seite<\/a>.<\/p>\n<p style=\"text-align: center\"><img decoding=\"async\" class=\"alignnone size-full wp-image-112461\" src=\"https:\/\/riverdi.com\/wp-content\/uploads\/2024\/05\/w600h971.avif\" alt=\"\" width=\"600\" height=\"970\" srcset=\"https:\/\/riverdi.com\/wp-content\/uploads\/2024\/05\/w600h971.avif 600w, https:\/\/riverdi.com\/wp-content\/uploads\/2024\/05\/w600h971-64x103.avif 64w, https:\/\/riverdi.com\/wp-content\/uploads\/2024\/05\/w600h971-186x300.avif 186w\" sizes=\"(max-width: 600px) 100vw, 600px\" \/><\/p>\n<h2>Externe Speicher<\/h2>\n<p><span class=\"TextRun SCXW96972235 BCX0\" lang=\"EN-US\" data-contrast=\"none\" xml:lang=\"EN-US\"><span class=\"NormalTextRun SCXW96972235 BCX0\">Der STM32<\/span><span class=\"NormalTextRun SpellingErrorV2Themed SCXW96972235 BCX0\">Nucleo<\/span><span class=\"NormalTextRun SCXW96972235 BCX0\">Board verf\u00fcgt \u00fcber einen integrierten 8 MB gro\u00dfen SPI-Flash-Speicher f\u00fcr die effiziente Verwaltung von Assets.<br \/>\nDieser externe SPI-Speicher erm\u00f6glicht einen schnelleren Datenzugriff und eine h\u00f6here Leistung und unterst\u00fctzt das nahtlose Speichern und Abrufen von Bildern, Musik, Videos, Schriftarten und mehr.<br \/>\nDas Board gew\u00e4hrleistet durch diese integrierte Speicherl\u00f6sung eine Hochgeschwindigkeits-Daten\u00fcbertragung und verbesserte Systemfunktionen.  <\/span><\/span><span class=\"EOP SCXW96972235 BCX0\"> <\/span><\/p>\n<p style=\"text-align: center\"><img decoding=\"async\" class=\"alignnone size-full wp-image-112422\" src=\"https:\/\/riverdi.com\/wp-content\/uploads\/2024\/05\/w600h600.avif\" alt=\"\" width=\"600\" height=\"600\" srcset=\"https:\/\/riverdi.com\/wp-content\/uploads\/2024\/05\/w600h600.avif 600w, https:\/\/riverdi.com\/wp-content\/uploads\/2024\/05\/w600h600-100x100.avif 100w, https:\/\/riverdi.com\/wp-content\/uploads\/2024\/05\/w600h600-64x64.avif 64w, https:\/\/riverdi.com\/wp-content\/uploads\/2024\/05\/w600h600-300x300.avif 300w, https:\/\/riverdi.com\/wp-content\/uploads\/2024\/05\/w600h600-150x150.avif 150w, https:\/\/riverdi.com\/wp-content\/uploads\/2024\/05\/w600h600-200x200.avif 200w\" sizes=\"(max-width: 600px) 100vw, 600px\" \/><\/p>\n<h2>Optisches Bonding<\/h2>\n<h4>Verbessern der optischen Leistung Ihres Displays<\/h4>\n<p>Bei der <strong>optischen Verklebung<\/strong> wird das Touchpanel (oder nur das Schutzglas) mit einem Fl\u00fcssigkleber, einem Gel oder einem trockenen (Film) auf dem Display befestigt. Im Allgemeinen verbessert dieses Verfahren die Parameter des Moduls &#8211; die optische Leistung sowie die Haltbarkeit.<\/p>\n<p>Der <strong>Luftspalt<\/strong> ist der Grund f\u00fcr das Ph\u00e4nomen der Reflexion des Sonnenlichts. Wenn das Display ausgeschaltet ist, ist der visuelle Bereich (V.A.) also nie schwarz, sondern grau.<\/p>\n<p>Wenn wir die Luftspalte entfernen, reduzieren wir die Anzahl der internen reflektierenden Oberfl\u00e4chen, was die optische Leistung erh\u00f6ht. Dieses Ph\u00e4nomen verbessert die Lesbarkeit, indem es die Reflexion reduziert und den Kontrast verbessert.<\/p>\n<p style=\"text-align: center\"><img decoding=\"async\" class=\"alignnone size-full wp-image-112437\" src=\"https:\/\/riverdi.com\/wp-content\/uploads\/2024\/05\/w768h417.avif\" alt=\"\" width=\"768\" height=\"417\" srcset=\"https:\/\/riverdi.com\/wp-content\/uploads\/2024\/05\/w768h417.avif 768w, https:\/\/riverdi.com\/wp-content\/uploads\/2024\/05\/w768h417-600x326.avif 600w, https:\/\/riverdi.com\/wp-content\/uploads\/2024\/05\/w768h417-64x35.avif 64w, https:\/\/riverdi.com\/wp-content\/uploads\/2024\/05\/w768h417-300x163.avif 300w\" sizes=\"(max-width: 768px) 100vw, 768px\" \/><\/p>\n<p style=\"text-align: center\"><img decoding=\"async\" class=\"alignnone size-full wp-image-112442\" src=\"https:\/\/riverdi.com\/wp-content\/uploads\/2024\/05\/w768h521.avif\" alt=\"\" width=\"768\" height=\"521\" srcset=\"https:\/\/riverdi.com\/wp-content\/uploads\/2024\/05\/w768h521.avif 768w, https:\/\/riverdi.com\/wp-content\/uploads\/2024\/05\/w768h521-600x407.avif 600w, https:\/\/riverdi.com\/wp-content\/uploads\/2024\/05\/w768h521-64x43.avif 64w, https:\/\/riverdi.com\/wp-content\/uploads\/2024\/05\/w768h521-300x204.avif 300w\" sizes=\"(max-width: 768px) 100vw, 768px\" \/><\/p>\n<h4>Schlankes Design ohne L\u00f6cher im Geh\u00e4use<\/h4>\n<p>Ein uxTouch-Display ist ein speziell entwickeltes LCD-TFT-Display, das \u00fcber einen Projected Capacitive Touch (PTC) verf\u00fcgt. Dank ihres absolut flachen Designs und der Multi-Touch-Funktion sind sie die perfekte Wahl f\u00fcr Ihr Projekt, wenn Sie ein interaktives Design und eine interaktive Technologie anstreben.<\/p>\n<p>Sie zeichnen sich durch ein modernes und schlankes Design ohne L\u00f6cher im Geh\u00e4use aus.<\/p>\n<p>Auf der technischen Seite sind sie eine gute Option f\u00fcr Industrier\u00e4ume, da sich dort kein Schmutz ansammeln kann. Au\u00dferdem sind sie mit chemisch geh\u00e4rtetem Glas ausgestattet, das dank des Ionenaustauschverfahrens eine l\u00e4ngere Haltbarkeit aufweist. Sie sind einfach zu montieren, leicht zu reinigen und lassen sich leicht in Ihr Design integrieren.<\/p>\n<p style=\"text-align: center\"><img decoding=\"async\" class=\"alignnone size-full wp-image-112466\" src=\"https:\/\/riverdi.com\/wp-content\/uploads\/2024\/05\/w600h358.avif\" alt=\"\" width=\"600\" height=\"358\" srcset=\"https:\/\/riverdi.com\/wp-content\/uploads\/2024\/05\/w600h358.avif 600w, https:\/\/riverdi.com\/wp-content\/uploads\/2024\/05\/w600h358-64x38.avif 64w, https:\/\/riverdi.com\/wp-content\/uploads\/2024\/05\/w600h358-300x179.avif 300w\" sizes=\"(max-width: 600px) 100vw, 600px\" \/><\/p>\n<h2>Ma\u00dfgeschneiderte Displays<\/h2>\n<p>Das Riverdi Nucleo 1.54&#8243; Display Kit wird mit einem fest installierten Standard <a href=\"https:\/\/riverdi.com\/fr\/product\/rvt15mdtnwc00-b\">IPS-Display mit hoher Helligkeit<\/a> geliefert.<br \/>\nSie k\u00f6nnen diese Anzeigen auf viele Arten anpassen:<\/p>\n<ul>\n<li>\u00c4ndern Sie die Farbe, Form und Gr\u00f6\u00dfe des Deckglases<\/li>\n<li>Lassen Sie Ihr Logo auf das Deckglas drucken (oder jede andere Grafik, die Sie ben\u00f6tigen)<\/li>\n<li>Hinzuf\u00fcgen einer anderen Schnittstelle<\/li>\n<li>Verbessern Sie die Helligkeit des Bildschirms<\/li>\n<li>\u00c4ndern Sie die Dicke der CTP-Abdeckscheibe<\/li>\n<li>W\u00e4hlen Sie einen anderen Blickwinkel f\u00fcr das Display<\/li>\n<li>\u00c4ndern Sie die Pinbelegung<\/li>\n<li>Andere Dichtung anfordern<\/li>\n<\/ul>\n<p>&nbsp;<\/p>\n<p>Wie Sie sehen k\u00f6nnen, sind die M\u00f6glichkeiten endlos.<br \/>\nAlles, was Sie tun m\u00fcssen, ist zu w\u00e4hlen. <\/p>\n<p>Wir helfen Ihnen, das perfekte, ma\u00dfgeschneiderte Produkt zu bekommen.<\/p>\n<p style=\"text-align: center\"><img decoding=\"async\" class=\"alignnone size-full wp-image-112476\" src=\"https:\/\/riverdi.com\/wp-content\/uploads\/2024\/05\/w768h564.avif\" alt=\"\" width=\"768\" height=\"564\" srcset=\"https:\/\/riverdi.com\/wp-content\/uploads\/2024\/05\/w768h564.avif 768w, https:\/\/riverdi.com\/wp-content\/uploads\/2024\/05\/w768h564-600x441.avif 600w, https:\/\/riverdi.com\/wp-content\/uploads\/2024\/05\/w768h564-64x47.avif 64w, https:\/\/riverdi.com\/wp-content\/uploads\/2024\/05\/w768h564-300x220.avif 300w\" sizes=\"(max-width: 768px) 100vw, 768px\" \/><\/p>\n","protected":false},"excerpt":{"rendered":"<ul>\n<li data-leveltext=\"\uf0b7\" data-font=\"Symbol\" data-listid=\"2\" data-aria-posinset=\"1\" data-aria-level=\"1\"><span data-contrast=\"auto\">1,54&#8243; TFT-Display<\/span><span> <\/span><\/li>\n<li data-leveltext=\"\uf0b7\" data-font=\"Symbol\" data-listid=\"2\" data-aria-posinset=\"1\" data-aria-level=\"1\"><span data-contrast=\"auto\">240&#215;240 px High-Density-Aufl\u00f6sung<\/span><span> <\/span><\/li>\n<li data-leveltext=\"\uf0b7\" data-font=\"Symbol\" data-listid=\"2\" data-aria-posinset=\"1\" data-aria-level=\"1\"><span data-contrast=\"auto\">500 cd\/m\u00b2 Helligkeit bei geringem Stromverbrauch  <\/span><span> <\/span><\/li>\n<li data-leveltext=\"\uf0b7\" data-font=\"Symbol\" data-listid=\"2\" data-aria-posinset=\"1\" data-aria-level=\"1\"><span data-contrast=\"auto\">Volle Betrachtungswinkel (IPS)<\/span><span> <\/span><\/li>\n<li data-leveltext=\"\uf0b7\" data-font=\"Symbol\" data-listid=\"2\" data-aria-posinset=\"1\" data-aria-level=\"1\"><span data-contrast=\"auto\">SPI-Schnittstelle,<\/span><span> <\/span><\/li>\n<li data-leveltext=\"\uf0b7\" data-font=\"Symbol\" data-listid=\"2\" data-aria-posinset=\"1\" data-aria-level=\"1\"><span data-contrast=\"auto\">Optische Bindung  <\/span><span> <\/span><\/li>\n<li data-leveltext=\"\uf0b7\" data-font=\"Symbol\" data-listid=\"2\" data-aria-posinset=\"1\" data-aria-level=\"1\"><span data-contrast=\"auto\">Industrielles PCAP-Touchpanel mit I2C-Schnittstelle<\/span><span> <\/span><\/li>\n<li data-leveltext=\"\uf0b7\" data-font=\"Symbol\" data-listid=\"2\" data-aria-posinset=\"1\" data-aria-level=\"1\"><span data-contrast=\"auto\">Integrierter 8MB SPI-Flash-Speicher<\/span><span> <\/span><\/li>\n<li data-leveltext=\"\uf0b7\" data-font=\"Symbol\" data-listid=\"2\" data-aria-posinset=\"1\" data-aria-level=\"1\"><span data-contrast=\"auto\">Touch GFX-Demoprojekte<\/span><span> <\/span><\/li>\n<li data-leveltext=\"\uf0b7\" data-font=\"Symbol\" data-listid=\"2\" data-aria-posinset=\"1\" data-aria-level=\"1\"><span data-contrast=\"auto\">Schwarzes dekoratives Deckglas<\/span><span> <\/span><\/li>\n<li data-leveltext=\"\uf0b7\" data-font=\"Symbol\" data-listid=\"2\" data-aria-posinset=\"1\" data-aria-level=\"1\"><span data-contrast=\"auto\">Display kompatibel mit 64-pin ST Nucleo Entwicklungskits: NUCLEO-C071RB<\/span><\/li>\n<li data-leveltext=\"\uf0b7\" data-font=\"Symbol\" data-listid=\"2\" data-aria-posinset=\"1\" data-aria-level=\"1\"><span data-contrast=\"auto\">BITTE BEACHTEN SIE: enth\u00e4lt nicht das ST Nucleo Development Kit &#8211; separat erh\u00e4ltlich<\/span><span> <\/span><\/li>\n<li data-leveltext=\"\uf0b7\" data-font=\"Symbol\" data-listid=\"2\" data-aria-posinset=\"1\" data-aria-level=\"1\">Das im Kit verwendete Display ist hier auch einzeln erh\u00e4ltlich: <a href=\"https:\/\/riverdi.com\/fr\/product\/rvt15mdtnwc00-b\">RVT15MDTNWC00-B<\/a><\/li>\n<\/ul>\n","protected":false},"featured_media":127758,"comment_status":"closed","ping_status":"closed","template":"","meta":{"_acf_changed":false,"content-type":"","inline_featured_image":false},"product_brand":[],"product_cat":[4971,3530,4974,4787,3174,4786],"product_tag":[],"class_list":{"0":"post-126773","1":"product","2":"type-product","3":"status-publish","4":"has-post-thumbnail","6":"product_cat-154-zoll-lcd-displays","7":"product_cat-bewertungstafeln","8":"product_cat-ic-spi-displays-de","9":"product_cat-lcd-anzeige","10":"product_cat-stm32-embedded-displays-de","11":"product_cat-tft-display-de","13":"first","14":"instock","15":"taxable","16":"shipping-taxable","17":"purchasable","18":"product-type-simple"},"acf":[],"yoast_head":"<!-- This site is optimized with the Yoast SEO plugin v27.0 - https:\/\/yoast.com\/product\/yoast-seo-wordpress\/ -->\n<title>1.54&quot; STM32 Nucleo 64 Display-Kit (Copy) - Riverdi<\/title>\n<meta name=\"description\" content=\"Die STM32 Nucleo Boards von STMicroelectronics sind erschwingliche Entwicklungsplattformen, die f\u00fcr schnelles Prototyping und Experimente mit jeder STM32 MCU konzipiert sind.\" \/>\n<meta name=\"robots\" content=\"index, follow, max-snippet:-1, max-image-preview:large, max-video-preview:-1\" \/>\n<link rel=\"canonical\" href=\"https:\/\/riverdi.com\/de\/product\/1-54-stm32-nucleo-64-display-kit-copy\" \/>\n<meta property=\"og:locale\" content=\"de_DE\" \/>\n<meta property=\"og:type\" content=\"article\" \/>\n<meta property=\"og:title\" content=\"1.54&quot; STM32 Nucleo 64 Display-Kit (Copy) - Riverdi\" \/>\n<meta property=\"og:description\" content=\"Die STM32 Nucleo Boards von STMicroelectronics sind erschwingliche Entwicklungsplattformen, die f\u00fcr schnelles Prototyping und Experimente mit jeder STM32 MCU konzipiert sind.\" \/>\n<meta property=\"og:url\" content=\"https:\/\/riverdi.com\/de\/product\/1-54-stm32-nucleo-64-display-kit-copy\" \/>\n<meta property=\"og:site_name\" content=\"Riverdi\" \/>\n<meta property=\"article:publisher\" content=\"https:\/\/www.facebook.com\/riverdi.displays\/\" \/>\n<meta property=\"article:modified_time\" content=\"2025-12-09T14:11:26+00:00\" \/>\n<meta property=\"og:image\" content=\"https:\/\/riverdi.com\/wp-content\/uploads\/2024\/03\/nucleo1-2.webp\" \/>\n\t<meta property=\"og:image:width\" content=\"1200\" \/>\n\t<meta property=\"og:image:height\" content=\"1200\" \/>\n\t<meta property=\"og:image:type\" content=\"image\/webp\" \/>\n<meta name=\"twitter:card\" content=\"summary_large_image\" \/>\n<meta name=\"twitter:site\" content=\"@riverdidisplays\" \/>\n<meta name=\"twitter:label1\" content=\"Gesch\u00e4tzte Lesezeit\" \/>\n\t<meta name=\"twitter:data1\" content=\"4\u00a0Minuten\" \/>\n<script type=\"application\/ld+json\" class=\"yoast-schema-graph\">{\"@context\":\"https:\/\/schema.org\",\"@graph\":[{\"@type\":\"WebPage\",\"@id\":\"https:\/\/riverdi.com\/de\/product\/1-54-stm32-nucleo-64-display-kit-copy\",\"url\":\"https:\/\/riverdi.com\/de\/product\/1-54-stm32-nucleo-64-display-kit-copy\",\"name\":\"1.54\\\" STM32 Nucleo 64 Display-Kit (Copy) - Riverdi\",\"isPartOf\":{\"@id\":\"https:\/\/riverdi.com\/de#website\"},\"primaryImageOfPage\":{\"@id\":\"https:\/\/riverdi.com\/de\/product\/1-54-stm32-nucleo-64-display-kit-copy#primaryimage\"},\"image\":{\"@id\":\"https:\/\/riverdi.com\/de\/product\/1-54-stm32-nucleo-64-display-kit-copy#primaryimage\"},\"thumbnailUrl\":\"https:\/\/riverdi.com\/wp-content\/uploads\/2025\/10\/WBA-001-scaled.png\",\"datePublished\":\"2025-10-17T10:28:20+00:00\",\"dateModified\":\"2025-12-09T14:11:26+00:00\",\"description\":\"Die STM32 Nucleo Boards von STMicroelectronics sind erschwingliche Entwicklungsplattformen, die f\u00fcr schnelles Prototyping und Experimente mit jeder STM32 MCU konzipiert sind.\",\"breadcrumb\":{\"@id\":\"https:\/\/riverdi.com\/de\/product\/1-54-stm32-nucleo-64-display-kit-copy#breadcrumb\"},\"inLanguage\":\"de\",\"potentialAction\":[{\"@type\":\"ReadAction\",\"target\":[\"https:\/\/riverdi.com\/de\/product\/1-54-stm32-nucleo-64-display-kit-copy\"]}]},{\"@type\":\"ImageObject\",\"inLanguage\":\"de\",\"@id\":\"https:\/\/riverdi.com\/de\/product\/1-54-stm32-nucleo-64-display-kit-copy#primaryimage\",\"url\":\"https:\/\/riverdi.com\/wp-content\/uploads\/2025\/10\/WBA-001-scaled.png\",\"contentUrl\":\"https:\/\/riverdi.com\/wp-content\/uploads\/2025\/10\/WBA-001-scaled.png\",\"width\":2560,\"height\":1440},{\"@type\":\"BreadcrumbList\",\"@id\":\"https:\/\/riverdi.com\/de\/product\/1-54-stm32-nucleo-64-display-kit-copy#breadcrumb\",\"itemListElement\":[{\"@type\":\"ListItem\",\"position\":1,\"name\":\"Front Page\",\"item\":\"https:\/\/riverdi.com\/de\/titelblatt\"},{\"@type\":\"ListItem\",\"position\":2,\"name\":\"Shop\",\"item\":\"https:\/\/riverdi.com\/de\/shop\"},{\"@type\":\"ListItem\",\"position\":3,\"name\":\"1.54&#8243; STM32 Nucleo 64 Display-Kit (Copy)\"}]},{\"@type\":\"WebSite\",\"@id\":\"https:\/\/riverdi.com\/de#website\",\"url\":\"https:\/\/riverdi.com\/de\",\"name\":\"Riverdi\",\"description\":\"Global TFT LCD Manufacturer\",\"potentialAction\":[{\"@type\":\"SearchAction\",\"target\":{\"@type\":\"EntryPoint\",\"urlTemplate\":\"https:\/\/riverdi.com\/de?s={search_term_string}\"},\"query-input\":{\"@type\":\"PropertyValueSpecification\",\"valueRequired\":true,\"valueName\":\"search_term_string\"}}],\"inLanguage\":\"de\"}]}<\/script>\n<!-- \/ Yoast SEO plugin. -->","yoast_head_json":{"title":"1.54\" STM32 Nucleo 64 Display-Kit (Copy) - Riverdi","description":"Die STM32 Nucleo Boards von STMicroelectronics sind erschwingliche Entwicklungsplattformen, die f\u00fcr schnelles Prototyping und Experimente mit jeder STM32 MCU konzipiert sind.","robots":{"index":"index","follow":"follow","max-snippet":"max-snippet:-1","max-image-preview":"max-image-preview:large","max-video-preview":"max-video-preview:-1"},"canonical":"https:\/\/riverdi.com\/de\/product\/1-54-stm32-nucleo-64-display-kit-copy","og_locale":"de_DE","og_type":"article","og_title":"1.54\" STM32 Nucleo 64 Display-Kit (Copy) - Riverdi","og_description":"Die STM32 Nucleo Boards von STMicroelectronics sind erschwingliche Entwicklungsplattformen, die f\u00fcr schnelles Prototyping und Experimente mit jeder STM32 MCU konzipiert sind.","og_url":"https:\/\/riverdi.com\/de\/product\/1-54-stm32-nucleo-64-display-kit-copy","og_site_name":"Riverdi","article_publisher":"https:\/\/www.facebook.com\/riverdi.displays\/","article_modified_time":"2025-12-09T14:11:26+00:00","og_image":[{"width":1200,"height":1200,"url":"https:\/\/riverdi.com\/wp-content\/uploads\/2024\/03\/nucleo1-2.webp","type":"image\/webp"}],"twitter_card":"summary_large_image","twitter_site":"@riverdidisplays","twitter_misc":{"Gesch\u00e4tzte Lesezeit":"4\u00a0Minuten"},"schema":{"@context":"https:\/\/schema.org","@graph":[{"@type":"WebPage","@id":"https:\/\/riverdi.com\/de\/product\/1-54-stm32-nucleo-64-display-kit-copy","url":"https:\/\/riverdi.com\/de\/product\/1-54-stm32-nucleo-64-display-kit-copy","name":"1.54\" STM32 Nucleo 64 Display-Kit (Copy) - Riverdi","isPartOf":{"@id":"https:\/\/riverdi.com\/de#website"},"primaryImageOfPage":{"@id":"https:\/\/riverdi.com\/de\/product\/1-54-stm32-nucleo-64-display-kit-copy#primaryimage"},"image":{"@id":"https:\/\/riverdi.com\/de\/product\/1-54-stm32-nucleo-64-display-kit-copy#primaryimage"},"thumbnailUrl":"https:\/\/riverdi.com\/wp-content\/uploads\/2025\/10\/WBA-001-scaled.png","datePublished":"2025-10-17T10:28:20+00:00","dateModified":"2025-12-09T14:11:26+00:00","description":"Die STM32 Nucleo Boards von STMicroelectronics sind erschwingliche Entwicklungsplattformen, die f\u00fcr schnelles Prototyping und Experimente mit jeder STM32 MCU konzipiert sind.","breadcrumb":{"@id":"https:\/\/riverdi.com\/de\/product\/1-54-stm32-nucleo-64-display-kit-copy#breadcrumb"},"inLanguage":"de","potentialAction":[{"@type":"ReadAction","target":["https:\/\/riverdi.com\/de\/product\/1-54-stm32-nucleo-64-display-kit-copy"]}]},{"@type":"ImageObject","inLanguage":"de","@id":"https:\/\/riverdi.com\/de\/product\/1-54-stm32-nucleo-64-display-kit-copy#primaryimage","url":"https:\/\/riverdi.com\/wp-content\/uploads\/2025\/10\/WBA-001-scaled.png","contentUrl":"https:\/\/riverdi.com\/wp-content\/uploads\/2025\/10\/WBA-001-scaled.png","width":2560,"height":1440},{"@type":"BreadcrumbList","@id":"https:\/\/riverdi.com\/de\/product\/1-54-stm32-nucleo-64-display-kit-copy#breadcrumb","itemListElement":[{"@type":"ListItem","position":1,"name":"Front Page","item":"https:\/\/riverdi.com\/de\/titelblatt"},{"@type":"ListItem","position":2,"name":"Shop","item":"https:\/\/riverdi.com\/de\/shop"},{"@type":"ListItem","position":3,"name":"1.54&#8243; STM32 Nucleo 64 Display-Kit (Copy)"}]},{"@type":"WebSite","@id":"https:\/\/riverdi.com\/de#website","url":"https:\/\/riverdi.com\/de","name":"Riverdi","description":"Global TFT LCD Manufacturer","potentialAction":[{"@type":"SearchAction","target":{"@type":"EntryPoint","urlTemplate":"https:\/\/riverdi.com\/de?s={search_term_string}"},"query-input":{"@type":"PropertyValueSpecification","valueRequired":true,"valueName":"search_term_string"}}],"inLanguage":"de"}]}},"_links":{"self":[{"href":"https:\/\/riverdi.com\/de\/wp-json\/wp\/v2\/product\/126773","targetHints":{"allow":["GET"]}}],"collection":[{"href":"https:\/\/riverdi.com\/de\/wp-json\/wp\/v2\/product"}],"about":[{"href":"https:\/\/riverdi.com\/de\/wp-json\/wp\/v2\/types\/product"}],"replies":[{"embeddable":true,"href":"https:\/\/riverdi.com\/de\/wp-json\/wp\/v2\/comments?post=126773"}],"wp:featuredmedia":[{"embeddable":true,"href":"https:\/\/riverdi.com\/de\/wp-json\/wp\/v2\/media\/127758"}],"wp:attachment":[{"href":"https:\/\/riverdi.com\/de\/wp-json\/wp\/v2\/media?parent=126773"}],"wp:term":[{"taxonomy":"product_brand","embeddable":true,"href":"https:\/\/riverdi.com\/de\/wp-json\/wp\/v2\/product_brand?post=126773"},{"taxonomy":"product_cat","embeddable":true,"href":"https:\/\/riverdi.com\/de\/wp-json\/wp\/v2\/product_cat?post=126773"},{"taxonomy":"product_tag","embeddable":true,"href":"https:\/\/riverdi.com\/de\/wp-json\/wp\/v2\/product_tag?post=126773"}],"curies":[{"name":"wp","href":"https:\/\/api.w.org\/{rel}","templated":true}]}}