{"id":122632,"date":"2025-01-22T08:51:22","date_gmt":"2025-01-22T07:51:22","guid":{"rendered":"https:\/\/riverdi.com\/?post_type=product&#038;p=122632"},"modified":"2026-01-08T21:44:42","modified_gmt":"2026-01-08T20:44:42","slug":"sbc-rvt70hsdnwn00","status":"publish","type":"product","link":"https:\/\/riverdi.com\/de\/product\/sbc-rvt70hsdnwn00","title":{"rendered":"Hochhelligkeits IPS Display 7,0\u2033 TFT LCD 1024x600px, MIPI DSI Schnittstelle Toradex + Kapazitiver Touchscreen \u2013 RVT70HSDNWN00"},"content":{"rendered":"<p>entfernen Sie dies nicht<\/p>\n","protected":false},"excerpt":{"rendered":"<p><strong>Hauptmerkmale:<\/strong><\/p>\n<ul>\n<li>7,0&#8220; TFT-Display<\/li>\n<li>1024x600px Aufl\u00f6sung<\/li>\n<li>Hohe Helligkeit 1000cd\/m2<\/li>\n<li>Volle Betrachtungswinkel (IPS)<\/li>\n<li>MIPI-DSI-Schnittstelle<\/li>\n<li>SN65DSI83 Br\u00fccke<\/li>\n<li>Stromversorgung: 5.0V<\/li>\n<li>Kompatibel mit SoMs und Carrier Boards der Toradex Verdin-Familie<\/li>\n<li>Die beste &#8222;out of the box&#8220;-Erfahrung<\/li>\n<\/ul>\n<p>Erfahren Sie mehr \u00fcber die <a href=\"https:\/\/riverdi.com\/de\/individuelle-losungen\" target=\"_blank\" rel=\"noopener\" data-link-card=\"true\">Optionen zur Anpassung des Displays<\/a><\/p>\n","protected":false},"featured_media":123678,"comment_status":"closed","ping_status":"closed","template":"","meta":{"_acf_changed":false,"content-type":"","inline_featured_image":false},"product_brand":[],"product_cat":[4788,4848,3377,4787,4789,4866,3361,4786,4790],"product_tag":[],"class_list":{"0":"post-122632","1":"product","2":"type-product","3":"status-publish","4":"has-post-thumbnail","6":"product_cat-7-zoll-lcd-displays","7":"product_cat-alle-anzeigen","8":"product_cat-ips-displays-mit-hoher-helligkeit","9":"product_cat-lcd-anzeige","10":"product_cat-mipi-dsi-anzeigen","11":"product_cat-schnittstelle","12":"product_cat-einplatinencomputer","13":"product_cat-tft-display-de","14":"product_cat-toradex-anzeigen","16":"first","17":"instock","18":"taxable","19":"shipping-taxable","20":"purchasable","21":"product-type-simple"},"acf":[],"yoast_head":"<!-- This site is optimized with the Yoast SEO plugin v27.0 - https:\/\/yoast.com\/product\/yoast-seo-wordpress\/ -->\n<title>Hochhelligkeits IPS Display 7,0\u2033 TFT LCD 1024x600px, MIPI DSI Schnittstelle Toradex + Kapazitiver Touchscreen \u2013 RVT70HSDNWN00 | Riverdi<\/title>\n<meta name=\"description\" content=\"Hohe Helligkeit-IPS-Display: 7,0\u2033 TFT-LCD-Display mit einer Aufl\u00f6sung von 1024x600px und einer Helligkeit von 1000cd\/m\u00b2 f\u00fcr optimale Sichtbarkeit unter verschiedenen Lichtverh\u00e4ltnissen. Das Display enth\u00e4lt eine SN65DSI83-Bridge und wird mit einer Spannungsversorgung von 5,0V betrieben. Ausgestattet mit einer MIPI DSI-Schnittstelle ist es kompatibel mit den SoMs und Carrier Boards der Toradex Verdin-Familie und gew\u00e4hrleistet so eine erstklassige \u201eOut-of-the-Box\u201c-Erfahrung \u2013 Modell SM-RVT70HSDNWN00\" \/>\n<meta name=\"robots\" content=\"index, follow, max-snippet:-1, max-image-preview:large, max-video-preview:-1\" \/>\n<link rel=\"canonical\" href=\"https:\/\/riverdi.com\/de\/product\/sbc-rvt70hsdnwn00\" \/>\n<meta property=\"og:locale\" content=\"de_DE\" \/>\n<meta property=\"og:type\" content=\"article\" \/>\n<meta property=\"og:title\" content=\"Hochhelligkeits IPS Display 7,0\u2033 TFT LCD 1024x600px, MIPI DSI Schnittstelle Toradex + Kapazitiver Touchscreen \u2013 RVT70HSDNWN00 | Riverdi\" \/>\n<meta property=\"og:description\" content=\"Hohe Helligkeit-IPS-Display: 7,0\u2033 TFT-LCD-Display mit einer Aufl\u00f6sung von 1024x600px und einer Helligkeit von 1000cd\/m\u00b2 f\u00fcr optimale Sichtbarkeit unter verschiedenen Lichtverh\u00e4ltnissen. Das Display enth\u00e4lt eine SN65DSI83-Bridge und wird mit einer Spannungsversorgung von 5,0V betrieben. Ausgestattet mit einer MIPI DSI-Schnittstelle ist es kompatibel mit den SoMs und Carrier Boards der Toradex Verdin-Familie und gew\u00e4hrleistet so eine erstklassige \u201eOut-of-the-Box\u201c-Erfahrung \u2013 Modell SM-RVT70HSDNWN00\" \/>\n<meta property=\"og:url\" content=\"https:\/\/riverdi.com\/de\/product\/sbc-rvt70hsdnwn00\" \/>\n<meta property=\"og:site_name\" content=\"Riverdi\" \/>\n<meta property=\"article:publisher\" content=\"https:\/\/www.facebook.com\/riverdi.displays\/\" \/>\n<meta property=\"article:modified_time\" content=\"2026-01-08T20:44:42+00:00\" \/>\n<meta property=\"og:image\" content=\"https:\/\/riverdi.com\/wp-content\/uploads\/2025\/01\/RVT70HSDNWN00-front-1-scaled.webp\" \/>\n\t<meta property=\"og:image:width\" content=\"2560\" \/>\n\t<meta property=\"og:image:height\" content=\"2560\" \/>\n\t<meta property=\"og:image:type\" content=\"image\/webp\" \/>\n<meta name=\"twitter:card\" content=\"summary_large_image\" \/>\n<meta name=\"twitter:site\" content=\"@riverdidisplays\" \/>\n<meta name=\"twitter:label1\" content=\"Gesch\u00e4tzte Lesezeit\" \/>\n\t<meta name=\"twitter:data1\" content=\"1\u00a0Minute\" \/>\n<script type=\"application\/ld+json\" class=\"yoast-schema-graph\">{\"@context\":\"https:\/\/schema.org\",\"@graph\":[{\"@type\":\"WebPage\",\"@id\":\"https:\/\/riverdi.com\/de\/product\/sbc-rvt70hsdnwn00\",\"url\":\"https:\/\/riverdi.com\/de\/product\/sbc-rvt70hsdnwn00\",\"name\":\"Hochhelligkeits IPS Display 7,0\u2033 TFT LCD 1024x600px, MIPI DSI Schnittstelle Toradex + Kapazitiver Touchscreen \u2013 RVT70HSDNWN00 | Riverdi\",\"isPartOf\":{\"@id\":\"https:\/\/riverdi.com\/de#website\"},\"primaryImageOfPage\":{\"@id\":\"https:\/\/riverdi.com\/de\/product\/sbc-rvt70hsdnwn00#primaryimage\"},\"image\":{\"@id\":\"https:\/\/riverdi.com\/de\/product\/sbc-rvt70hsdnwn00#primaryimage\"},\"thumbnailUrl\":\"https:\/\/riverdi.com\/wp-content\/uploads\/2025\/01\/RVT70HSDNWN00-front-1-scaled.webp\",\"datePublished\":\"2025-01-22T07:51:22+00:00\",\"dateModified\":\"2026-01-08T20:44:42+00:00\",\"description\":\"Hohe Helligkeit-IPS-Display: 7,0\u2033 TFT-LCD-Display mit einer Aufl\u00f6sung von 1024x600px und einer Helligkeit von 1000cd\/m\u00b2 f\u00fcr optimale Sichtbarkeit unter verschiedenen Lichtverh\u00e4ltnissen. Das Display enth\u00e4lt eine SN65DSI83-Bridge und wird mit einer Spannungsversorgung von 5,0V betrieben. Ausgestattet mit einer MIPI DSI-Schnittstelle ist es kompatibel mit den SoMs und Carrier Boards der Toradex Verdin-Familie und gew\u00e4hrleistet so eine erstklassige \u201eOut-of-the-Box\u201c-Erfahrung \u2013 Modell SM-RVT70HSDNWN00\",\"breadcrumb\":{\"@id\":\"https:\/\/riverdi.com\/de\/product\/sbc-rvt70hsdnwn00#breadcrumb\"},\"inLanguage\":\"de\",\"potentialAction\":[{\"@type\":\"ReadAction\",\"target\":[\"https:\/\/riverdi.com\/de\/product\/sbc-rvt70hsdnwn00\"]}]},{\"@type\":\"ImageObject\",\"inLanguage\":\"de\",\"@id\":\"https:\/\/riverdi.com\/de\/product\/sbc-rvt70hsdnwn00#primaryimage\",\"url\":\"https:\/\/riverdi.com\/wp-content\/uploads\/2025\/01\/RVT70HSDNWN00-front-1-scaled.webp\",\"contentUrl\":\"https:\/\/riverdi.com\/wp-content\/uploads\/2025\/01\/RVT70HSDNWN00-front-1-scaled.webp\",\"width\":2560,\"height\":2560},{\"@type\":\"BreadcrumbList\",\"@id\":\"https:\/\/riverdi.com\/de\/product\/sbc-rvt70hsdnwn00#breadcrumb\",\"itemListElement\":[{\"@type\":\"ListItem\",\"position\":1,\"name\":\"Front Page\",\"item\":\"https:\/\/riverdi.com\/de\/titelblatt\"},{\"@type\":\"ListItem\",\"position\":2,\"name\":\"Shop\",\"item\":\"https:\/\/riverdi.com\/de\/shop\"},{\"@type\":\"ListItem\",\"position\":3,\"name\":\"Hochhelligkeits IPS Display 7,0\u2033 TFT LCD 1024x600px, MIPI DSI Schnittstelle Toradex + Kapazitiver Touchscreen \u2013 RVT70HSDNWN00\"}]},{\"@type\":\"WebSite\",\"@id\":\"https:\/\/riverdi.com\/de#website\",\"url\":\"https:\/\/riverdi.com\/de\",\"name\":\"Riverdi\",\"description\":\"Global TFT LCD Manufacturer\",\"potentialAction\":[{\"@type\":\"SearchAction\",\"target\":{\"@type\":\"EntryPoint\",\"urlTemplate\":\"https:\/\/riverdi.com\/de?s={search_term_string}\"},\"query-input\":{\"@type\":\"PropertyValueSpecification\",\"valueRequired\":true,\"valueName\":\"search_term_string\"}}],\"inLanguage\":\"de\"}]}<\/script>\n<!-- \/ Yoast SEO plugin. -->","yoast_head_json":{"title":"Hochhelligkeits IPS Display 7,0\u2033 TFT LCD 1024x600px, MIPI DSI Schnittstelle Toradex + Kapazitiver Touchscreen \u2013 RVT70HSDNWN00 | Riverdi","description":"Hohe Helligkeit-IPS-Display: 7,0\u2033 TFT-LCD-Display mit einer Aufl\u00f6sung von 1024x600px und einer Helligkeit von 1000cd\/m\u00b2 f\u00fcr optimale Sichtbarkeit unter verschiedenen Lichtverh\u00e4ltnissen. Das Display enth\u00e4lt eine SN65DSI83-Bridge und wird mit einer Spannungsversorgung von 5,0V betrieben. Ausgestattet mit einer MIPI DSI-Schnittstelle ist es kompatibel mit den SoMs und Carrier Boards der Toradex Verdin-Familie und gew\u00e4hrleistet so eine erstklassige \u201eOut-of-the-Box\u201c-Erfahrung \u2013 Modell SM-RVT70HSDNWN00","robots":{"index":"index","follow":"follow","max-snippet":"max-snippet:-1","max-image-preview":"max-image-preview:large","max-video-preview":"max-video-preview:-1"},"canonical":"https:\/\/riverdi.com\/de\/product\/sbc-rvt70hsdnwn00","og_locale":"de_DE","og_type":"article","og_title":"Hochhelligkeits IPS Display 7,0\u2033 TFT LCD 1024x600px, MIPI DSI Schnittstelle Toradex + Kapazitiver Touchscreen \u2013 RVT70HSDNWN00 | Riverdi","og_description":"Hohe Helligkeit-IPS-Display: 7,0\u2033 TFT-LCD-Display mit einer Aufl\u00f6sung von 1024x600px und einer Helligkeit von 1000cd\/m\u00b2 f\u00fcr optimale Sichtbarkeit unter verschiedenen Lichtverh\u00e4ltnissen. Das Display enth\u00e4lt eine SN65DSI83-Bridge und wird mit einer Spannungsversorgung von 5,0V betrieben. Ausgestattet mit einer MIPI DSI-Schnittstelle ist es kompatibel mit den SoMs und Carrier Boards der Toradex Verdin-Familie und gew\u00e4hrleistet so eine erstklassige \u201eOut-of-the-Box\u201c-Erfahrung \u2013 Modell SM-RVT70HSDNWN00","og_url":"https:\/\/riverdi.com\/de\/product\/sbc-rvt70hsdnwn00","og_site_name":"Riverdi","article_publisher":"https:\/\/www.facebook.com\/riverdi.displays\/","article_modified_time":"2026-01-08T20:44:42+00:00","og_image":[{"width":2560,"height":2560,"url":"https:\/\/riverdi.com\/wp-content\/uploads\/2025\/01\/RVT70HSDNWN00-front-1-scaled.webp","type":"image\/webp"}],"twitter_card":"summary_large_image","twitter_site":"@riverdidisplays","twitter_misc":{"Gesch\u00e4tzte Lesezeit":"1\u00a0Minute"},"schema":{"@context":"https:\/\/schema.org","@graph":[{"@type":"WebPage","@id":"https:\/\/riverdi.com\/de\/product\/sbc-rvt70hsdnwn00","url":"https:\/\/riverdi.com\/de\/product\/sbc-rvt70hsdnwn00","name":"Hochhelligkeits IPS Display 7,0\u2033 TFT LCD 1024x600px, MIPI DSI Schnittstelle Toradex + Kapazitiver Touchscreen \u2013 RVT70HSDNWN00 | Riverdi","isPartOf":{"@id":"https:\/\/riverdi.com\/de#website"},"primaryImageOfPage":{"@id":"https:\/\/riverdi.com\/de\/product\/sbc-rvt70hsdnwn00#primaryimage"},"image":{"@id":"https:\/\/riverdi.com\/de\/product\/sbc-rvt70hsdnwn00#primaryimage"},"thumbnailUrl":"https:\/\/riverdi.com\/wp-content\/uploads\/2025\/01\/RVT70HSDNWN00-front-1-scaled.webp","datePublished":"2025-01-22T07:51:22+00:00","dateModified":"2026-01-08T20:44:42+00:00","description":"Hohe Helligkeit-IPS-Display: 7,0\u2033 TFT-LCD-Display mit einer Aufl\u00f6sung von 1024x600px und einer Helligkeit von 1000cd\/m\u00b2 f\u00fcr optimale Sichtbarkeit unter verschiedenen Lichtverh\u00e4ltnissen. Das Display enth\u00e4lt eine SN65DSI83-Bridge und wird mit einer Spannungsversorgung von 5,0V betrieben. Ausgestattet mit einer MIPI DSI-Schnittstelle ist es kompatibel mit den SoMs und Carrier Boards der Toradex Verdin-Familie und gew\u00e4hrleistet so eine erstklassige \u201eOut-of-the-Box\u201c-Erfahrung \u2013 Modell SM-RVT70HSDNWN00","breadcrumb":{"@id":"https:\/\/riverdi.com\/de\/product\/sbc-rvt70hsdnwn00#breadcrumb"},"inLanguage":"de","potentialAction":[{"@type":"ReadAction","target":["https:\/\/riverdi.com\/de\/product\/sbc-rvt70hsdnwn00"]}]},{"@type":"ImageObject","inLanguage":"de","@id":"https:\/\/riverdi.com\/de\/product\/sbc-rvt70hsdnwn00#primaryimage","url":"https:\/\/riverdi.com\/wp-content\/uploads\/2025\/01\/RVT70HSDNWN00-front-1-scaled.webp","contentUrl":"https:\/\/riverdi.com\/wp-content\/uploads\/2025\/01\/RVT70HSDNWN00-front-1-scaled.webp","width":2560,"height":2560},{"@type":"BreadcrumbList","@id":"https:\/\/riverdi.com\/de\/product\/sbc-rvt70hsdnwn00#breadcrumb","itemListElement":[{"@type":"ListItem","position":1,"name":"Front Page","item":"https:\/\/riverdi.com\/de\/titelblatt"},{"@type":"ListItem","position":2,"name":"Shop","item":"https:\/\/riverdi.com\/de\/shop"},{"@type":"ListItem","position":3,"name":"Hochhelligkeits IPS Display 7,0\u2033 TFT LCD 1024x600px, MIPI DSI Schnittstelle Toradex + Kapazitiver Touchscreen \u2013 RVT70HSDNWN00"}]},{"@type":"WebSite","@id":"https:\/\/riverdi.com\/de#website","url":"https:\/\/riverdi.com\/de","name":"Riverdi","description":"Global TFT LCD Manufacturer","potentialAction":[{"@type":"SearchAction","target":{"@type":"EntryPoint","urlTemplate":"https:\/\/riverdi.com\/de?s={search_term_string}"},"query-input":{"@type":"PropertyValueSpecification","valueRequired":true,"valueName":"search_term_string"}}],"inLanguage":"de"}]}},"_links":{"self":[{"href":"https:\/\/riverdi.com\/de\/wp-json\/wp\/v2\/product\/122632","targetHints":{"allow":["GET"]}}],"collection":[{"href":"https:\/\/riverdi.com\/de\/wp-json\/wp\/v2\/product"}],"about":[{"href":"https:\/\/riverdi.com\/de\/wp-json\/wp\/v2\/types\/product"}],"replies":[{"embeddable":true,"href":"https:\/\/riverdi.com\/de\/wp-json\/wp\/v2\/comments?post=122632"}],"wp:featuredmedia":[{"embeddable":true,"href":"https:\/\/riverdi.com\/de\/wp-json\/wp\/v2\/media\/123678"}],"wp:attachment":[{"href":"https:\/\/riverdi.com\/de\/wp-json\/wp\/v2\/media?parent=122632"}],"wp:term":[{"taxonomy":"product_brand","embeddable":true,"href":"https:\/\/riverdi.com\/de\/wp-json\/wp\/v2\/product_brand?post=122632"},{"taxonomy":"product_cat","embeddable":true,"href":"https:\/\/riverdi.com\/de\/wp-json\/wp\/v2\/product_cat?post=122632"},{"taxonomy":"product_tag","embeddable":true,"href":"https:\/\/riverdi.com\/de\/wp-json\/wp\/v2\/product_tag?post=122632"}],"curies":[{"name":"wp","href":"https:\/\/api.w.org\/{rel}","templated":true}]}}