{"id":122039,"date":"2024-11-26T12:50:45","date_gmt":"2024-11-26T11:50:45","guid":{"rendered":"https:\/\/riverdi.com\/?post_type=product&#038;p=122039"},"modified":"2026-01-06T13:59:28","modified_gmt":"2026-01-06T12:59:28","slug":"rvt35hitnwn00","status":"publish","type":"product","link":"https:\/\/riverdi.com\/de\/product\/rvt35hitnwn00","title":{"rendered":"Hochhelligkeits IPS Display 3,5\u2033 TFT LCD 320x480px, RGB- und SPI-Schnittstelle \u2013 RVT35HITNWN00"},"content":{"rendered":"<h2>Hohe Helligkeit, IPS TFT<\/h2>\n<p>Die typische Oberfl\u00e4chenleuchtdichte eines IPS-TFT-Displays mit hoher Helligkeit betr\u00e4gt 1400 cd\/m\u00b2, was bedeutet, dass es auch im Freien sehr hell ist. Dank des gro\u00dfen Betrachtungswinkels kann der Benutzer von jeder Seite aus auf nat\u00fcrliche und intuitive Weise mit dem Display interagieren. Weitere Merkmale entnehmen Sie bitte dem Datenblatt.<\/p>\n<p style=\"text-align: center;\"><img decoding=\"async\" class=\"alignnone size-full wp-image-112432\" src=\"https:\/\/riverdi.com\/wp-content\/uploads\/2024\/05\/w768h525.avif\" alt=\"\" width=\"768\" height=\"524\" srcset=\"https:\/\/riverdi.com\/wp-content\/uploads\/2024\/05\/w768h525.avif 768w, https:\/\/riverdi.com\/wp-content\/uploads\/2024\/05\/w768h525-600x409.avif 600w, https:\/\/riverdi.com\/wp-content\/uploads\/2024\/05\/w768h525-64x44.avif 64w, https:\/\/riverdi.com\/wp-content\/uploads\/2024\/05\/w768h525-300x205.avif 300w\" sizes=\"(max-width: 768px) 100vw, 768px\" \/><\/p>\n<h2>Ma\u00dfgeschneiderte Displays<\/h2>\n<p>Sie k\u00f6nnen diese Anzeigen auf viele Arten anpassen:<\/p>\n<ul>\n<li>\u00c4ndern Sie die Farbe, Form und Gr\u00f6\u00dfe des Deckglases<\/li>\n<li>Lassen Sie Ihr Logo auf das Deckglas drucken (oder jede andere Grafik, die Sie ben\u00f6tigen)<\/li>\n<li>Hinzuf\u00fcgen einer anderen Schnittstelle<\/li>\n<li>Verbessern Sie die Helligkeit des Bildschirms<\/li>\n<li>\u00c4ndern Sie die Dicke der CTP-Abdeckscheibe<\/li>\n<li>W\u00e4hlen Sie einen anderen Blickwinkel f\u00fcr das Display<\/li>\n<li>\u00c4ndern Sie die Pinbelegung<\/li>\n<li>Andere Dichtung anfordern<\/li>\n<\/ul>\n<p>&nbsp;<\/p>\n<p>Wie Sie sehen k\u00f6nnen, sind die M\u00f6glichkeiten endlos.<br \/>\nAlles, was Sie tun m\u00fcssen, ist zu w\u00e4hlen.<\/p>\n<p>Wir helfen Ihnen, das perfekte, ma\u00dfgeschneiderte Produkt zu bekommen.<\/p>\n<p style=\"text-align: center;\"><img decoding=\"async\" class=\"alignnone size-full wp-image-112476\" src=\"https:\/\/riverdi.com\/wp-content\/uploads\/2024\/05\/w768h564.avif\" alt=\"\" width=\"768\" height=\"564\" srcset=\"https:\/\/riverdi.com\/wp-content\/uploads\/2024\/05\/w768h564.avif 768w, https:\/\/riverdi.com\/wp-content\/uploads\/2024\/05\/w768h564-600x441.avif 600w, https:\/\/riverdi.com\/wp-content\/uploads\/2024\/05\/w768h564-64x47.avif 64w, https:\/\/riverdi.com\/wp-content\/uploads\/2024\/05\/w768h564-300x220.avif 300w\" sizes=\"(max-width: 768px) 100vw, 768px\" \/><\/p>\n","protected":false},"excerpt":{"rendered":"<ul>\n<li>3,5&#8243; TFT-Display<\/li>\n<li>320\u00d7480px Aufl\u00f6sung<\/li>\n<li>Hohe Helligkeit 1400 cd\/m\u00b2<\/li>\n<li>Volle Betrachtungswinkel (IPS)<\/li>\n<li>RGB- und SPI-Videoschnittstelle<\/li>\n<\/ul>\n","protected":false},"featured_media":122113,"comment_status":"closed","ping_status":"closed","template":"","meta":{"_acf_changed":false,"content-type":"","inline_featured_image":false},"product_brand":[],"product_cat":[4970,4848,3377,4787,4973,4866,4918,4786],"product_tag":[],"class_list":{"0":"post-122039","1":"product","2":"type-product","3":"status-publish","4":"has-post-thumbnail","6":"product_cat-35-zoll-lcd-displays","7":"product_cat-alle-anzeigen","8":"product_cat-ips-displays-mit-hoher-helligkeit","9":"product_cat-lcd-anzeige","10":"product_cat-rgb-displays-de","11":"product_cat-schnittstelle","12":"product_cat-spi-qspi-anzeigen","13":"product_cat-tft-display-de","15":"first","16":"instock","17":"taxable","18":"shipping-taxable","19":"purchasable","20":"product-type-simple"},"acf":[],"yoast_head":"<!-- This site is optimized with the Yoast SEO plugin v27.3 - https:\/\/yoast.com\/product\/yoast-seo-wordpress\/ -->\n<title>Hochhelligkeits IPS Display 3,5\u2033 TFT LCD 320x480px, RGB- und SPI-Schnittstelle \u2013 RVT35HITNWN00 | Riverdi<\/title>\n<meta name=\"description\" content=\"Hohe Helligkeit-IPS-Display: 3,5\u2033 TFT-LCD-Display mit einer Aufl\u00f6sung von 320x480px, sonnenlichtlesbar mit 1400cd\/m\u00b2. Ausgestattet mit RGB- und SPI-Videoschnittstellen sowie vollen IPS-Betrachtungswinkeln \u2013 Modell SM-RVT35HITNWN00\" \/>\n<meta name=\"robots\" content=\"index, follow, max-snippet:-1, max-image-preview:large, max-video-preview:-1\" \/>\n<link rel=\"canonical\" href=\"https:\/\/riverdi.com\/de\/product\/rvt35hitnwn00\" \/>\n<meta property=\"og:locale\" content=\"de_DE\" \/>\n<meta property=\"og:type\" content=\"article\" \/>\n<meta property=\"og:title\" content=\"Hochhelligkeits IPS Display 3,5\u2033 TFT LCD 320x480px, RGB- und SPI-Schnittstelle \u2013 RVT35HITNWN00 | Riverdi\" \/>\n<meta property=\"og:description\" content=\"Hohe Helligkeit-IPS-Display: 3,5\u2033 TFT-LCD-Display mit einer Aufl\u00f6sung von 320x480px, sonnenlichtlesbar mit 1400cd\/m\u00b2. Ausgestattet mit RGB- und SPI-Videoschnittstellen sowie vollen IPS-Betrachtungswinkeln \u2013 Modell SM-RVT35HITNWN00\" \/>\n<meta property=\"og:url\" content=\"https:\/\/riverdi.com\/de\/product\/rvt35hitnwn00\" \/>\n<meta property=\"og:site_name\" content=\"Riverdi\" \/>\n<meta property=\"article:publisher\" content=\"https:\/\/www.facebook.com\/riverdi.displays\/\" \/>\n<meta property=\"article:modified_time\" content=\"2026-01-06T12:59:28+00:00\" \/>\n<meta property=\"og:image\" content=\"https:\/\/riverdi.com\/wp-content\/uploads\/2024\/11\/RVT35HITNWN00-front-1.webp\" \/>\n\t<meta property=\"og:image:width\" content=\"1200\" \/>\n\t<meta property=\"og:image:height\" content=\"1200\" \/>\n\t<meta property=\"og:image:type\" content=\"image\/webp\" \/>\n<meta name=\"twitter:card\" content=\"summary_large_image\" \/>\n<meta name=\"twitter:site\" content=\"@riverdidisplays\" \/>\n<meta name=\"twitter:label1\" content=\"Gesch\u00e4tzte Lesezeit\" \/>\n\t<meta name=\"twitter:data1\" content=\"2\u00a0Minuten\" \/>\n<script type=\"application\/ld+json\" class=\"yoast-schema-graph\">{\"@context\":\"https:\\\/\\\/schema.org\",\"@graph\":[{\"@type\":\"WebPage\",\"@id\":\"https:\\\/\\\/riverdi.com\\\/de\\\/product\\\/rvt35hitnwn00\",\"url\":\"https:\\\/\\\/riverdi.com\\\/de\\\/product\\\/rvt35hitnwn00\",\"name\":\"Hochhelligkeits IPS Display 3,5\u2033 TFT LCD 320x480px, RGB- und SPI-Schnittstelle \u2013 RVT35HITNWN00 | Riverdi\",\"isPartOf\":{\"@id\":\"https:\\\/\\\/riverdi.com\\\/de#website\"},\"primaryImageOfPage\":{\"@id\":\"https:\\\/\\\/riverdi.com\\\/de\\\/product\\\/rvt35hitnwn00#primaryimage\"},\"image\":{\"@id\":\"https:\\\/\\\/riverdi.com\\\/de\\\/product\\\/rvt35hitnwn00#primaryimage\"},\"thumbnailUrl\":\"https:\\\/\\\/riverdi.com\\\/wp-content\\\/uploads\\\/2024\\\/11\\\/RVT35HITNWN00-front-1.webp\",\"datePublished\":\"2024-11-26T11:50:45+00:00\",\"dateModified\":\"2026-01-06T12:59:28+00:00\",\"description\":\"Hohe Helligkeit-IPS-Display: 3,5\u2033 TFT-LCD-Display mit einer Aufl\u00f6sung von 320x480px, sonnenlichtlesbar mit 1400cd\\\/m\u00b2. Ausgestattet mit RGB- und SPI-Videoschnittstellen sowie vollen IPS-Betrachtungswinkeln \u2013 Modell SM-RVT35HITNWN00\",\"breadcrumb\":{\"@id\":\"https:\\\/\\\/riverdi.com\\\/de\\\/product\\\/rvt35hitnwn00#breadcrumb\"},\"inLanguage\":\"de\",\"potentialAction\":[{\"@type\":\"ReadAction\",\"target\":[\"https:\\\/\\\/riverdi.com\\\/de\\\/product\\\/rvt35hitnwn00\"]}]},{\"@type\":\"ImageObject\",\"inLanguage\":\"de\",\"@id\":\"https:\\\/\\\/riverdi.com\\\/de\\\/product\\\/rvt35hitnwn00#primaryimage\",\"url\":\"https:\\\/\\\/riverdi.com\\\/wp-content\\\/uploads\\\/2024\\\/11\\\/RVT35HITNWN00-front-1.webp\",\"contentUrl\":\"https:\\\/\\\/riverdi.com\\\/wp-content\\\/uploads\\\/2024\\\/11\\\/RVT35HITNWN00-front-1.webp\",\"width\":1200,\"height\":1200},{\"@type\":\"BreadcrumbList\",\"@id\":\"https:\\\/\\\/riverdi.com\\\/de\\\/product\\\/rvt35hitnwn00#breadcrumb\",\"itemListElement\":[{\"@type\":\"ListItem\",\"position\":1,\"name\":\"Front Page\",\"item\":\"https:\\\/\\\/riverdi.com\\\/de\\\/titelblatt\"},{\"@type\":\"ListItem\",\"position\":2,\"name\":\"Shop\",\"item\":\"https:\\\/\\\/riverdi.com\\\/de\\\/shop\"},{\"@type\":\"ListItem\",\"position\":3,\"name\":\"Hochhelligkeits IPS Display 3,5\u2033 TFT LCD 320x480px, RGB- und SPI-Schnittstelle \u2013 RVT35HITNWN00\"}]},{\"@type\":\"WebSite\",\"@id\":\"https:\\\/\\\/riverdi.com\\\/de#website\",\"url\":\"https:\\\/\\\/riverdi.com\\\/de\",\"name\":\"Riverdi\",\"description\":\"Global TFT LCD Manufacturer\",\"potentialAction\":[{\"@type\":\"SearchAction\",\"target\":{\"@type\":\"EntryPoint\",\"urlTemplate\":\"https:\\\/\\\/riverdi.com\\\/de?s={search_term_string}\"},\"query-input\":{\"@type\":\"PropertyValueSpecification\",\"valueRequired\":true,\"valueName\":\"search_term_string\"}}],\"inLanguage\":\"de\"}]}<\/script>\n<!-- \/ Yoast SEO plugin. -->","yoast_head_json":{"title":"Hochhelligkeits IPS Display 3,5\u2033 TFT LCD 320x480px, RGB- und SPI-Schnittstelle \u2013 RVT35HITNWN00 | Riverdi","description":"Hohe Helligkeit-IPS-Display: 3,5\u2033 TFT-LCD-Display mit einer Aufl\u00f6sung von 320x480px, sonnenlichtlesbar mit 1400cd\/m\u00b2. Ausgestattet mit RGB- und SPI-Videoschnittstellen sowie vollen IPS-Betrachtungswinkeln \u2013 Modell SM-RVT35HITNWN00","robots":{"index":"index","follow":"follow","max-snippet":"max-snippet:-1","max-image-preview":"max-image-preview:large","max-video-preview":"max-video-preview:-1"},"canonical":"https:\/\/riverdi.com\/de\/product\/rvt35hitnwn00","og_locale":"de_DE","og_type":"article","og_title":"Hochhelligkeits IPS Display 3,5\u2033 TFT LCD 320x480px, RGB- und SPI-Schnittstelle \u2013 RVT35HITNWN00 | Riverdi","og_description":"Hohe Helligkeit-IPS-Display: 3,5\u2033 TFT-LCD-Display mit einer Aufl\u00f6sung von 320x480px, sonnenlichtlesbar mit 1400cd\/m\u00b2. Ausgestattet mit RGB- und SPI-Videoschnittstellen sowie vollen IPS-Betrachtungswinkeln \u2013 Modell SM-RVT35HITNWN00","og_url":"https:\/\/riverdi.com\/de\/product\/rvt35hitnwn00","og_site_name":"Riverdi","article_publisher":"https:\/\/www.facebook.com\/riverdi.displays\/","article_modified_time":"2026-01-06T12:59:28+00:00","og_image":[{"width":1200,"height":1200,"url":"https:\/\/riverdi.com\/wp-content\/uploads\/2024\/11\/RVT35HITNWN00-front-1.webp","type":"image\/webp"}],"twitter_card":"summary_large_image","twitter_site":"@riverdidisplays","twitter_misc":{"Gesch\u00e4tzte Lesezeit":"2\u00a0Minuten"},"schema":{"@context":"https:\/\/schema.org","@graph":[{"@type":"WebPage","@id":"https:\/\/riverdi.com\/de\/product\/rvt35hitnwn00","url":"https:\/\/riverdi.com\/de\/product\/rvt35hitnwn00","name":"Hochhelligkeits IPS Display 3,5\u2033 TFT LCD 320x480px, RGB- und SPI-Schnittstelle \u2013 RVT35HITNWN00 | Riverdi","isPartOf":{"@id":"https:\/\/riverdi.com\/de#website"},"primaryImageOfPage":{"@id":"https:\/\/riverdi.com\/de\/product\/rvt35hitnwn00#primaryimage"},"image":{"@id":"https:\/\/riverdi.com\/de\/product\/rvt35hitnwn00#primaryimage"},"thumbnailUrl":"https:\/\/riverdi.com\/wp-content\/uploads\/2024\/11\/RVT35HITNWN00-front-1.webp","datePublished":"2024-11-26T11:50:45+00:00","dateModified":"2026-01-06T12:59:28+00:00","description":"Hohe Helligkeit-IPS-Display: 3,5\u2033 TFT-LCD-Display mit einer Aufl\u00f6sung von 320x480px, sonnenlichtlesbar mit 1400cd\/m\u00b2. Ausgestattet mit RGB- und SPI-Videoschnittstellen sowie vollen IPS-Betrachtungswinkeln \u2013 Modell SM-RVT35HITNWN00","breadcrumb":{"@id":"https:\/\/riverdi.com\/de\/product\/rvt35hitnwn00#breadcrumb"},"inLanguage":"de","potentialAction":[{"@type":"ReadAction","target":["https:\/\/riverdi.com\/de\/product\/rvt35hitnwn00"]}]},{"@type":"ImageObject","inLanguage":"de","@id":"https:\/\/riverdi.com\/de\/product\/rvt35hitnwn00#primaryimage","url":"https:\/\/riverdi.com\/wp-content\/uploads\/2024\/11\/RVT35HITNWN00-front-1.webp","contentUrl":"https:\/\/riverdi.com\/wp-content\/uploads\/2024\/11\/RVT35HITNWN00-front-1.webp","width":1200,"height":1200},{"@type":"BreadcrumbList","@id":"https:\/\/riverdi.com\/de\/product\/rvt35hitnwn00#breadcrumb","itemListElement":[{"@type":"ListItem","position":1,"name":"Front Page","item":"https:\/\/riverdi.com\/de\/titelblatt"},{"@type":"ListItem","position":2,"name":"Shop","item":"https:\/\/riverdi.com\/de\/shop"},{"@type":"ListItem","position":3,"name":"Hochhelligkeits IPS Display 3,5\u2033 TFT LCD 320x480px, RGB- und SPI-Schnittstelle \u2013 RVT35HITNWN00"}]},{"@type":"WebSite","@id":"https:\/\/riverdi.com\/de#website","url":"https:\/\/riverdi.com\/de","name":"Riverdi","description":"Global TFT LCD Manufacturer","potentialAction":[{"@type":"SearchAction","target":{"@type":"EntryPoint","urlTemplate":"https:\/\/riverdi.com\/de?s={search_term_string}"},"query-input":{"@type":"PropertyValueSpecification","valueRequired":true,"valueName":"search_term_string"}}],"inLanguage":"de"}]}},"_links":{"self":[{"href":"https:\/\/riverdi.com\/de\/wp-json\/wp\/v2\/product\/122039","targetHints":{"allow":["GET"]}}],"collection":[{"href":"https:\/\/riverdi.com\/de\/wp-json\/wp\/v2\/product"}],"about":[{"href":"https:\/\/riverdi.com\/de\/wp-json\/wp\/v2\/types\/product"}],"replies":[{"embeddable":true,"href":"https:\/\/riverdi.com\/de\/wp-json\/wp\/v2\/comments?post=122039"}],"wp:featuredmedia":[{"embeddable":true,"href":"https:\/\/riverdi.com\/de\/wp-json\/wp\/v2\/media\/122113"}],"wp:attachment":[{"href":"https:\/\/riverdi.com\/de\/wp-json\/wp\/v2\/media?parent=122039"}],"wp:term":[{"taxonomy":"product_brand","embeddable":true,"href":"https:\/\/riverdi.com\/de\/wp-json\/wp\/v2\/product_brand?post=122039"},{"taxonomy":"product_cat","embeddable":true,"href":"https:\/\/riverdi.com\/de\/wp-json\/wp\/v2\/product_cat?post=122039"},{"taxonomy":"product_tag","embeddable":true,"href":"https:\/\/riverdi.com\/de\/wp-json\/wp\/v2\/product_tag?post=122039"}],"curies":[{"name":"wp","href":"https:\/\/api.w.org\/{rel}","templated":true}]}}