{"id":121996,"date":"2024-11-19T13:43:15","date_gmt":"2024-11-19T12:43:15","guid":{"rendered":"https:\/\/riverdi.com\/?post_type=product&#038;p=121996"},"modified":"2026-01-06T14:02:35","modified_gmt":"2026-01-06T13:02:35","slug":"rvt15mdtnwc00-b","status":"publish","type":"product","link":"https:\/\/riverdi.com\/de\/product\/rvt15mdtnwc00-b","title":{"rendered":"Hochhelligkeits IPS Display 1,54\u2033 TFT LCD 240x240px, SPI-Schnittstelle + kapazitiver Touchscreen \u2013 RVT15MDTNWC00-B"},"content":{"rendered":"<h2><span class=\"TextRun MacChromeBold SCXW79916084 BCX0\" lang=\"EN-US\" xml:lang=\"EN-US\" data-contrast=\"none\"><span class=\"NormalTextRun SCXW79916084 BCX0\">IPS TFT<\/span><span class=\"NormalTextRun SCXW79916084 BCX0\"> mit High-Density-Aufl\u00f6sung<\/span><\/span><\/h2>\n<p><span class=\"TextRun SCXW73133113 BCX0\" lang=\"EN-US\" xml:lang=\"EN-US\" data-contrast=\"none\"><span class=\"NormalTextRun SCXW73133113 BCX0\">Das 1,54&#8243; 240\u00d7240 IPS-Display bietet eine scharfe, klare Darstellung mit einer hohen Pixeldichte (ca. 220 Pixel pro Zoll), die trotz der kompakten Gr\u00f6\u00dfe f\u00fcr detaillierte Bilder sorgt. <\/span><span class=\"NormalTextRun SpellingErrorV2Themed SCXW73133113 BCX0\">Gr\u00f6\u00dfe.Das<\/span><span class=\"NormalTextRun SCXW73133113 BCX0\"> Der volle Betrachtungswinkel erm\u00f6glicht es dem Benutzer, von jeder Seite aus auf nat\u00fcrliche und intuitive Weise mit dem Display zu interagieren. Weitere Merkmale entnehmen Sie bitte dem Datenblatt.<\/span><\/span><\/p>\n<p style=\"text-align: center;\"><img decoding=\"async\" class=\"alignnone size-full wp-image-112432\" src=\"https:\/\/riverdi.com\/wp-content\/uploads\/2024\/05\/w768h525.avif\" alt=\"\" width=\"768\" height=\"524\" srcset=\"https:\/\/riverdi.com\/wp-content\/uploads\/2024\/05\/w768h525.avif 768w, https:\/\/riverdi.com\/wp-content\/uploads\/2024\/05\/w768h525-600x409.avif 600w, https:\/\/riverdi.com\/wp-content\/uploads\/2024\/05\/w768h525-64x44.avif 64w, https:\/\/riverdi.com\/wp-content\/uploads\/2024\/05\/w768h525-300x205.avif 300w\" sizes=\"(max-width: 768px) 100vw, 768px\" \/><\/p>\n<h2>Industrieller Touchscreen<\/h2>\n<h4>Reagiert auf die kleinste Ber\u00fchrung<\/h4>\n<p>Das PCAP (Projected Capacity Touch Panel) wird als &#8222;industriell&#8220; (im Gegensatz zu &#8222;Verbraucher&#8220;) eingestuft, wenn es in der Lage ist, unter anspruchsvolleren, rauen Bedingungen (d. h. st\u00f6rende elektromagnetische Felder in der Umgebung, die zu Interferenzen mit der Steuerung des Panels f\u00fchren, Wassertropfen in der Umgebung, die auch auf dem Glas des Panels vorhanden sind) korrekt zu funktionieren und bei Ber\u00fchrung durch H\u00e4nde mit Handschuhen richtig zu reagieren. Er kann werkseitig eingestellt werden, erkennt Ber\u00fchrungen durch dickere Glasschichten als Verbraucherpanels (eine 6 mm dicke Glasschicht wurde im Riverdi-Labor erfolgreich getestet) und verwendet einen Chip-Controller in Industriequalit\u00e4t. Solche Steuerungen haben industrielle Herstellerrichtlinien implementiert und werden garantiert 10 bis 15 Jahre ohne \u00c4nderungen hergestellt.<\/p>\n<p>Hauptmerkmale:<\/p>\n<ul>\n<li>ILITEK ILI2130 Touch IC<\/li>\n<li>I\u00b2C-Schnittstelle<\/li>\n<li>Unterst\u00fctzt Glasdicken bis zu 6 mm<\/li>\n<li>Arbeitet mit behandschuhten H\u00e4nden<\/li>\n<li>Wasserfeste Touch-Funktionalit\u00e4t<\/li>\n<li>Multi-Touch-F\u00e4higkeit f\u00fcr bis zu 5 Finger<\/li>\n<li>Hervorragende EMC-, RS- (gestrahlte Suszeptibilit\u00e4t) und CS- (leitende Suszeptibilit\u00e4t) Leistung<\/li>\n<li>Die Ber\u00fchrungsleistung kann leicht an die jeweiligen Bed\u00fcrfnisse angepasst werden.<\/li>\n<\/ul>\n<p>&nbsp;<\/p>\n<p>Weitere Informationen finden Sie auf <a href=\"https:\/\/riverdi.com\/de\/knowledge-base\/projizierte-kapazitive-touch-bildschirme\">dieser Seite<\/a>.<\/p>\n<p style=\"text-align: center;\"><img decoding=\"async\" class=\"alignnone size-full wp-image-112461\" src=\"https:\/\/riverdi.com\/wp-content\/uploads\/2024\/05\/w600h971.avif\" alt=\"\" width=\"600\" height=\"970\" srcset=\"https:\/\/riverdi.com\/wp-content\/uploads\/2024\/05\/w600h971.avif 600w, https:\/\/riverdi.com\/wp-content\/uploads\/2024\/05\/w600h971-64x103.avif 64w, https:\/\/riverdi.com\/wp-content\/uploads\/2024\/05\/w600h971-186x300.avif 186w\" sizes=\"(max-width: 600px) 100vw, 600px\" \/><\/p>\n<h2>Optisches Bonding<\/h2>\n<h4>Verbessern der optischen Leistung Ihres Displays<\/h4>\n<p>Bei der <strong>optischen Verklebung<\/strong> wird das Touchpanel (oder nur das Schutzglas) mit einem Fl\u00fcssigkleber, einem Gel oder einem trockenen (Film) auf dem Display befestigt. Im Allgemeinen verbessert dieses Verfahren die Parameter des Moduls &#8211; die optische Leistung sowie die Haltbarkeit.<\/p>\n<p>Der <strong>Luftspalt<\/strong> ist der Grund f\u00fcr das Ph\u00e4nomen der Reflexion des Sonnenlichts. Wenn das Display ausgeschaltet ist, ist der visuelle Bereich (V.A.) also nie schwarz, sondern grau.<\/p>\n<p>Wenn wir die Luftspalte entfernen, reduzieren wir die Anzahl der internen reflektierenden Oberfl\u00e4chen, was die optische Leistung erh\u00f6ht. Dieses Ph\u00e4nomen verbessert die Lesbarkeit, indem es die Reflexion reduziert und den Kontrast verbessert.<\/p>\n<p style=\"text-align: center;\"><img decoding=\"async\" class=\"alignnone size-full wp-image-112437\" src=\"https:\/\/riverdi.com\/wp-content\/uploads\/2024\/05\/w768h417.avif\" alt=\"\" width=\"768\" height=\"417\" srcset=\"https:\/\/riverdi.com\/wp-content\/uploads\/2024\/05\/w768h417.avif 768w, https:\/\/riverdi.com\/wp-content\/uploads\/2024\/05\/w768h417-600x326.avif 600w, https:\/\/riverdi.com\/wp-content\/uploads\/2024\/05\/w768h417-64x35.avif 64w, https:\/\/riverdi.com\/wp-content\/uploads\/2024\/05\/w768h417-300x163.avif 300w\" sizes=\"(max-width: 768px) 100vw, 768px\" \/><\/p>\n<p style=\"text-align: center;\"><img decoding=\"async\" class=\"alignnone size-full wp-image-112442\" src=\"https:\/\/riverdi.com\/wp-content\/uploads\/2024\/05\/w768h521.avif\" alt=\"\" width=\"768\" height=\"521\" srcset=\"https:\/\/riverdi.com\/wp-content\/uploads\/2024\/05\/w768h521.avif 768w, https:\/\/riverdi.com\/wp-content\/uploads\/2024\/05\/w768h521-600x407.avif 600w, https:\/\/riverdi.com\/wp-content\/uploads\/2024\/05\/w768h521-64x43.avif 64w, https:\/\/riverdi.com\/wp-content\/uploads\/2024\/05\/w768h521-300x204.avif 300w\" sizes=\"(max-width: 768px) 100vw, 768px\" \/><\/p>\n<h4>Schlankes Design ohne L\u00f6cher im Geh\u00e4use<\/h4>\n<p>Ein uxTouch-Display ist ein speziell entwickeltes LCD-TFT-Display, das \u00fcber einen Projected Capacitive Touch (PTC) verf\u00fcgt. Dank ihres absolut flachen Designs und der Multi-Touch-Funktion sind sie die perfekte Wahl f\u00fcr Ihr Projekt, wenn Sie ein interaktives Design und eine interaktive Technologie anstreben.<\/p>\n<p>Sie zeichnen sich durch ein modernes und schlankes Design ohne L\u00f6cher im Geh\u00e4use aus.<\/p>\n<p>Auf der technischen Seite sind sie eine gute Option f\u00fcr Industrier\u00e4ume, da sich dort kein Schmutz ansammeln kann. Au\u00dferdem sind sie mit chemisch geh\u00e4rtetem Glas ausgestattet, das dank des Ionenaustauschverfahrens eine l\u00e4ngere Haltbarkeit aufweist. Sie sind einfach zu montieren, leicht zu reinigen und lassen sich leicht in Ihr Design integrieren.<\/p>\n<p style=\"text-align: center;\"><img decoding=\"async\" class=\"alignnone size-full wp-image-112466\" src=\"https:\/\/riverdi.com\/wp-content\/uploads\/2024\/05\/w600h358.avif\" alt=\"\" width=\"600\" height=\"358\" srcset=\"https:\/\/riverdi.com\/wp-content\/uploads\/2024\/05\/w600h358.avif 600w, https:\/\/riverdi.com\/wp-content\/uploads\/2024\/05\/w600h358-64x38.avif 64w, https:\/\/riverdi.com\/wp-content\/uploads\/2024\/05\/w600h358-300x179.avif 300w\" sizes=\"(max-width: 600px) 100vw, 600px\" \/><\/p>\n<h2>Ma\u00dfgeschneiderte Displays<\/h2>\n<p>Sie k\u00f6nnen diese Anzeigen auf viele Arten anpassen:<\/p>\n<ul>\n<li>\u00c4ndern Sie die Farbe, Form und Gr\u00f6\u00dfe des Deckglases<\/li>\n<li>Lassen Sie Ihr Logo auf das Deckglas drucken (oder jede andere Grafik, die Sie ben\u00f6tigen)<\/li>\n<li>Hinzuf\u00fcgen einer anderen Schnittstelle<\/li>\n<li>Verbessern Sie die Helligkeit des Bildschirms<\/li>\n<li>\u00c4ndern Sie die Dicke der CTP-Abdeckscheibe<\/li>\n<li>W\u00e4hlen Sie einen anderen Blickwinkel f\u00fcr das Display<\/li>\n<li>\u00c4ndern Sie die Pinbelegung<\/li>\n<li>Andere Dichtung anfordern<\/li>\n<\/ul>\n<p>&nbsp;<\/p>\n<p>Wie Sie sehen k\u00f6nnen, sind die M\u00f6glichkeiten endlos.<br \/>\nAlles, was Sie tun m\u00fcssen, ist zu w\u00e4hlen.<\/p>\n<p>Wir helfen Ihnen, das perfekte, ma\u00dfgeschneiderte Produkt zu bekommen.<\/p>\n<p style=\"text-align: center;\"><img decoding=\"async\" class=\"alignnone size-full wp-image-112476\" src=\"https:\/\/riverdi.com\/wp-content\/uploads\/2024\/05\/w768h564.avif\" alt=\"\" width=\"768\" height=\"564\" srcset=\"https:\/\/riverdi.com\/wp-content\/uploads\/2024\/05\/w768h564.avif 768w, https:\/\/riverdi.com\/wp-content\/uploads\/2024\/05\/w768h564-600x441.avif 600w, https:\/\/riverdi.com\/wp-content\/uploads\/2024\/05\/w768h564-64x47.avif 64w, https:\/\/riverdi.com\/wp-content\/uploads\/2024\/05\/w768h564-300x220.avif 300w\" sizes=\"(max-width: 768px) 100vw, 768px\" \/><\/p>\n","protected":false},"excerpt":{"rendered":"<ul>\n<li data-leveltext=\"\uf0b7\" data-font=\"Symbol\" data-listid=\"2\" data-list-defn-props=\"{\" aria-setsize=\"-1\" data-aria-posinset=\"1\" data-aria-level=\"1\"><span data-contrast=\"auto\">1,54&#8243; TFT-Display<\/span><\/li>\n<li data-leveltext=\"\uf0b7\" data-font=\"Symbol\" data-listid=\"2\" data-list-defn-props=\"{\" aria-setsize=\"-1\" data-aria-posinset=\"1\" data-aria-level=\"1\"><span data-contrast=\"auto\">240&#215;240 px High-Density-Aufl\u00f6sung<\/span><\/li>\n<li data-leveltext=\"\uf0b7\" data-font=\"Symbol\" data-listid=\"2\" data-list-defn-props=\"{\" aria-setsize=\"-1\" data-aria-posinset=\"1\" data-aria-level=\"1\"><span data-contrast=\"auto\">500 cd\/m\u00b2 Helligkeit bei geringem Stromverbrauch <\/span><\/li>\n<li data-leveltext=\"\uf0b7\" data-font=\"Symbol\" data-listid=\"2\" data-list-defn-props=\"{\" aria-setsize=\"-1\" data-aria-posinset=\"1\" data-aria-level=\"1\"><span data-contrast=\"auto\">Volle Betrachtungswinkel (IPS)<\/span><\/li>\n<li data-leveltext=\"\uf0b7\" data-font=\"Symbol\" data-listid=\"2\" data-list-defn-props=\"{\" aria-setsize=\"-1\" data-aria-posinset=\"1\" data-aria-level=\"1\"><span data-contrast=\"auto\">SPI-Schnittstelle<\/span><\/li>\n<li data-leveltext=\"\uf0b7\" data-font=\"Symbol\" data-listid=\"2\" data-list-defn-props=\"{\" aria-setsize=\"-1\" data-aria-posinset=\"1\" data-aria-level=\"1\"><span data-contrast=\"auto\">Optische Bindung <\/span><\/li>\n<li data-leveltext=\"\uf0b7\" data-font=\"Symbol\" data-listid=\"2\" data-list-defn-props=\"{\" aria-setsize=\"-1\" data-aria-posinset=\"1\" data-aria-level=\"1\"><span data-contrast=\"auto\">Industrielles PCAP-Touchpanel mit I2C-Schnittstelle<\/span><\/li>\n<li data-leveltext=\"\uf0b7\" data-font=\"Symbol\" data-listid=\"2\" data-list-defn-props=\"{\" aria-setsize=\"-1\" data-aria-posinset=\"1\" data-aria-level=\"1\"><span data-contrast=\"auto\">Schwarzes dekoratives Deckglas<\/span><\/li>\n<li style=\"text-align: left;\" data-leveltext=\"\uf0b7\" data-font=\"Symbol\" data-listid=\"2\" data-list-defn-props=\"{\" aria-setsize=\"-1\" data-aria-posinset=\"1\" data-aria-level=\"1\"><span data-contrast=\"auto\">Dieses Display ist auch als <a href=\"https:\/\/riverdi.com\/de\/product\/015-nukleo-64\">STM32 Nucleo 64 Display Kit<\/a> erh\u00e4ltlich <\/span><\/li>\n<\/ul>\n","protected":false},"featured_media":121986,"comment_status":"closed","ping_status":"closed","template":"","meta":{"_acf_changed":false,"content-type":"","inline_featured_image":false},"product_brand":[],"product_cat":[4971,4848,3377,4974,4810,4787,4866,4918,4786,4809],"product_tag":[],"class_list":{"0":"post-121996","1":"product","2":"type-product","3":"status-publish","4":"has-post-thumbnail","6":"product_cat-154-zoll-lcd-displays","7":"product_cat-alle-anzeigen","8":"product_cat-ips-displays-mit-hoher-helligkeit","9":"product_cat-ic-spi-displays-de","10":"product_cat-kapazitive-touchscreen-displays","11":"product_cat-lcd-anzeige","12":"product_cat-schnittstelle","13":"product_cat-spi-qspi-anzeigen","14":"product_cat-tft-display-de","15":"product_cat-touchscreen-displays-de","17":"first","18":"instock","19":"taxable","20":"shipping-taxable","21":"purchasable","22":"product-type-simple"},"acf":[],"yoast_head":"<!-- This site is optimized with the Yoast SEO plugin v27.0 - https:\/\/yoast.com\/product\/yoast-seo-wordpress\/ -->\n<title>Hochhelligkeits IPS Display 1,54\u2033 TFT LCD 240x240px, SPI-Schnittstelle + kapazitiver Touchscreen \u2013 RVT15MDTNWC00-B | Riverdi<\/title>\n<meta name=\"description\" content=\"Hohe Helligkeit-IPS-Display: 1,54\u2033 TFT-LCD-Display mit einer hochaufl\u00f6senden Pixeldichte von 240x240px, einer Helligkeit von 500cd\/m\u00b2 bei geringem Stromverbrauch und Optical Bonding. Ausgestattet mit SPI-Schnittstelle sowie vollen IPS-Betrachtungswinkeln \u2013 Modell SM-RVT15MDTNWC00-B\" \/>\n<meta name=\"robots\" content=\"index, follow, max-snippet:-1, max-image-preview:large, max-video-preview:-1\" \/>\n<link rel=\"canonical\" href=\"https:\/\/riverdi.com\/de\/product\/rvt15mdtnwc00-b\" \/>\n<meta property=\"og:locale\" content=\"de_DE\" \/>\n<meta property=\"og:type\" content=\"article\" \/>\n<meta property=\"og:title\" content=\"Hochhelligkeits IPS Display 1,54\u2033 TFT LCD 240x240px, SPI-Schnittstelle + kapazitiver Touchscreen \u2013 RVT15MDTNWC00-B | Riverdi\" \/>\n<meta property=\"og:description\" content=\"Hohe Helligkeit-IPS-Display: 1,54\u2033 TFT-LCD-Display mit einer hochaufl\u00f6senden Pixeldichte von 240x240px, einer Helligkeit von 500cd\/m\u00b2 bei geringem Stromverbrauch und Optical Bonding. Ausgestattet mit SPI-Schnittstelle sowie vollen IPS-Betrachtungswinkeln \u2013 Modell SM-RVT15MDTNWC00-B\" \/>\n<meta property=\"og:url\" content=\"https:\/\/riverdi.com\/de\/product\/rvt15mdtnwc00-b\" \/>\n<meta property=\"og:site_name\" content=\"Riverdi\" \/>\n<meta property=\"article:publisher\" content=\"https:\/\/www.facebook.com\/riverdi.displays\/\" \/>\n<meta property=\"article:modified_time\" content=\"2026-01-06T13:02:35+00:00\" \/>\n<meta property=\"og:image\" content=\"https:\/\/riverdi.com\/wp-content\/uploads\/2024\/11\/nucleo1.5-front.webp\" \/>\n\t<meta property=\"og:image:width\" content=\"1200\" \/>\n\t<meta property=\"og:image:height\" content=\"1200\" \/>\n\t<meta property=\"og:image:type\" content=\"image\/webp\" \/>\n<meta name=\"twitter:card\" content=\"summary_large_image\" \/>\n<meta name=\"twitter:site\" content=\"@riverdidisplays\" \/>\n<meta name=\"twitter:label1\" content=\"Gesch\u00e4tzte Lesezeit\" \/>\n\t<meta name=\"twitter:data1\" content=\"4\u00a0Minuten\" \/>\n<script type=\"application\/ld+json\" class=\"yoast-schema-graph\">{\"@context\":\"https:\/\/schema.org\",\"@graph\":[{\"@type\":\"WebPage\",\"@id\":\"https:\/\/riverdi.com\/de\/product\/rvt15mdtnwc00-b\",\"url\":\"https:\/\/riverdi.com\/de\/product\/rvt15mdtnwc00-b\",\"name\":\"Hochhelligkeits IPS Display 1,54\u2033 TFT LCD 240x240px, SPI-Schnittstelle + kapazitiver Touchscreen \u2013 RVT15MDTNWC00-B | Riverdi\",\"isPartOf\":{\"@id\":\"https:\/\/riverdi.com\/de#website\"},\"primaryImageOfPage\":{\"@id\":\"https:\/\/riverdi.com\/de\/product\/rvt15mdtnwc00-b#primaryimage\"},\"image\":{\"@id\":\"https:\/\/riverdi.com\/de\/product\/rvt15mdtnwc00-b#primaryimage\"},\"thumbnailUrl\":\"https:\/\/riverdi.com\/wp-content\/uploads\/2024\/11\/nucleo1.5-front.webp\",\"datePublished\":\"2024-11-19T12:43:15+00:00\",\"dateModified\":\"2026-01-06T13:02:35+00:00\",\"description\":\"Hohe Helligkeit-IPS-Display: 1,54\u2033 TFT-LCD-Display mit einer hochaufl\u00f6senden Pixeldichte von 240x240px, einer Helligkeit von 500cd\/m\u00b2 bei geringem Stromverbrauch und Optical Bonding. Ausgestattet mit SPI-Schnittstelle sowie vollen IPS-Betrachtungswinkeln \u2013 Modell SM-RVT15MDTNWC00-B\",\"breadcrumb\":{\"@id\":\"https:\/\/riverdi.com\/de\/product\/rvt15mdtnwc00-b#breadcrumb\"},\"inLanguage\":\"de\",\"potentialAction\":[{\"@type\":\"ReadAction\",\"target\":[\"https:\/\/riverdi.com\/de\/product\/rvt15mdtnwc00-b\"]}]},{\"@type\":\"ImageObject\",\"inLanguage\":\"de\",\"@id\":\"https:\/\/riverdi.com\/de\/product\/rvt15mdtnwc00-b#primaryimage\",\"url\":\"https:\/\/riverdi.com\/wp-content\/uploads\/2024\/11\/nucleo1.5-front.webp\",\"contentUrl\":\"https:\/\/riverdi.com\/wp-content\/uploads\/2024\/11\/nucleo1.5-front.webp\",\"width\":1200,\"height\":1200},{\"@type\":\"BreadcrumbList\",\"@id\":\"https:\/\/riverdi.com\/de\/product\/rvt15mdtnwc00-b#breadcrumb\",\"itemListElement\":[{\"@type\":\"ListItem\",\"position\":1,\"name\":\"Front Page\",\"item\":\"https:\/\/riverdi.com\/de\/titelblatt\"},{\"@type\":\"ListItem\",\"position\":2,\"name\":\"Shop\",\"item\":\"https:\/\/riverdi.com\/de\/shop\"},{\"@type\":\"ListItem\",\"position\":3,\"name\":\"Hochhelligkeits IPS Display 1,54\u2033 TFT LCD 240x240px, SPI-Schnittstelle + kapazitiver Touchscreen \u2013 RVT15MDTNWC00-B\"}]},{\"@type\":\"WebSite\",\"@id\":\"https:\/\/riverdi.com\/de#website\",\"url\":\"https:\/\/riverdi.com\/de\",\"name\":\"Riverdi\",\"description\":\"Global TFT LCD Manufacturer\",\"potentialAction\":[{\"@type\":\"SearchAction\",\"target\":{\"@type\":\"EntryPoint\",\"urlTemplate\":\"https:\/\/riverdi.com\/de?s={search_term_string}\"},\"query-input\":{\"@type\":\"PropertyValueSpecification\",\"valueRequired\":true,\"valueName\":\"search_term_string\"}}],\"inLanguage\":\"de\"}]}<\/script>\n<!-- \/ Yoast SEO plugin. -->","yoast_head_json":{"title":"Hochhelligkeits IPS Display 1,54\u2033 TFT LCD 240x240px, SPI-Schnittstelle + kapazitiver Touchscreen \u2013 RVT15MDTNWC00-B | Riverdi","description":"Hohe Helligkeit-IPS-Display: 1,54\u2033 TFT-LCD-Display mit einer hochaufl\u00f6senden Pixeldichte von 240x240px, einer Helligkeit von 500cd\/m\u00b2 bei geringem Stromverbrauch und Optical Bonding. Ausgestattet mit SPI-Schnittstelle sowie vollen IPS-Betrachtungswinkeln \u2013 Modell SM-RVT15MDTNWC00-B","robots":{"index":"index","follow":"follow","max-snippet":"max-snippet:-1","max-image-preview":"max-image-preview:large","max-video-preview":"max-video-preview:-1"},"canonical":"https:\/\/riverdi.com\/de\/product\/rvt15mdtnwc00-b","og_locale":"de_DE","og_type":"article","og_title":"Hochhelligkeits IPS Display 1,54\u2033 TFT LCD 240x240px, SPI-Schnittstelle + kapazitiver Touchscreen \u2013 RVT15MDTNWC00-B | Riverdi","og_description":"Hohe Helligkeit-IPS-Display: 1,54\u2033 TFT-LCD-Display mit einer hochaufl\u00f6senden Pixeldichte von 240x240px, einer Helligkeit von 500cd\/m\u00b2 bei geringem Stromverbrauch und Optical Bonding. Ausgestattet mit SPI-Schnittstelle sowie vollen IPS-Betrachtungswinkeln \u2013 Modell SM-RVT15MDTNWC00-B","og_url":"https:\/\/riverdi.com\/de\/product\/rvt15mdtnwc00-b","og_site_name":"Riverdi","article_publisher":"https:\/\/www.facebook.com\/riverdi.displays\/","article_modified_time":"2026-01-06T13:02:35+00:00","og_image":[{"width":1200,"height":1200,"url":"https:\/\/riverdi.com\/wp-content\/uploads\/2024\/11\/nucleo1.5-front.webp","type":"image\/webp"}],"twitter_card":"summary_large_image","twitter_site":"@riverdidisplays","twitter_misc":{"Gesch\u00e4tzte Lesezeit":"4\u00a0Minuten"},"schema":{"@context":"https:\/\/schema.org","@graph":[{"@type":"WebPage","@id":"https:\/\/riverdi.com\/de\/product\/rvt15mdtnwc00-b","url":"https:\/\/riverdi.com\/de\/product\/rvt15mdtnwc00-b","name":"Hochhelligkeits IPS Display 1,54\u2033 TFT LCD 240x240px, SPI-Schnittstelle + kapazitiver Touchscreen \u2013 RVT15MDTNWC00-B | Riverdi","isPartOf":{"@id":"https:\/\/riverdi.com\/de#website"},"primaryImageOfPage":{"@id":"https:\/\/riverdi.com\/de\/product\/rvt15mdtnwc00-b#primaryimage"},"image":{"@id":"https:\/\/riverdi.com\/de\/product\/rvt15mdtnwc00-b#primaryimage"},"thumbnailUrl":"https:\/\/riverdi.com\/wp-content\/uploads\/2024\/11\/nucleo1.5-front.webp","datePublished":"2024-11-19T12:43:15+00:00","dateModified":"2026-01-06T13:02:35+00:00","description":"Hohe Helligkeit-IPS-Display: 1,54\u2033 TFT-LCD-Display mit einer hochaufl\u00f6senden Pixeldichte von 240x240px, einer Helligkeit von 500cd\/m\u00b2 bei geringem Stromverbrauch und Optical Bonding. Ausgestattet mit SPI-Schnittstelle sowie vollen IPS-Betrachtungswinkeln \u2013 Modell SM-RVT15MDTNWC00-B","breadcrumb":{"@id":"https:\/\/riverdi.com\/de\/product\/rvt15mdtnwc00-b#breadcrumb"},"inLanguage":"de","potentialAction":[{"@type":"ReadAction","target":["https:\/\/riverdi.com\/de\/product\/rvt15mdtnwc00-b"]}]},{"@type":"ImageObject","inLanguage":"de","@id":"https:\/\/riverdi.com\/de\/product\/rvt15mdtnwc00-b#primaryimage","url":"https:\/\/riverdi.com\/wp-content\/uploads\/2024\/11\/nucleo1.5-front.webp","contentUrl":"https:\/\/riverdi.com\/wp-content\/uploads\/2024\/11\/nucleo1.5-front.webp","width":1200,"height":1200},{"@type":"BreadcrumbList","@id":"https:\/\/riverdi.com\/de\/product\/rvt15mdtnwc00-b#breadcrumb","itemListElement":[{"@type":"ListItem","position":1,"name":"Front Page","item":"https:\/\/riverdi.com\/de\/titelblatt"},{"@type":"ListItem","position":2,"name":"Shop","item":"https:\/\/riverdi.com\/de\/shop"},{"@type":"ListItem","position":3,"name":"Hochhelligkeits IPS Display 1,54\u2033 TFT LCD 240x240px, SPI-Schnittstelle + kapazitiver Touchscreen \u2013 RVT15MDTNWC00-B"}]},{"@type":"WebSite","@id":"https:\/\/riverdi.com\/de#website","url":"https:\/\/riverdi.com\/de","name":"Riverdi","description":"Global TFT LCD Manufacturer","potentialAction":[{"@type":"SearchAction","target":{"@type":"EntryPoint","urlTemplate":"https:\/\/riverdi.com\/de?s={search_term_string}"},"query-input":{"@type":"PropertyValueSpecification","valueRequired":true,"valueName":"search_term_string"}}],"inLanguage":"de"}]}},"_links":{"self":[{"href":"https:\/\/riverdi.com\/de\/wp-json\/wp\/v2\/product\/121996","targetHints":{"allow":["GET"]}}],"collection":[{"href":"https:\/\/riverdi.com\/de\/wp-json\/wp\/v2\/product"}],"about":[{"href":"https:\/\/riverdi.com\/de\/wp-json\/wp\/v2\/types\/product"}],"replies":[{"embeddable":true,"href":"https:\/\/riverdi.com\/de\/wp-json\/wp\/v2\/comments?post=121996"}],"wp:featuredmedia":[{"embeddable":true,"href":"https:\/\/riverdi.com\/de\/wp-json\/wp\/v2\/media\/121986"}],"wp:attachment":[{"href":"https:\/\/riverdi.com\/de\/wp-json\/wp\/v2\/media?parent=121996"}],"wp:term":[{"taxonomy":"product_brand","embeddable":true,"href":"https:\/\/riverdi.com\/de\/wp-json\/wp\/v2\/product_brand?post=121996"},{"taxonomy":"product_cat","embeddable":true,"href":"https:\/\/riverdi.com\/de\/wp-json\/wp\/v2\/product_cat?post=121996"},{"taxonomy":"product_tag","embeddable":true,"href":"https:\/\/riverdi.com\/de\/wp-json\/wp\/v2\/product_tag?post=121996"}],"curies":[{"name":"wp","href":"https:\/\/api.w.org\/{rel}","templated":true}]}}