{"id":118767,"date":"2016-01-18T21:27:54","date_gmt":"2016-01-18T20:27:54","guid":{"rendered":"http:\/\/riverdi.com\/product\/arduino-riverdi-tft-schild\/"},"modified":"2016-01-18T21:27:54","modified_gmt":"2016-01-18T20:27:54","slug":"arduino-riverdi-tft-schild","status":"publish","type":"product","link":"https:\/\/riverdi.com\/de\/product\/arduino-riverdi-tft-schild","title":{"rendered":"Riverdi-Schild f\u00fcr Arduino"},"content":{"rendered":"<p>Wichtige Merkmale:<\/p>\n<ul>\n<li style=\"list-style-type: none;\">\n<ul>\n<li>Bewertung der Bildschirmhelligkeit und der Qualit\u00e4t der Farben<\/li>\n<li>Anschluss von Riverdi TFT-Modulen an Arduino<\/li>\n<li>Machen Sie sich mit FT8xx-Controllern und eingebetteten Widgets vertraut<\/li>\n<li>Vorstellung der M\u00f6glichkeiten von resistiven und kapazitiven Touchscreens<\/li>\n<\/ul>\n<\/li>\n<\/ul>\n<p>Break Out Board 20 enth\u00e4lt:<\/p>\n<ul>\n<li>Break Out Board 20 (x1)<\/li>\n<li>FFC-Kabel, 0,5 mm Abstand, 20-polig, 150 mm (x1)<\/li>\n<\/ul>\n","protected":false},"excerpt":{"rendered":"<p>Riverdi Shield f\u00fcr Arduino ist ein einfaches Schild, das die M\u00f6glichkeiten eines Arduinos erweitert. Es bietet eine bequeme Verbindung zwischen Riverdi-Displays mit FT80x- und <a title=\"FT81x\" href=\"https:\/\/riverdi.com\/technologies\/\">FT81x-Controller<\/a> und dem Arduino. Die Abschirmplatine umfasst: Anschluss f\u00fcr externe Lautsprecher, mehrere Display-Stiftleisten, Micro-SD-Kartensteckplatz, Jumper f\u00fcr die Auswahl der Stromversorgung der Hintergrundbeleuchtung, Reset-Taste.<\/p>\n<p>Mit dem Arduino Shield k\u00f6nnen Sie \u00fcber die integrierte SPI-Schnittstelle an Arduino Riverdi EVE4-Displays anschlie\u00dfen.<\/p>\n","protected":false},"featured_media":103557,"comment_status":"closed","ping_status":"closed","template":"","meta":{"_acf_changed":false,"content-type":"","inline_featured_image":false},"product_brand":[],"product_cat":[3530],"product_tag":[4632,4633],"class_list":{"0":"post-118767","1":"product","2":"type-product","3":"status-publish","4":"has-post-thumbnail","6":"product_cat-bewertungstafeln","7":"product_tag-arduino-schild","8":"product_tag-riverdi-arduino-tft-schild","10":"first","11":"instock","12":"taxable","13":"shipping-taxable","14":"purchasable","15":"product-type-simple"},"acf":[],"yoast_head":"<!-- This site is optimized with the Yoast SEO plugin v27.0 - https:\/\/yoast.com\/product\/yoast-seo-wordpress\/ -->\n<title>Riverdi-Schild f\u00fcr Arduino - Riverdi<\/title>\n<meta name=\"robots\" content=\"index, follow, max-snippet:-1, max-image-preview:large, max-video-preview:-1\" \/>\n<link rel=\"canonical\" href=\"https:\/\/riverdi.com\/de\/product\/arduino-riverdi-tft-schild\" \/>\n<meta property=\"og:locale\" content=\"de_DE\" \/>\n<meta property=\"og:type\" content=\"article\" \/>\n<meta property=\"og:title\" content=\"Riverdi-Schild f\u00fcr Arduino - Riverdi\" \/>\n<meta property=\"og:description\" content=\"Riverdi Shield f\u00fcr Arduino ist ein einfaches Schild, das die M\u00f6glichkeiten eines Arduinos erweitert. Es bietet eine bequeme Verbindung zwischen Riverdi-Displays mit FT80x- und FT81x-Controller und dem Arduino. Die Abschirmplatine umfasst: Anschluss f\u00fcr externe Lautsprecher, mehrere Display-Stiftleisten, Micro-SD-Kartensteckplatz, Jumper f\u00fcr die Auswahl der Stromversorgung der Hintergrundbeleuchtung, Reset-Taste. Mit dem Arduino Shield k\u00f6nnen Sie \u00fcber die integrierte SPI-Schnittstelle an Arduino Riverdi EVE4-Displays anschlie\u00dfen.\" \/>\n<meta property=\"og:url\" content=\"https:\/\/riverdi.com\/de\/product\/arduino-riverdi-tft-schild\" \/>\n<meta property=\"og:site_name\" content=\"Riverdi\" \/>\n<meta property=\"article:publisher\" content=\"https:\/\/www.facebook.com\/riverdi.displays\/\" \/>\n<meta property=\"og:image\" content=\"https:\/\/riverdi.com\/wp-content\/uploads\/2024\/03\/Arduino_shield-maxi.webp\" \/>\n\t<meta property=\"og:image:width\" content=\"1024\" \/>\n\t<meta property=\"og:image:height\" content=\"790\" \/>\n\t<meta property=\"og:image:type\" content=\"image\/webp\" \/>\n<meta name=\"twitter:card\" content=\"summary_large_image\" \/>\n<meta name=\"twitter:site\" content=\"@riverdidisplays\" \/>\n<script type=\"application\/ld+json\" class=\"yoast-schema-graph\">{\"@context\":\"https:\/\/schema.org\",\"@graph\":[{\"@type\":\"WebPage\",\"@id\":\"https:\/\/riverdi.com\/de\/product\/arduino-riverdi-tft-schild\",\"url\":\"https:\/\/riverdi.com\/de\/product\/arduino-riverdi-tft-schild\",\"name\":\"Riverdi-Schild f\u00fcr Arduino - Riverdi\",\"isPartOf\":{\"@id\":\"https:\/\/riverdi.com\/de#website\"},\"primaryImageOfPage\":{\"@id\":\"https:\/\/riverdi.com\/de\/product\/arduino-riverdi-tft-schild#primaryimage\"},\"image\":{\"@id\":\"https:\/\/riverdi.com\/de\/product\/arduino-riverdi-tft-schild#primaryimage\"},\"thumbnailUrl\":\"https:\/\/riverdi.com\/wp-content\/uploads\/2024\/03\/Arduino_shield-maxi.webp\",\"datePublished\":\"2016-01-18T20:27:54+00:00\",\"breadcrumb\":{\"@id\":\"https:\/\/riverdi.com\/de\/product\/arduino-riverdi-tft-schild#breadcrumb\"},\"inLanguage\":\"de\",\"potentialAction\":[{\"@type\":\"ReadAction\",\"target\":[\"https:\/\/riverdi.com\/de\/product\/arduino-riverdi-tft-schild\"]}]},{\"@type\":\"ImageObject\",\"inLanguage\":\"de\",\"@id\":\"https:\/\/riverdi.com\/de\/product\/arduino-riverdi-tft-schild#primaryimage\",\"url\":\"https:\/\/riverdi.com\/wp-content\/uploads\/2024\/03\/Arduino_shield-maxi.webp\",\"contentUrl\":\"https:\/\/riverdi.com\/wp-content\/uploads\/2024\/03\/Arduino_shield-maxi.webp\",\"width\":1024,\"height\":790,\"caption\":\"Arduino-Schild\"},{\"@type\":\"BreadcrumbList\",\"@id\":\"https:\/\/riverdi.com\/de\/product\/arduino-riverdi-tft-schild#breadcrumb\",\"itemListElement\":[{\"@type\":\"ListItem\",\"position\":1,\"name\":\"Front Page\",\"item\":\"https:\/\/riverdi.com\/de\/titelblatt\"},{\"@type\":\"ListItem\",\"position\":2,\"name\":\"Shop\",\"item\":\"https:\/\/riverdi.com\/de\/shop\"},{\"@type\":\"ListItem\",\"position\":3,\"name\":\"Riverdi-Schild f\u00fcr Arduino\"}]},{\"@type\":\"WebSite\",\"@id\":\"https:\/\/riverdi.com\/de#website\",\"url\":\"https:\/\/riverdi.com\/de\",\"name\":\"Riverdi\",\"description\":\"Global TFT LCD Manufacturer\",\"potentialAction\":[{\"@type\":\"SearchAction\",\"target\":{\"@type\":\"EntryPoint\",\"urlTemplate\":\"https:\/\/riverdi.com\/de?s={search_term_string}\"},\"query-input\":{\"@type\":\"PropertyValueSpecification\",\"valueRequired\":true,\"valueName\":\"search_term_string\"}}],\"inLanguage\":\"de\"}]}<\/script>\n<!-- \/ Yoast SEO plugin. -->","yoast_head_json":{"title":"Riverdi-Schild f\u00fcr Arduino - Riverdi","robots":{"index":"index","follow":"follow","max-snippet":"max-snippet:-1","max-image-preview":"max-image-preview:large","max-video-preview":"max-video-preview:-1"},"canonical":"https:\/\/riverdi.com\/de\/product\/arduino-riverdi-tft-schild","og_locale":"de_DE","og_type":"article","og_title":"Riverdi-Schild f\u00fcr Arduino - Riverdi","og_description":"Riverdi Shield f\u00fcr Arduino ist ein einfaches Schild, das die M\u00f6glichkeiten eines Arduinos erweitert. Es bietet eine bequeme Verbindung zwischen Riverdi-Displays mit FT80x- und FT81x-Controller und dem Arduino. Die Abschirmplatine umfasst: Anschluss f\u00fcr externe Lautsprecher, mehrere Display-Stiftleisten, Micro-SD-Kartensteckplatz, Jumper f\u00fcr die Auswahl der Stromversorgung der Hintergrundbeleuchtung, Reset-Taste. Mit dem Arduino Shield k\u00f6nnen Sie \u00fcber die integrierte SPI-Schnittstelle an Arduino Riverdi EVE4-Displays anschlie\u00dfen.","og_url":"https:\/\/riverdi.com\/de\/product\/arduino-riverdi-tft-schild","og_site_name":"Riverdi","article_publisher":"https:\/\/www.facebook.com\/riverdi.displays\/","og_image":[{"width":1024,"height":790,"url":"https:\/\/riverdi.com\/wp-content\/uploads\/2024\/03\/Arduino_shield-maxi.webp","type":"image\/webp"}],"twitter_card":"summary_large_image","twitter_site":"@riverdidisplays","schema":{"@context":"https:\/\/schema.org","@graph":[{"@type":"WebPage","@id":"https:\/\/riverdi.com\/de\/product\/arduino-riverdi-tft-schild","url":"https:\/\/riverdi.com\/de\/product\/arduino-riverdi-tft-schild","name":"Riverdi-Schild f\u00fcr Arduino - Riverdi","isPartOf":{"@id":"https:\/\/riverdi.com\/de#website"},"primaryImageOfPage":{"@id":"https:\/\/riverdi.com\/de\/product\/arduino-riverdi-tft-schild#primaryimage"},"image":{"@id":"https:\/\/riverdi.com\/de\/product\/arduino-riverdi-tft-schild#primaryimage"},"thumbnailUrl":"https:\/\/riverdi.com\/wp-content\/uploads\/2024\/03\/Arduino_shield-maxi.webp","datePublished":"2016-01-18T20:27:54+00:00","breadcrumb":{"@id":"https:\/\/riverdi.com\/de\/product\/arduino-riverdi-tft-schild#breadcrumb"},"inLanguage":"de","potentialAction":[{"@type":"ReadAction","target":["https:\/\/riverdi.com\/de\/product\/arduino-riverdi-tft-schild"]}]},{"@type":"ImageObject","inLanguage":"de","@id":"https:\/\/riverdi.com\/de\/product\/arduino-riverdi-tft-schild#primaryimage","url":"https:\/\/riverdi.com\/wp-content\/uploads\/2024\/03\/Arduino_shield-maxi.webp","contentUrl":"https:\/\/riverdi.com\/wp-content\/uploads\/2024\/03\/Arduino_shield-maxi.webp","width":1024,"height":790,"caption":"Arduino-Schild"},{"@type":"BreadcrumbList","@id":"https:\/\/riverdi.com\/de\/product\/arduino-riverdi-tft-schild#breadcrumb","itemListElement":[{"@type":"ListItem","position":1,"name":"Front Page","item":"https:\/\/riverdi.com\/de\/titelblatt"},{"@type":"ListItem","position":2,"name":"Shop","item":"https:\/\/riverdi.com\/de\/shop"},{"@type":"ListItem","position":3,"name":"Riverdi-Schild f\u00fcr Arduino"}]},{"@type":"WebSite","@id":"https:\/\/riverdi.com\/de#website","url":"https:\/\/riverdi.com\/de","name":"Riverdi","description":"Global TFT LCD Manufacturer","potentialAction":[{"@type":"SearchAction","target":{"@type":"EntryPoint","urlTemplate":"https:\/\/riverdi.com\/de?s={search_term_string}"},"query-input":{"@type":"PropertyValueSpecification","valueRequired":true,"valueName":"search_term_string"}}],"inLanguage":"de"}]}},"_links":{"self":[{"href":"https:\/\/riverdi.com\/de\/wp-json\/wp\/v2\/product\/118767","targetHints":{"allow":["GET"]}}],"collection":[{"href":"https:\/\/riverdi.com\/de\/wp-json\/wp\/v2\/product"}],"about":[{"href":"https:\/\/riverdi.com\/de\/wp-json\/wp\/v2\/types\/product"}],"replies":[{"embeddable":true,"href":"https:\/\/riverdi.com\/de\/wp-json\/wp\/v2\/comments?post=118767"}],"wp:featuredmedia":[{"embeddable":true,"href":"https:\/\/riverdi.com\/de\/wp-json\/wp\/v2\/media\/103557"}],"wp:attachment":[{"href":"https:\/\/riverdi.com\/de\/wp-json\/wp\/v2\/media?parent=118767"}],"wp:term":[{"taxonomy":"product_brand","embeddable":true,"href":"https:\/\/riverdi.com\/de\/wp-json\/wp\/v2\/product_brand?post=118767"},{"taxonomy":"product_cat","embeddable":true,"href":"https:\/\/riverdi.com\/de\/wp-json\/wp\/v2\/product_cat?post=118767"},{"taxonomy":"product_tag","embeddable":true,"href":"https:\/\/riverdi.com\/de\/wp-json\/wp\/v2\/product_tag?post=118767"}],"curies":[{"name":"wp","href":"https:\/\/api.w.org\/{rel}","templated":true}]}}