{"id":118708,"date":"2016-02-15T08:54:57","date_gmt":"2016-02-15T07:54:57","guid":{"rendered":"http:\/\/riverdi.com\/product\/rvt3-5a320240cfwc36\/"},"modified":"2024-05-20T10:03:44","modified_gmt":"2024-05-20T08:03:44","slug":"rvt3-5a320240cfwc36","status":"publish","type":"product","link":"https:\/\/riverdi.com\/de\/product\/rvt3-5a320240cfwc36","title":{"rendered":"RVT3.5A320240CFWC36"},"content":{"rendered":"<p>nicht entfernen<\/p>\n","protected":false},"excerpt":{"rendered":"<p><span class=\"not-recommended\" style=\"background-color: #fdad00; padding: 15px; color: #ffffff;\"><strong>F\u00fcr neue Entw\u00fcrfe empfehlen wir die Verwendung von <a href=\"https:\/\/riverdi.com\/product-category\/intelligent-displays\/bt817q\/\">EVE4<\/a>.<\/strong><\/span><\/p>\n<p><span style=\"font-weight: 400;\">Ein Riverdi <strong>3,5\u2033<\/strong> TFT-Display mit <strong>kapazitivem Touchscreen<\/strong> und eingebautem LED-Inverter.<\/span><\/p>\n<p><span style=\"font-weight: 400;\">Die Aufl\u00f6sung <strong>von 320\u00d7240<\/strong> Pixeln sorgt f\u00fcr gestochen scharfe und klare Farben, w\u00e4hrend der Bildschirm von einem leistungsstarken <strong>SSD1963-Grafikcontroller<\/strong> gesteuert wird.<\/span><\/p>\n<p><span style=\"font-weight: 400;\">Das Display verf\u00fcgt \u00fcber eine<strong> MCU-Schnittstelle<\/strong>.<\/span><\/p>\n","protected":false},"featured_media":102876,"comment_status":"closed","ping_status":"closed","template":"","meta":{"_acf_changed":false,"content-type":"","inline_featured_image":false},"product_brand":[],"product_cat":[3393,4092],"product_tag":[3434,3829,3932,4514,4098],"class_list":{"0":"post-118708","1":"product","2":"type-product","3":"status-publish","4":"has-post-thumbnail","6":"product_cat-intelligente-anzeigen","7":"product_cat-ssd1963-module","8":"product_tag-ctp-de","9":"product_tag-led-wechselrichter","10":"product_tag-rahmen","11":"product_tag-rvt3-5a320240cfwc36-de","12":"product_tag-ssd1963-de","14":"first","15":"instock","16":"taxable","17":"shipping-taxable","18":"purchasable","19":"product-type-simple"},"acf":[],"yoast_head":"<!-- This site is optimized with the Yoast SEO plugin v27.0 - https:\/\/yoast.com\/product\/yoast-seo-wordpress\/ -->\n<title>RVT3.5A320240CFWC36 - Riverdi<\/title>\n<meta name=\"robots\" content=\"index, follow, max-snippet:-1, max-image-preview:large, max-video-preview:-1\" \/>\n<link rel=\"canonical\" href=\"https:\/\/riverdi.com\/de\/product\/rvt3-5a320240cfwc36\" \/>\n<meta property=\"og:locale\" content=\"de_DE\" \/>\n<meta property=\"og:type\" content=\"article\" \/>\n<meta property=\"og:title\" content=\"RVT3.5A320240CFWC36 - Riverdi\" \/>\n<meta property=\"og:description\" content=\"F\u00fcr neue Entw\u00fcrfe empfehlen wir die Verwendung von EVE4. Ein Riverdi 3,5\u2033 TFT-Display mit kapazitivem Touchscreen und eingebautem LED-Inverter. Die Aufl\u00f6sung von 320\u00d7240 Pixeln sorgt f\u00fcr gestochen scharfe und klare Farben, w\u00e4hrend der Bildschirm von einem leistungsstarken SSD1963-Grafikcontroller gesteuert wird. Das Display verf\u00fcgt \u00fcber eine MCU-Schnittstelle.\" \/>\n<meta property=\"og:url\" content=\"https:\/\/riverdi.com\/de\/product\/rvt3-5a320240cfwc36\" \/>\n<meta property=\"og:site_name\" content=\"Riverdi\" \/>\n<meta property=\"article:publisher\" content=\"https:\/\/www.facebook.com\/riverdi.displays\/\" \/>\n<meta property=\"article:modified_time\" content=\"2024-05-20T08:03:44+00:00\" \/>\n<meta property=\"og:image\" content=\"https:\/\/riverdi.com\/wp-content\/uploads\/2024\/03\/ssd1963-RVT3.5A320240CFWC36-front-1.webp\" \/>\n\t<meta property=\"og:image:width\" content=\"1280\" \/>\n\t<meta property=\"og:image:height\" content=\"880\" \/>\n\t<meta property=\"og:image:type\" content=\"image\/webp\" \/>\n<meta name=\"twitter:card\" content=\"summary_large_image\" \/>\n<meta name=\"twitter:site\" content=\"@riverdidisplays\" \/>\n<script type=\"application\/ld+json\" class=\"yoast-schema-graph\">{\"@context\":\"https:\/\/schema.org\",\"@graph\":[{\"@type\":\"WebPage\",\"@id\":\"https:\/\/riverdi.com\/de\/product\/rvt3-5a320240cfwc36\",\"url\":\"https:\/\/riverdi.com\/de\/product\/rvt3-5a320240cfwc36\",\"name\":\"RVT3.5A320240CFWC36 - Riverdi\",\"isPartOf\":{\"@id\":\"https:\/\/riverdi.com\/de#website\"},\"primaryImageOfPage\":{\"@id\":\"https:\/\/riverdi.com\/de\/product\/rvt3-5a320240cfwc36#primaryimage\"},\"image\":{\"@id\":\"https:\/\/riverdi.com\/de\/product\/rvt3-5a320240cfwc36#primaryimage\"},\"thumbnailUrl\":\"https:\/\/riverdi.com\/wp-content\/uploads\/2024\/03\/ssd1963-RVT3.5A320240CFWC36-front-1.webp\",\"datePublished\":\"2016-02-15T07:54:57+00:00\",\"dateModified\":\"2024-05-20T08:03:44+00:00\",\"breadcrumb\":{\"@id\":\"https:\/\/riverdi.com\/de\/product\/rvt3-5a320240cfwc36#breadcrumb\"},\"inLanguage\":\"de\",\"potentialAction\":[{\"@type\":\"ReadAction\",\"target\":[\"https:\/\/riverdi.com\/de\/product\/rvt3-5a320240cfwc36\"]}]},{\"@type\":\"ImageObject\",\"inLanguage\":\"de\",\"@id\":\"https:\/\/riverdi.com\/de\/product\/rvt3-5a320240cfwc36#primaryimage\",\"url\":\"https:\/\/riverdi.com\/wp-content\/uploads\/2024\/03\/ssd1963-RVT3.5A320240CFWC36-front-1.webp\",\"contentUrl\":\"https:\/\/riverdi.com\/wp-content\/uploads\/2024\/03\/ssd1963-RVT3.5A320240CFWC36-front-1.webp\",\"width\":1280,\"height\":880,\"caption\":\"Salomon SSD1963\"},{\"@type\":\"BreadcrumbList\",\"@id\":\"https:\/\/riverdi.com\/de\/product\/rvt3-5a320240cfwc36#breadcrumb\",\"itemListElement\":[{\"@type\":\"ListItem\",\"position\":1,\"name\":\"Front Page\",\"item\":\"https:\/\/riverdi.com\/de\/titelblatt\"},{\"@type\":\"ListItem\",\"position\":2,\"name\":\"Shop\",\"item\":\"https:\/\/riverdi.com\/de\/shop\"},{\"@type\":\"ListItem\",\"position\":3,\"name\":\"RVT3.5A320240CFWC36\"}]},{\"@type\":\"WebSite\",\"@id\":\"https:\/\/riverdi.com\/de#website\",\"url\":\"https:\/\/riverdi.com\/de\",\"name\":\"Riverdi\",\"description\":\"Global TFT LCD Manufacturer\",\"potentialAction\":[{\"@type\":\"SearchAction\",\"target\":{\"@type\":\"EntryPoint\",\"urlTemplate\":\"https:\/\/riverdi.com\/de?s={search_term_string}\"},\"query-input\":{\"@type\":\"PropertyValueSpecification\",\"valueRequired\":true,\"valueName\":\"search_term_string\"}}],\"inLanguage\":\"de\"}]}<\/script>\n<!-- \/ Yoast SEO plugin. -->","yoast_head_json":{"title":"RVT3.5A320240CFWC36 - Riverdi","robots":{"index":"index","follow":"follow","max-snippet":"max-snippet:-1","max-image-preview":"max-image-preview:large","max-video-preview":"max-video-preview:-1"},"canonical":"https:\/\/riverdi.com\/de\/product\/rvt3-5a320240cfwc36","og_locale":"de_DE","og_type":"article","og_title":"RVT3.5A320240CFWC36 - Riverdi","og_description":"F\u00fcr neue Entw\u00fcrfe empfehlen wir die Verwendung von EVE4. Ein Riverdi 3,5\u2033 TFT-Display mit kapazitivem Touchscreen und eingebautem LED-Inverter. Die Aufl\u00f6sung von 320\u00d7240 Pixeln sorgt f\u00fcr gestochen scharfe und klare Farben, w\u00e4hrend der Bildschirm von einem leistungsstarken SSD1963-Grafikcontroller gesteuert wird. Das Display verf\u00fcgt \u00fcber eine MCU-Schnittstelle.","og_url":"https:\/\/riverdi.com\/de\/product\/rvt3-5a320240cfwc36","og_site_name":"Riverdi","article_publisher":"https:\/\/www.facebook.com\/riverdi.displays\/","article_modified_time":"2024-05-20T08:03:44+00:00","og_image":[{"width":1280,"height":880,"url":"https:\/\/riverdi.com\/wp-content\/uploads\/2024\/03\/ssd1963-RVT3.5A320240CFWC36-front-1.webp","type":"image\/webp"}],"twitter_card":"summary_large_image","twitter_site":"@riverdidisplays","schema":{"@context":"https:\/\/schema.org","@graph":[{"@type":"WebPage","@id":"https:\/\/riverdi.com\/de\/product\/rvt3-5a320240cfwc36","url":"https:\/\/riverdi.com\/de\/product\/rvt3-5a320240cfwc36","name":"RVT3.5A320240CFWC36 - Riverdi","isPartOf":{"@id":"https:\/\/riverdi.com\/de#website"},"primaryImageOfPage":{"@id":"https:\/\/riverdi.com\/de\/product\/rvt3-5a320240cfwc36#primaryimage"},"image":{"@id":"https:\/\/riverdi.com\/de\/product\/rvt3-5a320240cfwc36#primaryimage"},"thumbnailUrl":"https:\/\/riverdi.com\/wp-content\/uploads\/2024\/03\/ssd1963-RVT3.5A320240CFWC36-front-1.webp","datePublished":"2016-02-15T07:54:57+00:00","dateModified":"2024-05-20T08:03:44+00:00","breadcrumb":{"@id":"https:\/\/riverdi.com\/de\/product\/rvt3-5a320240cfwc36#breadcrumb"},"inLanguage":"de","potentialAction":[{"@type":"ReadAction","target":["https:\/\/riverdi.com\/de\/product\/rvt3-5a320240cfwc36"]}]},{"@type":"ImageObject","inLanguage":"de","@id":"https:\/\/riverdi.com\/de\/product\/rvt3-5a320240cfwc36#primaryimage","url":"https:\/\/riverdi.com\/wp-content\/uploads\/2024\/03\/ssd1963-RVT3.5A320240CFWC36-front-1.webp","contentUrl":"https:\/\/riverdi.com\/wp-content\/uploads\/2024\/03\/ssd1963-RVT3.5A320240CFWC36-front-1.webp","width":1280,"height":880,"caption":"Salomon SSD1963"},{"@type":"BreadcrumbList","@id":"https:\/\/riverdi.com\/de\/product\/rvt3-5a320240cfwc36#breadcrumb","itemListElement":[{"@type":"ListItem","position":1,"name":"Front Page","item":"https:\/\/riverdi.com\/de\/titelblatt"},{"@type":"ListItem","position":2,"name":"Shop","item":"https:\/\/riverdi.com\/de\/shop"},{"@type":"ListItem","position":3,"name":"RVT3.5A320240CFWC36"}]},{"@type":"WebSite","@id":"https:\/\/riverdi.com\/de#website","url":"https:\/\/riverdi.com\/de","name":"Riverdi","description":"Global TFT LCD Manufacturer","potentialAction":[{"@type":"SearchAction","target":{"@type":"EntryPoint","urlTemplate":"https:\/\/riverdi.com\/de?s={search_term_string}"},"query-input":{"@type":"PropertyValueSpecification","valueRequired":true,"valueName":"search_term_string"}}],"inLanguage":"de"}]}},"_links":{"self":[{"href":"https:\/\/riverdi.com\/de\/wp-json\/wp\/v2\/product\/118708","targetHints":{"allow":["GET"]}}],"collection":[{"href":"https:\/\/riverdi.com\/de\/wp-json\/wp\/v2\/product"}],"about":[{"href":"https:\/\/riverdi.com\/de\/wp-json\/wp\/v2\/types\/product"}],"replies":[{"embeddable":true,"href":"https:\/\/riverdi.com\/de\/wp-json\/wp\/v2\/comments?post=118708"}],"wp:featuredmedia":[{"embeddable":true,"href":"https:\/\/riverdi.com\/de\/wp-json\/wp\/v2\/media\/102876"}],"wp:attachment":[{"href":"https:\/\/riverdi.com\/de\/wp-json\/wp\/v2\/media?parent=118708"}],"wp:term":[{"taxonomy":"product_brand","embeddable":true,"href":"https:\/\/riverdi.com\/de\/wp-json\/wp\/v2\/product_brand?post=118708"},{"taxonomy":"product_cat","embeddable":true,"href":"https:\/\/riverdi.com\/de\/wp-json\/wp\/v2\/product_cat?post=118708"},{"taxonomy":"product_tag","embeddable":true,"href":"https:\/\/riverdi.com\/de\/wp-json\/wp\/v2\/product_tag?post=118708"}],"curies":[{"name":"wp","href":"https:\/\/api.w.org\/{rel}","templated":true}]}}