{"id":118169,"date":"2017-04-12T10:38:33","date_gmt":"2017-04-12T08:38:33","guid":{"rendered":"http:\/\/riverdi.com\/product\/universal-break-out-board\/"},"modified":"2017-04-12T10:38:33","modified_gmt":"2017-04-12T08:38:33","slug":"universal-break-out-board","status":"publish","type":"product","link":"https:\/\/riverdi.com\/de\/product\/universal-break-out-board","title":{"rendered":"Universal Break Out Board"},"content":{"rendered":"<p>Universal Break Out Board enth\u00e4lt:<\/p>\n<ul>\n<li>Universal Break Out Board (x1)<\/li>\n<\/ul>\n","protected":false},"excerpt":{"rendered":"<p>Das Universal Break Out Board wurde entwickelt, um jeden ZIF-Stecker mit einem Raster von 0,5 mm und bis zu 60 Pins mit einem Raster von 2,54 mm und bis zu 60 Pins zu verbinden.<br \/>\nStiftleiste kann gel\u00f6tet werden.<\/p>\n<p>Es bietet eine einfache M\u00f6glichkeit, zus\u00e4tzliche Schaltungen und Hardware anzuschlie\u00dfen.<\/p>\n<div class=\"Variant-buttons\"><a class=\"Variant-SKU-button\" href=\"https:\/\/download.riverdi.com\/UNIVERSAL-BREAK-OUT-BOARD\/DR_Universal_Break_Out_Board_Rev.1.0.pdf\">Zeichnung<\/a><\/div>\n","protected":false},"featured_media":103063,"comment_status":"closed","ping_status":"closed","template":"","meta":{"_acf_changed":false,"content-type":"","inline_featured_image":false},"product_brand":[],"product_cat":[3530],"product_tag":[3834,3833],"class_list":{"0":"post-118169","1":"product","2":"type-product","3":"status-publish","4":"has-post-thumbnail","6":"product_cat-bewertungstafeln","7":"product_tag-anschluss","8":"product_tag-breakout-board","10":"first","11":"instock","12":"taxable","13":"shipping-taxable","14":"purchasable","15":"product-type-simple"},"acf":[],"yoast_head":"<!-- This site is optimized with the Yoast SEO plugin v27.3 - https:\/\/yoast.com\/product\/yoast-seo-wordpress\/ -->\n<title>Universal Break Out Board - Riverdi<\/title>\n<meta name=\"robots\" content=\"index, follow, max-snippet:-1, max-image-preview:large, max-video-preview:-1\" \/>\n<link rel=\"canonical\" href=\"https:\/\/riverdi.com\/de\/product\/universal-break-out-board\" \/>\n<meta property=\"og:locale\" content=\"de_DE\" \/>\n<meta property=\"og:type\" content=\"article\" \/>\n<meta property=\"og:title\" content=\"Universal Break Out Board - Riverdi\" \/>\n<meta property=\"og:description\" content=\"Das Universal Break Out Board wurde entwickelt, um jeden ZIF-Stecker mit einem Raster von 0,5 mm und bis zu 60 Pins mit einem Raster von 2,54 mm und bis zu 60 Pins zu verbinden. Stiftleiste kann gel\u00f6tet werden. Es bietet eine einfache M\u00f6glichkeit, zus\u00e4tzliche Schaltungen und Hardware anzuschlie\u00dfen. Zeichnung\" \/>\n<meta property=\"og:url\" content=\"https:\/\/riverdi.com\/de\/product\/universal-break-out-board\" \/>\n<meta property=\"og:site_name\" content=\"Riverdi\" \/>\n<meta property=\"article:publisher\" content=\"https:\/\/www.facebook.com\/riverdi.displays\/\" \/>\n<meta property=\"og:image\" content=\"https:\/\/riverdi.com\/wp-content\/uploads\/2024\/03\/ubob.webp\" \/>\n\t<meta property=\"og:image:width\" content=\"1920\" \/>\n\t<meta property=\"og:image:height\" content=\"1280\" \/>\n\t<meta property=\"og:image:type\" content=\"image\/webp\" \/>\n<meta name=\"twitter:card\" content=\"summary_large_image\" \/>\n<meta name=\"twitter:site\" content=\"@riverdidisplays\" \/>\n<script type=\"application\/ld+json\" class=\"yoast-schema-graph\">{\"@context\":\"https:\\\/\\\/schema.org\",\"@graph\":[{\"@type\":\"WebPage\",\"@id\":\"https:\\\/\\\/riverdi.com\\\/de\\\/product\\\/universal-break-out-board\",\"url\":\"https:\\\/\\\/riverdi.com\\\/de\\\/product\\\/universal-break-out-board\",\"name\":\"Universal Break Out Board - Riverdi\",\"isPartOf\":{\"@id\":\"https:\\\/\\\/riverdi.com\\\/de#website\"},\"primaryImageOfPage\":{\"@id\":\"https:\\\/\\\/riverdi.com\\\/de\\\/product\\\/universal-break-out-board#primaryimage\"},\"image\":{\"@id\":\"https:\\\/\\\/riverdi.com\\\/de\\\/product\\\/universal-break-out-board#primaryimage\"},\"thumbnailUrl\":\"https:\\\/\\\/riverdi.com\\\/wp-content\\\/uploads\\\/2024\\\/03\\\/ubob.webp\",\"datePublished\":\"2017-04-12T08:38:33+00:00\",\"breadcrumb\":{\"@id\":\"https:\\\/\\\/riverdi.com\\\/de\\\/product\\\/universal-break-out-board#breadcrumb\"},\"inLanguage\":\"de\",\"potentialAction\":[{\"@type\":\"ReadAction\",\"target\":[\"https:\\\/\\\/riverdi.com\\\/de\\\/product\\\/universal-break-out-board\"]}]},{\"@type\":\"ImageObject\",\"inLanguage\":\"de\",\"@id\":\"https:\\\/\\\/riverdi.com\\\/de\\\/product\\\/universal-break-out-board#primaryimage\",\"url\":\"https:\\\/\\\/riverdi.com\\\/wp-content\\\/uploads\\\/2024\\\/03\\\/ubob.webp\",\"contentUrl\":\"https:\\\/\\\/riverdi.com\\\/wp-content\\\/uploads\\\/2024\\\/03\\\/ubob.webp\",\"width\":1920,\"height\":1280,\"caption\":\"Universal-Ausbrechbrett\"},{\"@type\":\"BreadcrumbList\",\"@id\":\"https:\\\/\\\/riverdi.com\\\/de\\\/product\\\/universal-break-out-board#breadcrumb\",\"itemListElement\":[{\"@type\":\"ListItem\",\"position\":1,\"name\":\"Front Page\",\"item\":\"https:\\\/\\\/riverdi.com\\\/de\\\/titelblatt\"},{\"@type\":\"ListItem\",\"position\":2,\"name\":\"Shop\",\"item\":\"https:\\\/\\\/riverdi.com\\\/de\\\/shop\"},{\"@type\":\"ListItem\",\"position\":3,\"name\":\"Universal Break Out Board\"}]},{\"@type\":\"WebSite\",\"@id\":\"https:\\\/\\\/riverdi.com\\\/de#website\",\"url\":\"https:\\\/\\\/riverdi.com\\\/de\",\"name\":\"Riverdi\",\"description\":\"Global TFT LCD Manufacturer\",\"potentialAction\":[{\"@type\":\"SearchAction\",\"target\":{\"@type\":\"EntryPoint\",\"urlTemplate\":\"https:\\\/\\\/riverdi.com\\\/de?s={search_term_string}\"},\"query-input\":{\"@type\":\"PropertyValueSpecification\",\"valueRequired\":true,\"valueName\":\"search_term_string\"}}],\"inLanguage\":\"de\"}]}<\/script>\n<!-- \/ Yoast SEO plugin. -->","yoast_head_json":{"title":"Universal Break Out Board - Riverdi","robots":{"index":"index","follow":"follow","max-snippet":"max-snippet:-1","max-image-preview":"max-image-preview:large","max-video-preview":"max-video-preview:-1"},"canonical":"https:\/\/riverdi.com\/de\/product\/universal-break-out-board","og_locale":"de_DE","og_type":"article","og_title":"Universal Break Out Board - Riverdi","og_description":"Das Universal Break Out Board wurde entwickelt, um jeden ZIF-Stecker mit einem Raster von 0,5 mm und bis zu 60 Pins mit einem Raster von 2,54 mm und bis zu 60 Pins zu verbinden. Stiftleiste kann gel\u00f6tet werden. Es bietet eine einfache M\u00f6glichkeit, zus\u00e4tzliche Schaltungen und Hardware anzuschlie\u00dfen. Zeichnung","og_url":"https:\/\/riverdi.com\/de\/product\/universal-break-out-board","og_site_name":"Riverdi","article_publisher":"https:\/\/www.facebook.com\/riverdi.displays\/","og_image":[{"width":1920,"height":1280,"url":"https:\/\/riverdi.com\/wp-content\/uploads\/2024\/03\/ubob.webp","type":"image\/webp"}],"twitter_card":"summary_large_image","twitter_site":"@riverdidisplays","schema":{"@context":"https:\/\/schema.org","@graph":[{"@type":"WebPage","@id":"https:\/\/riverdi.com\/de\/product\/universal-break-out-board","url":"https:\/\/riverdi.com\/de\/product\/universal-break-out-board","name":"Universal Break Out Board - Riverdi","isPartOf":{"@id":"https:\/\/riverdi.com\/de#website"},"primaryImageOfPage":{"@id":"https:\/\/riverdi.com\/de\/product\/universal-break-out-board#primaryimage"},"image":{"@id":"https:\/\/riverdi.com\/de\/product\/universal-break-out-board#primaryimage"},"thumbnailUrl":"https:\/\/riverdi.com\/wp-content\/uploads\/2024\/03\/ubob.webp","datePublished":"2017-04-12T08:38:33+00:00","breadcrumb":{"@id":"https:\/\/riverdi.com\/de\/product\/universal-break-out-board#breadcrumb"},"inLanguage":"de","potentialAction":[{"@type":"ReadAction","target":["https:\/\/riverdi.com\/de\/product\/universal-break-out-board"]}]},{"@type":"ImageObject","inLanguage":"de","@id":"https:\/\/riverdi.com\/de\/product\/universal-break-out-board#primaryimage","url":"https:\/\/riverdi.com\/wp-content\/uploads\/2024\/03\/ubob.webp","contentUrl":"https:\/\/riverdi.com\/wp-content\/uploads\/2024\/03\/ubob.webp","width":1920,"height":1280,"caption":"Universal-Ausbrechbrett"},{"@type":"BreadcrumbList","@id":"https:\/\/riverdi.com\/de\/product\/universal-break-out-board#breadcrumb","itemListElement":[{"@type":"ListItem","position":1,"name":"Front Page","item":"https:\/\/riverdi.com\/de\/titelblatt"},{"@type":"ListItem","position":2,"name":"Shop","item":"https:\/\/riverdi.com\/de\/shop"},{"@type":"ListItem","position":3,"name":"Universal Break Out Board"}]},{"@type":"WebSite","@id":"https:\/\/riverdi.com\/de#website","url":"https:\/\/riverdi.com\/de","name":"Riverdi","description":"Global TFT LCD Manufacturer","potentialAction":[{"@type":"SearchAction","target":{"@type":"EntryPoint","urlTemplate":"https:\/\/riverdi.com\/de?s={search_term_string}"},"query-input":{"@type":"PropertyValueSpecification","valueRequired":true,"valueName":"search_term_string"}}],"inLanguage":"de"}]}},"_links":{"self":[{"href":"https:\/\/riverdi.com\/de\/wp-json\/wp\/v2\/product\/118169","targetHints":{"allow":["GET"]}}],"collection":[{"href":"https:\/\/riverdi.com\/de\/wp-json\/wp\/v2\/product"}],"about":[{"href":"https:\/\/riverdi.com\/de\/wp-json\/wp\/v2\/types\/product"}],"replies":[{"embeddable":true,"href":"https:\/\/riverdi.com\/de\/wp-json\/wp\/v2\/comments?post=118169"}],"wp:featuredmedia":[{"embeddable":true,"href":"https:\/\/riverdi.com\/de\/wp-json\/wp\/v2\/media\/103063"}],"wp:attachment":[{"href":"https:\/\/riverdi.com\/de\/wp-json\/wp\/v2\/media?parent=118169"}],"wp:term":[{"taxonomy":"product_brand","embeddable":true,"href":"https:\/\/riverdi.com\/de\/wp-json\/wp\/v2\/product_brand?post=118169"},{"taxonomy":"product_cat","embeddable":true,"href":"https:\/\/riverdi.com\/de\/wp-json\/wp\/v2\/product_cat?post=118169"},{"taxonomy":"product_tag","embeddable":true,"href":"https:\/\/riverdi.com\/de\/wp-json\/wp\/v2\/product_tag?post=118169"}],"curies":[{"name":"wp","href":"https:\/\/api.w.org\/{rel}","templated":true}]}}