{"id":118148,"date":"2019-01-08T12:48:32","date_gmt":"2019-01-08T11:48:32","guid":{"rendered":"http:\/\/riverdi.com\/product\/ritft35res\/"},"modified":"2024-12-18T12:46:58","modified_gmt":"2024-12-18T11:46:58","slug":"ritft35res","status":"publish","type":"product","link":"https:\/\/riverdi.com\/de\/product\/ritft35res","title":{"rendered":"RiTFT-35-RES"},"content":{"rendered":"<p>entfernen Sie dies nicht<\/p>\n","protected":false},"excerpt":{"rendered":"<p><span style=\"font-weight: 400;\">Ein Riverdi <strong>3,5\u2033<\/strong> TFT-Display mit einem <strong>resistiven Touchscreen<\/strong> und eingebautem LED-Inverter.<\/span><span style=\"font-weight: 400;\"><br \/>\n<\/span><span style=\"font-weight: 400;\"><br \/>\n<\/span><span style=\"font-weight: 400;\">Die Aufl\u00f6sung <strong>von 320&#215;240<\/strong> Pixeln sorgt f\u00fcr gestochen scharfe und klare Farben, w\u00e4hrend der Bildschirm von einem leistungsstarken <strong>BT816-Grafikcontroller<\/strong> gesteuert wird.<\/span><span style=\"font-weight: 400;\"><br \/>\n<\/span><span style=\"font-weight: 400;\"><br \/>\n<\/span><span style=\"font-weight: 400;\">Das Display verf\u00fcgt \u00fcber die standardm\u00e4\u00dfige <strong>SPI\/QSPI<\/strong>&#8211;<strong>Schnittstelle<\/strong>.<\/span><\/p>\n","protected":false},"featured_media":103069,"comment_status":"closed","ping_status":"closed","template":"","meta":{"_acf_changed":false,"content-type":"","inline_featured_image":false},"product_brand":[],"product_cat":[4970,4848,3662,3393,4787,4866,4918,4786,4809],"product_tag":[],"class_list":{"0":"post-118148","1":"product","2":"type-product","3":"status-publish","4":"has-post-thumbnail","6":"product_cat-35-zoll-lcd-displays","7":"product_cat-alle-anzeigen","8":"product_cat-bt81x-de","9":"product_cat-intelligente-anzeigen","10":"product_cat-lcd-anzeige","11":"product_cat-schnittstelle","12":"product_cat-spi-qspi-anzeigen","13":"product_cat-tft-display-de","14":"product_cat-touchscreen-displays-de","16":"first","17":"instock","18":"taxable","19":"shipping-taxable","20":"purchasable","21":"product-type-simple"},"acf":[],"yoast_head":"<!-- This site is optimized with the Yoast SEO plugin v27.3 - https:\/\/yoast.com\/product\/yoast-seo-wordpress\/ -->\n<title>RiTFT-35-RES - Riverdi<\/title>\n<meta name=\"robots\" content=\"index, follow, max-snippet:-1, max-image-preview:large, max-video-preview:-1\" \/>\n<link rel=\"canonical\" href=\"https:\/\/riverdi.com\/de\/product\/ritft35res\" \/>\n<meta property=\"og:locale\" content=\"de_DE\" \/>\n<meta property=\"og:type\" content=\"article\" \/>\n<meta property=\"og:title\" content=\"RiTFT-35-RES - Riverdi\" \/>\n<meta property=\"og:description\" content=\"Ein Riverdi 3,5\u2033 TFT-Display mit einem resistiven Touchscreen und eingebautem LED-Inverter. Die Aufl\u00f6sung von 320x240 Pixeln sorgt f\u00fcr gestochen scharfe und klare Farben, w\u00e4hrend der Bildschirm von einem leistungsstarken BT816-Grafikcontroller gesteuert wird. Das Display verf\u00fcgt \u00fcber die standardm\u00e4\u00dfige SPI\/QSPI-Schnittstelle.\" \/>\n<meta property=\"og:url\" content=\"https:\/\/riverdi.com\/de\/product\/ritft35res\" \/>\n<meta property=\"og:site_name\" content=\"Riverdi\" \/>\n<meta property=\"article:publisher\" content=\"https:\/\/www.facebook.com\/riverdi.displays\/\" \/>\n<meta property=\"article:modified_time\" content=\"2024-12-18T11:46:58+00:00\" \/>\n<meta property=\"og:image\" content=\"https:\/\/riverdi.com\/wp-content\/uploads\/2024\/03\/35inch-eve3-galleryArtboard-1-copy-3-8.png\" \/>\n\t<meta property=\"og:image:width\" content=\"1280\" \/>\n\t<meta property=\"og:image:height\" content=\"880\" \/>\n\t<meta property=\"og:image:type\" content=\"image\/png\" \/>\n<meta name=\"twitter:card\" content=\"summary_large_image\" \/>\n<meta name=\"twitter:site\" content=\"@riverdidisplays\" \/>\n<script type=\"application\/ld+json\" class=\"yoast-schema-graph\">{\"@context\":\"https:\\\/\\\/schema.org\",\"@graph\":[{\"@type\":\"WebPage\",\"@id\":\"https:\\\/\\\/riverdi.com\\\/de\\\/product\\\/ritft35res\",\"url\":\"https:\\\/\\\/riverdi.com\\\/de\\\/product\\\/ritft35res\",\"name\":\"RiTFT-35-RES - Riverdi\",\"isPartOf\":{\"@id\":\"https:\\\/\\\/riverdi.com\\\/de#website\"},\"primaryImageOfPage\":{\"@id\":\"https:\\\/\\\/riverdi.com\\\/de\\\/product\\\/ritft35res#primaryimage\"},\"image\":{\"@id\":\"https:\\\/\\\/riverdi.com\\\/de\\\/product\\\/ritft35res#primaryimage\"},\"thumbnailUrl\":\"https:\\\/\\\/riverdi.com\\\/wp-content\\\/uploads\\\/2024\\\/03\\\/35inch-eve3-galleryArtboard-1-copy-3-8.png\",\"datePublished\":\"2019-01-08T11:48:32+00:00\",\"dateModified\":\"2024-12-18T11:46:58+00:00\",\"breadcrumb\":{\"@id\":\"https:\\\/\\\/riverdi.com\\\/de\\\/product\\\/ritft35res#breadcrumb\"},\"inLanguage\":\"de\",\"potentialAction\":[{\"@type\":\"ReadAction\",\"target\":[\"https:\\\/\\\/riverdi.com\\\/de\\\/product\\\/ritft35res\"]}]},{\"@type\":\"ImageObject\",\"inLanguage\":\"de\",\"@id\":\"https:\\\/\\\/riverdi.com\\\/de\\\/product\\\/ritft35res#primaryimage\",\"url\":\"https:\\\/\\\/riverdi.com\\\/wp-content\\\/uploads\\\/2024\\\/03\\\/35inch-eve3-galleryArtboard-1-copy-3-8.png\",\"contentUrl\":\"https:\\\/\\\/riverdi.com\\\/wp-content\\\/uploads\\\/2024\\\/03\\\/35inch-eve3-galleryArtboard-1-copy-3-8.png\",\"width\":1280,\"height\":880},{\"@type\":\"BreadcrumbList\",\"@id\":\"https:\\\/\\\/riverdi.com\\\/de\\\/product\\\/ritft35res#breadcrumb\",\"itemListElement\":[{\"@type\":\"ListItem\",\"position\":1,\"name\":\"Front Page\",\"item\":\"https:\\\/\\\/riverdi.com\\\/de\\\/titelblatt\"},{\"@type\":\"ListItem\",\"position\":2,\"name\":\"Shop\",\"item\":\"https:\\\/\\\/riverdi.com\\\/de\\\/shop\"},{\"@type\":\"ListItem\",\"position\":3,\"name\":\"RiTFT-35-RES\"}]},{\"@type\":\"WebSite\",\"@id\":\"https:\\\/\\\/riverdi.com\\\/de#website\",\"url\":\"https:\\\/\\\/riverdi.com\\\/de\",\"name\":\"Riverdi\",\"description\":\"Global TFT LCD Manufacturer\",\"potentialAction\":[{\"@type\":\"SearchAction\",\"target\":{\"@type\":\"EntryPoint\",\"urlTemplate\":\"https:\\\/\\\/riverdi.com\\\/de?s={search_term_string}\"},\"query-input\":{\"@type\":\"PropertyValueSpecification\",\"valueRequired\":true,\"valueName\":\"search_term_string\"}}],\"inLanguage\":\"de\"}]}<\/script>\n<!-- \/ Yoast SEO plugin. -->","yoast_head_json":{"title":"RiTFT-35-RES - Riverdi","robots":{"index":"index","follow":"follow","max-snippet":"max-snippet:-1","max-image-preview":"max-image-preview:large","max-video-preview":"max-video-preview:-1"},"canonical":"https:\/\/riverdi.com\/de\/product\/ritft35res","og_locale":"de_DE","og_type":"article","og_title":"RiTFT-35-RES - Riverdi","og_description":"Ein Riverdi 3,5\u2033 TFT-Display mit einem resistiven Touchscreen und eingebautem LED-Inverter. Die Aufl\u00f6sung von 320x240 Pixeln sorgt f\u00fcr gestochen scharfe und klare Farben, w\u00e4hrend der Bildschirm von einem leistungsstarken BT816-Grafikcontroller gesteuert wird. Das Display verf\u00fcgt \u00fcber die standardm\u00e4\u00dfige SPI\/QSPI-Schnittstelle.","og_url":"https:\/\/riverdi.com\/de\/product\/ritft35res","og_site_name":"Riverdi","article_publisher":"https:\/\/www.facebook.com\/riverdi.displays\/","article_modified_time":"2024-12-18T11:46:58+00:00","og_image":[{"width":1280,"height":880,"url":"https:\/\/riverdi.com\/wp-content\/uploads\/2024\/03\/35inch-eve3-galleryArtboard-1-copy-3-8.png","type":"image\/png"}],"twitter_card":"summary_large_image","twitter_site":"@riverdidisplays","schema":{"@context":"https:\/\/schema.org","@graph":[{"@type":"WebPage","@id":"https:\/\/riverdi.com\/de\/product\/ritft35res","url":"https:\/\/riverdi.com\/de\/product\/ritft35res","name":"RiTFT-35-RES - Riverdi","isPartOf":{"@id":"https:\/\/riverdi.com\/de#website"},"primaryImageOfPage":{"@id":"https:\/\/riverdi.com\/de\/product\/ritft35res#primaryimage"},"image":{"@id":"https:\/\/riverdi.com\/de\/product\/ritft35res#primaryimage"},"thumbnailUrl":"https:\/\/riverdi.com\/wp-content\/uploads\/2024\/03\/35inch-eve3-galleryArtboard-1-copy-3-8.png","datePublished":"2019-01-08T11:48:32+00:00","dateModified":"2024-12-18T11:46:58+00:00","breadcrumb":{"@id":"https:\/\/riverdi.com\/de\/product\/ritft35res#breadcrumb"},"inLanguage":"de","potentialAction":[{"@type":"ReadAction","target":["https:\/\/riverdi.com\/de\/product\/ritft35res"]}]},{"@type":"ImageObject","inLanguage":"de","@id":"https:\/\/riverdi.com\/de\/product\/ritft35res#primaryimage","url":"https:\/\/riverdi.com\/wp-content\/uploads\/2024\/03\/35inch-eve3-galleryArtboard-1-copy-3-8.png","contentUrl":"https:\/\/riverdi.com\/wp-content\/uploads\/2024\/03\/35inch-eve3-galleryArtboard-1-copy-3-8.png","width":1280,"height":880},{"@type":"BreadcrumbList","@id":"https:\/\/riverdi.com\/de\/product\/ritft35res#breadcrumb","itemListElement":[{"@type":"ListItem","position":1,"name":"Front Page","item":"https:\/\/riverdi.com\/de\/titelblatt"},{"@type":"ListItem","position":2,"name":"Shop","item":"https:\/\/riverdi.com\/de\/shop"},{"@type":"ListItem","position":3,"name":"RiTFT-35-RES"}]},{"@type":"WebSite","@id":"https:\/\/riverdi.com\/de#website","url":"https:\/\/riverdi.com\/de","name":"Riverdi","description":"Global TFT LCD Manufacturer","potentialAction":[{"@type":"SearchAction","target":{"@type":"EntryPoint","urlTemplate":"https:\/\/riverdi.com\/de?s={search_term_string}"},"query-input":{"@type":"PropertyValueSpecification","valueRequired":true,"valueName":"search_term_string"}}],"inLanguage":"de"}]}},"_links":{"self":[{"href":"https:\/\/riverdi.com\/de\/wp-json\/wp\/v2\/product\/118148","targetHints":{"allow":["GET"]}}],"collection":[{"href":"https:\/\/riverdi.com\/de\/wp-json\/wp\/v2\/product"}],"about":[{"href":"https:\/\/riverdi.com\/de\/wp-json\/wp\/v2\/types\/product"}],"replies":[{"embeddable":true,"href":"https:\/\/riverdi.com\/de\/wp-json\/wp\/v2\/comments?post=118148"}],"wp:featuredmedia":[{"embeddable":true,"href":"https:\/\/riverdi.com\/de\/wp-json\/wp\/v2\/media\/103069"}],"wp:attachment":[{"href":"https:\/\/riverdi.com\/de\/wp-json\/wp\/v2\/media?parent=118148"}],"wp:term":[{"taxonomy":"product_brand","embeddable":true,"href":"https:\/\/riverdi.com\/de\/wp-json\/wp\/v2\/product_brand?post=118148"},{"taxonomy":"product_cat","embeddable":true,"href":"https:\/\/riverdi.com\/de\/wp-json\/wp\/v2\/product_cat?post=118148"},{"taxonomy":"product_tag","embeddable":true,"href":"https:\/\/riverdi.com\/de\/wp-json\/wp\/v2\/product_tag?post=118148"}],"curies":[{"name":"wp","href":"https:\/\/api.w.org\/{rel}","templated":true}]}}