{"id":117927,"date":"2021-04-15T12:30:41","date_gmt":"2021-04-15T10:30:41","guid":{"rendered":"http:\/\/riverdi.com\/product\/stm32-auswertungstafel\/"},"modified":"2021-04-15T12:30:41","modified_gmt":"2021-04-15T10:30:41","slug":"stm32-auswertungstafel","status":"publish","type":"product","link":"https:\/\/riverdi.com\/de\/product\/stm32-auswertungstafel","title":{"rendered":"STM32 Evaluierungsboard"},"content":{"rendered":"<h2>Ressourcen sind der Schl\u00fcssel<\/h2>\n<p>Im Vergleich zu den EVE4-Displays, bei denen die meisten Grafik- und UI-Operationen von einem Grafikprozessor ausgef\u00fchrt werden, f\u00fchrt STM32 dieselben Operationen bei der Ansteuerung der HB IPS RGB-Displays aus. Unter solchen Bedingungen wird die hohe Rechenleistung des STM32F469II-Prozessors deutlich.<span class=\"Apple-converted-space\"> <\/span><\/p>\n<p>Im Hinblick auf die eingebetteten Systeme und Anwendungen, die das Display steuern, k\u00f6nnen die Ressourcen auf der Platine der Schl\u00fcsselfaktor f\u00fcr den Erfolg sein. Im Vergleich zu gew\u00f6hnlichen eingebetteten Systemen, bei denen ein Mikrocontroller f\u00fcr weniger komplexe Operationen, z. B. das Auslesen von Sensoren oder die Motorsteuerung, verwendet wird &#8211; und bei denen der Cortex M0-Prozessor mehr als ausreichend ist, um alle Aufgaben zu bew\u00e4ltigen &#8211; steigt bei Systemen, die in erster Linie die Anzeige steuern, die Menge der erforderlichen Ressourcen schnell an. Nach Angaben der EE Times werden nur noch 14 % der Grafikdateien von 32-Bit-Systemen verarbeitet. Damit geh\u00f6rt Riverdi zur Gruppe der Technologief\u00fchrer.<span class=\"Apple-converted-space\"> <\/span><\/p>\n<p>Die wichtigsten Anforderungen an solche Systeme sind:<span class=\"Apple-converted-space\"> <\/span><\/p>\n<p><strong>Rechenleistung,<span class=\"Apple-converted-space\"> <\/span><\/strong><\/p>\n<p><strong>RAM-Speicher,<span class=\"Apple-converted-space\"> <\/span><\/strong><\/p>\n<p><strong>Nichtfl\u00fcchtiger Speicher.<span class=\"Apple-converted-space\"> <\/span><\/strong><\/p>\n<p>Die Rechenleistung ist erforderlich, um einen reibungslosen Betrieb eines Bildschirms zu erm\u00f6glichen und alle erforderlichen Vorg\u00e4nge im Hintergrund durchzuf\u00fchren. Der RAM-Speicher sollte gro\u00df genug sein, um zumindest den kompletten Bildpuffer f\u00fcr Bildschirme mit h\u00f6herer Aufl\u00f6sung und Farbtiefe zu speichern. Schlie\u00dflich ist ein nichtfl\u00fcchtiger Speicher erforderlich, um alle in einer grafischen Anwendung verwendeten Objekte wie Schriftarten oder Symbole zu speichern. Unter Ber\u00fccksichtigung aller oben genannten Fakten wurde das Riverdi STM32 Evaluation Board sorgf\u00e4ltig entwickelt, um alle wichtigen Anforderungen zu erf\u00fcllen.<\/p>\n<p><a href=\"https:\/\/riverdi.com\/wp-content\/uploads\/2021\/04\/w1000.webp\"><img decoding=\"async\" class=\"aligncenter wp-image-117623 size-full\" src=\"https:\/\/riverdi.com\/wp-content\/uploads\/2021\/04\/w1000.webp?_t=1716186330\" alt=\"\" width=\"1000\" height=\"769\" srcset=\"https:\/\/riverdi.com\/wp-content\/uploads\/2021\/04\/w1000.webp 1000w, https:\/\/riverdi.com\/wp-content\/uploads\/2021\/04\/w1000-600x461.webp 600w, https:\/\/riverdi.com\/wp-content\/uploads\/2021\/04\/w1000-64x49.webp 64w, https:\/\/riverdi.com\/wp-content\/uploads\/2021\/04\/w1000-300x231.webp 300w, https:\/\/riverdi.com\/wp-content\/uploads\/2021\/04\/w1000-768x591.webp 768w\" sizes=\"(max-width: 1000px) 100vw, 1000px\" \/><\/a><\/p>\n<h2>Ansteuerung externer Displays<\/h2>\n<h4>Jumper zwischen P7 &amp; P8: FTDI serial\/SPI bridge verbunden mit RiBUS SPI:<\/h4>\n<p>Verwenden Sie die FT232 serial to SPI bridge, indem Sie ein Micro-USB-Kabel an den mit &#8222;Direct USB&#8220; bezeichneten Anschluss anschlie\u00dfen und den EVE Screen Editor verwenden, um schnell und mit minimalem Aufwand grafische Benutzeroberfl\u00e4chen zu erstellen.<\/p>\n<h4>Jumper zwischen P9 &amp; P8: STM32 ist mit RiBUS SPI verbunden:<\/h4>\n<p>Verwenden Sie den integrierten STM32F4, um Firmware f\u00fcr die Ansteuerung eines angeschlossenen Displays der Riverdi EVE4-Serie mit BT817Q-Controller zu entwickeln und zu testen.<\/p>\n<p><a href=\"https:\/\/riverdi.com\/wp-content\/uploads\/2021\/04\/w1536h853.avif\"><img decoding=\"async\" class=\"aligncenter wp-image-117628 size-large\" src=\"https:\/\/riverdi.com\/wp-content\/uploads\/2021\/04\/w1536h853-1024x569.avif?_t=1716186374\" alt=\"\" width=\"1024\" height=\"569\" srcset=\"https:\/\/riverdi.com\/wp-content\/uploads\/2021\/04\/w1536h853-1024x569.avif 1024w, https:\/\/riverdi.com\/wp-content\/uploads\/2021\/04\/w1536h853-600x333.avif 600w, https:\/\/riverdi.com\/wp-content\/uploads\/2021\/04\/w1536h853-64x36.avif 64w, https:\/\/riverdi.com\/wp-content\/uploads\/2021\/04\/w1536h853-300x167.avif 300w, https:\/\/riverdi.com\/wp-content\/uploads\/2021\/04\/w1536h853-768x427.avif 768w, https:\/\/riverdi.com\/wp-content\/uploads\/2021\/04\/w1536h853.avif 1536w\" sizes=\"(max-width: 1024px) 100vw, 1024px\" \/><\/a><\/p>\n<h2>Add-on RGB-Erweiterung<\/h2>\n<p>W\u00e4hrend das Evaluation Board selbst alle wichtigen Komponenten sowie die RiBUS-Schnittstelle zu EVE-Displays enth\u00e4lt, bringt der RGB-Erweiterungsheader die Schnittstelle zu den meisten RGB-Displays von Riverdi.<\/p>\n<p>Das Evaluation Board kann entweder RiBUS zur Ansteuerung des Displays mit EVE-Grafikcontroller oder die RGB-Erweiterung verwenden. Eine Zusatzplatine liefert nicht nur Signale an das Display, sondern fungiert auch als physischer Tr\u00e4ger f\u00fcr das gesamte Modul. Daher m\u00fcssen die Zusatzplatinen an die Displays angepasst werden, die sie bedienen.<\/p>\n<p><span class=\"s1\">Aufgrund der <\/span>Aufl\u00f6sungsbeschr\u00e4nkung des STM32F469II ist es derzeit nur m\u00f6glich, 10,1&#8243; Displays \u00fcber RiBUS anzuschlie\u00dfen &#8211; es muss sich also um Modelle mit BT817Q Controller handeln.<\/p>\n<p><a href=\"https:\/\/riverdi.com\/wp-content\/uploads\/2021\/11\/w800h998.avif\"><img decoding=\"async\" class=\"aligncenter wp-image-117583 size-full\" src=\"https:\/\/riverdi.com\/wp-content\/uploads\/2021\/11\/w800h998.avif?_t=1716185266\" alt=\"\" width=\"800\" height=\"997\" srcset=\"https:\/\/riverdi.com\/wp-content\/uploads\/2021\/11\/w800h998.avif 800w, https:\/\/riverdi.com\/wp-content\/uploads\/2021\/11\/w800h998-600x748.avif 600w, https:\/\/riverdi.com\/wp-content\/uploads\/2021\/11\/w800h998-64x80.avif 64w, https:\/\/riverdi.com\/wp-content\/uploads\/2021\/11\/w800h998-241x300.avif 241w, https:\/\/riverdi.com\/wp-content\/uploads\/2021\/11\/w800h998-768x957.avif 768w\" sizes=\"(max-width: 800px) 100vw, 800px\" \/><\/a><\/p>\n<h2>Ein Evaluation Board f\u00fcr jedes Display<\/h2>\n<p><a href=\"https:\/\/riverdi.com\/wp-content\/uploads\/2021\/04\/w600.avif\"><img decoding=\"async\" class=\"aligncenter wp-image-117633 size-full\" src=\"https:\/\/riverdi.com\/wp-content\/uploads\/2021\/04\/w600.avif?_t=1716186426\" alt=\"\" width=\"600\" height=\"370\" srcset=\"https:\/\/riverdi.com\/wp-content\/uploads\/2021\/04\/w600.avif 600w, https:\/\/riverdi.com\/wp-content\/uploads\/2021\/04\/w600-64x39.avif 64w, https:\/\/riverdi.com\/wp-content\/uploads\/2021\/04\/w600-300x185.avif 300w\" sizes=\"(max-width: 600px) 100vw, 600px\" \/><\/a><\/p>\n<p><iframe title=\"YouTube-Video-Player\" src=\"https:\/\/www.youtube.com\/embed\/r8isY2MxdHg?si=FOwGrGstSSe66CrH\" width=\"560\" height=\"315\" frameborder=\"0\" allowfullscreen=\"allowfullscreen\"><\/iframe><\/p>\n<p><a href=\"https:\/\/riverdi.com\/de\/blog\/das-stm32-evaluierungsboard-das-ihr-display-einschaltet\" target=\"_blank\" rel=\"noopener\">MEHR LERNEN<\/a><\/p>\n","protected":false},"excerpt":{"rendered":"<div class=\"Variant-buttons\"><a class=\"Variant-SKU-button\" href=\"https:\/\/download.riverdi.com\/STM32-EVALUATION-BOARD\/UM_Riverdi_STM32_Evaluation_Board_Manual_Rev.1.7.pdf\">Benutzerhandbuch<\/a><br \/>\n<a class=\"Variant-SKU-button\" href=\"https:\/\/download.riverdi.com\/STM32-EVALUATION-BOARD\/WP_EVAL_WHITEPAPER_Rev.1.5.pdf\">Wei\u00dfbuch<\/a><br \/>\n<a class=\"Variant-SKU-button\" href=\"https:\/\/download.riverdi.com\/STM32-EVALUATION-BOARD\/SCHEM_EVAL_MAIN_schematic_Rev.1.0.pdf\">Schema<\/a><\/div>\n<div>\n<p>Das Riverdi STM32 Evaluation Board ist ein Evaluierungs-\/Entwicklungsboard, das f\u00fcr die Entwicklung und den Einsatz von Anwendungen auf einer breiten Palette von Riverdi-Displays vorgesehen ist.  <strong>Es unterst\u00fctzt nur Riverdi EVE4-Module f\u00fcr Displays von 3,5&#8243; bis 10,1&#8243; und die Riverdi HB IPS-Serie mit RGB-, LVDS- und DSI-Schnittstellen (die beiden letztgenannten Typen m\u00fcssen \u00fcber einen zus\u00e4tzlichen Serializer verf\u00fcgen) in Kombination mit verschiedenen Typen von Touchpanels.<\/strong><\/p>\n<p><span lang=\"EN-US\">Sein wichtigster Vorteil besteht darin, dass er es Ihnen erm\u00f6glicht, mit einem Display in drei Modi zu arbeiten:<\/span><\/p>\n<ul>\n<li>Von STM32F469 \u00fcber RiBUS (SPI) zu BT817Q\/EVE4-Displays<\/li>\n<li>Von USB \u00fcber FT232H-Br\u00fccke zu RiBUS (SPI) und dann zu BT817Q\/EVE4-Displays<\/li>\n<li>Vom STM32F469 LTDC TFT-Controller zu Riverdi HB IPS-Displays mit RGB-Schnittstelle und zu Riverdi HB IPS-Displays mit LVDS&amp;DSI-Schnittstellen mit Serializer.<\/li>\n<\/ul>\n<p><span lang=\"EN-US\">Das Board enth\u00e4lt alle notwendigen Komponenten f\u00fcr eine erfolgreiche Entwicklung von Grafikanwendungen, darunter:  <\/span><\/p>\n<ul>\n<li>USB-Schnittstelle,<\/li>\n<li>uSD-Karten-Schnittstelle,<\/li>\n<li>2 vom Benutzer programmierbare LEDs,<\/li>\n<li>2 benutzerprogrammierbare Tasten,<\/li>\n<li>Debug UART-Schnittstelle.<\/li>\n<\/ul>\n<p><span lang=\"EN-US\">W\u00e4hrend der STM32-Controller \u00fcber eine USB-Schnittstelle mit Strom versorgt wird, k\u00f6nnen die Displays entweder von der gleichen Gleichstromquelle oder von einer unabh\u00e4ngigen Gleichstromquelle gespeist werden.<\/span><\/p>\n<p>Das STM32 Evaluation Board ist im Lieferumfang enthalten:<\/p>\n<ol>\n<li>Micro-USB-Kabel<\/li>\n<li>Micro SD-Karte<\/li>\n<li>FFC0520150<\/li>\n<\/ol>\n<\/div>\n","protected":false},"featured_media":103140,"comment_status":"closed","ping_status":"closed","template":"","meta":{"_acf_changed":false,"content-type":"","inline_featured_image":false},"product_brand":[],"product_cat":[3530],"product_tag":[3537,3538,3535],"class_list":{"0":"post-117927","1":"product","2":"type-product","3":"status-publish","4":"has-post-thumbnail","6":"product_cat-bewertungstafeln","7":"product_tag-bewertung","8":"product_tag-stm32-de","9":"product_tag-vorstand","11":"first","12":"instock","13":"taxable","14":"shipping-taxable","15":"purchasable","16":"product-type-simple"},"acf":[],"yoast_head":"<!-- This site is optimized with the Yoast SEO plugin v27.3 - https:\/\/yoast.com\/product\/yoast-seo-wordpress\/ -->\n<title>STM32 Evaluierungsboard - Riverdi<\/title>\n<meta name=\"description\" content=\"Mit dem STM32-Evaluierungs-\/Entwicklungsboard k\u00f6nnen Sie auf einfache Weise Anwendungen f\u00fcr eine breite Palette von Riverdi-Displays entwickeln und verwenden.\" \/>\n<meta name=\"robots\" content=\"index, follow, max-snippet:-1, max-image-preview:large, max-video-preview:-1\" \/>\n<link rel=\"canonical\" href=\"https:\/\/riverdi.com\/de\/product\/stm32-auswertungstafel\" \/>\n<meta property=\"og:locale\" content=\"de_DE\" \/>\n<meta property=\"og:type\" content=\"article\" \/>\n<meta property=\"og:title\" content=\"STM32 Evaluierungsboard - Riverdi\" \/>\n<meta property=\"og:description\" content=\"Mit dem STM32-Evaluierungs-\/Entwicklungsboard k\u00f6nnen Sie auf einfache Weise Anwendungen f\u00fcr eine breite Palette von Riverdi-Displays entwickeln und verwenden.\" \/>\n<meta property=\"og:url\" content=\"https:\/\/riverdi.com\/de\/product\/stm32-auswertungstafel\" \/>\n<meta property=\"og:site_name\" content=\"Riverdi\" \/>\n<meta property=\"article:publisher\" content=\"https:\/\/www.facebook.com\/riverdi.displays\/\" \/>\n<meta property=\"og:image\" content=\"https:\/\/riverdi.com\/wp-content\/uploads\/2024\/03\/Eval-board-2-1.webp\" \/>\n\t<meta property=\"og:image:width\" content=\"1293\" \/>\n\t<meta property=\"og:image:height\" content=\"889\" \/>\n\t<meta property=\"og:image:type\" content=\"image\/webp\" \/>\n<meta name=\"twitter:card\" content=\"summary_large_image\" \/>\n<meta name=\"twitter:site\" content=\"@riverdidisplays\" \/>\n<meta name=\"twitter:label1\" content=\"Gesch\u00e4tzte Lesezeit\" \/>\n\t<meta name=\"twitter:data1\" content=\"2\u00a0Minuten\" \/>\n<script type=\"application\/ld+json\" class=\"yoast-schema-graph\">{\"@context\":\"https:\\\/\\\/schema.org\",\"@graph\":[{\"@type\":\"WebPage\",\"@id\":\"https:\\\/\\\/riverdi.com\\\/de\\\/product\\\/stm32-auswertungstafel\",\"url\":\"https:\\\/\\\/riverdi.com\\\/de\\\/product\\\/stm32-auswertungstafel\",\"name\":\"STM32 Evaluierungsboard - Riverdi\",\"isPartOf\":{\"@id\":\"https:\\\/\\\/riverdi.com\\\/de#website\"},\"primaryImageOfPage\":{\"@id\":\"https:\\\/\\\/riverdi.com\\\/de\\\/product\\\/stm32-auswertungstafel#primaryimage\"},\"image\":{\"@id\":\"https:\\\/\\\/riverdi.com\\\/de\\\/product\\\/stm32-auswertungstafel#primaryimage\"},\"thumbnailUrl\":\"https:\\\/\\\/riverdi.com\\\/wp-content\\\/uploads\\\/2024\\\/03\\\/Eval-board-2-1.webp\",\"datePublished\":\"2021-04-15T10:30:41+00:00\",\"description\":\"Mit dem STM32-Evaluierungs-\\\/Entwicklungsboard k\u00f6nnen Sie auf einfache Weise Anwendungen f\u00fcr eine breite Palette von Riverdi-Displays entwickeln und verwenden.\",\"breadcrumb\":{\"@id\":\"https:\\\/\\\/riverdi.com\\\/de\\\/product\\\/stm32-auswertungstafel#breadcrumb\"},\"inLanguage\":\"de\",\"potentialAction\":[{\"@type\":\"ReadAction\",\"target\":[\"https:\\\/\\\/riverdi.com\\\/de\\\/product\\\/stm32-auswertungstafel\"]}]},{\"@type\":\"ImageObject\",\"inLanguage\":\"de\",\"@id\":\"https:\\\/\\\/riverdi.com\\\/de\\\/product\\\/stm32-auswertungstafel#primaryimage\",\"url\":\"https:\\\/\\\/riverdi.com\\\/wp-content\\\/uploads\\\/2024\\\/03\\\/Eval-board-2-1.webp\",\"contentUrl\":\"https:\\\/\\\/riverdi.com\\\/wp-content\\\/uploads\\\/2024\\\/03\\\/Eval-board-2-1.webp\",\"width\":1293,\"height\":889,\"caption\":\"STM32 Evaluierungsboard\"},{\"@type\":\"BreadcrumbList\",\"@id\":\"https:\\\/\\\/riverdi.com\\\/de\\\/product\\\/stm32-auswertungstafel#breadcrumb\",\"itemListElement\":[{\"@type\":\"ListItem\",\"position\":1,\"name\":\"Front Page\",\"item\":\"https:\\\/\\\/riverdi.com\\\/de\\\/titelblatt\"},{\"@type\":\"ListItem\",\"position\":2,\"name\":\"Shop\",\"item\":\"https:\\\/\\\/riverdi.com\\\/de\\\/shop\"},{\"@type\":\"ListItem\",\"position\":3,\"name\":\"STM32 Evaluierungsboard\"}]},{\"@type\":\"WebSite\",\"@id\":\"https:\\\/\\\/riverdi.com\\\/de#website\",\"url\":\"https:\\\/\\\/riverdi.com\\\/de\",\"name\":\"Riverdi\",\"description\":\"Global TFT LCD Manufacturer\",\"potentialAction\":[{\"@type\":\"SearchAction\",\"target\":{\"@type\":\"EntryPoint\",\"urlTemplate\":\"https:\\\/\\\/riverdi.com\\\/de?s={search_term_string}\"},\"query-input\":{\"@type\":\"PropertyValueSpecification\",\"valueRequired\":true,\"valueName\":\"search_term_string\"}}],\"inLanguage\":\"de\"}]}<\/script>\n<!-- \/ Yoast SEO plugin. -->","yoast_head_json":{"title":"STM32 Evaluierungsboard - Riverdi","description":"Mit dem STM32-Evaluierungs-\/Entwicklungsboard k\u00f6nnen Sie auf einfache Weise Anwendungen f\u00fcr eine breite Palette von Riverdi-Displays entwickeln und verwenden.","robots":{"index":"index","follow":"follow","max-snippet":"max-snippet:-1","max-image-preview":"max-image-preview:large","max-video-preview":"max-video-preview:-1"},"canonical":"https:\/\/riverdi.com\/de\/product\/stm32-auswertungstafel","og_locale":"de_DE","og_type":"article","og_title":"STM32 Evaluierungsboard - Riverdi","og_description":"Mit dem STM32-Evaluierungs-\/Entwicklungsboard k\u00f6nnen Sie auf einfache Weise Anwendungen f\u00fcr eine breite Palette von Riverdi-Displays entwickeln und verwenden.","og_url":"https:\/\/riverdi.com\/de\/product\/stm32-auswertungstafel","og_site_name":"Riverdi","article_publisher":"https:\/\/www.facebook.com\/riverdi.displays\/","og_image":[{"width":1293,"height":889,"url":"https:\/\/riverdi.com\/wp-content\/uploads\/2024\/03\/Eval-board-2-1.webp","type":"image\/webp"}],"twitter_card":"summary_large_image","twitter_site":"@riverdidisplays","twitter_misc":{"Gesch\u00e4tzte Lesezeit":"2\u00a0Minuten"},"schema":{"@context":"https:\/\/schema.org","@graph":[{"@type":"WebPage","@id":"https:\/\/riverdi.com\/de\/product\/stm32-auswertungstafel","url":"https:\/\/riverdi.com\/de\/product\/stm32-auswertungstafel","name":"STM32 Evaluierungsboard - Riverdi","isPartOf":{"@id":"https:\/\/riverdi.com\/de#website"},"primaryImageOfPage":{"@id":"https:\/\/riverdi.com\/de\/product\/stm32-auswertungstafel#primaryimage"},"image":{"@id":"https:\/\/riverdi.com\/de\/product\/stm32-auswertungstafel#primaryimage"},"thumbnailUrl":"https:\/\/riverdi.com\/wp-content\/uploads\/2024\/03\/Eval-board-2-1.webp","datePublished":"2021-04-15T10:30:41+00:00","description":"Mit dem STM32-Evaluierungs-\/Entwicklungsboard k\u00f6nnen Sie auf einfache Weise Anwendungen f\u00fcr eine breite Palette von Riverdi-Displays entwickeln und verwenden.","breadcrumb":{"@id":"https:\/\/riverdi.com\/de\/product\/stm32-auswertungstafel#breadcrumb"},"inLanguage":"de","potentialAction":[{"@type":"ReadAction","target":["https:\/\/riverdi.com\/de\/product\/stm32-auswertungstafel"]}]},{"@type":"ImageObject","inLanguage":"de","@id":"https:\/\/riverdi.com\/de\/product\/stm32-auswertungstafel#primaryimage","url":"https:\/\/riverdi.com\/wp-content\/uploads\/2024\/03\/Eval-board-2-1.webp","contentUrl":"https:\/\/riverdi.com\/wp-content\/uploads\/2024\/03\/Eval-board-2-1.webp","width":1293,"height":889,"caption":"STM32 Evaluierungsboard"},{"@type":"BreadcrumbList","@id":"https:\/\/riverdi.com\/de\/product\/stm32-auswertungstafel#breadcrumb","itemListElement":[{"@type":"ListItem","position":1,"name":"Front Page","item":"https:\/\/riverdi.com\/de\/titelblatt"},{"@type":"ListItem","position":2,"name":"Shop","item":"https:\/\/riverdi.com\/de\/shop"},{"@type":"ListItem","position":3,"name":"STM32 Evaluierungsboard"}]},{"@type":"WebSite","@id":"https:\/\/riverdi.com\/de#website","url":"https:\/\/riverdi.com\/de","name":"Riverdi","description":"Global TFT LCD Manufacturer","potentialAction":[{"@type":"SearchAction","target":{"@type":"EntryPoint","urlTemplate":"https:\/\/riverdi.com\/de?s={search_term_string}"},"query-input":{"@type":"PropertyValueSpecification","valueRequired":true,"valueName":"search_term_string"}}],"inLanguage":"de"}]}},"_links":{"self":[{"href":"https:\/\/riverdi.com\/de\/wp-json\/wp\/v2\/product\/117927","targetHints":{"allow":["GET"]}}],"collection":[{"href":"https:\/\/riverdi.com\/de\/wp-json\/wp\/v2\/product"}],"about":[{"href":"https:\/\/riverdi.com\/de\/wp-json\/wp\/v2\/types\/product"}],"replies":[{"embeddable":true,"href":"https:\/\/riverdi.com\/de\/wp-json\/wp\/v2\/comments?post=117927"}],"wp:featuredmedia":[{"embeddable":true,"href":"https:\/\/riverdi.com\/de\/wp-json\/wp\/v2\/media\/103140"}],"wp:attachment":[{"href":"https:\/\/riverdi.com\/de\/wp-json\/wp\/v2\/media?parent=117927"}],"wp:term":[{"taxonomy":"product_brand","embeddable":true,"href":"https:\/\/riverdi.com\/de\/wp-json\/wp\/v2\/product_brand?post=117927"},{"taxonomy":"product_cat","embeddable":true,"href":"https:\/\/riverdi.com\/de\/wp-json\/wp\/v2\/product_cat?post=117927"},{"taxonomy":"product_tag","embeddable":true,"href":"https:\/\/riverdi.com\/de\/wp-json\/wp\/v2\/product_tag?post=117927"}],"curies":[{"name":"wp","href":"https:\/\/api.w.org\/{rel}","templated":true}]}}