{"id":117914,"date":"2021-01-31T11:45:29","date_gmt":"2021-01-31T10:45:29","guid":{"rendered":"http:\/\/riverdi.com\/product\/rva-pcap-usb-kabel\/"},"modified":"2021-01-31T11:45:29","modified_gmt":"2021-01-31T10:45:29","slug":"rva-pcap-usb-kabel","status":"publish","type":"product","link":"https:\/\/riverdi.com\/de\/product\/rva-pcap-usb-kabel","title":{"rendered":"RVA PCAP USB-Kabel"},"content":{"rendered":"","protected":false},"excerpt":{"rendered":"<p>USB-Kabel f\u00fcr Riverdi-Touchpanels<\/p>\n<div>\n<p>Alle unsere neuen Industrie-PCAPs sind mit USB und I\u00b2C ausgestattet, so dass unsere Anwender sie direkt aus der Verpackung heraus testen k\u00f6nnen, indem sie sie direkt an einen PC anschlie\u00dfen.<\/p>\n<p>G\u00e4ngige Betriebssysteme wie Windows und Linux haben entsprechende Treiber integriert, so dass das Display beim Anschluss \u00fcber USB als HID-Ger\u00e4t registriert wird.<\/p>\n<div>\n<p>Dank dieses USB-Kabels k\u00f6nnen Sie die F\u00e4higkeiten unseres Touchpanels in Sekundenschnelle \u00fcberpr\u00fcfen.<\/p>\n<\/div>\n<div>AMT (mini) 1mm<\/div>\n<div><\/div>\n<\/div>\n<p>&nbsp;<\/p>\n","protected":false},"featured_media":103131,"comment_status":"closed","ping_status":"closed","template":"","meta":{"_acf_changed":false,"content-type":"","inline_featured_image":false},"product_brand":[],"product_cat":[3528,3591,3523],"product_tag":[3592,3593],"class_list":{"0":"post-117914","1":"product","2":"type-product","3":"status-publish","4":"has-post-thumbnail","6":"product_cat-kabelkonfektionen","7":"product_cat-usb-kabel","8":"product_cat-zubehor","9":"product_tag-rva-pcap-de","10":"product_tag-usb-kabel","12":"first","13":"instock","14":"taxable","15":"shipping-taxable","16":"purchasable","17":"product-type-simple"},"acf":[],"yoast_head":"<!-- This site is optimized with the Yoast SEO plugin v27.0 - https:\/\/yoast.com\/product\/yoast-seo-wordpress\/ -->\n<title>RVA PCAP USB-Kabel - Riverdi<\/title>\n<meta name=\"description\" content=\"Dank dieses USB-Kabels k\u00f6nnen Sie die F\u00e4higkeiten des Riverdi-Touchpanels in Sekundenschnelle \u00fcberpr\u00fcfen.\" \/>\n<meta name=\"robots\" content=\"index, follow, max-snippet:-1, max-image-preview:large, max-video-preview:-1\" \/>\n<link rel=\"canonical\" href=\"https:\/\/riverdi.com\/de\/product\/rva-pcap-usb-kabel\" \/>\n<meta property=\"og:locale\" content=\"de_DE\" \/>\n<meta property=\"og:type\" content=\"article\" \/>\n<meta property=\"og:title\" content=\"RVA PCAP USB-Kabel - Riverdi\" \/>\n<meta property=\"og:description\" content=\"Dank dieses USB-Kabels k\u00f6nnen Sie die F\u00e4higkeiten des Riverdi-Touchpanels in Sekundenschnelle \u00fcberpr\u00fcfen.\" \/>\n<meta property=\"og:url\" content=\"https:\/\/riverdi.com\/de\/product\/rva-pcap-usb-kabel\" \/>\n<meta property=\"og:site_name\" content=\"Riverdi\" \/>\n<meta property=\"article:publisher\" content=\"https:\/\/www.facebook.com\/riverdi.displays\/\" \/>\n<meta property=\"og:image\" content=\"https:\/\/riverdi.com\/wp-content\/uploads\/2024\/03\/RVA-PCAP-USB-CABLE3.webp\" \/>\n\t<meta property=\"og:image:width\" content=\"1500\" \/>\n\t<meta property=\"og:image:height\" content=\"1600\" \/>\n\t<meta property=\"og:image:type\" content=\"image\/webp\" \/>\n<meta name=\"twitter:card\" content=\"summary_large_image\" \/>\n<meta name=\"twitter:site\" content=\"@riverdidisplays\" \/>\n<script type=\"application\/ld+json\" class=\"yoast-schema-graph\">{\"@context\":\"https:\/\/schema.org\",\"@graph\":[{\"@type\":\"WebPage\",\"@id\":\"https:\/\/riverdi.com\/de\/product\/rva-pcap-usb-kabel\",\"url\":\"https:\/\/riverdi.com\/de\/product\/rva-pcap-usb-kabel\",\"name\":\"RVA PCAP USB-Kabel - Riverdi\",\"isPartOf\":{\"@id\":\"https:\/\/riverdi.com\/de#website\"},\"primaryImageOfPage\":{\"@id\":\"https:\/\/riverdi.com\/de\/product\/rva-pcap-usb-kabel#primaryimage\"},\"image\":{\"@id\":\"https:\/\/riverdi.com\/de\/product\/rva-pcap-usb-kabel#primaryimage\"},\"thumbnailUrl\":\"https:\/\/riverdi.com\/wp-content\/uploads\/2024\/03\/RVA-PCAP-USB-CABLE3.webp\",\"datePublished\":\"2021-01-31T10:45:29+00:00\",\"description\":\"Dank dieses USB-Kabels k\u00f6nnen Sie die F\u00e4higkeiten des Riverdi-Touchpanels in Sekundenschnelle \u00fcberpr\u00fcfen.\",\"breadcrumb\":{\"@id\":\"https:\/\/riverdi.com\/de\/product\/rva-pcap-usb-kabel#breadcrumb\"},\"inLanguage\":\"de\",\"potentialAction\":[{\"@type\":\"ReadAction\",\"target\":[\"https:\/\/riverdi.com\/de\/product\/rva-pcap-usb-kabel\"]}]},{\"@type\":\"ImageObject\",\"inLanguage\":\"de\",\"@id\":\"https:\/\/riverdi.com\/de\/product\/rva-pcap-usb-kabel#primaryimage\",\"url\":\"https:\/\/riverdi.com\/wp-content\/uploads\/2024\/03\/RVA-PCAP-USB-CABLE3.webp\",\"contentUrl\":\"https:\/\/riverdi.com\/wp-content\/uploads\/2024\/03\/RVA-PCAP-USB-CABLE3.webp\",\"width\":1500,\"height\":1600,\"caption\":\"RVA PCAP USB KABEL\"},{\"@type\":\"BreadcrumbList\",\"@id\":\"https:\/\/riverdi.com\/de\/product\/rva-pcap-usb-kabel#breadcrumb\",\"itemListElement\":[{\"@type\":\"ListItem\",\"position\":1,\"name\":\"Front Page\",\"item\":\"https:\/\/riverdi.com\/de\/titelblatt\"},{\"@type\":\"ListItem\",\"position\":2,\"name\":\"Shop\",\"item\":\"https:\/\/riverdi.com\/de\/shop\"},{\"@type\":\"ListItem\",\"position\":3,\"name\":\"RVA PCAP USB-Kabel\"}]},{\"@type\":\"WebSite\",\"@id\":\"https:\/\/riverdi.com\/de#website\",\"url\":\"https:\/\/riverdi.com\/de\",\"name\":\"Riverdi\",\"description\":\"Global TFT LCD Manufacturer\",\"potentialAction\":[{\"@type\":\"SearchAction\",\"target\":{\"@type\":\"EntryPoint\",\"urlTemplate\":\"https:\/\/riverdi.com\/de?s={search_term_string}\"},\"query-input\":{\"@type\":\"PropertyValueSpecification\",\"valueRequired\":true,\"valueName\":\"search_term_string\"}}],\"inLanguage\":\"de\"}]}<\/script>\n<!-- \/ Yoast SEO plugin. -->","yoast_head_json":{"title":"RVA PCAP USB-Kabel - Riverdi","description":"Dank dieses USB-Kabels k\u00f6nnen Sie die F\u00e4higkeiten des Riverdi-Touchpanels in Sekundenschnelle \u00fcberpr\u00fcfen.","robots":{"index":"index","follow":"follow","max-snippet":"max-snippet:-1","max-image-preview":"max-image-preview:large","max-video-preview":"max-video-preview:-1"},"canonical":"https:\/\/riverdi.com\/de\/product\/rva-pcap-usb-kabel","og_locale":"de_DE","og_type":"article","og_title":"RVA PCAP USB-Kabel - Riverdi","og_description":"Dank dieses USB-Kabels k\u00f6nnen Sie die F\u00e4higkeiten des Riverdi-Touchpanels in Sekundenschnelle \u00fcberpr\u00fcfen.","og_url":"https:\/\/riverdi.com\/de\/product\/rva-pcap-usb-kabel","og_site_name":"Riverdi","article_publisher":"https:\/\/www.facebook.com\/riverdi.displays\/","og_image":[{"width":1500,"height":1600,"url":"https:\/\/riverdi.com\/wp-content\/uploads\/2024\/03\/RVA-PCAP-USB-CABLE3.webp","type":"image\/webp"}],"twitter_card":"summary_large_image","twitter_site":"@riverdidisplays","schema":{"@context":"https:\/\/schema.org","@graph":[{"@type":"WebPage","@id":"https:\/\/riverdi.com\/de\/product\/rva-pcap-usb-kabel","url":"https:\/\/riverdi.com\/de\/product\/rva-pcap-usb-kabel","name":"RVA PCAP USB-Kabel - Riverdi","isPartOf":{"@id":"https:\/\/riverdi.com\/de#website"},"primaryImageOfPage":{"@id":"https:\/\/riverdi.com\/de\/product\/rva-pcap-usb-kabel#primaryimage"},"image":{"@id":"https:\/\/riverdi.com\/de\/product\/rva-pcap-usb-kabel#primaryimage"},"thumbnailUrl":"https:\/\/riverdi.com\/wp-content\/uploads\/2024\/03\/RVA-PCAP-USB-CABLE3.webp","datePublished":"2021-01-31T10:45:29+00:00","description":"Dank dieses USB-Kabels k\u00f6nnen Sie die F\u00e4higkeiten des Riverdi-Touchpanels in Sekundenschnelle \u00fcberpr\u00fcfen.","breadcrumb":{"@id":"https:\/\/riverdi.com\/de\/product\/rva-pcap-usb-kabel#breadcrumb"},"inLanguage":"de","potentialAction":[{"@type":"ReadAction","target":["https:\/\/riverdi.com\/de\/product\/rva-pcap-usb-kabel"]}]},{"@type":"ImageObject","inLanguage":"de","@id":"https:\/\/riverdi.com\/de\/product\/rva-pcap-usb-kabel#primaryimage","url":"https:\/\/riverdi.com\/wp-content\/uploads\/2024\/03\/RVA-PCAP-USB-CABLE3.webp","contentUrl":"https:\/\/riverdi.com\/wp-content\/uploads\/2024\/03\/RVA-PCAP-USB-CABLE3.webp","width":1500,"height":1600,"caption":"RVA PCAP USB KABEL"},{"@type":"BreadcrumbList","@id":"https:\/\/riverdi.com\/de\/product\/rva-pcap-usb-kabel#breadcrumb","itemListElement":[{"@type":"ListItem","position":1,"name":"Front Page","item":"https:\/\/riverdi.com\/de\/titelblatt"},{"@type":"ListItem","position":2,"name":"Shop","item":"https:\/\/riverdi.com\/de\/shop"},{"@type":"ListItem","position":3,"name":"RVA PCAP USB-Kabel"}]},{"@type":"WebSite","@id":"https:\/\/riverdi.com\/de#website","url":"https:\/\/riverdi.com\/de","name":"Riverdi","description":"Global TFT LCD Manufacturer","potentialAction":[{"@type":"SearchAction","target":{"@type":"EntryPoint","urlTemplate":"https:\/\/riverdi.com\/de?s={search_term_string}"},"query-input":{"@type":"PropertyValueSpecification","valueRequired":true,"valueName":"search_term_string"}}],"inLanguage":"de"}]}},"_links":{"self":[{"href":"https:\/\/riverdi.com\/de\/wp-json\/wp\/v2\/product\/117914","targetHints":{"allow":["GET"]}}],"collection":[{"href":"https:\/\/riverdi.com\/de\/wp-json\/wp\/v2\/product"}],"about":[{"href":"https:\/\/riverdi.com\/de\/wp-json\/wp\/v2\/types\/product"}],"replies":[{"embeddable":true,"href":"https:\/\/riverdi.com\/de\/wp-json\/wp\/v2\/comments?post=117914"}],"wp:featuredmedia":[{"embeddable":true,"href":"https:\/\/riverdi.com\/de\/wp-json\/wp\/v2\/media\/103131"}],"wp:attachment":[{"href":"https:\/\/riverdi.com\/de\/wp-json\/wp\/v2\/media?parent=117914"}],"wp:term":[{"taxonomy":"product_brand","embeddable":true,"href":"https:\/\/riverdi.com\/de\/wp-json\/wp\/v2\/product_brand?post=117914"},{"taxonomy":"product_cat","embeddable":true,"href":"https:\/\/riverdi.com\/de\/wp-json\/wp\/v2\/product_cat?post=117914"},{"taxonomy":"product_tag","embeddable":true,"href":"https:\/\/riverdi.com\/de\/wp-json\/wp\/v2\/product_tag?post=117914"}],"curies":[{"name":"wp","href":"https:\/\/api.w.org\/{rel}","templated":true}]}}