{"id":117827,"date":"2024-03-12T09:03:40","date_gmt":"2024-03-12T08:03:40","guid":{"rendered":"http:\/\/riverdi.com\/product\/035-nukleo-144\/"},"modified":"2024-08-27T15:27:43","modified_gmt":"2024-08-27T13:27:43","slug":"035-nukleo-144","status":"publish","type":"product","link":"https:\/\/riverdi.com\/de\/product\/035-nukleo-144","title":{"rendered":"3.5\u201d STM32 Nucleo 144 Display Kit"},"content":{"rendered":"<h2>STM32 Nukleo<\/h2>\n<p class=\"st-copy\"><span class=\"ui-provider a b c d e f g h i j k l m n o p q r s t u v w x y z ab ac ae af ag ah ai aj ak\" dir=\"ltr\">Die STM32 Nucleo Boards von STMicroelectronics sind erschwingliche Entwicklungsplattformen, die f\u00fcr schnelles Prototyping und Experimente mit jeder STM32 MCU konzipiert sind. Sie verf\u00fcgen \u00fcber standardisierte Anschl\u00fcsse f\u00fcr eine einfache Integration mit einer Vielzahl von Hardware-Erweiterungen, wie z.B. Arduino Uno, Nano und ST Morpho-Anschl\u00fcsse. Diese Boards verf\u00fcgen \u00fcber einen eingebauten ST-LINK Debugger\/Programmierer, so dass keine zus\u00e4tzliche Ausr\u00fcstung erforderlich ist.<\/span><\/p>\n<p>&nbsp;<\/p>\n<p style=\"text-align: center;\"><img decoding=\"async\" class=\"alignnone wp-image-120073 size-full\" src=\"https:\/\/riverdi.com\/wp-content\/uploads\/2024\/03\/STM32-u5-1.webp\" alt=\"\" width=\"1141\" height=\"808\" srcset=\"https:\/\/riverdi.com\/wp-content\/uploads\/2024\/03\/STM32-u5-1.webp 1141w, https:\/\/riverdi.com\/wp-content\/uploads\/2024\/03\/STM32-u5-1-600x425.webp 600w, https:\/\/riverdi.com\/wp-content\/uploads\/2024\/03\/STM32-u5-1-64x45.webp 64w, https:\/\/riverdi.com\/wp-content\/uploads\/2024\/03\/STM32-u5-1-300x212.webp 300w, https:\/\/riverdi.com\/wp-content\/uploads\/2024\/03\/STM32-u5-1-1024x725.webp 1024w, https:\/\/riverdi.com\/wp-content\/uploads\/2024\/03\/STM32-u5-1-768x544.webp 768w\" sizes=\"(max-width: 1141px) 100vw, 1141px\" \/><\/p>\n<p>&nbsp;<\/p>\n<h2>Hohe Helligkeit, IPS TFT<\/h2>\n<p>  Die typische Oberfl\u00e4chenleuchtdichte eines IPS-TFT-Displays mit hoher Helligkeit betr\u00e4gt 1200 cd\/m\u00b2, was bedeutet, dass es auch im Freien sehr hell ist. Dank des gro\u00dfen Betrachtungswinkels kann der Benutzer von jeder Seite aus auf nat\u00fcrliche und intuitive Weise mit dem Display interagieren. Weitere Funktionen entnehmen Sie bitte dem Datenblatt.  <\/p>\n<p style=\"text-align: center;\"><img decoding=\"async\" class=\"alignnone size-full wp-image-112432\" src=\"https:\/\/riverdi.com\/wp-content\/uploads\/2024\/05\/w768h525.avif\" alt=\"\" width=\"768\" height=\"524\" srcset=\"https:\/\/riverdi.com\/wp-content\/uploads\/2024\/05\/w768h525.avif 768w, https:\/\/riverdi.com\/wp-content\/uploads\/2024\/05\/w768h525-600x409.avif 600w, https:\/\/riverdi.com\/wp-content\/uploads\/2024\/05\/w768h525-64x44.avif 64w, https:\/\/riverdi.com\/wp-content\/uploads\/2024\/05\/w768h525-300x205.avif 300w\" sizes=\"(max-width: 768px) 100vw, 768px\" \/><\/p>\n<h2>TouchGFX-Unterst\u00fctzung<\/h2>\n<p>  Ein Beispiel f\u00fcr ein Demoboard-Unterst\u00fctzungspaket &#8211; &#8222;<strong>Schwimmbadsteuerung<\/strong>&#8220; ist im TouchGFX Designer verf\u00fcgbar.  <a class=\"cs-button cs-button--blue-3 cs-button--smaller-padding\" href=\"https:\/\/www.st.com\/content\/st_com\/en\/support\/learning\/stm32-education\/stm32-moocs.html\">STM32 MOOCS<\/a><a class=\"cs-button cs-button--blue-3 cs-button--smaller-padding\" href=\"https:\/\/www.st.com\/content\/st_com\/en\/support\/learning\/stm32-education\/stm32-moocs\/TouchGFX_webinar_MOOC.html\">TouchGFX Webinar<\/a><a class=\"cs-button cs-button--blue-3 cs-button--smaller-padding\" href=\"https:\/\/www.st.com\/content\/st_com\/en\/support\/learning\/stm32-education\/stm32-moocs\/STM32_Graphics_Workshop.html\">TouchGFX Workshop<\/a><\/p>\n<p style=\"text-align: center;\"><img decoding=\"async\" class=\"alignnone wp-image-120078 size-full\" src=\"https:\/\/riverdi.com\/wp-content\/uploads\/2024\/03\/gfx.png\" alt=\"\" width=\"1038\" height=\"662\" srcset=\"https:\/\/riverdi.com\/wp-content\/uploads\/2024\/03\/gfx.png 1038w, https:\/\/riverdi.com\/wp-content\/uploads\/2024\/03\/gfx-600x383.png 600w, https:\/\/riverdi.com\/wp-content\/uploads\/2024\/03\/gfx-64x41.png 64w, https:\/\/riverdi.com\/wp-content\/uploads\/2024\/03\/gfx-300x191.png 300w, https:\/\/riverdi.com\/wp-content\/uploads\/2024\/03\/gfx-1024x653.png 1024w, https:\/\/riverdi.com\/wp-content\/uploads\/2024\/03\/gfx-768x490.png 768w\" sizes=\"(max-width: 1038px) 100vw, 1038px\" \/><\/p>\n<h2>Industrieller Touchscreen<\/h2>\n<h4>Reagiert auf die kleinste Ber\u00fchrung<\/h4>\n<p>  Das PCAP (Projected Capacity Touch Panel) wird als &#8218;industriell&#8216; (im Gegensatz zu &#8218;Consumer&#8216;) eingestuft, wenn es in der Lage ist, auch unter anspruchsvolleren, rauen Bedingungen korrekt zu funktionieren (d.h. st\u00f6rende elektromagnetische Felder in der Umgebung, die Interferenzen mit dem Panel-Controller verursachen, Wassertropfen in der Umgebung auch auf dem Panel-Glas) und korrekt zu reagieren, wenn es von H\u00e4nden mit Handschuhen ber\u00fchrt wird. Er kann werkseitig eingestellt werden, erkennt Ber\u00fchrungen durch dickere Glasschichten als Verbraucherpanels (eine 6 mm dicke Glasschicht wurde im Riverdi-Labor erfolgreich getestet) und verwendet einen Chip-Controller in Industriequalit\u00e4t. Solche Steuerungen haben industrielle Herstellerrichtlinien implementiert und werden garantiert 10 bis 15 Jahre ohne \u00c4nderungen hergestellt. Hauptmerkmale:  <\/p>\n<ul>\n<li>ILITEK ILI2130 Touch IC<\/li>\n<li>I\u00b2C-Schnittstelle<\/li>\n<li>Unterst\u00fctzt Glasdicken bis zu 6 mm<\/li>\n<li>Arbeitet mit behandschuhten H\u00e4nden<\/li>\n<li>Wasserfeste Touch-Funktionalit\u00e4t<\/li>\n<li>Multi-Touch-F\u00e4higkeit f\u00fcr bis zu 5 Finger<\/li>\n<li>Hervorragende EMC-, RS- (gestrahlte Suszeptibilit\u00e4t) und CS- (leitende Suszeptibilit\u00e4t) Leistung<\/li>\n<li>Die Ber\u00fchrungsleistung kann leicht an die jeweiligen Bed\u00fcrfnisse angepasst werden.<\/li>\n<\/ul>\n<p>&nbsp;  Weitere Informationen finden Sie auf dieser Seite.  <\/p>\n<p style=\"text-align: center;\"><img decoding=\"async\" class=\"alignnone size-full wp-image-112461\" src=\"https:\/\/riverdi.com\/wp-content\/uploads\/2024\/05\/w600h971.avif\" alt=\"\" width=\"600\" height=\"970\" srcset=\"https:\/\/riverdi.com\/wp-content\/uploads\/2024\/05\/w600h971.avif 600w, https:\/\/riverdi.com\/wp-content\/uploads\/2024\/05\/w600h971-64x103.avif 64w, https:\/\/riverdi.com\/wp-content\/uploads\/2024\/05\/w600h971-186x300.avif 186w\" sizes=\"(max-width: 600px) 100vw, 600px\" \/><\/p>\n<h2>Externe Speicher<\/h2>\n<p><span class=\"TextRun SCXW15229466 BCX0\" lang=\"EN-US\" data-contrast=\"auto\" xml:lang=\"EN-US\"><span class=\"NormalTextRun SCXW15229466 BCX0\">Der STM32 <\/span><span class=\"NormalTextRun SpellingErrorV2Themed SCXW15229466 BCX0\">Nucleo<\/span><span class=\"NormalTextRun SCXW15229466 BCX0\">  Board verf\u00fcgt \u00fcber einen integrierten 8MB QSPI-Flash-Speicher zur effizienten Verwaltung von Assets. Dieser externe QSPI-Speicher erm\u00f6glicht einen schnelleren Datenzugriff und eine h\u00f6here Leistung und unterst\u00fctzt die nahtlose Speicherung und den Abruf von Bildern, Musik, Videos, Schriftarten und mehr. Das Board sorgt f\u00fcr Hochgeschwindigkeits-Datentransfer und verbesserte Systemfunktionen durch diese integrierte Speicherl\u00f6sung.<\/span><\/span><span class=\"EOP SCXW15229466 BCX0\" data-ccp-props=\"{\"201341983\":0,\"335559739\":160,\"335559740\":259}\"> <\/span><\/p>\n<p style=\"text-align: center;\"><img decoding=\"async\" class=\"alignnone size-full wp-image-112422\" src=\"https:\/\/riverdi.com\/wp-content\/uploads\/2024\/05\/w600h600.avif\" alt=\"\" width=\"600\" height=\"600\" srcset=\"https:\/\/riverdi.com\/wp-content\/uploads\/2024\/05\/w600h600.avif 600w, https:\/\/riverdi.com\/wp-content\/uploads\/2024\/05\/w600h600-100x100.avif 100w, https:\/\/riverdi.com\/wp-content\/uploads\/2024\/05\/w600h600-64x64.avif 64w, https:\/\/riverdi.com\/wp-content\/uploads\/2024\/05\/w600h600-300x300.avif 300w, https:\/\/riverdi.com\/wp-content\/uploads\/2024\/05\/w600h600-150x150.avif 150w, https:\/\/riverdi.com\/wp-content\/uploads\/2024\/05\/w600h600-200x200.avif 200w\" sizes=\"(max-width: 600px) 100vw, 600px\" \/><\/p>\n<h2>Optisches Bonding<\/h2>\n<h4>Verbessern der optischen Leistung Ihres Displays<\/h4>\n<p>Bei der <strong>optischen Verklebung<\/strong> wird das Touchpanel (oder nur das Schutzglas) mit einem Fl\u00fcssigkleber, einem Gel oder einem trockenen (Film) auf dem Display befestigt. Im Allgemeinen verbessert dieses Verfahren die Parameter des Moduls &#8211; die optische Leistung sowie die Haltbarkeit. Der <strong>Luftspalt<\/strong> ist der Grund f\u00fcr das Ph\u00e4nomen der Reflexion des Sonnenlichts. Wenn das Display ausgeschaltet ist, ist der visuelle Bereich (V.A.) also nie schwarz, sondern grau. Wenn wir die Luftspalte entfernen, reduzieren wir die Anzahl der internen reflektierenden Oberfl\u00e4chen, was die optische Leistung erh\u00f6ht. Dieses Ph\u00e4nomen verbessert die Lesbarkeit, indem es die Reflexion reduziert und den Kontrast verbessert.  <\/p>\n<p style=\"text-align: center;\"><img decoding=\"async\" class=\"alignnone size-full wp-image-112437\" src=\"https:\/\/riverdi.com\/wp-content\/uploads\/2024\/05\/w768h417.avif\" alt=\"\" width=\"768\" height=\"417\" srcset=\"https:\/\/riverdi.com\/wp-content\/uploads\/2024\/05\/w768h417.avif 768w, https:\/\/riverdi.com\/wp-content\/uploads\/2024\/05\/w768h417-600x326.avif 600w, https:\/\/riverdi.com\/wp-content\/uploads\/2024\/05\/w768h417-64x35.avif 64w, https:\/\/riverdi.com\/wp-content\/uploads\/2024\/05\/w768h417-300x163.avif 300w\" sizes=\"(max-width: 768px) 100vw, 768px\" \/><\/p>\n<p style=\"text-align: center;\"><img decoding=\"async\" class=\"alignnone size-full wp-image-112442\" src=\"https:\/\/riverdi.com\/wp-content\/uploads\/2024\/05\/w768h521.avif\" alt=\"\" width=\"768\" height=\"521\" srcset=\"https:\/\/riverdi.com\/wp-content\/uploads\/2024\/05\/w768h521.avif 768w, https:\/\/riverdi.com\/wp-content\/uploads\/2024\/05\/w768h521-600x407.avif 600w, https:\/\/riverdi.com\/wp-content\/uploads\/2024\/05\/w768h521-64x43.avif 64w, https:\/\/riverdi.com\/wp-content\/uploads\/2024\/05\/w768h521-300x204.avif 300w\" sizes=\"(max-width: 768px) 100vw, 768px\" \/><\/p>\n<h4>Schlankes Design ohne L\u00f6cher im Geh\u00e4use<\/h4>\n<p>  Ein uxTouch-Display ist ein speziell entwickeltes LCD-TFT-Display, das \u00fcber einen Projected Capacitive Touch (PTC) verf\u00fcgt. Dank ihres absolut flachen Designs und der Multi-Touch-Funktion sind sie die perfekte Wahl f\u00fcr Ihr Projekt, wenn Sie ein interaktives Design und eine interaktive Technologie anstreben. Sie zeichnen sich durch ein modernes und schlankes Design ohne L\u00f6cher im Geh\u00e4use aus. Auf der technischen Seite sind sie eine gute Option f\u00fcr Industrier\u00e4ume, da sich dort kein Schmutz ansammeln kann. Au\u00dferdem sind sie mit chemisch geh\u00e4rtetem Glas ausgestattet, das dank des Ionenaustauschverfahrens eine l\u00e4ngere Haltbarkeit aufweist. Sie sind einfach zu montieren, leicht zu reinigen und lassen sich leicht in Ihr Design integrieren.  <\/p>\n<p style=\"text-align: center;\"><img decoding=\"async\" class=\"alignnone size-full wp-image-112466\" src=\"https:\/\/riverdi.com\/wp-content\/uploads\/2024\/05\/w600h358.avif\" alt=\"\" width=\"600\" height=\"358\" srcset=\"https:\/\/riverdi.com\/wp-content\/uploads\/2024\/05\/w600h358.avif 600w, https:\/\/riverdi.com\/wp-content\/uploads\/2024\/05\/w600h358-64x38.avif 64w, https:\/\/riverdi.com\/wp-content\/uploads\/2024\/05\/w600h358-300x179.avif 300w\" sizes=\"(max-width: 600px) 100vw, 600px\" \/><\/p>\n<h2>Ma\u00dfgeschneiderte Displays<\/h2>\n<p>  Das Riverdi Nucleo 3,5&#8243; Display Kit wird mit einem festen Standard <a href=\"https:\/\/riverdi.com\/product-category\/rgb-lvds-mipi-dsi-lcd-displays\/hb-ips\">IPS-Display mit hoher Helligkeit<\/a> geliefert. Sie k\u00f6nnen diese Anzeigen auf viele Arten anpassen:  <\/p>\n<ul>\n<li>\u00c4ndern Sie die Farbe, Form und Gr\u00f6\u00dfe des Deckglases<\/li>\n<li>Lassen Sie Ihr Logo auf das Deckglas drucken (oder jede andere Grafik, die Sie ben\u00f6tigen)<\/li>\n<li>Hinzuf\u00fcgen einer anderen Schnittstelle<\/li>\n<li>Verbessern Sie die Helligkeit des Bildschirms<\/li>\n<li>\u00c4ndern Sie die Dicke der CTP-Abdeckscheibe<\/li>\n<li>W\u00e4hlen Sie einen anderen Blickwinkel f\u00fcr das Display<\/li>\n<li>\u00c4ndern Sie die Pinbelegung<\/li>\n<li>Andere Dichtung anfordern<\/li>\n<\/ul>\n<p>&nbsp;  Wie Sie sehen k\u00f6nnen, sind die M\u00f6glichkeiten endlos. Sie m\u00fcssen nur noch ausw\u00e4hlen. Wir helfen Ihnen, das perfekte, ma\u00dfgeschneiderte Produkt zu bekommen.  <\/p>\n<p style=\"text-align: center;\"><img decoding=\"async\" class=\"alignnone size-full wp-image-112476\" src=\"https:\/\/riverdi.com\/wp-content\/uploads\/2024\/05\/w768h564.avif\" alt=\"\" width=\"768\" height=\"564\" srcset=\"https:\/\/riverdi.com\/wp-content\/uploads\/2024\/05\/w768h564.avif 768w, https:\/\/riverdi.com\/wp-content\/uploads\/2024\/05\/w768h564-600x441.avif 600w, https:\/\/riverdi.com\/wp-content\/uploads\/2024\/05\/w768h564-64x47.avif 64w, https:\/\/riverdi.com\/wp-content\/uploads\/2024\/05\/w768h564-300x220.avif 300w\" sizes=\"(max-width: 768px) 100vw, 768px\" \/><\/p>\n","protected":false},"excerpt":{"rendered":"<ul>\n<li style=\"font-weight: 400;\">3,5&#8243; TFT-Display<\/li>\n<li style=\"font-weight: 400;\">320\u00d7480px Aufl\u00f6sung<\/li>\n<li style=\"font-weight: 400;\">Hohe Helligkeit 1200 cd\/m\u00b2<\/li>\n<li style=\"font-weight: 400;\">Volle Betrachtungswinkel (IPS)<\/li>\n<li style=\"font-weight: 400;\">Display kompatibel mit 144 Pin ST Nucleo Entwicklungskits: NUCLEO-H563ZI und NUCLEO-U575ZI-Q<\/li>\n<li style=\"font-weight: 400;\">Optische Bindung<\/li>\n<li style=\"font-weight: 400;\">MCU- und SPI-Videoschnittstelle<\/li>\n<li style=\"font-weight: 400;\">Industrielles PCAP-Touchpanel mit I2C-Schnittstelle<\/li>\n<li style=\"font-weight: 400;\">Integrierter 8MB QSPI-Flash-Speicher<\/li>\n<li style=\"font-weight: 400;\">Touch GFX-Demoprojekte<\/li>\n<li style=\"font-weight: 400;\">Schwarzes dekoratives Deckglas<\/li>\n<li style=\"font-weight: 400;\">BITTE BEACHTEN SIE: enth\u00e4lt nicht das ST Nucleo Development Kit &#8211; separat erh\u00e4ltlich<\/li>\n<\/ul>\n","protected":false},"featured_media":121240,"comment_status":"closed","ping_status":"closed","template":"","meta":{"_acf_changed":false,"content-type":"","inline_featured_image":false},"product_brand":[],"product_cat":[4970,3530,4974,4787,3174,4786],"product_tag":[],"class_list":{"0":"post-117827","1":"product","2":"type-product","3":"status-publish","4":"has-post-thumbnail","6":"product_cat-35-zoll-lcd-displays","7":"product_cat-bewertungstafeln","8":"product_cat-ic-spi-displays-de","9":"product_cat-lcd-anzeige","10":"product_cat-stm32-embedded-displays-de","11":"product_cat-tft-display-de","13":"first","14":"instock","15":"taxable","16":"shipping-taxable","17":"purchasable","18":"product-type-simple"},"acf":[],"yoast_head":"<!-- This site is optimized with the Yoast SEO plugin v27.3 - https:\/\/yoast.com\/product\/yoast-seo-wordpress\/ -->\n<title>3.5\u201d STM32 Nucleo 144 Display Kit - Riverdi<\/title>\n<meta name=\"description\" content=\"Riverdi 3.5&quot; Nucleo 144 ist eine Display-L\u00f6sung, die f\u00fcr die nahtlose Integration mit ST Nucleo-144-pin Entwicklungskits entwickelt wurde. Beschleunigen Sie Ihre Projekte mit der hochwertigen, industrietauglichen Displayl\u00f6sung von Riverdi: 320\u00d7480 IPS mit hoher Helligkeit (1200 cd\/m\u00b2) mit RGB- und SPI-Schnittstelle, I2C PCAP-Touchpanel, 8MB QSPI-Flash-Speicher.\" \/>\n<meta name=\"robots\" content=\"index, follow, max-snippet:-1, max-image-preview:large, max-video-preview:-1\" \/>\n<link rel=\"canonical\" href=\"https:\/\/riverdi.com\/de\/product\/035-nukleo-144\" \/>\n<meta property=\"og:locale\" content=\"de_DE\" \/>\n<meta property=\"og:type\" content=\"article\" \/>\n<meta property=\"og:title\" content=\"3.5\u201d STM32 Nucleo 144 Display Kit - Riverdi\" \/>\n<meta property=\"og:description\" content=\"Riverdi 3.5&quot; Nucleo 144 ist eine Display-L\u00f6sung, die f\u00fcr die nahtlose Integration mit ST Nucleo-144-pin Entwicklungskits entwickelt wurde. Beschleunigen Sie Ihre Projekte mit der hochwertigen, industrietauglichen Displayl\u00f6sung von Riverdi: 320\u00d7480 IPS mit hoher Helligkeit (1200 cd\/m\u00b2) mit RGB- und SPI-Schnittstelle, I2C PCAP-Touchpanel, 8MB QSPI-Flash-Speicher.\" \/>\n<meta property=\"og:url\" content=\"https:\/\/riverdi.com\/de\/product\/035-nukleo-144\" \/>\n<meta property=\"og:site_name\" content=\"Riverdi\" \/>\n<meta property=\"article:publisher\" content=\"https:\/\/www.facebook.com\/riverdi.displays\/\" \/>\n<meta property=\"article:modified_time\" content=\"2024-08-27T13:27:43+00:00\" \/>\n<meta property=\"og:image\" content=\"https:\/\/riverdi.com\/wp-content\/uploads\/2024\/03\/nucleo1-1.webp\" \/>\n\t<meta property=\"og:image:width\" content=\"1200\" \/>\n\t<meta property=\"og:image:height\" content=\"1200\" \/>\n\t<meta property=\"og:image:type\" content=\"image\/webp\" \/>\n<meta name=\"twitter:card\" content=\"summary_large_image\" \/>\n<meta name=\"twitter:site\" content=\"@riverdidisplays\" \/>\n<meta name=\"twitter:label1\" content=\"Gesch\u00e4tzte Lesezeit\" \/>\n\t<meta name=\"twitter:data1\" content=\"5\u00a0Minuten\" \/>\n<script type=\"application\/ld+json\" class=\"yoast-schema-graph\">{\"@context\":\"https:\\\/\\\/schema.org\",\"@graph\":[{\"@type\":\"WebPage\",\"@id\":\"https:\\\/\\\/riverdi.com\\\/de\\\/product\\\/035-nukleo-144\",\"url\":\"https:\\\/\\\/riverdi.com\\\/de\\\/product\\\/035-nukleo-144\",\"name\":\"3.5\u201d STM32 Nucleo 144 Display Kit - Riverdi\",\"isPartOf\":{\"@id\":\"https:\\\/\\\/riverdi.com\\\/de#website\"},\"primaryImageOfPage\":{\"@id\":\"https:\\\/\\\/riverdi.com\\\/de\\\/product\\\/035-nukleo-144#primaryimage\"},\"image\":{\"@id\":\"https:\\\/\\\/riverdi.com\\\/de\\\/product\\\/035-nukleo-144#primaryimage\"},\"thumbnailUrl\":\"https:\\\/\\\/riverdi.com\\\/wp-content\\\/uploads\\\/2024\\\/03\\\/nucleo1-1.webp\",\"datePublished\":\"2024-03-12T08:03:40+00:00\",\"dateModified\":\"2024-08-27T13:27:43+00:00\",\"description\":\"Riverdi 3.5\\\" Nucleo 144 ist eine Display-L\u00f6sung, die f\u00fcr die nahtlose Integration mit ST Nucleo-144-pin Entwicklungskits entwickelt wurde. Beschleunigen Sie Ihre Projekte mit der hochwertigen, industrietauglichen Displayl\u00f6sung von Riverdi: 320\u00d7480 IPS mit hoher Helligkeit (1200 cd\\\/m\u00b2) mit RGB- und SPI-Schnittstelle, I2C PCAP-Touchpanel, 8MB QSPI-Flash-Speicher.\",\"breadcrumb\":{\"@id\":\"https:\\\/\\\/riverdi.com\\\/de\\\/product\\\/035-nukleo-144#breadcrumb\"},\"inLanguage\":\"de\",\"potentialAction\":[{\"@type\":\"ReadAction\",\"target\":[\"https:\\\/\\\/riverdi.com\\\/de\\\/product\\\/035-nukleo-144\"]}]},{\"@type\":\"ImageObject\",\"inLanguage\":\"de\",\"@id\":\"https:\\\/\\\/riverdi.com\\\/de\\\/product\\\/035-nukleo-144#primaryimage\",\"url\":\"https:\\\/\\\/riverdi.com\\\/wp-content\\\/uploads\\\/2024\\\/03\\\/nucleo1-1.webp\",\"contentUrl\":\"https:\\\/\\\/riverdi.com\\\/wp-content\\\/uploads\\\/2024\\\/03\\\/nucleo1-1.webp\",\"width\":1200,\"height\":1200},{\"@type\":\"BreadcrumbList\",\"@id\":\"https:\\\/\\\/riverdi.com\\\/de\\\/product\\\/035-nukleo-144#breadcrumb\",\"itemListElement\":[{\"@type\":\"ListItem\",\"position\":1,\"name\":\"Front Page\",\"item\":\"https:\\\/\\\/riverdi.com\\\/de\\\/titelblatt\"},{\"@type\":\"ListItem\",\"position\":2,\"name\":\"Shop\",\"item\":\"https:\\\/\\\/riverdi.com\\\/de\\\/shop\"},{\"@type\":\"ListItem\",\"position\":3,\"name\":\"3.5\u201d STM32 Nucleo 144 Display Kit\"}]},{\"@type\":\"WebSite\",\"@id\":\"https:\\\/\\\/riverdi.com\\\/de#website\",\"url\":\"https:\\\/\\\/riverdi.com\\\/de\",\"name\":\"Riverdi\",\"description\":\"Global TFT LCD Manufacturer\",\"potentialAction\":[{\"@type\":\"SearchAction\",\"target\":{\"@type\":\"EntryPoint\",\"urlTemplate\":\"https:\\\/\\\/riverdi.com\\\/de?s={search_term_string}\"},\"query-input\":{\"@type\":\"PropertyValueSpecification\",\"valueRequired\":true,\"valueName\":\"search_term_string\"}}],\"inLanguage\":\"de\"}]}<\/script>\n<!-- \/ Yoast SEO plugin. -->","yoast_head_json":{"title":"3.5\u201d STM32 Nucleo 144 Display Kit - Riverdi","description":"Riverdi 3.5\" Nucleo 144 ist eine Display-L\u00f6sung, die f\u00fcr die nahtlose Integration mit ST Nucleo-144-pin Entwicklungskits entwickelt wurde. Beschleunigen Sie Ihre Projekte mit der hochwertigen, industrietauglichen Displayl\u00f6sung von Riverdi: 320\u00d7480 IPS mit hoher Helligkeit (1200 cd\/m\u00b2) mit RGB- und SPI-Schnittstelle, I2C PCAP-Touchpanel, 8MB QSPI-Flash-Speicher.","robots":{"index":"index","follow":"follow","max-snippet":"max-snippet:-1","max-image-preview":"max-image-preview:large","max-video-preview":"max-video-preview:-1"},"canonical":"https:\/\/riverdi.com\/de\/product\/035-nukleo-144","og_locale":"de_DE","og_type":"article","og_title":"3.5\u201d STM32 Nucleo 144 Display Kit - Riverdi","og_description":"Riverdi 3.5\" Nucleo 144 ist eine Display-L\u00f6sung, die f\u00fcr die nahtlose Integration mit ST Nucleo-144-pin Entwicklungskits entwickelt wurde. Beschleunigen Sie Ihre Projekte mit der hochwertigen, industrietauglichen Displayl\u00f6sung von Riverdi: 320\u00d7480 IPS mit hoher Helligkeit (1200 cd\/m\u00b2) mit RGB- und SPI-Schnittstelle, I2C PCAP-Touchpanel, 8MB QSPI-Flash-Speicher.","og_url":"https:\/\/riverdi.com\/de\/product\/035-nukleo-144","og_site_name":"Riverdi","article_publisher":"https:\/\/www.facebook.com\/riverdi.displays\/","article_modified_time":"2024-08-27T13:27:43+00:00","og_image":[{"width":1200,"height":1200,"url":"https:\/\/riverdi.com\/wp-content\/uploads\/2024\/03\/nucleo1-1.webp","type":"image\/webp"}],"twitter_card":"summary_large_image","twitter_site":"@riverdidisplays","twitter_misc":{"Gesch\u00e4tzte Lesezeit":"5\u00a0Minuten"},"schema":{"@context":"https:\/\/schema.org","@graph":[{"@type":"WebPage","@id":"https:\/\/riverdi.com\/de\/product\/035-nukleo-144","url":"https:\/\/riverdi.com\/de\/product\/035-nukleo-144","name":"3.5\u201d STM32 Nucleo 144 Display Kit - Riverdi","isPartOf":{"@id":"https:\/\/riverdi.com\/de#website"},"primaryImageOfPage":{"@id":"https:\/\/riverdi.com\/de\/product\/035-nukleo-144#primaryimage"},"image":{"@id":"https:\/\/riverdi.com\/de\/product\/035-nukleo-144#primaryimage"},"thumbnailUrl":"https:\/\/riverdi.com\/wp-content\/uploads\/2024\/03\/nucleo1-1.webp","datePublished":"2024-03-12T08:03:40+00:00","dateModified":"2024-08-27T13:27:43+00:00","description":"Riverdi 3.5\" Nucleo 144 ist eine Display-L\u00f6sung, die f\u00fcr die nahtlose Integration mit ST Nucleo-144-pin Entwicklungskits entwickelt wurde. Beschleunigen Sie Ihre Projekte mit der hochwertigen, industrietauglichen Displayl\u00f6sung von Riverdi: 320\u00d7480 IPS mit hoher Helligkeit (1200 cd\/m\u00b2) mit RGB- und SPI-Schnittstelle, I2C PCAP-Touchpanel, 8MB QSPI-Flash-Speicher.","breadcrumb":{"@id":"https:\/\/riverdi.com\/de\/product\/035-nukleo-144#breadcrumb"},"inLanguage":"de","potentialAction":[{"@type":"ReadAction","target":["https:\/\/riverdi.com\/de\/product\/035-nukleo-144"]}]},{"@type":"ImageObject","inLanguage":"de","@id":"https:\/\/riverdi.com\/de\/product\/035-nukleo-144#primaryimage","url":"https:\/\/riverdi.com\/wp-content\/uploads\/2024\/03\/nucleo1-1.webp","contentUrl":"https:\/\/riverdi.com\/wp-content\/uploads\/2024\/03\/nucleo1-1.webp","width":1200,"height":1200},{"@type":"BreadcrumbList","@id":"https:\/\/riverdi.com\/de\/product\/035-nukleo-144#breadcrumb","itemListElement":[{"@type":"ListItem","position":1,"name":"Front Page","item":"https:\/\/riverdi.com\/de\/titelblatt"},{"@type":"ListItem","position":2,"name":"Shop","item":"https:\/\/riverdi.com\/de\/shop"},{"@type":"ListItem","position":3,"name":"3.5\u201d STM32 Nucleo 144 Display Kit"}]},{"@type":"WebSite","@id":"https:\/\/riverdi.com\/de#website","url":"https:\/\/riverdi.com\/de","name":"Riverdi","description":"Global TFT LCD Manufacturer","potentialAction":[{"@type":"SearchAction","target":{"@type":"EntryPoint","urlTemplate":"https:\/\/riverdi.com\/de?s={search_term_string}"},"query-input":{"@type":"PropertyValueSpecification","valueRequired":true,"valueName":"search_term_string"}}],"inLanguage":"de"}]}},"_links":{"self":[{"href":"https:\/\/riverdi.com\/de\/wp-json\/wp\/v2\/product\/117827","targetHints":{"allow":["GET"]}}],"collection":[{"href":"https:\/\/riverdi.com\/de\/wp-json\/wp\/v2\/product"}],"about":[{"href":"https:\/\/riverdi.com\/de\/wp-json\/wp\/v2\/types\/product"}],"replies":[{"embeddable":true,"href":"https:\/\/riverdi.com\/de\/wp-json\/wp\/v2\/comments?post=117827"}],"wp:featuredmedia":[{"embeddable":true,"href":"https:\/\/riverdi.com\/de\/wp-json\/wp\/v2\/media\/121240"}],"wp:attachment":[{"href":"https:\/\/riverdi.com\/de\/wp-json\/wp\/v2\/media?parent=117827"}],"wp:term":[{"taxonomy":"product_brand","embeddable":true,"href":"https:\/\/riverdi.com\/de\/wp-json\/wp\/v2\/product_brand?post=117827"},{"taxonomy":"product_cat","embeddable":true,"href":"https:\/\/riverdi.com\/de\/wp-json\/wp\/v2\/product_cat?post=117827"},{"taxonomy":"product_tag","embeddable":true,"href":"https:\/\/riverdi.com\/de\/wp-json\/wp\/v2\/product_tag?post=117827"}],"curies":[{"name":"wp","href":"https:\/\/api.w.org\/{rel}","templated":true}]}}