{"id":117809,"date":"2023-07-18T12:48:00","date_gmt":"2023-07-18T10:48:00","guid":{"rendered":"http:\/\/riverdi.com\/product\/stm32h7-poe-add-on\/"},"modified":"2025-08-18T14:28:45","modified_gmt":"2025-08-18T12:28:45","slug":"stm32h7-poe-add-on","status":"publish","type":"product","link":"https:\/\/riverdi.com\/de\/product\/stm32h7-poe-add-on","title":{"rendered":"STM32H7 PoE Add-on"},"content":{"rendered":"<h2><strong>Erkl\u00e4rung zur Produktkompatibilit\u00e4t:<\/strong><\/h2>\n<p>Das STM32H7 PoE Add-on ist mit bestimmten PCB-Revisionen der 7.0&#8243;, 10.1&#8243; und 12.1&#8243; STM32H7 Serie kompatibel. Bitte beachten Sie die folgenden Informationen zur Kompatibilit\u00e4t:<\/p>\n<p><strong>12.1&#8243; Display der STM32H7 Serie: <\/strong>Nur PCB Revision 101STM32H7_Rev1.5 oder h\u00f6her ist kompatibel. \u00c4ltere Versionen sind nicht mit dem STM32H7 PoE Add-on kompatibel. (Dies ist kein Fehler; die 101STM32H7 Platine ist in 12.1 Modulen).<strong><br \/>\n10.1&#8243; STM32H7 Serie Display:<\/strong> Nur die Platinenrevision 101STM32H7_Rev1.4 oder h\u00f6her ist kompatibel. \u00c4ltere Versionen sind nicht mit dem STM32H7 PoE Add-on kompatibel.<br \/>\n<strong>7,0&#8243;-Display der STM32H7-Serie:<\/strong> Nur PCB-Revision 70STM32H7_Rev1.1 oder h\u00f6her ist kompatibel. \u00c4ltere Versionen sind nicht mit dem STM32H7 PoE Add-on kompatibel.<\/p>\n<p>Um die erfolgreiche Integration des STM32H7 PoE Add-on zu gew\u00e4hrleisten, m\u00fcssen Sie unbedingt \u00fcberpr\u00fcfen, ob Ihr STM32H7 Display in den angegebenen Kompatibilit\u00e4tsbereich f\u00e4llt.<\/p>\n","protected":false},"excerpt":{"rendered":"<div>\n<p>Wir stellen Ihnen das STM32H7 PoE Add-on Board vor, das speziell f\u00fcr Riverdi 7.0&#8243;, 10.1&#8243; und 12.1&#8243; STM32H7 Module entwickelt wurde. Sie erm\u00f6glicht es, dass ein einziges Ethernet-Kabel sowohl die Ethernet-Verbindung als auch die Stromversorgung f\u00fcr 7.0&#8243;, 10.1&#8243; und 12.1&#8243; STM32H7 Module bereitstellt, anstatt f\u00fcr jedes Modul ein eigenes Kabel zu ben\u00f6tigen. <\/p>\n<p>Merkmale:<\/p>\n<ul>\n<li>Plug-and-Play-Kompatibilit\u00e4t mit Riverdi 7.0&#8243;, 10.1&#8243; und 12.1&#8243; STM32H7 Modulen, die separat erworben werden m\u00fcssen.<\/li>\n<li>Ethernet-Geschwindigkeit bis zu 10Mb\/s<\/li>\n<li>eine leistungsstarke Standard-PoE-PD-Schnittstelle, die mit dem IEEE 802.3bt PoE-Standard der dritten Generation konform ist.<\/li>\n<li>36 V bis 57 V DC Eingangsspannung<\/li>\n<\/ul>\n<p>Um einen ordnungsgem\u00e4\u00dfen Betrieb zu gew\u00e4hrleisten, beachten Sie bitte, dass zus\u00e4tzlich zum STM32H7 PoE Add-on Board ein Power Sourcing Equipment (z.B. ein PoE Injektor, Switch oder Router) ben\u00f6tigt wird.<\/p>\n<\/div>\n<div class=\"Variant-buttons\"><a class=\"Variant-SKU-button\" href=\"https:\/\/download.riverdi.com\/STM32H7-POE-ADDON\/DS_STM32H7-POE-ADDON_Rev.1.0.pdf\">Datenblatt<\/a><br \/>\n<a class=\"Variant-SKU-button\" href=\"https:\/\/download.riverdi.com\/STM32H7-POE-ADDON\/DR_STM32H7-POE-ADDON_Rev.1.0.pdf\">Zeichnung<\/a><br \/>\n<a class=\"Variant-SKU-button\" href=\"https:\/\/download.riverdi.com\/STM32H7-POE-ADDON\/SCHEM_STM32H7-POE-ADDON_Rev.1.0.pdf\">Schema<\/a><\/div>\n","protected":false},"featured_media":103389,"comment_status":"closed","ping_status":"closed","template":"","meta":{"_acf_changed":false,"content-type":"","inline_featured_image":false},"product_brand":[],"product_cat":[3530],"product_tag":[],"class_list":{"0":"post-117809","1":"product","2":"type-product","3":"status-publish","4":"has-post-thumbnail","6":"product_cat-bewertungstafeln","8":"first","9":"instock","10":"taxable","11":"shipping-taxable","12":"purchasable","13":"product-type-simple"},"acf":[],"yoast_head":"<!-- This site is optimized with the Yoast SEO plugin v27.3 - https:\/\/yoast.com\/product\/yoast-seo-wordpress\/ -->\n<title>STM32H7 PoE Add-on - Riverdi<\/title>\n<meta name=\"description\" content=\"Wir stellen das STM32H7 PoE Add-on Board vor, das speziell f\u00fcr Riverdi 7.0&quot;, 10.1&quot; und 12.1&quot; STM32H7 Module entwickelt wurde.\" \/>\n<meta name=\"robots\" content=\"index, follow, max-snippet:-1, max-image-preview:large, max-video-preview:-1\" \/>\n<link rel=\"canonical\" href=\"https:\/\/riverdi.com\/de\/product\/stm32h7-poe-add-on\" \/>\n<meta property=\"og:locale\" content=\"de_DE\" \/>\n<meta property=\"og:type\" content=\"article\" \/>\n<meta property=\"og:title\" content=\"STM32H7 PoE Add-on - Riverdi\" \/>\n<meta property=\"og:description\" content=\"Wir stellen das STM32H7 PoE Add-on Board vor, das speziell f\u00fcr Riverdi 7.0&quot;, 10.1&quot; und 12.1&quot; STM32H7 Module entwickelt wurde.\" \/>\n<meta property=\"og:url\" content=\"https:\/\/riverdi.com\/de\/product\/stm32h7-poe-add-on\" \/>\n<meta property=\"og:site_name\" content=\"Riverdi\" \/>\n<meta property=\"article:publisher\" content=\"https:\/\/www.facebook.com\/riverdi.displays\/\" \/>\n<meta property=\"article:modified_time\" content=\"2025-08-18T12:28:45+00:00\" \/>\n<meta property=\"og:image\" content=\"https:\/\/riverdi.com\/wp-content\/uploads\/2024\/04\/POE.webp\" \/>\n\t<meta property=\"og:image:width\" content=\"1293\" \/>\n\t<meta property=\"og:image:height\" content=\"889\" \/>\n\t<meta property=\"og:image:type\" content=\"image\/webp\" \/>\n<meta name=\"twitter:card\" content=\"summary_large_image\" \/>\n<meta name=\"twitter:site\" content=\"@riverdidisplays\" \/>\n<meta name=\"twitter:label1\" content=\"Gesch\u00e4tzte Lesezeit\" \/>\n\t<meta name=\"twitter:data1\" content=\"1\u00a0Minute\" \/>\n<script type=\"application\/ld+json\" class=\"yoast-schema-graph\">{\"@context\":\"https:\\\/\\\/schema.org\",\"@graph\":[{\"@type\":\"WebPage\",\"@id\":\"https:\\\/\\\/riverdi.com\\\/de\\\/product\\\/stm32h7-poe-add-on\",\"url\":\"https:\\\/\\\/riverdi.com\\\/de\\\/product\\\/stm32h7-poe-add-on\",\"name\":\"STM32H7 PoE Add-on - Riverdi\",\"isPartOf\":{\"@id\":\"https:\\\/\\\/riverdi.com\\\/de#website\"},\"primaryImageOfPage\":{\"@id\":\"https:\\\/\\\/riverdi.com\\\/de\\\/product\\\/stm32h7-poe-add-on#primaryimage\"},\"image\":{\"@id\":\"https:\\\/\\\/riverdi.com\\\/de\\\/product\\\/stm32h7-poe-add-on#primaryimage\"},\"thumbnailUrl\":\"https:\\\/\\\/riverdi.com\\\/wp-content\\\/uploads\\\/2024\\\/04\\\/POE.webp\",\"datePublished\":\"2023-07-18T10:48:00+00:00\",\"dateModified\":\"2025-08-18T12:28:45+00:00\",\"description\":\"Wir stellen das STM32H7 PoE Add-on Board vor, das speziell f\u00fcr Riverdi 7.0\\\", 10.1\\\" und 12.1\\\" STM32H7 Module entwickelt wurde.\",\"breadcrumb\":{\"@id\":\"https:\\\/\\\/riverdi.com\\\/de\\\/product\\\/stm32h7-poe-add-on#breadcrumb\"},\"inLanguage\":\"de\",\"potentialAction\":[{\"@type\":\"ReadAction\",\"target\":[\"https:\\\/\\\/riverdi.com\\\/de\\\/product\\\/stm32h7-poe-add-on\"]}]},{\"@type\":\"ImageObject\",\"inLanguage\":\"de\",\"@id\":\"https:\\\/\\\/riverdi.com\\\/de\\\/product\\\/stm32h7-poe-add-on#primaryimage\",\"url\":\"https:\\\/\\\/riverdi.com\\\/wp-content\\\/uploads\\\/2024\\\/04\\\/POE.webp\",\"contentUrl\":\"https:\\\/\\\/riverdi.com\\\/wp-content\\\/uploads\\\/2024\\\/04\\\/POE.webp\",\"width\":1293,\"height\":889,\"caption\":\"Poe Addon\"},{\"@type\":\"BreadcrumbList\",\"@id\":\"https:\\\/\\\/riverdi.com\\\/de\\\/product\\\/stm32h7-poe-add-on#breadcrumb\",\"itemListElement\":[{\"@type\":\"ListItem\",\"position\":1,\"name\":\"Front Page\",\"item\":\"https:\\\/\\\/riverdi.com\\\/de\\\/titelblatt\"},{\"@type\":\"ListItem\",\"position\":2,\"name\":\"Shop\",\"item\":\"https:\\\/\\\/riverdi.com\\\/de\\\/shop\"},{\"@type\":\"ListItem\",\"position\":3,\"name\":\"STM32H7 PoE Add-on\"}]},{\"@type\":\"WebSite\",\"@id\":\"https:\\\/\\\/riverdi.com\\\/de#website\",\"url\":\"https:\\\/\\\/riverdi.com\\\/de\",\"name\":\"Riverdi\",\"description\":\"Global TFT LCD Manufacturer\",\"potentialAction\":[{\"@type\":\"SearchAction\",\"target\":{\"@type\":\"EntryPoint\",\"urlTemplate\":\"https:\\\/\\\/riverdi.com\\\/de?s={search_term_string}\"},\"query-input\":{\"@type\":\"PropertyValueSpecification\",\"valueRequired\":true,\"valueName\":\"search_term_string\"}}],\"inLanguage\":\"de\"}]}<\/script>\n<!-- \/ Yoast SEO plugin. -->","yoast_head_json":{"title":"STM32H7 PoE Add-on - Riverdi","description":"Wir stellen das STM32H7 PoE Add-on Board vor, das speziell f\u00fcr Riverdi 7.0\", 10.1\" und 12.1\" STM32H7 Module entwickelt wurde.","robots":{"index":"index","follow":"follow","max-snippet":"max-snippet:-1","max-image-preview":"max-image-preview:large","max-video-preview":"max-video-preview:-1"},"canonical":"https:\/\/riverdi.com\/de\/product\/stm32h7-poe-add-on","og_locale":"de_DE","og_type":"article","og_title":"STM32H7 PoE Add-on - Riverdi","og_description":"Wir stellen das STM32H7 PoE Add-on Board vor, das speziell f\u00fcr Riverdi 7.0\", 10.1\" und 12.1\" STM32H7 Module entwickelt wurde.","og_url":"https:\/\/riverdi.com\/de\/product\/stm32h7-poe-add-on","og_site_name":"Riverdi","article_publisher":"https:\/\/www.facebook.com\/riverdi.displays\/","article_modified_time":"2025-08-18T12:28:45+00:00","og_image":[{"width":1293,"height":889,"url":"https:\/\/riverdi.com\/wp-content\/uploads\/2024\/04\/POE.webp","type":"image\/webp"}],"twitter_card":"summary_large_image","twitter_site":"@riverdidisplays","twitter_misc":{"Gesch\u00e4tzte Lesezeit":"1\u00a0Minute"},"schema":{"@context":"https:\/\/schema.org","@graph":[{"@type":"WebPage","@id":"https:\/\/riverdi.com\/de\/product\/stm32h7-poe-add-on","url":"https:\/\/riverdi.com\/de\/product\/stm32h7-poe-add-on","name":"STM32H7 PoE Add-on - Riverdi","isPartOf":{"@id":"https:\/\/riverdi.com\/de#website"},"primaryImageOfPage":{"@id":"https:\/\/riverdi.com\/de\/product\/stm32h7-poe-add-on#primaryimage"},"image":{"@id":"https:\/\/riverdi.com\/de\/product\/stm32h7-poe-add-on#primaryimage"},"thumbnailUrl":"https:\/\/riverdi.com\/wp-content\/uploads\/2024\/04\/POE.webp","datePublished":"2023-07-18T10:48:00+00:00","dateModified":"2025-08-18T12:28:45+00:00","description":"Wir stellen das STM32H7 PoE Add-on Board vor, das speziell f\u00fcr Riverdi 7.0\", 10.1\" und 12.1\" STM32H7 Module entwickelt wurde.","breadcrumb":{"@id":"https:\/\/riverdi.com\/de\/product\/stm32h7-poe-add-on#breadcrumb"},"inLanguage":"de","potentialAction":[{"@type":"ReadAction","target":["https:\/\/riverdi.com\/de\/product\/stm32h7-poe-add-on"]}]},{"@type":"ImageObject","inLanguage":"de","@id":"https:\/\/riverdi.com\/de\/product\/stm32h7-poe-add-on#primaryimage","url":"https:\/\/riverdi.com\/wp-content\/uploads\/2024\/04\/POE.webp","contentUrl":"https:\/\/riverdi.com\/wp-content\/uploads\/2024\/04\/POE.webp","width":1293,"height":889,"caption":"Poe Addon"},{"@type":"BreadcrumbList","@id":"https:\/\/riverdi.com\/de\/product\/stm32h7-poe-add-on#breadcrumb","itemListElement":[{"@type":"ListItem","position":1,"name":"Front Page","item":"https:\/\/riverdi.com\/de\/titelblatt"},{"@type":"ListItem","position":2,"name":"Shop","item":"https:\/\/riverdi.com\/de\/shop"},{"@type":"ListItem","position":3,"name":"STM32H7 PoE Add-on"}]},{"@type":"WebSite","@id":"https:\/\/riverdi.com\/de#website","url":"https:\/\/riverdi.com\/de","name":"Riverdi","description":"Global TFT LCD Manufacturer","potentialAction":[{"@type":"SearchAction","target":{"@type":"EntryPoint","urlTemplate":"https:\/\/riverdi.com\/de?s={search_term_string}"},"query-input":{"@type":"PropertyValueSpecification","valueRequired":true,"valueName":"search_term_string"}}],"inLanguage":"de"}]}},"_links":{"self":[{"href":"https:\/\/riverdi.com\/de\/wp-json\/wp\/v2\/product\/117809","targetHints":{"allow":["GET"]}}],"collection":[{"href":"https:\/\/riverdi.com\/de\/wp-json\/wp\/v2\/product"}],"about":[{"href":"https:\/\/riverdi.com\/de\/wp-json\/wp\/v2\/types\/product"}],"replies":[{"embeddable":true,"href":"https:\/\/riverdi.com\/de\/wp-json\/wp\/v2\/comments?post=117809"}],"wp:featuredmedia":[{"embeddable":true,"href":"https:\/\/riverdi.com\/de\/wp-json\/wp\/v2\/media\/103389"}],"wp:attachment":[{"href":"https:\/\/riverdi.com\/de\/wp-json\/wp\/v2\/media?parent=117809"}],"wp:term":[{"taxonomy":"product_brand","embeddable":true,"href":"https:\/\/riverdi.com\/de\/wp-json\/wp\/v2\/product_brand?post=117809"},{"taxonomy":"product_cat","embeddable":true,"href":"https:\/\/riverdi.com\/de\/wp-json\/wp\/v2\/product_cat?post=117809"},{"taxonomy":"product_tag","embeddable":true,"href":"https:\/\/riverdi.com\/de\/wp-json\/wp\/v2\/product_tag?post=117809"}],"curies":[{"name":"wp","href":"https:\/\/api.w.org\/{rel}","templated":true}]}}