{"id":117805,"date":"2021-11-17T12:11:55","date_gmt":"2021-11-17T11:11:55","guid":{"rendered":"http:\/\/riverdi.com\/product\/don-addon-5-rgb\/"},"modified":"2021-11-17T12:11:55","modified_gmt":"2021-11-17T11:11:55","slug":"don-addon-5-rgb","status":"publish","type":"product","link":"https:\/\/riverdi.com\/de\/product\/don-addon-5-rgb","title":{"rendered":"Don Addon 5 RGB"},"content":{"rendered":"<h2>Add-on RGB-Erweiterung<\/h2>\n<p class=\"p1\">W\u00e4hrend das Evaluation Board selbst alle wichtigen Komponenten sowie die RiBUS-Schnittstelle zu EVE-Displays enth\u00e4lt, bringt der RGB-Erweiterungsheader die Schnittstelle zu den meisten RGB-Displays von Riverdi.<\/p>\n<p class=\"p1\">Das Evaluation Board kann entweder RiBUS zur Ansteuerung des Displays mit EVE-Grafikcontroller oder die RGB-Erweiterung verwenden. Eine Zusatzplatine liefert nicht nur Signale an das Display, sondern fungiert auch als physischer Tr\u00e4ger f\u00fcr das gesamte Modul. Daher m\u00fcssen die Zusatzplatinen an die Displays angepasst werden, die sie bedienen.<\/p>\n<p class=\"p1\"><span class=\"s1\">Aufgrund der <\/span>Aufl\u00f6sungsbeschr\u00e4nkung des STM32F469II ist es derzeit nur m\u00f6glich, 10,1&#8243; Displays \u00fcber RiBUS anzuschlie\u00dfen &#8211; es muss sich also um Modelle mit BT817Q Controller handeln.<\/p>\n<p><a href=\"https:\/\/riverdi.com\/wp-content\/uploads\/2021\/11\/w800h998.avif\"><img decoding=\"async\" class=\"aligncenter wp-image-117583 size-full\" src=\"https:\/\/riverdi.com\/wp-content\/uploads\/2021\/11\/w800h998.avif?_t=1716185266\" alt=\"\" width=\"800\" height=\"997\" srcset=\"https:\/\/riverdi.com\/wp-content\/uploads\/2021\/11\/w800h998.avif 800w, https:\/\/riverdi.com\/wp-content\/uploads\/2021\/11\/w800h998-600x748.avif 600w, https:\/\/riverdi.com\/wp-content\/uploads\/2021\/11\/w800h998-64x80.avif 64w, https:\/\/riverdi.com\/wp-content\/uploads\/2021\/11\/w800h998-241x300.avif 241w, https:\/\/riverdi.com\/wp-content\/uploads\/2021\/11\/w800h998-768x957.avif 768w\" sizes=\"(max-width: 800px) 100vw, 800px\" \/><\/a><\/p>\n<h2>Mechanische Funktionen<\/h2>\n<p>Don Addon 5 RGB ist eine stabile mechanische Basis f\u00fcr drei Komponenten:<\/p>\n<div class=\"fusion-text fusion-text-4\">\n<p>&#8211; STM32 Evaluation Board,<br \/>\n&#8211; 5\u2033 RGB TFT-Display<br \/>\n&#8211; Die Zusatzplatine selbst<br \/>\nDie mechanische Stabilit\u00e4t der miteinander verbundenen Ger\u00e4te sch\u00fctzt die empfindlichen TFT-Anschl\u00fcsse vor Bruch, Abriss und Abnutzung durch h\u00e4ufiges An- und Abstecken.<\/p>\n<p>Don Addon ist so konzipiert, dass alle drei in horizontaler und vertikaler Position verwendet werden k\u00f6nnen. Die horizontale Position ist besonders w\u00e4hrend der Entwicklung n\u00fctzlich. Es bietet einen sicheren Zugang zu den Messklemmen des STM32 Evaluation Boards und anderen vom Entwickler gew\u00fcnschten Schaltkreisen. Die vertikale Position erm\u00f6glicht es, die gesamte Arbeitseinheit zu Ausstellungszwecken an einen vertikalen Pfosten zu h\u00e4ngen, um die Aufmerksamkeit der Besucher zu erregen.<\/p>\n<p>Ein TFT-Modul wird mit Klettb\u00e4ndern in f\u00fcnf Ecken des Moduls auf der Zusatzplatine befestigt. Die Verwendung von Klettb\u00e4ndern zwischen der Zusatzplatine und dem TFT sorgt f\u00fcr eine relativ starke Befestigung, so dass die TFT-Anschl\u00fcsse in beiden Positionen vor mechanischer Besch\u00e4digung gesch\u00fctzt sind, und erm\u00f6glicht zudem einen schnellen und einfachen Austausch der TFT-Module.<\/p>\n<\/div>\n<div class=\"fusion-aligncenter\"><a href=\"https:\/\/riverdi.com\/stm32-evaluation-board-that-turns-your-display-on\/\" target=\"_blank\" rel=\"noopener noreferrer\">MEHR LERNEN<\/a><\/div>\n<div><a href=\"https:\/\/riverdi.com\/wp-content\/uploads\/2021\/11\/w1500-2.webp\"><img decoding=\"async\" class=\"aligncenter wp-image-117600 size-large\" src=\"https:\/\/riverdi.com\/wp-content\/uploads\/2021\/11\/w1500-2-1024x782.webp?_t=1716185664\" alt=\"\" width=\"1024\" height=\"782\" srcset=\"https:\/\/riverdi.com\/wp-content\/uploads\/2021\/11\/w1500-2-1024x782.webp 1024w, https:\/\/riverdi.com\/wp-content\/uploads\/2021\/11\/w1500-2-600x458.webp 600w, https:\/\/riverdi.com\/wp-content\/uploads\/2021\/11\/w1500-2-64x49.webp 64w, https:\/\/riverdi.com\/wp-content\/uploads\/2021\/11\/w1500-2-300x229.webp 300w, https:\/\/riverdi.com\/wp-content\/uploads\/2021\/11\/w1500-2-768x586.webp 768w, https:\/\/riverdi.com\/wp-content\/uploads\/2021\/11\/w1500-2.webp 1500w\" sizes=\"(max-width: 1024px) 100vw, 1024px\" \/><\/a><\/div>\n<p><iframe title=\"YouTube-Video-Player\" src=\"https:\/\/www.youtube.com\/embed\/r8isY2MxdHg?si=FOwGrGstSSe66CrH\" width=\"560\" height=\"315\" frameborder=\"0\" allowfullscreen=\"allowfullscreen\" data-mce-fragment=\"1\"><\/iframe><\/p>\n","protected":false},"excerpt":{"rendered":"<div class=\"Variant-buttons\"><a class=\"Variant-SKU-button\" href=\"https:\/\/download.riverdi.com\/DON-ADDON-5-RGB\/WP_Don_Addon_5_RGB_Rev.1.1.pdf\">Wei\u00dfbuch<\/a><br \/>\n<a class=\"Variant-SKU-button\" href=\"https:\/\/download.riverdi.com\/DON-ADDON-5-RGB\/DR_DON_ADDON_5_RGB_Rev.1.0.pdf\">Zeichnung<\/a><br \/>\n<a class=\"Variant-SKU-button\" href=\"https:\/\/download.riverdi.com\/DON-ADDON-5-RGB\/SCHEM_DON_ADDON_5_RGB_Rev.1.1.pdf\">Schematische Darstellung<\/a><\/div>\n<p>Eine Zusatzplatine ist ein Ger\u00e4t, das die notwendige Umgebung f\u00fcr ein TFT-Display bereitstellt, um Bilder vom Riverdi STM32 Evaluation Board anzuzeigen.<\/p>\n<p>Wegen unseres reichen Angebotes der TFT-Module und der Notwendigkeit, die nahtlose Zusammenarbeit zwischen verschiedenen TFT-Modulen und EINEM Typ des Evaluation-Boards zu sichern, muss es die kundenspezifische Version des Add-on-Boards f\u00fcr das Display der bestimmten Gr\u00f6\u00dfe, des Signalanschlusses und des mechanischen Aufbaus, zusammen mit EINEM universellen Controller &#8211; dem STM32 Evaluation-Board geben.<\/p>\n<p>Don Addon bringt Ordnung in die Welt der Entwickler.<\/p>\n<p>Verwenden Sie es, um funktionierende 5&#8243;-RGB-TFT-Module bei Pr\u00e4sentationen und Ausstellungen vorzubereiten und vorzuf\u00fchren.<\/p>\n<div style=\"font-weight: 400; background-color: #e0e0e0; padding: 10px; margin-bottom: 10px;\"><strong>HINWEIS: Dieses Angebot bezieht sich nur auf die Zusatzplatine. Das Evaluation Board und die Displays sind separat erh\u00e4ltlich.<\/strong><\/div>\n","protected":false},"featured_media":104161,"comment_status":"closed","ping_status":"closed","template":"","meta":{"_acf_changed":false,"content-type":"","inline_featured_image":false},"product_brand":[],"product_cat":[3530],"product_tag":[3537,3539,3476,3538,3535],"class_list":{"0":"post-117805","1":"product","2":"type-product","3":"status-publish","4":"has-post-thumbnail","6":"product_cat-bewertungstafeln","7":"product_tag-bewertung","8":"product_tag-don-de","9":"product_tag-rgb-de","10":"product_tag-stm32-de","11":"product_tag-vorstand","13":"first","14":"instock","15":"taxable","16":"shipping-taxable","17":"purchasable","18":"product-type-simple"},"acf":[],"yoast_head":"<!-- This site is optimized with the Yoast SEO plugin v27.3 - https:\/\/yoast.com\/product\/yoast-seo-wordpress\/ -->\n<title>Don Addon 5 RGB - Riverdi<\/title>\n<meta name=\"description\" content=\"Eine Zusatzplatine ist ein Ger\u00e4t, das die notwendige Umgebung f\u00fcr ein TFT-Display bereitstellt, um Bilder vom Riverdi STM32 Evaluation Board anzuzeigen.\" \/>\n<meta name=\"robots\" content=\"index, follow, max-snippet:-1, max-image-preview:large, max-video-preview:-1\" \/>\n<link rel=\"canonical\" href=\"https:\/\/riverdi.com\/de\/product\/don-addon-5-rgb\" \/>\n<meta property=\"og:locale\" content=\"de_DE\" \/>\n<meta property=\"og:type\" content=\"article\" \/>\n<meta property=\"og:title\" content=\"Don Addon 5 RGB - Riverdi\" \/>\n<meta property=\"og:description\" content=\"Eine Zusatzplatine ist ein Ger\u00e4t, das die notwendige Umgebung f\u00fcr ein TFT-Display bereitstellt, um Bilder vom Riverdi STM32 Evaluation Board anzuzeigen.\" \/>\n<meta property=\"og:url\" content=\"https:\/\/riverdi.com\/de\/product\/don-addon-5-rgb\" \/>\n<meta property=\"og:site_name\" content=\"Riverdi\" \/>\n<meta property=\"article:publisher\" content=\"https:\/\/www.facebook.com\/riverdi.displays\/\" \/>\n<meta property=\"og:image\" content=\"https:\/\/riverdi.com\/wp-content\/uploads\/2024\/04\/Don-Addon5-1-1.webp\" \/>\n\t<meta property=\"og:image:width\" content=\"1293\" \/>\n\t<meta property=\"og:image:height\" content=\"889\" \/>\n\t<meta property=\"og:image:type\" content=\"image\/webp\" \/>\n<meta name=\"twitter:card\" content=\"summary_large_image\" \/>\n<meta name=\"twitter:site\" content=\"@riverdidisplays\" \/>\n<meta name=\"twitter:label1\" content=\"Gesch\u00e4tzte Lesezeit\" \/>\n\t<meta name=\"twitter:data1\" content=\"1\u00a0Minute\" \/>\n<script type=\"application\/ld+json\" class=\"yoast-schema-graph\">{\"@context\":\"https:\\\/\\\/schema.org\",\"@graph\":[{\"@type\":\"WebPage\",\"@id\":\"https:\\\/\\\/riverdi.com\\\/de\\\/product\\\/don-addon-5-rgb\",\"url\":\"https:\\\/\\\/riverdi.com\\\/de\\\/product\\\/don-addon-5-rgb\",\"name\":\"Don Addon 5 RGB - Riverdi\",\"isPartOf\":{\"@id\":\"https:\\\/\\\/riverdi.com\\\/de#website\"},\"primaryImageOfPage\":{\"@id\":\"https:\\\/\\\/riverdi.com\\\/de\\\/product\\\/don-addon-5-rgb#primaryimage\"},\"image\":{\"@id\":\"https:\\\/\\\/riverdi.com\\\/de\\\/product\\\/don-addon-5-rgb#primaryimage\"},\"thumbnailUrl\":\"https:\\\/\\\/riverdi.com\\\/wp-content\\\/uploads\\\/2024\\\/04\\\/Don-Addon5-1-1.webp\",\"datePublished\":\"2021-11-17T11:11:55+00:00\",\"description\":\"Eine Zusatzplatine ist ein Ger\u00e4t, das die notwendige Umgebung f\u00fcr ein TFT-Display bereitstellt, um Bilder vom Riverdi STM32 Evaluation Board anzuzeigen.\",\"breadcrumb\":{\"@id\":\"https:\\\/\\\/riverdi.com\\\/de\\\/product\\\/don-addon-5-rgb#breadcrumb\"},\"inLanguage\":\"de\",\"potentialAction\":[{\"@type\":\"ReadAction\",\"target\":[\"https:\\\/\\\/riverdi.com\\\/de\\\/product\\\/don-addon-5-rgb\"]}]},{\"@type\":\"ImageObject\",\"inLanguage\":\"de\",\"@id\":\"https:\\\/\\\/riverdi.com\\\/de\\\/product\\\/don-addon-5-rgb#primaryimage\",\"url\":\"https:\\\/\\\/riverdi.com\\\/wp-content\\\/uploads\\\/2024\\\/04\\\/Don-Addon5-1-1.webp\",\"contentUrl\":\"https:\\\/\\\/riverdi.com\\\/wp-content\\\/uploads\\\/2024\\\/04\\\/Don-Addon5-1-1.webp\",\"width\":1293,\"height\":889},{\"@type\":\"BreadcrumbList\",\"@id\":\"https:\\\/\\\/riverdi.com\\\/de\\\/product\\\/don-addon-5-rgb#breadcrumb\",\"itemListElement\":[{\"@type\":\"ListItem\",\"position\":1,\"name\":\"Front Page\",\"item\":\"https:\\\/\\\/riverdi.com\\\/de\\\/titelblatt\"},{\"@type\":\"ListItem\",\"position\":2,\"name\":\"Shop\",\"item\":\"https:\\\/\\\/riverdi.com\\\/de\\\/shop\"},{\"@type\":\"ListItem\",\"position\":3,\"name\":\"Don Addon 5 RGB\"}]},{\"@type\":\"WebSite\",\"@id\":\"https:\\\/\\\/riverdi.com\\\/de#website\",\"url\":\"https:\\\/\\\/riverdi.com\\\/de\",\"name\":\"Riverdi\",\"description\":\"Global TFT LCD Manufacturer\",\"potentialAction\":[{\"@type\":\"SearchAction\",\"target\":{\"@type\":\"EntryPoint\",\"urlTemplate\":\"https:\\\/\\\/riverdi.com\\\/de?s={search_term_string}\"},\"query-input\":{\"@type\":\"PropertyValueSpecification\",\"valueRequired\":true,\"valueName\":\"search_term_string\"}}],\"inLanguage\":\"de\"}]}<\/script>\n<!-- \/ Yoast SEO plugin. -->","yoast_head_json":{"title":"Don Addon 5 RGB - Riverdi","description":"Eine Zusatzplatine ist ein Ger\u00e4t, das die notwendige Umgebung f\u00fcr ein TFT-Display bereitstellt, um Bilder vom Riverdi STM32 Evaluation Board anzuzeigen.","robots":{"index":"index","follow":"follow","max-snippet":"max-snippet:-1","max-image-preview":"max-image-preview:large","max-video-preview":"max-video-preview:-1"},"canonical":"https:\/\/riverdi.com\/de\/product\/don-addon-5-rgb","og_locale":"de_DE","og_type":"article","og_title":"Don Addon 5 RGB - Riverdi","og_description":"Eine Zusatzplatine ist ein Ger\u00e4t, das die notwendige Umgebung f\u00fcr ein TFT-Display bereitstellt, um Bilder vom Riverdi STM32 Evaluation Board anzuzeigen.","og_url":"https:\/\/riverdi.com\/de\/product\/don-addon-5-rgb","og_site_name":"Riverdi","article_publisher":"https:\/\/www.facebook.com\/riverdi.displays\/","og_image":[{"width":1293,"height":889,"url":"https:\/\/riverdi.com\/wp-content\/uploads\/2024\/04\/Don-Addon5-1-1.webp","type":"image\/webp"}],"twitter_card":"summary_large_image","twitter_site":"@riverdidisplays","twitter_misc":{"Gesch\u00e4tzte Lesezeit":"1\u00a0Minute"},"schema":{"@context":"https:\/\/schema.org","@graph":[{"@type":"WebPage","@id":"https:\/\/riverdi.com\/de\/product\/don-addon-5-rgb","url":"https:\/\/riverdi.com\/de\/product\/don-addon-5-rgb","name":"Don Addon 5 RGB - Riverdi","isPartOf":{"@id":"https:\/\/riverdi.com\/de#website"},"primaryImageOfPage":{"@id":"https:\/\/riverdi.com\/de\/product\/don-addon-5-rgb#primaryimage"},"image":{"@id":"https:\/\/riverdi.com\/de\/product\/don-addon-5-rgb#primaryimage"},"thumbnailUrl":"https:\/\/riverdi.com\/wp-content\/uploads\/2024\/04\/Don-Addon5-1-1.webp","datePublished":"2021-11-17T11:11:55+00:00","description":"Eine Zusatzplatine ist ein Ger\u00e4t, das die notwendige Umgebung f\u00fcr ein TFT-Display bereitstellt, um Bilder vom Riverdi STM32 Evaluation Board anzuzeigen.","breadcrumb":{"@id":"https:\/\/riverdi.com\/de\/product\/don-addon-5-rgb#breadcrumb"},"inLanguage":"de","potentialAction":[{"@type":"ReadAction","target":["https:\/\/riverdi.com\/de\/product\/don-addon-5-rgb"]}]},{"@type":"ImageObject","inLanguage":"de","@id":"https:\/\/riverdi.com\/de\/product\/don-addon-5-rgb#primaryimage","url":"https:\/\/riverdi.com\/wp-content\/uploads\/2024\/04\/Don-Addon5-1-1.webp","contentUrl":"https:\/\/riverdi.com\/wp-content\/uploads\/2024\/04\/Don-Addon5-1-1.webp","width":1293,"height":889},{"@type":"BreadcrumbList","@id":"https:\/\/riverdi.com\/de\/product\/don-addon-5-rgb#breadcrumb","itemListElement":[{"@type":"ListItem","position":1,"name":"Front Page","item":"https:\/\/riverdi.com\/de\/titelblatt"},{"@type":"ListItem","position":2,"name":"Shop","item":"https:\/\/riverdi.com\/de\/shop"},{"@type":"ListItem","position":3,"name":"Don Addon 5 RGB"}]},{"@type":"WebSite","@id":"https:\/\/riverdi.com\/de#website","url":"https:\/\/riverdi.com\/de","name":"Riverdi","description":"Global TFT LCD Manufacturer","potentialAction":[{"@type":"SearchAction","target":{"@type":"EntryPoint","urlTemplate":"https:\/\/riverdi.com\/de?s={search_term_string}"},"query-input":{"@type":"PropertyValueSpecification","valueRequired":true,"valueName":"search_term_string"}}],"inLanguage":"de"}]}},"_links":{"self":[{"href":"https:\/\/riverdi.com\/de\/wp-json\/wp\/v2\/product\/117805","targetHints":{"allow":["GET"]}}],"collection":[{"href":"https:\/\/riverdi.com\/de\/wp-json\/wp\/v2\/product"}],"about":[{"href":"https:\/\/riverdi.com\/de\/wp-json\/wp\/v2\/types\/product"}],"replies":[{"embeddable":true,"href":"https:\/\/riverdi.com\/de\/wp-json\/wp\/v2\/comments?post=117805"}],"wp:featuredmedia":[{"embeddable":true,"href":"https:\/\/riverdi.com\/de\/wp-json\/wp\/v2\/media\/104161"}],"wp:attachment":[{"href":"https:\/\/riverdi.com\/de\/wp-json\/wp\/v2\/media?parent=117805"}],"wp:term":[{"taxonomy":"product_brand","embeddable":true,"href":"https:\/\/riverdi.com\/de\/wp-json\/wp\/v2\/product_brand?post=117805"},{"taxonomy":"product_cat","embeddable":true,"href":"https:\/\/riverdi.com\/de\/wp-json\/wp\/v2\/product_cat?post=117805"},{"taxonomy":"product_tag","embeddable":true,"href":"https:\/\/riverdi.com\/de\/wp-json\/wp\/v2\/product_tag?post=117805"}],"curies":[{"name":"wp","href":"https:\/\/api.w.org\/{rel}","templated":true}]}}