{"id":115789,"date":"2022-05-09T10:53:05","date_gmt":"2022-05-09T08:53:05","guid":{"rendered":"http:\/\/riverdi.com\/product\/7-zoll-lcd-bildschirm-kapazitiv-beruehrungsempfindliches-panel-luftklebend-atouch-stm32h7-rvt70hssnwca0\/"},"modified":"2024-10-01T14:47:18","modified_gmt":"2024-10-01T12:47:18","slug":"7-zoll-lcd-bildschirm-kapazitiv-beruhrungsempfindliches-panel-luftklebend-atouch-stm32h7-rvt70hssnwca0","status":"publish","type":"product","link":"https:\/\/riverdi.com\/de\/product\/7-zoll-lcd-bildschirm-kapazitiv-beruhrungsempfindliches-panel-luftklebend-atouch-stm32h7-rvt70hssnwca0","title":{"rendered":"STM32 Embedded Display &#8211; Kapazitives Touchpanel &#8211; Luftklebend &#8211; 7-Zoll-TFT-LCD-Bildschirm &#8211; RVT70HSSNWCA0"},"content":{"rendered":"<p>entfernen Sie dies nicht<\/p>\n","protected":false},"excerpt":{"rendered":"<p>Das Stromversorgungskabel <a href=\"https:\/\/riverdi.com\/product\/rva-0106m-1-25ff-1\/\">RVA-0106M-1.25FF-1<\/a> und das ST-LINK\/V2 SWD-Programmierkabel <a href=\"https:\/\/riverdi.com\/product\/rva-swd-06m-c100\/\">RVA-SWD-06M-C100<\/a> <strong>sind als kostenloses Zubeh\u00f6r im Einzelpaket enthalten<\/strong>. <strong>Hauptmerkmale:<\/strong><\/p>\n<ul>\n<li>7,0&#8220; TFT-Display<\/li>\n<li>1024x600px Aufl\u00f6sung<\/li>\n<li>Hohe Helligkeit <sup>800cd\/m2<\/sup><\/li>\n<li>Volle Betrachtungswinkel (IPS)<\/li>\n<li><strong>STM32H757XIH6 (2MB Flash, 1MB RAM) Mikrocontroller<\/strong><\/li>\n<li>Alle STM32H7 Schnittstellen<\/li>\n<li>Industrieller projizierter kapazitiver Touchscreen<\/li>\n<li>Schwarzes dekoratives Deckglas<\/li>\n<li>Hohe Qualit\u00e4t &#8211; keine schlechten Pixel<\/li>\n<li>64MB QSPI<\/li>\n<li>8MB SDRAM<\/li>\n<li>Direkte Unterst\u00fctzung von TouchGFX<\/li>\n<li>Stromversorgung: 6V-48V<\/li>\n<\/ul>\n","protected":false},"featured_media":104234,"comment_status":"closed","ping_status":"closed","template":"","meta":{"_acf_changed":false,"content-type":"","inline_featured_image":false},"product_brand":[],"product_cat":[4788,4787,3174],"product_tag":[3175],"class_list":{"0":"post-115789","1":"product","2":"type-product","3":"status-publish","4":"has-post-thumbnail","6":"product_cat-7-zoll-lcd-displays","7":"product_cat-lcd-anzeige","8":"product_cat-stm32-embedded-displays-de","9":"product_tag-stm32h7-de","11":"first","12":"instock","13":"taxable","14":"shipping-taxable","15":"purchasable","16":"product-type-simple"},"acf":[],"yoast_head":"<!-- This site is optimized with the Yoast SEO plugin v27.0 - https:\/\/yoast.com\/product\/yoast-seo-wordpress\/ -->\n<title>STM32 Embedded Display - Kapazitives Touchpanel - Luftklebend - 7-Zoll-TFT-LCD-Bildschirm - RVT70HSSNWCA0 - Riverdi<\/title>\n<meta name=\"description\" content=\"Die STM32 Embedded Display Serie von Riverdi sind derzeit die h\u00f6chstaufl\u00f6senden (1280\u00d7800 Pixel) Displays mit STM32H757XIH6 auf dem Markt.\" \/>\n<meta name=\"robots\" content=\"index, follow, max-snippet:-1, max-image-preview:large, max-video-preview:-1\" \/>\n<link rel=\"canonical\" href=\"https:\/\/riverdi.com\/de\/product\/7-zoll-lcd-bildschirm-kapazitiv-beruhrungsempfindliches-panel-luftklebend-atouch-stm32h7-rvt70hssnwca0\" \/>\n<meta property=\"og:locale\" content=\"de_DE\" \/>\n<meta property=\"og:type\" content=\"article\" \/>\n<meta property=\"og:title\" content=\"STM32 Embedded Display - Kapazitives Touchpanel - Luftklebend - 7-Zoll-TFT-LCD-Bildschirm - RVT70HSSNWCA0 - Riverdi\" \/>\n<meta property=\"og:description\" content=\"Die STM32 Embedded Display Serie von Riverdi sind derzeit die h\u00f6chstaufl\u00f6senden (1280\u00d7800 Pixel) Displays mit STM32H757XIH6 auf dem Markt.\" \/>\n<meta property=\"og:url\" content=\"https:\/\/riverdi.com\/de\/product\/7-zoll-lcd-bildschirm-kapazitiv-beruhrungsempfindliches-panel-luftklebend-atouch-stm32h7-rvt70hssnwca0\" \/>\n<meta property=\"og:site_name\" content=\"Riverdi\" \/>\n<meta property=\"article:publisher\" content=\"https:\/\/www.facebook.com\/riverdi.displays\/\" \/>\n<meta property=\"article:modified_time\" content=\"2024-10-01T12:47:18+00:00\" \/>\n<meta property=\"og:image\" content=\"https:\/\/riverdi.com\/wp-content\/uploads\/2024\/04\/RVT70HSSNWCA0.webp\" \/>\n\t<meta property=\"og:image:width\" content=\"1293\" \/>\n\t<meta property=\"og:image:height\" content=\"889\" \/>\n\t<meta property=\"og:image:type\" content=\"image\/webp\" \/>\n<meta name=\"twitter:card\" content=\"summary_large_image\" \/>\n<meta name=\"twitter:site\" content=\"@riverdidisplays\" \/>\n<script type=\"application\/ld+json\" class=\"yoast-schema-graph\">{\"@context\":\"https:\/\/schema.org\",\"@graph\":[{\"@type\":\"WebPage\",\"@id\":\"https:\/\/riverdi.com\/de\/product\/7-zoll-lcd-bildschirm-kapazitiv-beruhrungsempfindliches-panel-luftklebend-atouch-stm32h7-rvt70hssnwca0\",\"url\":\"https:\/\/riverdi.com\/de\/product\/7-zoll-lcd-bildschirm-kapazitiv-beruhrungsempfindliches-panel-luftklebend-atouch-stm32h7-rvt70hssnwca0\",\"name\":\"STM32 Embedded Display - Kapazitives Touchpanel - Luftklebend - 7-Zoll-TFT-LCD-Bildschirm - RVT70HSSNWCA0 - Riverdi\",\"isPartOf\":{\"@id\":\"https:\/\/riverdi.com\/de#website\"},\"primaryImageOfPage\":{\"@id\":\"https:\/\/riverdi.com\/de\/product\/7-zoll-lcd-bildschirm-kapazitiv-beruhrungsempfindliches-panel-luftklebend-atouch-stm32h7-rvt70hssnwca0#primaryimage\"},\"image\":{\"@id\":\"https:\/\/riverdi.com\/de\/product\/7-zoll-lcd-bildschirm-kapazitiv-beruhrungsempfindliches-panel-luftklebend-atouch-stm32h7-rvt70hssnwca0#primaryimage\"},\"thumbnailUrl\":\"https:\/\/riverdi.com\/wp-content\/uploads\/2024\/04\/RVT70HSSNWCA0.webp\",\"datePublished\":\"2022-05-09T08:53:05+00:00\",\"dateModified\":\"2024-10-01T12:47:18+00:00\",\"description\":\"Die STM32 Embedded Display Serie von Riverdi sind derzeit die h\u00f6chstaufl\u00f6senden (1280\u00d7800 Pixel) Displays mit STM32H757XIH6 auf dem Markt.\",\"breadcrumb\":{\"@id\":\"https:\/\/riverdi.com\/de\/product\/7-zoll-lcd-bildschirm-kapazitiv-beruhrungsempfindliches-panel-luftklebend-atouch-stm32h7-rvt70hssnwca0#breadcrumb\"},\"inLanguage\":\"de\",\"potentialAction\":[{\"@type\":\"ReadAction\",\"target\":[\"https:\/\/riverdi.com\/de\/product\/7-zoll-lcd-bildschirm-kapazitiv-beruhrungsempfindliches-panel-luftklebend-atouch-stm32h7-rvt70hssnwca0\"]}]},{\"@type\":\"ImageObject\",\"inLanguage\":\"de\",\"@id\":\"https:\/\/riverdi.com\/de\/product\/7-zoll-lcd-bildschirm-kapazitiv-beruhrungsempfindliches-panel-luftklebend-atouch-stm32h7-rvt70hssnwca0#primaryimage\",\"url\":\"https:\/\/riverdi.com\/wp-content\/uploads\/2024\/04\/RVT70HSSNWCA0.webp\",\"contentUrl\":\"https:\/\/riverdi.com\/wp-content\/uploads\/2024\/04\/RVT70HSSNWCA0.webp\",\"width\":1293,\"height\":889,\"caption\":\"RVT70HSSNWCA0\"},{\"@type\":\"BreadcrumbList\",\"@id\":\"https:\/\/riverdi.com\/de\/product\/7-zoll-lcd-bildschirm-kapazitiv-beruhrungsempfindliches-panel-luftklebend-atouch-stm32h7-rvt70hssnwca0#breadcrumb\",\"itemListElement\":[{\"@type\":\"ListItem\",\"position\":1,\"name\":\"Front Page\",\"item\":\"https:\/\/riverdi.com\/de\/titelblatt\"},{\"@type\":\"ListItem\",\"position\":2,\"name\":\"Shop\",\"item\":\"https:\/\/riverdi.com\/de\/shop\"},{\"@type\":\"ListItem\",\"position\":3,\"name\":\"STM32 Embedded Display &#8211; Kapazitives Touchpanel &#8211; Luftklebend &#8211; 7-Zoll-TFT-LCD-Bildschirm &#8211; RVT70HSSNWCA0\"}]},{\"@type\":\"WebSite\",\"@id\":\"https:\/\/riverdi.com\/de#website\",\"url\":\"https:\/\/riverdi.com\/de\",\"name\":\"Riverdi\",\"description\":\"Global TFT LCD Manufacturer\",\"potentialAction\":[{\"@type\":\"SearchAction\",\"target\":{\"@type\":\"EntryPoint\",\"urlTemplate\":\"https:\/\/riverdi.com\/de?s={search_term_string}\"},\"query-input\":{\"@type\":\"PropertyValueSpecification\",\"valueRequired\":true,\"valueName\":\"search_term_string\"}}],\"inLanguage\":\"de\"}]}<\/script>\n<!-- \/ Yoast SEO plugin. -->","yoast_head_json":{"title":"STM32 Embedded Display - Kapazitives Touchpanel - Luftklebend - 7-Zoll-TFT-LCD-Bildschirm - RVT70HSSNWCA0 - Riverdi","description":"Die STM32 Embedded Display Serie von Riverdi sind derzeit die h\u00f6chstaufl\u00f6senden (1280\u00d7800 Pixel) Displays mit STM32H757XIH6 auf dem Markt.","robots":{"index":"index","follow":"follow","max-snippet":"max-snippet:-1","max-image-preview":"max-image-preview:large","max-video-preview":"max-video-preview:-1"},"canonical":"https:\/\/riverdi.com\/de\/product\/7-zoll-lcd-bildschirm-kapazitiv-beruhrungsempfindliches-panel-luftklebend-atouch-stm32h7-rvt70hssnwca0","og_locale":"de_DE","og_type":"article","og_title":"STM32 Embedded Display - Kapazitives Touchpanel - Luftklebend - 7-Zoll-TFT-LCD-Bildschirm - RVT70HSSNWCA0 - Riverdi","og_description":"Die STM32 Embedded Display Serie von Riverdi sind derzeit die h\u00f6chstaufl\u00f6senden (1280\u00d7800 Pixel) Displays mit STM32H757XIH6 auf dem Markt.","og_url":"https:\/\/riverdi.com\/de\/product\/7-zoll-lcd-bildschirm-kapazitiv-beruhrungsempfindliches-panel-luftklebend-atouch-stm32h7-rvt70hssnwca0","og_site_name":"Riverdi","article_publisher":"https:\/\/www.facebook.com\/riverdi.displays\/","article_modified_time":"2024-10-01T12:47:18+00:00","og_image":[{"width":1293,"height":889,"url":"https:\/\/riverdi.com\/wp-content\/uploads\/2024\/04\/RVT70HSSNWCA0.webp","type":"image\/webp"}],"twitter_card":"summary_large_image","twitter_site":"@riverdidisplays","schema":{"@context":"https:\/\/schema.org","@graph":[{"@type":"WebPage","@id":"https:\/\/riverdi.com\/de\/product\/7-zoll-lcd-bildschirm-kapazitiv-beruhrungsempfindliches-panel-luftklebend-atouch-stm32h7-rvt70hssnwca0","url":"https:\/\/riverdi.com\/de\/product\/7-zoll-lcd-bildschirm-kapazitiv-beruhrungsempfindliches-panel-luftklebend-atouch-stm32h7-rvt70hssnwca0","name":"STM32 Embedded Display - Kapazitives Touchpanel - Luftklebend - 7-Zoll-TFT-LCD-Bildschirm - RVT70HSSNWCA0 - Riverdi","isPartOf":{"@id":"https:\/\/riverdi.com\/de#website"},"primaryImageOfPage":{"@id":"https:\/\/riverdi.com\/de\/product\/7-zoll-lcd-bildschirm-kapazitiv-beruhrungsempfindliches-panel-luftklebend-atouch-stm32h7-rvt70hssnwca0#primaryimage"},"image":{"@id":"https:\/\/riverdi.com\/de\/product\/7-zoll-lcd-bildschirm-kapazitiv-beruhrungsempfindliches-panel-luftklebend-atouch-stm32h7-rvt70hssnwca0#primaryimage"},"thumbnailUrl":"https:\/\/riverdi.com\/wp-content\/uploads\/2024\/04\/RVT70HSSNWCA0.webp","datePublished":"2022-05-09T08:53:05+00:00","dateModified":"2024-10-01T12:47:18+00:00","description":"Die STM32 Embedded Display Serie von Riverdi sind derzeit die h\u00f6chstaufl\u00f6senden (1280\u00d7800 Pixel) Displays mit STM32H757XIH6 auf dem Markt.","breadcrumb":{"@id":"https:\/\/riverdi.com\/de\/product\/7-zoll-lcd-bildschirm-kapazitiv-beruhrungsempfindliches-panel-luftklebend-atouch-stm32h7-rvt70hssnwca0#breadcrumb"},"inLanguage":"de","potentialAction":[{"@type":"ReadAction","target":["https:\/\/riverdi.com\/de\/product\/7-zoll-lcd-bildschirm-kapazitiv-beruhrungsempfindliches-panel-luftklebend-atouch-stm32h7-rvt70hssnwca0"]}]},{"@type":"ImageObject","inLanguage":"de","@id":"https:\/\/riverdi.com\/de\/product\/7-zoll-lcd-bildschirm-kapazitiv-beruhrungsempfindliches-panel-luftklebend-atouch-stm32h7-rvt70hssnwca0#primaryimage","url":"https:\/\/riverdi.com\/wp-content\/uploads\/2024\/04\/RVT70HSSNWCA0.webp","contentUrl":"https:\/\/riverdi.com\/wp-content\/uploads\/2024\/04\/RVT70HSSNWCA0.webp","width":1293,"height":889,"caption":"RVT70HSSNWCA0"},{"@type":"BreadcrumbList","@id":"https:\/\/riverdi.com\/de\/product\/7-zoll-lcd-bildschirm-kapazitiv-beruhrungsempfindliches-panel-luftklebend-atouch-stm32h7-rvt70hssnwca0#breadcrumb","itemListElement":[{"@type":"ListItem","position":1,"name":"Front Page","item":"https:\/\/riverdi.com\/de\/titelblatt"},{"@type":"ListItem","position":2,"name":"Shop","item":"https:\/\/riverdi.com\/de\/shop"},{"@type":"ListItem","position":3,"name":"STM32 Embedded Display &#8211; Kapazitives Touchpanel &#8211; Luftklebend &#8211; 7-Zoll-TFT-LCD-Bildschirm &#8211; RVT70HSSNWCA0"}]},{"@type":"WebSite","@id":"https:\/\/riverdi.com\/de#website","url":"https:\/\/riverdi.com\/de","name":"Riverdi","description":"Global TFT LCD Manufacturer","potentialAction":[{"@type":"SearchAction","target":{"@type":"EntryPoint","urlTemplate":"https:\/\/riverdi.com\/de?s={search_term_string}"},"query-input":{"@type":"PropertyValueSpecification","valueRequired":true,"valueName":"search_term_string"}}],"inLanguage":"de"}]}},"_links":{"self":[{"href":"https:\/\/riverdi.com\/de\/wp-json\/wp\/v2\/product\/115789","targetHints":{"allow":["GET"]}}],"collection":[{"href":"https:\/\/riverdi.com\/de\/wp-json\/wp\/v2\/product"}],"about":[{"href":"https:\/\/riverdi.com\/de\/wp-json\/wp\/v2\/types\/product"}],"replies":[{"embeddable":true,"href":"https:\/\/riverdi.com\/de\/wp-json\/wp\/v2\/comments?post=115789"}],"wp:featuredmedia":[{"embeddable":true,"href":"https:\/\/riverdi.com\/de\/wp-json\/wp\/v2\/media\/104234"}],"wp:attachment":[{"href":"https:\/\/riverdi.com\/de\/wp-json\/wp\/v2\/media?parent=115789"}],"wp:term":[{"taxonomy":"product_brand","embeddable":true,"href":"https:\/\/riverdi.com\/de\/wp-json\/wp\/v2\/product_brand?post=115789"},{"taxonomy":"product_cat","embeddable":true,"href":"https:\/\/riverdi.com\/de\/wp-json\/wp\/v2\/product_cat?post=115789"},{"taxonomy":"product_tag","embeddable":true,"href":"https:\/\/riverdi.com\/de\/wp-json\/wp\/v2\/product_tag?post=115789"}],"curies":[{"name":"wp","href":"https:\/\/api.w.org\/{rel}","templated":true}]}}