{"id":115613,"date":"2024-04-03T10:49:49","date_gmt":"2024-04-03T08:49:49","guid":{"rendered":"http:\/\/riverdi.com\/product\/hdmi-display-rvt121hvhnwca0-b\/"},"modified":"2026-01-06T18:06:07","modified_gmt":"2026-01-06T17:06:07","slug":"hdmi-display-rvt121hvhnwca0-b","status":"publish","type":"product","link":"https:\/\/riverdi.com\/de\/product\/hdmi-display-rvt121hvhnwca0-b","title":{"rendered":"Plug-and-Play-Display 12,1\u2033 TFT LCD 1280x800px, HDMI-Schnittstelle + Kapazitiver Touchscreen \u2013 RVT121HVHNWCA0-B"},"content":{"rendered":"<p>entfernen Sie dies nicht<\/p>\n","protected":false},"excerpt":{"rendered":"<p><strong>Hauptmerkmale:<\/strong><\/p>\n<ul>\n<li>12,1-Zoll-TFT-Bildschirm<\/li>\n<li>1280x800px Aufl\u00f6sung<\/li>\n<li>Hohe Helligkeit <sup>800cd\/m2<\/sup><\/li>\n<li>Volle Betrachtungswinkel (IPS)<\/li>\n<li>Optisches Bonding<\/li>\n<li>Industrieller projizierter kapazitiver Touchscreen<\/li>\n<li><strong>Plug-and-Play-HDMI-Schnittstelle <\/strong>(kompatibel mit PC und SBC)<\/li>\n<li><strong>Plug-and-Play-USB-C-Schnittstelle<\/strong> f\u00fcr Touch-Steuerung<\/li>\n<li>Unterst\u00fctzt interne und externe PWM-Steuerung der Hintergrundbeleuchtung<\/li>\n<li>Multifunktionales OSD-Men\u00fc f\u00fcr Helligkeit, Kontrast und S\u00e4ttigung.<\/li>\n<li>DC-Netzanschluss 7,0V-14,0V<\/li>\n<\/ul>\n","protected":false},"featured_media":103475,"comment_status":"closed","ping_status":"closed","template":"","meta":{"_acf_changed":false,"content-type":"","inline_featured_image":false},"product_brand":[],"product_cat":[4888,4848,3241,4810,4787,4832,4866,4786,4809],"product_tag":[3257,3242,3243,3244,3245,3250,3255],"class_list":{"0":"post-115613","1":"product","2":"type-product","3":"status-publish","4":"has-post-thumbnail","6":"product_cat-121-zoll-lcd-displays","7":"product_cat-alle-anzeigen","8":"product_cat-hdmi-anzeigen","9":"product_cat-kapazitive-touchscreen-displays","10":"product_cat-lcd-anzeige","11":"product_cat-plug-and-play-displays-de","12":"product_cat-schnittstelle","13":"product_cat-tft-display-de","14":"product_cat-touchscreen-displays-de","15":"product_tag-atouch-de","16":"product_tag-hdmi-de","17":"product_tag-hohe-helligkeit","18":"product_tag-ips-de","19":"product_tag-pcap-de","20":"product_tag-tft-display-de","21":"product_tag-usb-c-de","23":"first","24":"instock","25":"taxable","26":"shipping-taxable","27":"purchasable","28":"product-type-simple"},"acf":[],"yoast_head":"<!-- This site is optimized with the Yoast SEO plugin v27.0 - https:\/\/yoast.com\/product\/yoast-seo-wordpress\/ -->\n<title>Plug-and-Play-Display 12,1\u2033 TFT LCD 1280x800px, HDMI-Schnittstelle + Kapazitiver Touchscreen \u2013 RVT121HVHNWCA0-B | Riverdi<\/title>\n<meta name=\"description\" content=\"Plug-and-Play-Display 12,1\u2033 TFT LCD Display 1280x800px Aufl\u00f6sung, sonnenlichtlesbar 850cd\/m\u00b2 mit Optical Bonding \u2013 HDMI-Schnittstelle kompatibel mit PC und SBC sowie USB-C-Schnittstelle f\u00fcr die Touch-Steuerung, IPS volle Betrachtungswinkel \u2013 Modell SM-RVT121HVHNWCA0-B\" \/>\n<meta name=\"robots\" content=\"index, follow, max-snippet:-1, max-image-preview:large, max-video-preview:-1\" \/>\n<link rel=\"canonical\" href=\"https:\/\/riverdi.com\/de\/product\/hdmi-display-rvt121hvhnwca0-b\" \/>\n<meta property=\"og:locale\" content=\"de_DE\" \/>\n<meta property=\"og:type\" content=\"article\" \/>\n<meta property=\"og:title\" content=\"Plug-and-Play-Display 12,1\u2033 TFT LCD 1280x800px, HDMI-Schnittstelle + Kapazitiver Touchscreen \u2013 RVT121HVHNWCA0-B | Riverdi\" \/>\n<meta property=\"og:description\" content=\"Plug-and-Play-Display 12,1\u2033 TFT LCD Display 1280x800px Aufl\u00f6sung, sonnenlichtlesbar 850cd\/m\u00b2 mit Optical Bonding \u2013 HDMI-Schnittstelle kompatibel mit PC und SBC sowie USB-C-Schnittstelle f\u00fcr die Touch-Steuerung, IPS volle Betrachtungswinkel \u2013 Modell SM-RVT121HVHNWCA0-B\" \/>\n<meta property=\"og:url\" content=\"https:\/\/riverdi.com\/de\/product\/hdmi-display-rvt121hvhnwca0-b\" \/>\n<meta property=\"og:site_name\" content=\"Riverdi\" \/>\n<meta property=\"article:publisher\" content=\"https:\/\/www.facebook.com\/riverdi.displays\/\" \/>\n<meta property=\"article:modified_time\" content=\"2026-01-06T17:06:07+00:00\" \/>\n<meta property=\"og:image\" content=\"https:\/\/riverdi.com\/wp-content\/uploads\/2024\/04\/RVT121HVHNWCA0-B.webp\" \/>\n\t<meta property=\"og:image:width\" content=\"1293\" \/>\n\t<meta property=\"og:image:height\" content=\"889\" \/>\n\t<meta property=\"og:image:type\" content=\"image\/webp\" \/>\n<meta name=\"twitter:card\" content=\"summary_large_image\" \/>\n<meta name=\"twitter:site\" content=\"@riverdidisplays\" \/>\n<meta name=\"twitter:label1\" content=\"Gesch\u00e4tzte Lesezeit\" \/>\n\t<meta name=\"twitter:data1\" content=\"1\u00a0Minute\" \/>\n<script type=\"application\/ld+json\" class=\"yoast-schema-graph\">{\"@context\":\"https:\/\/schema.org\",\"@graph\":[{\"@type\":\"WebPage\",\"@id\":\"https:\/\/riverdi.com\/de\/product\/hdmi-display-rvt121hvhnwca0-b\",\"url\":\"https:\/\/riverdi.com\/de\/product\/hdmi-display-rvt121hvhnwca0-b\",\"name\":\"Plug-and-Play-Display 12,1\u2033 TFT LCD 1280x800px, HDMI-Schnittstelle + Kapazitiver Touchscreen \u2013 RVT121HVHNWCA0-B | Riverdi\",\"isPartOf\":{\"@id\":\"https:\/\/riverdi.com\/de#website\"},\"primaryImageOfPage\":{\"@id\":\"https:\/\/riverdi.com\/de\/product\/hdmi-display-rvt121hvhnwca0-b#primaryimage\"},\"image\":{\"@id\":\"https:\/\/riverdi.com\/de\/product\/hdmi-display-rvt121hvhnwca0-b#primaryimage\"},\"thumbnailUrl\":\"https:\/\/riverdi.com\/wp-content\/uploads\/2024\/04\/RVT121HVHNWCA0-B.webp\",\"datePublished\":\"2024-04-03T08:49:49+00:00\",\"dateModified\":\"2026-01-06T17:06:07+00:00\",\"description\":\"Plug-and-Play-Display 12,1\u2033 TFT LCD Display 1280x800px Aufl\u00f6sung, sonnenlichtlesbar 850cd\/m\u00b2 mit Optical Bonding \u2013 HDMI-Schnittstelle kompatibel mit PC und SBC sowie USB-C-Schnittstelle f\u00fcr die Touch-Steuerung, IPS volle Betrachtungswinkel \u2013 Modell SM-RVT121HVHNWCA0-B\",\"breadcrumb\":{\"@id\":\"https:\/\/riverdi.com\/de\/product\/hdmi-display-rvt121hvhnwca0-b#breadcrumb\"},\"inLanguage\":\"de\",\"potentialAction\":[{\"@type\":\"ReadAction\",\"target\":[\"https:\/\/riverdi.com\/de\/product\/hdmi-display-rvt121hvhnwca0-b\"]}]},{\"@type\":\"ImageObject\",\"inLanguage\":\"de\",\"@id\":\"https:\/\/riverdi.com\/de\/product\/hdmi-display-rvt121hvhnwca0-b#primaryimage\",\"url\":\"https:\/\/riverdi.com\/wp-content\/uploads\/2024\/04\/RVT121HVHNWCA0-B.webp\",\"contentUrl\":\"https:\/\/riverdi.com\/wp-content\/uploads\/2024\/04\/RVT121HVHNWCA0-B.webp\",\"width\":1293,\"height\":889},{\"@type\":\"BreadcrumbList\",\"@id\":\"https:\/\/riverdi.com\/de\/product\/hdmi-display-rvt121hvhnwca0-b#breadcrumb\",\"itemListElement\":[{\"@type\":\"ListItem\",\"position\":1,\"name\":\"Front Page\",\"item\":\"https:\/\/riverdi.com\/de\/titelblatt\"},{\"@type\":\"ListItem\",\"position\":2,\"name\":\"Shop\",\"item\":\"https:\/\/riverdi.com\/de\/shop\"},{\"@type\":\"ListItem\",\"position\":3,\"name\":\"Plug-and-Play-Display 12,1\u2033 TFT LCD 1280x800px, HDMI-Schnittstelle + Kapazitiver Touchscreen \u2013 RVT121HVHNWCA0-B\"}]},{\"@type\":\"WebSite\",\"@id\":\"https:\/\/riverdi.com\/de#website\",\"url\":\"https:\/\/riverdi.com\/de\",\"name\":\"Riverdi\",\"description\":\"Global TFT LCD Manufacturer\",\"potentialAction\":[{\"@type\":\"SearchAction\",\"target\":{\"@type\":\"EntryPoint\",\"urlTemplate\":\"https:\/\/riverdi.com\/de?s={search_term_string}\"},\"query-input\":{\"@type\":\"PropertyValueSpecification\",\"valueRequired\":true,\"valueName\":\"search_term_string\"}}],\"inLanguage\":\"de\"}]}<\/script>\n<!-- \/ Yoast SEO plugin. -->","yoast_head_json":{"title":"Plug-and-Play-Display 12,1\u2033 TFT LCD 1280x800px, HDMI-Schnittstelle + Kapazitiver Touchscreen \u2013 RVT121HVHNWCA0-B | Riverdi","description":"Plug-and-Play-Display 12,1\u2033 TFT LCD Display 1280x800px Aufl\u00f6sung, sonnenlichtlesbar 850cd\/m\u00b2 mit Optical Bonding \u2013 HDMI-Schnittstelle kompatibel mit PC und SBC sowie USB-C-Schnittstelle f\u00fcr die Touch-Steuerung, IPS volle Betrachtungswinkel \u2013 Modell SM-RVT121HVHNWCA0-B","robots":{"index":"index","follow":"follow","max-snippet":"max-snippet:-1","max-image-preview":"max-image-preview:large","max-video-preview":"max-video-preview:-1"},"canonical":"https:\/\/riverdi.com\/de\/product\/hdmi-display-rvt121hvhnwca0-b","og_locale":"de_DE","og_type":"article","og_title":"Plug-and-Play-Display 12,1\u2033 TFT LCD 1280x800px, HDMI-Schnittstelle + Kapazitiver Touchscreen \u2013 RVT121HVHNWCA0-B | Riverdi","og_description":"Plug-and-Play-Display 12,1\u2033 TFT LCD Display 1280x800px Aufl\u00f6sung, sonnenlichtlesbar 850cd\/m\u00b2 mit Optical Bonding \u2013 HDMI-Schnittstelle kompatibel mit PC und SBC sowie USB-C-Schnittstelle f\u00fcr die Touch-Steuerung, IPS volle Betrachtungswinkel \u2013 Modell SM-RVT121HVHNWCA0-B","og_url":"https:\/\/riverdi.com\/de\/product\/hdmi-display-rvt121hvhnwca0-b","og_site_name":"Riverdi","article_publisher":"https:\/\/www.facebook.com\/riverdi.displays\/","article_modified_time":"2026-01-06T17:06:07+00:00","og_image":[{"width":1293,"height":889,"url":"https:\/\/riverdi.com\/wp-content\/uploads\/2024\/04\/RVT121HVHNWCA0-B.webp","type":"image\/webp"}],"twitter_card":"summary_large_image","twitter_site":"@riverdidisplays","twitter_misc":{"Gesch\u00e4tzte Lesezeit":"1\u00a0Minute"},"schema":{"@context":"https:\/\/schema.org","@graph":[{"@type":"WebPage","@id":"https:\/\/riverdi.com\/de\/product\/hdmi-display-rvt121hvhnwca0-b","url":"https:\/\/riverdi.com\/de\/product\/hdmi-display-rvt121hvhnwca0-b","name":"Plug-and-Play-Display 12,1\u2033 TFT LCD 1280x800px, HDMI-Schnittstelle + Kapazitiver Touchscreen \u2013 RVT121HVHNWCA0-B | Riverdi","isPartOf":{"@id":"https:\/\/riverdi.com\/de#website"},"primaryImageOfPage":{"@id":"https:\/\/riverdi.com\/de\/product\/hdmi-display-rvt121hvhnwca0-b#primaryimage"},"image":{"@id":"https:\/\/riverdi.com\/de\/product\/hdmi-display-rvt121hvhnwca0-b#primaryimage"},"thumbnailUrl":"https:\/\/riverdi.com\/wp-content\/uploads\/2024\/04\/RVT121HVHNWCA0-B.webp","datePublished":"2024-04-03T08:49:49+00:00","dateModified":"2026-01-06T17:06:07+00:00","description":"Plug-and-Play-Display 12,1\u2033 TFT LCD Display 1280x800px Aufl\u00f6sung, sonnenlichtlesbar 850cd\/m\u00b2 mit Optical Bonding \u2013 HDMI-Schnittstelle kompatibel mit PC und SBC sowie USB-C-Schnittstelle f\u00fcr die Touch-Steuerung, IPS volle Betrachtungswinkel \u2013 Modell SM-RVT121HVHNWCA0-B","breadcrumb":{"@id":"https:\/\/riverdi.com\/de\/product\/hdmi-display-rvt121hvhnwca0-b#breadcrumb"},"inLanguage":"de","potentialAction":[{"@type":"ReadAction","target":["https:\/\/riverdi.com\/de\/product\/hdmi-display-rvt121hvhnwca0-b"]}]},{"@type":"ImageObject","inLanguage":"de","@id":"https:\/\/riverdi.com\/de\/product\/hdmi-display-rvt121hvhnwca0-b#primaryimage","url":"https:\/\/riverdi.com\/wp-content\/uploads\/2024\/04\/RVT121HVHNWCA0-B.webp","contentUrl":"https:\/\/riverdi.com\/wp-content\/uploads\/2024\/04\/RVT121HVHNWCA0-B.webp","width":1293,"height":889},{"@type":"BreadcrumbList","@id":"https:\/\/riverdi.com\/de\/product\/hdmi-display-rvt121hvhnwca0-b#breadcrumb","itemListElement":[{"@type":"ListItem","position":1,"name":"Front Page","item":"https:\/\/riverdi.com\/de\/titelblatt"},{"@type":"ListItem","position":2,"name":"Shop","item":"https:\/\/riverdi.com\/de\/shop"},{"@type":"ListItem","position":3,"name":"Plug-and-Play-Display 12,1\u2033 TFT LCD 1280x800px, HDMI-Schnittstelle + Kapazitiver Touchscreen \u2013 RVT121HVHNWCA0-B"}]},{"@type":"WebSite","@id":"https:\/\/riverdi.com\/de#website","url":"https:\/\/riverdi.com\/de","name":"Riverdi","description":"Global TFT LCD Manufacturer","potentialAction":[{"@type":"SearchAction","target":{"@type":"EntryPoint","urlTemplate":"https:\/\/riverdi.com\/de?s={search_term_string}"},"query-input":{"@type":"PropertyValueSpecification","valueRequired":true,"valueName":"search_term_string"}}],"inLanguage":"de"}]}},"_links":{"self":[{"href":"https:\/\/riverdi.com\/de\/wp-json\/wp\/v2\/product\/115613","targetHints":{"allow":["GET"]}}],"collection":[{"href":"https:\/\/riverdi.com\/de\/wp-json\/wp\/v2\/product"}],"about":[{"href":"https:\/\/riverdi.com\/de\/wp-json\/wp\/v2\/types\/product"}],"replies":[{"embeddable":true,"href":"https:\/\/riverdi.com\/de\/wp-json\/wp\/v2\/comments?post=115613"}],"wp:featuredmedia":[{"embeddable":true,"href":"https:\/\/riverdi.com\/de\/wp-json\/wp\/v2\/media\/103475"}],"wp:attachment":[{"href":"https:\/\/riverdi.com\/de\/wp-json\/wp\/v2\/media?parent=115613"}],"wp:term":[{"taxonomy":"product_brand","embeddable":true,"href":"https:\/\/riverdi.com\/de\/wp-json\/wp\/v2\/product_brand?post=115613"},{"taxonomy":"product_cat","embeddable":true,"href":"https:\/\/riverdi.com\/de\/wp-json\/wp\/v2\/product_cat?post=115613"},{"taxonomy":"product_tag","embeddable":true,"href":"https:\/\/riverdi.com\/de\/wp-json\/wp\/v2\/product_tag?post=115613"}],"curies":[{"name":"wp","href":"https:\/\/api.w.org\/{rel}","templated":true}]}}