{"id":121863,"date":"2024-10-23T13:20:38","date_gmt":"2024-10-23T11:20:38","guid":{"rendered":"https:\/\/riverdi.com\/?page_id=121863"},"modified":"2025-10-09T10:25:51","modified_gmt":"2025-10-09T08:25:51","slug":"whitepaper","status":"publish","type":"page","link":"https:\/\/riverdi.com\/de\/whitepaper","title":{"rendered":"Whitepaper"},"content":{"rendered":"\n<div class=\"whitepaper-wrapper\">\n    <section class=\"whitepaper_s1 vertical-mobile-margin--80\">\n        <div class=\"container-fluid\">\n            <div class=\"whitepaper_s1__content\">\n                <h1>Was erfahren Sie in unserem Whitepaper?<\/h1>\n                <div class=\"whitepaper_s1__cols\">\n                    <div class=\"whitepaper_s1__col whitepaper_s1__col--1\">\n                        <img decoding=\"async\" src=\"https:\/\/riverdi.com\/wp-content\/uploads\/2024\/10\/Perfect_Binding_Brochure_Mockup_5-1.png\" alt=\"Whitepaper\"\/>\n                    <\/div>\n                    <div class=\"whitepaper_s1__col whitepaper_s1__col--2\">\n                        <ul>\n                            <li><strong>Wie Sie h\u00e4ufige Probleme<\/strong> bei der Optimierung von Ber\u00fchrungssensoren <strong>erkennen und beheben k\u00f6nnen<\/strong>.<\/li>\n                            <li><strong>Wichtige Kriterien f\u00fcr die Touch-Leistung<\/strong>, wie z.B. Pr\u00e4zision und Multitouch-F\u00e4higkeiten.<\/li>\n                            <li><strong>Warum Firmware-Tuning<\/strong> f\u00fcr die Verbesserung der Touchscreen-Leistung <strong>unerl\u00e4sslich ist<\/strong>, insbesondere unter schwierigen Bedingungen.<\/li>\n                            <li><strong>Vorteile der Verwendung von Touchscreen-Controllern in Industriequalit\u00e4t.<\/strong><\/li>\n                            <li><strong>Praktische Ratschl\u00e4ge f\u00fcr die Entwicklung<\/strong> zuverl\u00e4ssiger Touchpanels mit hoher Immunit\u00e4t.<\/li>\n                        <\/ul>\n                        <p> <\/p>\n                        <a class=\"cs-button cs-button--orange-2\" href=\"#whitepaper\">Jetzt herunterladen<\/a>\n                    <\/div>\n                <\/div>\n            <\/div>\n        <\/div>\n    <\/section>\n    <section class=\"whitepaper\" id=\"whitepaper\">\n        <div class=\"contact_section vertical-mobile-margin\">\n            <div class=\"container-small\">\n                <div class=\"contact_section__wrapper\">\n                    <div class=\"contact_section__col contact_section__col--1\">\n                        <h2 class=\"heading-1\"><span>Entdecken Sie <br\/>, wie Sie<\/span> den richtigen Touchsensor-IC <span>ausw\u00e4hlen<\/span> <\/h2>\n                        <p>Die industrietauglichen Touchscreens von Riverdi sind so konzipiert, dass sie viele Herausforderungen meistern und eine hohe Leistung und Zuverl\u00e4ssigkeit gew\u00e4hrleisten. Eine ausf\u00fchrliche Anleitung zur Auswahl des idealen Touchsensor-ICs f\u00fcr Ihr Projekt finden Sie in <strong>unserem Whitepaper zum Download.<\/strong> <\/p>\n                    <\/div>\n                    <div class=\"contact_section__col contact_section__col--2\">\n                        <p>\n                        <script charSet=\"utf-8\" type=\"text\/javascript\" src=\"\/\/js-eu1.hsforms.net\/forms\/embed\/v2.js\"><\/script>\n<script>\n    hbspt.forms.create({\n        region: \"eu1\",\n        portalId: \"143725558\",\n        formId: \"06030c3f-ec5a-4110-887c-5ed30204ed2b\",\n        onFormReady: function () {\n            setTimeout(function () {\n                var last_clicked_field = '';\n                jQuery('#hsForm_06030c3f-ec5a-4110-887c-5ed30204ed2b').on('click', function (e) {\n                    if(last_clicked_field == ''){\n                        window.dataLayer = window.dataLayer || [];\n                        window.dataLayer.push({\n                            event: 'form_start',\n                            form_name: 'Whitepaper'\n                        });\n                    }\n                    var inputName = jQuery(e.target).attr('name');\n                    if (inputName !== undefined && inputName.length > 3 && last_clicked_field != inputName) {\n                        window.dataLayer = window.dataLayer || [];\n                        window.dataLayer.push({\n                            event: 'click_form_field',\n                            form_field_name: inputName,\n                            form_name: 'Whitepaper'\n                        });\n                        last_clicked_field = inputName;\n                    }\n                });\n            }, 300);\n        }\n    });\nfunction reportErrors() {\n                        jQuery('#hsForm_06030c3f-ec5a-4110-887c-5ed30204ed2b .hs-form-field').each(function () {\n                            var $field = jQuery(this);\n                            var fieldName = $field.find('.input').find('input, select, textarea').attr('name');\n                            $field.find('.hs-error-msgs li').each(function () {\n                                var errorText = jQuery(this).text().trim();\n                                window.dataLayer = window.dataLayer || [];\n                                var payload = {\n                                    event: 'form_field_error',\n                                    form_name: 'Whitepaper',\n                                    form_field_name: fieldName,\n                                    error_type: 'B\u0142\u0105d walidacji',\n                                    error_message: errorText\n                                };\n                                window.dataLayer.push(payload);\n                            });\n                        });\n                        var otherError = jQuery('.hs_error_rollup').text();\n                        if(otherError.length > 0){\n                            window.dataLayer = window.dataLayer || [];\n                            window.dataLayer.push({\n                                event: 'form_error',\n                                form_name: 'Whitepaper',\n                                error_type: 'Error_Summary',\n                                error_message: otherError\n                            });\n                        }\n                    }\n                    window.addEventListener('message', function (event) {\n                        if (event.data.eventName === 'onFormError') {\n                            setTimeout(reportErrors, 100);\n                        }\n                    });\n<\/script>\n                        <\/p>\n                    <\/div>\n                <\/div>\n            <\/div>\n        <\/div>\n    <\/section>\n<\/div>\n\n\n\n<p><\/p>\n","protected":false},"excerpt":{"rendered":"<p>Was erfahren Sie in unserem Whitepaper? Wie Sie h\u00e4ufige Probleme bei der Optimierung von Ber\u00fchrungssensoren erkennen und beheben k\u00f6nnen. Wichtige Kriterien f\u00fcr die Touch-Leistung, wie z.B. Pr\u00e4zision und Multitouch-F\u00e4higkeiten. Warum Firmware-Tuning f\u00fcr die Verbesserung der Touchscreen-Leistung unerl\u00e4sslich ist, insbesondere unter schwierigen Bedingungen. Vorteile der Verwendung von Touchscreen-Controllern in Industriequalit\u00e4t. Praktische Ratschl\u00e4ge f\u00fcr die Entwicklung zuverl\u00e4ssiger [&hellip;]<\/p>\n","protected":false},"author":19,"featured_media":0,"parent":0,"menu_order":0,"comment_status":"closed","ping_status":"closed","template":"clear-template.php","meta":{"_acf_changed":false,"content-type":"","inline_featured_image":false,"footnotes":""},"class_list":["post-121863","page","type-page","status-publish","hentry"],"acf":[],"yoast_head":"<!-- This site is optimized with the Yoast SEO plugin v27.0 - https:\/\/yoast.com\/product\/yoast-seo-wordpress\/ -->\n<title>Whitepaper - Riverdi<\/title>\n<meta name=\"robots\" content=\"index, follow, max-snippet:-1, max-image-preview:large, max-video-preview:-1\" \/>\n<link rel=\"canonical\" href=\"https:\/\/riverdi.com\/de\/whitepaper\" \/>\n<meta property=\"og:locale\" content=\"de_DE\" \/>\n<meta property=\"og:type\" content=\"article\" \/>\n<meta property=\"og:title\" content=\"Whitepaper - Riverdi\" \/>\n<meta property=\"og:description\" content=\"Was erfahren Sie in unserem Whitepaper? Wie Sie h\u00e4ufige Probleme bei der Optimierung von Ber\u00fchrungssensoren erkennen und beheben k\u00f6nnen. Wichtige Kriterien f\u00fcr die Touch-Leistung, wie z.B. Pr\u00e4zision und Multitouch-F\u00e4higkeiten. Warum Firmware-Tuning f\u00fcr die Verbesserung der Touchscreen-Leistung unerl\u00e4sslich ist, insbesondere unter schwierigen Bedingungen. Vorteile der Verwendung von Touchscreen-Controllern in Industriequalit\u00e4t. Praktische Ratschl\u00e4ge f\u00fcr die Entwicklung zuverl\u00e4ssiger [&hellip;]\" \/>\n<meta property=\"og:url\" content=\"https:\/\/riverdi.com\/de\/whitepaper\" \/>\n<meta property=\"og:site_name\" content=\"Riverdi\" \/>\n<meta property=\"article:publisher\" content=\"https:\/\/www.facebook.com\/riverdi.displays\/\" \/>\n<meta property=\"article:modified_time\" content=\"2025-10-09T08:25:51+00:00\" \/>\n<meta property=\"og:image\" content=\"https:\/\/riverdi.com\/wp-content\/uploads\/2024\/10\/Perfect_Binding_Brochure_Mockup_5-1.png\" \/>\n<meta name=\"twitter:card\" content=\"summary_large_image\" \/>\n<meta name=\"twitter:site\" content=\"@riverdidisplays\" \/>\n<meta name=\"twitter:label1\" content=\"Gesch\u00e4tzte Lesezeit\" \/>\n\t<meta name=\"twitter:data1\" content=\"1\u00a0Minute\" \/>\n<script type=\"application\/ld+json\" class=\"yoast-schema-graph\">{\"@context\":\"https:\/\/schema.org\",\"@graph\":[{\"@type\":\"WebPage\",\"@id\":\"https:\/\/riverdi.com\/de\/whitepaper\",\"url\":\"https:\/\/riverdi.com\/de\/whitepaper\",\"name\":\"Whitepaper - Riverdi\",\"isPartOf\":{\"@id\":\"https:\/\/riverdi.com\/de#website\"},\"primaryImageOfPage\":{\"@id\":\"https:\/\/riverdi.com\/de\/whitepaper#primaryimage\"},\"image\":{\"@id\":\"https:\/\/riverdi.com\/de\/whitepaper#primaryimage\"},\"thumbnailUrl\":\"https:\/\/riverdi.com\/wp-content\/uploads\/2024\/10\/Perfect_Binding_Brochure_Mockup_5-1.png\",\"datePublished\":\"2024-10-23T11:20:38+00:00\",\"dateModified\":\"2025-10-09T08:25:51+00:00\",\"breadcrumb\":{\"@id\":\"https:\/\/riverdi.com\/de\/whitepaper#breadcrumb\"},\"inLanguage\":\"de\",\"potentialAction\":[{\"@type\":\"ReadAction\",\"target\":[\"https:\/\/riverdi.com\/de\/whitepaper\"]}]},{\"@type\":\"ImageObject\",\"inLanguage\":\"de\",\"@id\":\"https:\/\/riverdi.com\/de\/whitepaper#primaryimage\",\"url\":\"https:\/\/riverdi.com\/wp-content\/uploads\/2024\/10\/Perfect_Binding_Brochure_Mockup_5-1.png\",\"contentUrl\":\"https:\/\/riverdi.com\/wp-content\/uploads\/2024\/10\/Perfect_Binding_Brochure_Mockup_5-1.png\"},{\"@type\":\"BreadcrumbList\",\"@id\":\"https:\/\/riverdi.com\/de\/whitepaper#breadcrumb\",\"itemListElement\":[{\"@type\":\"ListItem\",\"position\":1,\"name\":\"Front Page\",\"item\":\"https:\/\/riverdi.com\/de\/titelblatt\"},{\"@type\":\"ListItem\",\"position\":2,\"name\":\"Whitepaper\"}]},{\"@type\":\"WebSite\",\"@id\":\"https:\/\/riverdi.com\/de#website\",\"url\":\"https:\/\/riverdi.com\/de\",\"name\":\"Riverdi\",\"description\":\"Global TFT LCD Manufacturer\",\"potentialAction\":[{\"@type\":\"SearchAction\",\"target\":{\"@type\":\"EntryPoint\",\"urlTemplate\":\"https:\/\/riverdi.com\/de?s={search_term_string}\"},\"query-input\":{\"@type\":\"PropertyValueSpecification\",\"valueRequired\":true,\"valueName\":\"search_term_string\"}}],\"inLanguage\":\"de\"}]}<\/script>\n<!-- \/ Yoast SEO plugin. -->","yoast_head_json":{"title":"Whitepaper - Riverdi","robots":{"index":"index","follow":"follow","max-snippet":"max-snippet:-1","max-image-preview":"max-image-preview:large","max-video-preview":"max-video-preview:-1"},"canonical":"https:\/\/riverdi.com\/de\/whitepaper","og_locale":"de_DE","og_type":"article","og_title":"Whitepaper - Riverdi","og_description":"Was erfahren Sie in unserem Whitepaper? Wie Sie h\u00e4ufige Probleme bei der Optimierung von Ber\u00fchrungssensoren erkennen und beheben k\u00f6nnen. Wichtige Kriterien f\u00fcr die Touch-Leistung, wie z.B. Pr\u00e4zision und Multitouch-F\u00e4higkeiten. Warum Firmware-Tuning f\u00fcr die Verbesserung der Touchscreen-Leistung unerl\u00e4sslich ist, insbesondere unter schwierigen Bedingungen. Vorteile der Verwendung von Touchscreen-Controllern in Industriequalit\u00e4t. Praktische Ratschl\u00e4ge f\u00fcr die Entwicklung zuverl\u00e4ssiger [&hellip;]","og_url":"https:\/\/riverdi.com\/de\/whitepaper","og_site_name":"Riverdi","article_publisher":"https:\/\/www.facebook.com\/riverdi.displays\/","article_modified_time":"2025-10-09T08:25:51+00:00","og_image":[{"url":"https:\/\/riverdi.com\/wp-content\/uploads\/2024\/10\/Perfect_Binding_Brochure_Mockup_5-1.png","type":"","width":"","height":""}],"twitter_card":"summary_large_image","twitter_site":"@riverdidisplays","twitter_misc":{"Gesch\u00e4tzte Lesezeit":"1\u00a0Minute"},"schema":{"@context":"https:\/\/schema.org","@graph":[{"@type":"WebPage","@id":"https:\/\/riverdi.com\/de\/whitepaper","url":"https:\/\/riverdi.com\/de\/whitepaper","name":"Whitepaper - Riverdi","isPartOf":{"@id":"https:\/\/riverdi.com\/de#website"},"primaryImageOfPage":{"@id":"https:\/\/riverdi.com\/de\/whitepaper#primaryimage"},"image":{"@id":"https:\/\/riverdi.com\/de\/whitepaper#primaryimage"},"thumbnailUrl":"https:\/\/riverdi.com\/wp-content\/uploads\/2024\/10\/Perfect_Binding_Brochure_Mockup_5-1.png","datePublished":"2024-10-23T11:20:38+00:00","dateModified":"2025-10-09T08:25:51+00:00","breadcrumb":{"@id":"https:\/\/riverdi.com\/de\/whitepaper#breadcrumb"},"inLanguage":"de","potentialAction":[{"@type":"ReadAction","target":["https:\/\/riverdi.com\/de\/whitepaper"]}]},{"@type":"ImageObject","inLanguage":"de","@id":"https:\/\/riverdi.com\/de\/whitepaper#primaryimage","url":"https:\/\/riverdi.com\/wp-content\/uploads\/2024\/10\/Perfect_Binding_Brochure_Mockup_5-1.png","contentUrl":"https:\/\/riverdi.com\/wp-content\/uploads\/2024\/10\/Perfect_Binding_Brochure_Mockup_5-1.png"},{"@type":"BreadcrumbList","@id":"https:\/\/riverdi.com\/de\/whitepaper#breadcrumb","itemListElement":[{"@type":"ListItem","position":1,"name":"Front Page","item":"https:\/\/riverdi.com\/de\/titelblatt"},{"@type":"ListItem","position":2,"name":"Whitepaper"}]},{"@type":"WebSite","@id":"https:\/\/riverdi.com\/de#website","url":"https:\/\/riverdi.com\/de","name":"Riverdi","description":"Global TFT LCD Manufacturer","potentialAction":[{"@type":"SearchAction","target":{"@type":"EntryPoint","urlTemplate":"https:\/\/riverdi.com\/de?s={search_term_string}"},"query-input":{"@type":"PropertyValueSpecification","valueRequired":true,"valueName":"search_term_string"}}],"inLanguage":"de"}]}},"_links":{"self":[{"href":"https:\/\/riverdi.com\/de\/wp-json\/wp\/v2\/pages\/121863","targetHints":{"allow":["GET"]}}],"collection":[{"href":"https:\/\/riverdi.com\/de\/wp-json\/wp\/v2\/pages"}],"about":[{"href":"https:\/\/riverdi.com\/de\/wp-json\/wp\/v2\/types\/page"}],"author":[{"embeddable":true,"href":"https:\/\/riverdi.com\/de\/wp-json\/wp\/v2\/users\/19"}],"replies":[{"embeddable":true,"href":"https:\/\/riverdi.com\/de\/wp-json\/wp\/v2\/comments?post=121863"}],"version-history":[{"count":4,"href":"https:\/\/riverdi.com\/de\/wp-json\/wp\/v2\/pages\/121863\/revisions"}],"predecessor-version":[{"id":126714,"href":"https:\/\/riverdi.com\/de\/wp-json\/wp\/v2\/pages\/121863\/revisions\/126714"}],"wp:attachment":[{"href":"https:\/\/riverdi.com\/de\/wp-json\/wp\/v2\/media?parent=121863"}],"curies":[{"name":"wp","href":"https:\/\/api.w.org\/{rel}","templated":true}]}}