{"id":121105,"date":"2024-08-19T13:29:09","date_gmt":"2024-08-19T11:29:09","guid":{"rendered":"https:\/\/riverdi.com\/partner"},"modified":"2025-10-29T15:45:41","modified_gmt":"2025-10-29T14:45:41","slug":"partner","status":"publish","type":"page","link":"https:\/\/riverdi.com\/de\/partner","title":{"rendered":"Partner und Vertriebspartner"},"content":{"rendered":"","protected":false},"excerpt":{"rendered":"","protected":false},"author":19,"featured_media":0,"parent":0,"menu_order":0,"comment_status":"closed","ping_status":"closed","template":"main.php","meta":{"_acf_changed":false,"content-type":"","inline_featured_image":false,"footnotes":""},"class_list":["post-121105","page","type-page","status-publish","hentry"],"acf":[],"yoast_head":"<!-- This site is optimized with the Yoast SEO plugin v27.0 - https:\/\/yoast.com\/product\/yoast-seo-wordpress\/ -->\n<title>Partner und Vertriebspartner | Riverdi | Display Solution Experts<\/title>\n<meta name=\"description\" content=\"Riverdi Partners - Ein \u00d6kosystem von Partnern wie das unsere erm\u00f6glicht die Zusammenf\u00fchrung unterschiedlicher Fachkenntnisse und F\u00e4higkeiten. Auf der Seite finden Sie weitere Informationen.\" \/>\n<meta name=\"robots\" content=\"index, follow, max-snippet:-1, max-image-preview:large, max-video-preview:-1\" \/>\n<link rel=\"canonical\" href=\"https:\/\/riverdi.com\/de\/partner\" \/>\n<meta property=\"og:locale\" content=\"de_DE\" \/>\n<meta property=\"og:type\" content=\"article\" \/>\n<meta property=\"og:title\" content=\"Partner und Vertriebspartner | Riverdi | Display Solution Experts\" \/>\n<meta property=\"og:description\" content=\"Riverdi Partners - Ein \u00d6kosystem von Partnern wie das unsere erm\u00f6glicht die Zusammenf\u00fchrung unterschiedlicher Fachkenntnisse und F\u00e4higkeiten. Auf der Seite finden Sie weitere Informationen.\" \/>\n<meta property=\"og:url\" content=\"https:\/\/riverdi.com\/de\/partner\" \/>\n<meta property=\"og:site_name\" content=\"Riverdi\" \/>\n<meta property=\"article:publisher\" content=\"https:\/\/www.facebook.com\/riverdi.displays\/\" \/>\n<meta property=\"article:modified_time\" content=\"2025-10-29T14:45:41+00:00\" \/>\n<meta property=\"og:image\" content=\"https:\/\/riverdi.com\/wp-content\/uploads\/2024\/06\/logo-1.jpg\" \/>\n\t<meta property=\"og:image:width\" content=\"1024\" \/>\n\t<meta property=\"og:image:height\" content=\"1024\" \/>\n\t<meta property=\"og:image:type\" content=\"image\/jpeg\" \/>\n<meta name=\"twitter:card\" content=\"summary_large_image\" \/>\n<meta name=\"twitter:site\" content=\"@riverdidisplays\" \/>\n<meta name=\"twitter:label1\" content=\"Gesch\u00e4tzte Lesezeit\" \/>\n\t<meta name=\"twitter:data1\" content=\"12\u00a0Minuten\" \/>\n<script type=\"application\/ld+json\" class=\"yoast-schema-graph\">{\"@context\":\"https:\/\/schema.org\",\"@graph\":[{\"@type\":\"WebPage\",\"@id\":\"https:\/\/riverdi.com\/de\/partner\",\"url\":\"https:\/\/riverdi.com\/de\/partner\",\"name\":\"Partner und Vertriebspartner | Riverdi | Display Solution Experts\",\"isPartOf\":{\"@id\":\"https:\/\/riverdi.com\/de#website\"},\"datePublished\":\"2024-08-19T11:29:09+00:00\",\"dateModified\":\"2025-10-29T14:45:41+00:00\",\"description\":\"Riverdi Partners - Ein \u00d6kosystem von Partnern wie das unsere erm\u00f6glicht die Zusammenf\u00fchrung unterschiedlicher Fachkenntnisse und F\u00e4higkeiten. Auf der Seite finden Sie weitere Informationen.\",\"breadcrumb\":{\"@id\":\"https:\/\/riverdi.com\/de\/partner#breadcrumb\"},\"inLanguage\":\"de\",\"potentialAction\":[{\"@type\":\"ReadAction\",\"target\":[\"https:\/\/riverdi.com\/de\/partner\"]}]},{\"@type\":\"BreadcrumbList\",\"@id\":\"https:\/\/riverdi.com\/de\/partner#breadcrumb\",\"itemListElement\":[{\"@type\":\"ListItem\",\"position\":1,\"name\":\"Front Page\",\"item\":\"https:\/\/riverdi.com\/de\/titelblatt\"},{\"@type\":\"ListItem\",\"position\":2,\"name\":\"Partner und Vertriebspartner\"}]},{\"@type\":\"WebSite\",\"@id\":\"https:\/\/riverdi.com\/de#website\",\"url\":\"https:\/\/riverdi.com\/de\",\"name\":\"Riverdi\",\"description\":\"Global TFT LCD Manufacturer\",\"potentialAction\":[{\"@type\":\"SearchAction\",\"target\":{\"@type\":\"EntryPoint\",\"urlTemplate\":\"https:\/\/riverdi.com\/de?s={search_term_string}\"},\"query-input\":{\"@type\":\"PropertyValueSpecification\",\"valueRequired\":true,\"valueName\":\"search_term_string\"}}],\"inLanguage\":\"de\"}]}<\/script>\n<!-- \/ Yoast SEO plugin. -->","yoast_head_json":{"title":"Partner und Vertriebspartner | Riverdi | Display Solution Experts","description":"Riverdi Partners - Ein \u00d6kosystem von Partnern wie das unsere erm\u00f6glicht die Zusammenf\u00fchrung unterschiedlicher Fachkenntnisse und F\u00e4higkeiten. Auf der Seite finden Sie weitere Informationen.","robots":{"index":"index","follow":"follow","max-snippet":"max-snippet:-1","max-image-preview":"max-image-preview:large","max-video-preview":"max-video-preview:-1"},"canonical":"https:\/\/riverdi.com\/de\/partner","og_locale":"de_DE","og_type":"article","og_title":"Partner und Vertriebspartner | Riverdi | Display Solution Experts","og_description":"Riverdi Partners - Ein \u00d6kosystem von Partnern wie das unsere erm\u00f6glicht die Zusammenf\u00fchrung unterschiedlicher Fachkenntnisse und F\u00e4higkeiten. Auf der Seite finden Sie weitere Informationen.","og_url":"https:\/\/riverdi.com\/de\/partner","og_site_name":"Riverdi","article_publisher":"https:\/\/www.facebook.com\/riverdi.displays\/","article_modified_time":"2025-10-29T14:45:41+00:00","og_image":[{"width":1024,"height":1024,"url":"https:\/\/riverdi.com\/wp-content\/uploads\/2024\/06\/logo-1.jpg","type":"image\/jpeg"}],"twitter_card":"summary_large_image","twitter_site":"@riverdidisplays","twitter_misc":{"Gesch\u00e4tzte Lesezeit":"12\u00a0Minuten"},"schema":{"@context":"https:\/\/schema.org","@graph":[{"@type":"WebPage","@id":"https:\/\/riverdi.com\/de\/partner","url":"https:\/\/riverdi.com\/de\/partner","name":"Partner und Vertriebspartner | Riverdi | Display Solution Experts","isPartOf":{"@id":"https:\/\/riverdi.com\/de#website"},"datePublished":"2024-08-19T11:29:09+00:00","dateModified":"2025-10-29T14:45:41+00:00","description":"Riverdi Partners - Ein \u00d6kosystem von Partnern wie das unsere erm\u00f6glicht die Zusammenf\u00fchrung unterschiedlicher Fachkenntnisse und F\u00e4higkeiten. Auf der Seite finden Sie weitere Informationen.","breadcrumb":{"@id":"https:\/\/riverdi.com\/de\/partner#breadcrumb"},"inLanguage":"de","potentialAction":[{"@type":"ReadAction","target":["https:\/\/riverdi.com\/de\/partner"]}]},{"@type":"BreadcrumbList","@id":"https:\/\/riverdi.com\/de\/partner#breadcrumb","itemListElement":[{"@type":"ListItem","position":1,"name":"Front Page","item":"https:\/\/riverdi.com\/de\/titelblatt"},{"@type":"ListItem","position":2,"name":"Partner und Vertriebspartner"}]},{"@type":"WebSite","@id":"https:\/\/riverdi.com\/de#website","url":"https:\/\/riverdi.com\/de","name":"Riverdi","description":"Global TFT LCD Manufacturer","potentialAction":[{"@type":"SearchAction","target":{"@type":"EntryPoint","urlTemplate":"https:\/\/riverdi.com\/de?s={search_term_string}"},"query-input":{"@type":"PropertyValueSpecification","valueRequired":true,"valueName":"search_term_string"}}],"inLanguage":"de"}]}},"_links":{"self":[{"href":"https:\/\/riverdi.com\/de\/wp-json\/wp\/v2\/pages\/121105","targetHints":{"allow":["GET"]}}],"collection":[{"href":"https:\/\/riverdi.com\/de\/wp-json\/wp\/v2\/pages"}],"about":[{"href":"https:\/\/riverdi.com\/de\/wp-json\/wp\/v2\/types\/page"}],"author":[{"embeddable":true,"href":"https:\/\/riverdi.com\/de\/wp-json\/wp\/v2\/users\/19"}],"replies":[{"embeddable":true,"href":"https:\/\/riverdi.com\/de\/wp-json\/wp\/v2\/comments?post=121105"}],"version-history":[{"count":1,"href":"https:\/\/riverdi.com\/de\/wp-json\/wp\/v2\/pages\/121105\/revisions"}],"predecessor-version":[{"id":125664,"href":"https:\/\/riverdi.com\/de\/wp-json\/wp\/v2\/pages\/121105\/revisions\/125664"}],"wp:attachment":[{"href":"https:\/\/riverdi.com\/de\/wp-json\/wp\/v2\/media?parent=121105"}],"curies":[{"name":"wp","href":"https:\/\/api.w.org\/{rel}","templated":true}]}}