{"id":116300,"date":"2024-04-05T09:19:40","date_gmt":"2024-04-05T07:19:40","guid":{"rendered":"http:\/\/riverdi.com\/bedingungen-bedingungen\/"},"modified":"2024-09-12T14:09:28","modified_gmt":"2024-09-12T12:09:28","slug":"bedingungen-bedingungen","status":"publish","type":"page","link":"https:\/\/riverdi.com\/de\/bedingungen-bedingungen","title":{"rendered":"Bedingungen und Konditionen"},"content":{"rendered":"<h2>1. Umfang<\/h2>\n<p><b>1.1<\/b> Diese Allgemeinen Gesch\u00e4ftsbedingungen (im Folgenden &#8222;AGB&#8220;) der Riverdi sp. z o. o. Sp. k. mit Sitz in Gda\u0144sk (Polen), mit der Firmennummer KRS 0000715225 und der Umsatzsteuer-Identifikationsnummer PL5842767153 (im Folgenden &#8222;Riverdi&#8220;), sind die Grundlage aller Angebote, Lieferungen und Dienstleistungen von Riverdi. Riverdi schlie\u00dft alle Vertr\u00e4ge ausschlie\u00dflich auf der Grundlage dieser AGB ab. Entgegenstehende Gesch\u00e4ftsbedingungen anderer Parteien (Gesch\u00e4ftspartner) sind nur dann relevant, wenn Riverdi diese zuvor schriftlich akzeptiert hat.<\/p>\n<p>1.2 Die jeweils g\u00fcltige Fassung dieser AGB ist auf der Website von Riverdi www.riverdi.com ver\u00f6ffentlicht und kann dort eingesehen und ausgedruckt werden.<\/p>\n<p><b>1.3<\/b> Diese AGB gelten gegen\u00fcber allen Vertragspartnern von Riverdi (&#8222;Kunden&#8220;), also nur gegen\u00fcber Unternehmern. Ein Unternehmer ist eine nat\u00fcrliche Person, eine juristische Person und eine organisatorische Einheit, die eine wirtschaftliche oder berufliche T\u00e4tigkeit im eigenen Namen aus\u00fcbt.<\/p>\n<p>1.4 Riverdi schlie\u00dft Vertr\u00e4ge ausschlie\u00dflich mit Unternehmern ab.<\/p>\n<p>1.5 Wenn eine Bestellung von einer Person aufgegeben wird, die diese Voraussetzungen (1.3 und 1.4) nicht erf\u00fcllt, ist Riverdi berechtigt, den Vertrag innerhalb einer angemessenen Frist nach Feststellung des Mangels durch Riverdi f\u00fcr nichtig zu erkl\u00e4ren.<\/p>\n<h2>2. Angebot und Abschluss des Vertrages<\/h2>\n<p><b>2.1<\/b> Alle Angebote auf der Website <a href=\"https:\/\/riverdi.com\/\">www.riverdi.com<\/a> von Riverdi stellen kein Angebot im Sinne des polnischen Zivilgesetzbuches dar und sind unverbindlich. Ein f\u00fcr Riverdi verbindlicher Vertrag kommt erst durch die folgenden Handlungen und\/oder Erkl\u00e4rungen von Riverdi zustande:<\/p>\n<ul>\n<li>die Absendung der schriftlichen Auftragsbest\u00e4tigung, oder<\/li>\n<li>die Versendung der bestellten Ware, oder<\/li>\n<li>Erbringung der bestellten Dienstleistung.<\/li>\n<\/ul>\n<p>2.2 Riverdi beh\u00e4lt sich das Recht vor, die Annahme einer Bestellung ohne Angabe von Gr\u00fcnden abzulehnen.<\/p>\n<p><b>2.3<\/b> Kann Riverdi die Bestellung eines Kunden nicht annehmen, beispielsweise weil das bestellte Produkt oder die Dienstleistung nicht verf\u00fcgbar ist, ist Riverdi verpflichtet, den Kunden unverz\u00fcglich zu informieren und bereits geleistete Zahlungen zu erstatten. Gleiches gilt, wenn das Angebot eines Kunden von Riverdi nicht angenommen wird. Diese Verpflichtung gilt nicht, wenn die Bearbeitung der Bestellung durch einen technischen Defekt (z.B. Ausfall des Mailservers etc.) behindert wird.<\/p>\n<h2>3.0 RMA, Genehmigung der Materialr\u00fccksendung<\/h2>\n<p>Der Kunde ist verpflichtet, vor der R\u00fccksendung eines bei Riverdi erworbenen Produkts schriftlich eine RMA-Nummer zu beantragen. Die RMA-Nummer muss gut leserlich und deutlich auf dem Paket angegeben werden. Unangek\u00fcndigte oder nicht ausreichend beschriftete R\u00fccksendungen werden ausnahmslos nicht angenommen. Alle dadurch entstehenden Kosten gehen zu Lasten des Absenders.<\/p>\n<h2>4. Voraussetzung f\u00fcr die Verf\u00fcgbarkeit<\/h2>\n<p>Sollte sich herausstellen, dass eine bereits bei Riverdi bestellte Dienstleistung oder Ware aus irgendeinem Grund nicht mehr verf\u00fcgbar ist, ist Riverdi berechtigt, entweder Waren oder Dienstleistungen von gleichwertiger Qualit\u00e4t und zu gleichem Preis anzubieten oder den Vertrag f\u00fcr ung\u00fcltig zu erkl\u00e4ren. Riverdi wird unverz\u00fcglich, sp\u00e4testens jedoch innerhalb von drei Arbeitstagen nach Eingang der Bestellung, ein Angebot f\u00fcr eine Ersatzlieferung oder einen R\u00fccktritt unterbreiten. Diese Angebote sind unverz\u00fcglich, sp\u00e4testens jedoch innerhalb von drei Arbeitstagen nach Eingang der Bestellung abzugeben. Im Falle einer solchen Vertragsaufl\u00f6sung wird Riverdi die Zahlung unverz\u00fcglich zur\u00fcckerstatten.<\/p>\n<h2>5. Preis<\/h2>\n<p>5.1 Sofern nicht ausdr\u00fccklich anders angegeben, verstehen sich alle von Riverdi genannten Preise ohne Steuern und Geb\u00fchren.<\/p>\n<p><b>5.2<\/b> Im Falle von wesentlich fehlerhaften oder wesentlich unvollst\u00e4ndigen Angaben zu Produkten oder Preisen durch Riverdi wird Riverdi den Kunden unverz\u00fcglich nach Erkennen eines solchen Fehlers oder einer solchen Unvollst\u00e4ndigkeit benachrichtigen. Anschlie\u00dfend haben beide Vertragsparteien das Recht, den Vertrag innerhalb von vierzehn Tagen zu best\u00e4tigen oder zu widerrufen. Im Falle der Anfechtung eines Vertrages gilt der letzte Satz von \u00a7 4. gilt das oben Gesagte.<\/p>\n<h2>6. Zahlungsbedingungen<\/h2>\n<p>6.1 Sofern in der Beschreibung eines bestimmten Produkts nicht anders angegeben, bietet Riverdi nur die folgenden Vorauszahlungsm\u00f6glichkeiten an: \u00dcberweisung und Kreditkarte.<\/p>\n<p><b>6.2<\/b> Zahlungen gelten erst zum Zeitpunkt des Eingangs (Valutadatum) auf dem Bankkonto von Riverdi als erfolgt und sind ohne Abz\u00fcge f\u00fcr Riverdi zu leisten. Die bestellten Waren oder Dienstleistungen werden erst nach Eingang der vollst\u00e4ndigen Zahlung bei Riverdi geliefert.<\/p>\n<p>6.3 F\u00fcr Lieferungen in L\u00e4nder au\u00dferhalb der Europ\u00e4ischen Union k\u00f6nnen zus\u00e4tzliche Kosten wie Steuern, Geb\u00fchren, Z\u00f6lle usw. anfallen.<\/p>\n<h2>7. Lieferung, Transport, Annahmeverzug<\/h2>\n<p>7.1 Die Waren werden an die vom Kunden angegebene Lieferadresse geliefert (siehe Abschnitt 11.2).<\/p>\n<p><b>7.2<\/b> Mit der \u00dcbergabe der Waren an den Spediteur gehen die Kosten und das Risiko gem\u00e4\u00df EXW Gda\u0144sk (Incoterms 2010) auf den Kunden \u00fcber. Die von Riverdi angegebenen Liefertermine sind nicht verbindlich. Alle Sendungen sind gegen Besch\u00e4digung oder Verlust versichert.<\/p>\n<p>7.3 Alle Ereignisse h\u00f6herer Gewalt f\u00fchren dazu, dass der vereinbarte Liefertermin um einen Zeitraum verschoben wird, der der Dauer des jeweiligen Ereignisses h\u00f6herer Gewalt entspricht.<\/p>\n<p><b>7.4<\/b> Hat der Kunde die Ware nicht wie vereinbart abgenommen (Annahmeverzug) und ist eine angemessene Nachfrist ohne ordnungsgem\u00e4\u00dfe Abnahme verstrichen, ist Riverdi berechtigt, die dadurch entstandenen Kosten dem Kunden in Rechnung zu stellen. Au\u00dferdem hat Riverdi in diesem Fall die Wahl (i) entweder auf der Erf\u00fcllung des Vertrages zu bestehen, oder (ii) den Vertrag unter Setzung einer Nachfrist von mindestens zwei Wochen f\u00fcr nichtig zu erkl\u00e4ren und die Waren anschlie\u00dfend anderweitig zu verwenden.<\/p>\n<h2>8. Eigentumsvorbehalt<\/h2>\n<p>Die gelieferte Ware bleibt bis zur vollst\u00e4ndigen Bezahlung Eigentum von Riverdi. Gleiches gilt f\u00fcr Waren, die von Riverdi im Rahmen der Garantieerf\u00fcllung ersetzt werden.<\/p>\n<h2>9. Gew\u00e4hrleistung und Schadensersatz<\/h2>\n<p><b>9.1 <\/b>Riverdi gew\u00e4hrt die Garantie f\u00fcr den ordnungsgem\u00e4\u00dfen Betrieb der Waren f\u00fcr einen Zeitraum von 12 Monaten ab dem Datum des Besitzes der Waren. Hat der Kunde als Folge der Erf\u00fcllung der Verpflichtung aus dieser Garantie statt der mangelhaften Ware eine mangelfreie Ware erhalten, so beginnt die Frist f\u00fcr die Wirksamkeit der Garantie von dem Zeitpunkt an neu zu laufen, in dem der Kunde die mangelfreie Ware erh\u00e4lt.<\/p>\n<p>9.2 Im Falle von Fehlfunktionen oder besch\u00e4digten Waren wird der Kunde die folgenden RMA-Bedingungen und -Verfahren beachten:<\/p>\n<ol>\n<li>Wenn der Kunde meldet, dass eine Ware nicht ordnungsgem\u00e4\u00df funktioniert, muss der Kunde das technische Supportteam von Riverdi \u00fcber die Einzelheiten des Problems informieren. Nach dem Sammeln aller relevanten Informationen \u00fcber die St\u00f6rung entscheidet das technische Supportteam von Riverdi, ob die Reparatur vom Kunden durchgef\u00fchrt werden kann. Ist dies nicht der Fall, wird der Artikel zusammen mit der Rechnung und dem Datum des Endkundenkaufs an Riverdi geliefert.<\/li>\n<li>Anhand der vom Kunden zur Verf\u00fcgung gestellten Informationen bestimmt Riverdi, ob die Ware(n) repariert werden kann (k\u00f6nnen) und ob die Ware(n) im Rahmen der Garantie repariert werden kann (k\u00f6nnen).<\/li>\n<li>Wenn die Produkte im Rahmen der Garantie repariert werden k\u00f6nnen und dies nicht aus der Ferne m\u00f6glich ist, stellt Riverdi dem Kunden eine RMA-Nummer zur Verf\u00fcgung und bittet ihn, die defekte(n) Ware(n) zur Reparatur oder zum Austausch zur\u00fcckzusenden. Die RMA enth\u00e4lt genaue Anweisungen f\u00fcr das R\u00fcckgabeverfahren.<\/li>\n<li>Der Kunde muss das\/die defekte(n) Produkt(e) auf eigene Kosten zur\u00fccksenden und die RMA-Nummer(n) deutlich sichtbar auf der Verpackung anbringen. Pakete ohne sichtbare RMA-Nummer auf der Verpackung werden nicht angenommen.<\/li>\n<li>Nach der Untersuchung und Pr\u00fcfung der zur\u00fcckgegebenen Ware(n) wird Riverdi entweder (i) Reparatur oder (ii) dem Kunden die Ware(n) auf Kosten und zum fr\u00fchestm\u00f6glichen Zeitpunkt, jedoch sp\u00e4testens 30 (drei\u00dfig) Tage nach Erhalt des betreffenden Pakets, zu ersetzen.<\/li>\n<\/ol>\n<p>9.3 Riverdi haftet nicht f\u00fcr die Nichteinhaltung von Terminen bei der Durchf\u00fchrung einer Reparatur oder der Lieferung an den Kunden, wenn diese Verz\u00f6gerung auf h\u00f6here Gewalt zur\u00fcckzuf\u00fchren ist.<\/p>\n<p>9.4 Die Garantie umfasst nicht:<\/p>\n<ol>\n<li>Sch\u00e4den an der Ware, die durch ihren Benutzer im Zusammenhang mit der unsachgem\u00e4\u00dfen oder nicht der Bedienungsanleitung entsprechenden Verwendung der Ware, die sich auch auf ihre Installation und Wartung bezieht, verursacht werden;<\/li>\n<li>Sch\u00e4den an der Ware, die durch ihre bestimmungswidrige Verwendung verursacht wurden;<\/li>\n<li>in der Betriebsanleitung vorgesehene Wartungsarbeiten;<\/li>\n<li>Sch\u00e4den an der Ware, die infolge der Durchf\u00fchrung einer Reparatur durch eine andere Person als Riverdi entstanden sind;<\/li>\n<li>Anpassungen oder bauliche \u00c4nderungen an der Ware, die von einer anderen Person als Riverdi vorgenommen wurden;<\/li>\n<li>Besch\u00e4digung des Gutes durch \u00e4u\u00dfere Einfl\u00fcsse (z. B. atmosph\u00e4rische Entladungen, unsachgem\u00e4\u00dfes Funktionieren des Strom-, Wasser- und Energienetzes usw.);<\/li>\n<li>Sch\u00e4den an der Ware, die w\u00e4hrend der Lieferung entstanden sind.<\/li>\n<\/ol>\n<p>9.5 Im Falle eines unberechtigten Nachbesserungsverlangens tr\u00e4gt der Kunde alle Kosten, die mit der Lieferung der Ware(n) und ihrer Reparatur verbunden sind.<\/p>\n<p>9.6 Die Bestimmungen des Zivilgesetzbuches (insbesondere die Bestimmungen der Artikel 577 &#8211; 581) sind ausgeschlossen.<\/p>\n<p>9.7 Riverdi bietet keine Garantie f\u00fcr gebrauchte Waren.<\/p>\n<p><b>10.4<\/b> Der Kunde ist verpflichtet, die bereits vorhandenen Daten auf den Computersystemen ausreichend zu sichern, bevor er eine von Riverdi erworbene Software installiert. Riverdi haftet nicht f\u00fcr den Verlust von Daten.<\/p>\n<h2>10. Haftung<\/h2>\n<p>10.1 Die Gew\u00e4hrleistungshaftung nach dem polnischen Zivilgesetzbuch ist ausgeschlossen.<\/p>\n<p>10.2 Bei Sachsch\u00e4den ist eine etwaige Haftung von Riverdi f\u00fcr die Verletzung wesentlicher Vertragspflichten (Kardinalpflicht) auf den vorhersehbaren typischen und durchschnittlichen Schaden begrenzt.<\/p>\n<p>10.3 Soweit Riverdi nichtwesentliche Vertragspflichten nur leicht fahrl\u00e4ssig verletzt, ist die Ersatzpflicht auf den Auftragswert beschr\u00e4nkt.<\/p>\n<h2>11. \u00c4nderung der Anschrift<\/h2>\n<p>Solange das Vertragsgesch\u00e4ft nicht von beiden Seiten erf\u00fcllt ist, ist der Kunde verpflichtet, Riverdi unverz\u00fcglich \u00fcber \u00c4nderungen seiner Stammdaten (Adresse etc.) zu informieren. Im Falle des Fehlens solcher Informationen gelten die Daten, die Riverdi vom Kunden zuletzt zur Verf\u00fcgung gestellt wurden. Riverdi haftet nicht f\u00fcr Sch\u00e4den oder Verluste, die dadurch entstehen, dass der Kunde es vers\u00e4umt, Riverdi rechtzeitig \u00fcber eine Daten\u00e4nderung zu informieren.<\/p>\n<h2>12. Wahl des Rechts und des Gerichtsstands, Vertragssprache, Erf\u00fcllungsort und Schlussbestimmungen<\/h2>\n<p><b>12.<\/b> 1 Auf alle Rechtsbeziehungen zwischen den Vertragsparteien ist das Recht der Republik Polen unter Ausschluss der Kollisionsnormen anwendbar. Das UN-\u00dcbereinkommen \u00fcber Vertr\u00e4ge \u00fcber den internationalen Warenkauf (UNCITRAL) ist nicht anwendbar und wird ausdr\u00fccklich ausgeschlossen.<\/p>\n<p>12.2 F\u00fcr alle Vertr\u00e4ge gilt, dass die Vertragssprache Englisch ist.<\/p>\n<p>12.3 Die ausschlie\u00dfliche Zust\u00e4ndigkeit f\u00fcr die Beilegung von Streitigkeiten oder Anspr\u00fcchen, die sich aus oder im Zusammenhang mit diesem Vertrag ergeben (einschlie\u00dflich aller Fragen zu seinem Gegenstand, seinem Bestehen, seiner G\u00fcltigkeit oder seiner Beendigung und einschlie\u00dflich au\u00dfervertraglicher Streitigkeiten oder Anspr\u00fcche), liegt bei den polnischen Gerichten.<\/p>\n<p>12.4 Sollten einzelne Bestimmungen des Vertrages zwischen dem Kunden und Riverdi einschlie\u00dflich dieser Allgemeinen Gesch\u00e4ftsbedingungen ganz oder teilweise unwirksam sein oder werden oder sollten sie unwirksame Bestimmungen enthalten, so wird hierdurch die G\u00fcltigkeit der \u00fcbrigen Bestimmungen nicht ber\u00fchrt.<\/p>\n<h2>13. Versand<\/h2>\n<p>Weitere Einzelheiten <a href=\"https:\/\/riverdi.com\/shipping\/\">hier<\/a><\/p>\n<h2>14. Kundeninformation<\/h2>\n<p>Vertragspartner ist:<\/p>\n<p>Riverdi sp. z o. o.<br \/>\n<i>Kundenbetreuung<\/i><br \/>\nNowy Swiat 36<br \/>\n80299 Danzig<br \/>\nPolen<\/p>\n<p>Telefon: +48 58 7703116<br \/>\nE-Mail: contact@riverdi.com<\/p>\n<p>UMSATZSTEUER-ID: PL5842767153<br \/>\nRegistrierungsnummer (KRS): 0000923967<\/p>\n<p>&nbsp;<\/p>\n<h2>15. Widerrufsrecht<\/h2>\n<p><strong>15.1<\/strong> Kunden, die Verbraucher sind (nat\u00fcrliche Personen, die Waren f\u00fcr Zwecke kaufen, die nicht direkt mit ihrer beruflichen oder gesch\u00e4ftlichen T\u00e4tigkeit zusammenh\u00e4ngen), haben das Recht, innerhalb von 14 Tagen ab dem Datum des Warenempfangs ohne Angabe von Gr\u00fcnden vom Kaufvertrag zur\u00fcckzutreten.<\/p>\n<p><strong>15.2<\/strong> Um dieses Recht auszu\u00fcben, muss der Kunde Riverdi innerhalb der 14-t\u00e4gigen Frist per E-Mail an <a href=\"mailto:order@riverdi.com\">order@riverdi.com<\/a> informieren.<\/p>\n<p><strong>15.3<\/strong> Die zur\u00fcckgesendeten Waren m\u00fcssen in ihrem urspr\u00fcnglichen Zustand, zusammen mit etwaigem Zubeh\u00f6r, Verpackung und Dokumentation, an die von Riverdi nach Kontaktaufnahme angegebene Adresse zur\u00fcckgeschickt werden.<\/p>\n<p><strong>15.4<\/strong> Die Kosten f\u00fcr die R\u00fccksendung der Waren tr\u00e4gt der Kunde.<\/p>\n","protected":false},"excerpt":{"rendered":"<p>1. Umfang 1.1 Diese Allgemeinen Gesch\u00e4ftsbedingungen (im Folgenden &#8222;AGB&#8220;) der Riverdi sp. z o. o. Sp. k. mit Sitz in Gda\u0144sk (Polen), mit der Firmennummer KRS 0000715225 und der Umsatzsteuer-Identifikationsnummer PL5842767153 (im Folgenden &#8222;Riverdi&#8220;), sind die Grundlage aller Angebote, Lieferungen und Dienstleistungen von Riverdi. Riverdi schlie\u00dft alle Vertr\u00e4ge ausschlie\u00dflich auf der Grundlage dieser AGB ab. [&hellip;]<\/p>\n","protected":false},"author":19,"featured_media":0,"parent":0,"menu_order":0,"comment_status":"closed","ping_status":"closed","template":"","meta":{"_acf_changed":false,"content-type":"","inline_featured_image":false,"footnotes":""},"class_list":["post-116300","page","type-page","status-publish","hentry"],"acf":[],"yoast_head":"<!-- This site is optimized with the Yoast SEO plugin v27.0 - https:\/\/yoast.com\/product\/yoast-seo-wordpress\/ -->\n<title>Bedingungen und Konditionen - Riverdi<\/title>\n<meta name=\"robots\" content=\"index, follow, max-snippet:-1, max-image-preview:large, max-video-preview:-1\" \/>\n<link rel=\"canonical\" href=\"https:\/\/riverdi.com\/de\/bedingungen-bedingungen\" \/>\n<meta property=\"og:locale\" content=\"de_DE\" \/>\n<meta property=\"og:type\" content=\"article\" \/>\n<meta property=\"og:title\" content=\"Bedingungen und Konditionen - Riverdi\" \/>\n<meta property=\"og:description\" content=\"1. Umfang 1.1 Diese Allgemeinen Gesch\u00e4ftsbedingungen (im Folgenden &#8222;AGB&#8220;) der Riverdi sp. z o. o. Sp. k. mit Sitz in Gda\u0144sk (Polen), mit der Firmennummer KRS 0000715225 und der Umsatzsteuer-Identifikationsnummer PL5842767153 (im Folgenden &#8222;Riverdi&#8220;), sind die Grundlage aller Angebote, Lieferungen und Dienstleistungen von Riverdi. Riverdi schlie\u00dft alle Vertr\u00e4ge ausschlie\u00dflich auf der Grundlage dieser AGB ab. [&hellip;]\" \/>\n<meta property=\"og:url\" content=\"https:\/\/riverdi.com\/de\/bedingungen-bedingungen\" \/>\n<meta property=\"og:site_name\" content=\"Riverdi\" \/>\n<meta property=\"article:publisher\" content=\"https:\/\/www.facebook.com\/riverdi.displays\/\" \/>\n<meta property=\"article:modified_time\" content=\"2024-09-12T12:09:28+00:00\" \/>\n<meta property=\"og:image\" content=\"https:\/\/riverdi.com\/wp-content\/uploads\/2024\/06\/logo-1.jpg\" \/>\n\t<meta property=\"og:image:width\" content=\"1024\" \/>\n\t<meta property=\"og:image:height\" content=\"1024\" \/>\n\t<meta property=\"og:image:type\" content=\"image\/jpeg\" \/>\n<meta name=\"twitter:card\" content=\"summary_large_image\" \/>\n<meta name=\"twitter:site\" content=\"@riverdidisplays\" \/>\n<meta name=\"twitter:label1\" content=\"Gesch\u00e4tzte Lesezeit\" \/>\n\t<meta name=\"twitter:data1\" content=\"8\u00a0Minuten\" \/>\n<script type=\"application\/ld+json\" class=\"yoast-schema-graph\">{\"@context\":\"https:\/\/schema.org\",\"@graph\":[{\"@type\":\"WebPage\",\"@id\":\"https:\/\/riverdi.com\/de\/bedingungen-bedingungen\",\"url\":\"https:\/\/riverdi.com\/de\/bedingungen-bedingungen\",\"name\":\"Bedingungen und Konditionen - Riverdi\",\"isPartOf\":{\"@id\":\"https:\/\/riverdi.com\/de#website\"},\"datePublished\":\"2024-04-05T07:19:40+00:00\",\"dateModified\":\"2024-09-12T12:09:28+00:00\",\"breadcrumb\":{\"@id\":\"https:\/\/riverdi.com\/de\/bedingungen-bedingungen#breadcrumb\"},\"inLanguage\":\"de\",\"potentialAction\":[{\"@type\":\"ReadAction\",\"target\":[\"https:\/\/riverdi.com\/de\/bedingungen-bedingungen\"]}]},{\"@type\":\"BreadcrumbList\",\"@id\":\"https:\/\/riverdi.com\/de\/bedingungen-bedingungen#breadcrumb\",\"itemListElement\":[{\"@type\":\"ListItem\",\"position\":1,\"name\":\"Front Page\",\"item\":\"https:\/\/riverdi.com\/de\/titelblatt\"},{\"@type\":\"ListItem\",\"position\":2,\"name\":\"Bedingungen und Konditionen\"}]},{\"@type\":\"WebSite\",\"@id\":\"https:\/\/riverdi.com\/de#website\",\"url\":\"https:\/\/riverdi.com\/de\",\"name\":\"Riverdi\",\"description\":\"Global TFT LCD Manufacturer\",\"potentialAction\":[{\"@type\":\"SearchAction\",\"target\":{\"@type\":\"EntryPoint\",\"urlTemplate\":\"https:\/\/riverdi.com\/de?s={search_term_string}\"},\"query-input\":{\"@type\":\"PropertyValueSpecification\",\"valueRequired\":true,\"valueName\":\"search_term_string\"}}],\"inLanguage\":\"de\"}]}<\/script>\n<!-- \/ Yoast SEO plugin. -->","yoast_head_json":{"title":"Bedingungen und Konditionen - Riverdi","robots":{"index":"index","follow":"follow","max-snippet":"max-snippet:-1","max-image-preview":"max-image-preview:large","max-video-preview":"max-video-preview:-1"},"canonical":"https:\/\/riverdi.com\/de\/bedingungen-bedingungen","og_locale":"de_DE","og_type":"article","og_title":"Bedingungen und Konditionen - Riverdi","og_description":"1. Umfang 1.1 Diese Allgemeinen Gesch\u00e4ftsbedingungen (im Folgenden &#8222;AGB&#8220;) der Riverdi sp. z o. o. Sp. k. mit Sitz in Gda\u0144sk (Polen), mit der Firmennummer KRS 0000715225 und der Umsatzsteuer-Identifikationsnummer PL5842767153 (im Folgenden &#8222;Riverdi&#8220;), sind die Grundlage aller Angebote, Lieferungen und Dienstleistungen von Riverdi. Riverdi schlie\u00dft alle Vertr\u00e4ge ausschlie\u00dflich auf der Grundlage dieser AGB ab. [&hellip;]","og_url":"https:\/\/riverdi.com\/de\/bedingungen-bedingungen","og_site_name":"Riverdi","article_publisher":"https:\/\/www.facebook.com\/riverdi.displays\/","article_modified_time":"2024-09-12T12:09:28+00:00","og_image":[{"width":1024,"height":1024,"url":"https:\/\/riverdi.com\/wp-content\/uploads\/2024\/06\/logo-1.jpg","type":"image\/jpeg"}],"twitter_card":"summary_large_image","twitter_site":"@riverdidisplays","twitter_misc":{"Gesch\u00e4tzte Lesezeit":"8\u00a0Minuten"},"schema":{"@context":"https:\/\/schema.org","@graph":[{"@type":"WebPage","@id":"https:\/\/riverdi.com\/de\/bedingungen-bedingungen","url":"https:\/\/riverdi.com\/de\/bedingungen-bedingungen","name":"Bedingungen und Konditionen - Riverdi","isPartOf":{"@id":"https:\/\/riverdi.com\/de#website"},"datePublished":"2024-04-05T07:19:40+00:00","dateModified":"2024-09-12T12:09:28+00:00","breadcrumb":{"@id":"https:\/\/riverdi.com\/de\/bedingungen-bedingungen#breadcrumb"},"inLanguage":"de","potentialAction":[{"@type":"ReadAction","target":["https:\/\/riverdi.com\/de\/bedingungen-bedingungen"]}]},{"@type":"BreadcrumbList","@id":"https:\/\/riverdi.com\/de\/bedingungen-bedingungen#breadcrumb","itemListElement":[{"@type":"ListItem","position":1,"name":"Front Page","item":"https:\/\/riverdi.com\/de\/titelblatt"},{"@type":"ListItem","position":2,"name":"Bedingungen und Konditionen"}]},{"@type":"WebSite","@id":"https:\/\/riverdi.com\/de#website","url":"https:\/\/riverdi.com\/de","name":"Riverdi","description":"Global TFT LCD Manufacturer","potentialAction":[{"@type":"SearchAction","target":{"@type":"EntryPoint","urlTemplate":"https:\/\/riverdi.com\/de?s={search_term_string}"},"query-input":{"@type":"PropertyValueSpecification","valueRequired":true,"valueName":"search_term_string"}}],"inLanguage":"de"}]}},"_links":{"self":[{"href":"https:\/\/riverdi.com\/de\/wp-json\/wp\/v2\/pages\/116300","targetHints":{"allow":["GET"]}}],"collection":[{"href":"https:\/\/riverdi.com\/de\/wp-json\/wp\/v2\/pages"}],"about":[{"href":"https:\/\/riverdi.com\/de\/wp-json\/wp\/v2\/types\/page"}],"author":[{"embeddable":true,"href":"https:\/\/riverdi.com\/de\/wp-json\/wp\/v2\/users\/19"}],"replies":[{"embeddable":true,"href":"https:\/\/riverdi.com\/de\/wp-json\/wp\/v2\/comments?post=116300"}],"version-history":[{"count":2,"href":"https:\/\/riverdi.com\/de\/wp-json\/wp\/v2\/pages\/116300\/revisions"}],"predecessor-version":[{"id":121530,"href":"https:\/\/riverdi.com\/de\/wp-json\/wp\/v2\/pages\/116300\/revisions\/121530"}],"wp:attachment":[{"href":"https:\/\/riverdi.com\/de\/wp-json\/wp\/v2\/media?parent=116300"}],"curies":[{"name":"wp","href":"https:\/\/api.w.org\/{rel}","templated":true}]}}